{"id":11,"date":"2025-12-25T12:25:09","date_gmt":"2025-12-25T09:25:09","guid":{"rendered":"https:\/\/leitekbaltic.com\/?page_id=11"},"modified":"2026-01-12T16:57:15","modified_gmt":"2026-01-12T13:57:15","slug":"mini-loaders","status":"publish","type":"page","link":"https:\/\/leitekbaltic.com\/lv\/mini-loaders\/","title":{"rendered":"Mini Loaders"},"content":{"rendered":"<h3 class=\"wp-block-heading has-text-align-center\">\u0160aj\u0101 sada\u013c\u0101 ir aprakst\u012bti LEITEK kompaktie rite\u0146u miniiekr\u0101v\u0113ji.<\/h3>\n\n\n\n<h4 class=\"wp-block-heading has-text-align-center translation-block\">Visi mode\u013ci tiek pieg\u0101d\u0101ti p\u0113c pas\u016bt\u012bjuma tie\u0161i no r\u016bpn\u012bcas.<br>Lai ieg\u016btu cenu, noklik\u0161\u0137iniet uz \"Vair\u0101k inform\u0101cijas\" j\u016bs interes\u0113jo\u0161\u0101 mode\u013ca kart\u012bt\u0113.<\/h4>\n\n\n\n<div class=\"wp-block-columns is-layout-flex wp-container-core-columns-is-layout-9d6595d7 wp-block-columns-is-layout-flex\">\n<div class=\"wp-block-column is-layout-flow wp-block-column-is-layout-flow\">\n<h2 class=\"wp-block-heading has-text-align-center\">Loader-LT-H480<\/h2>\n\n\n<div class=\"wp-block-image\">\n<figure class=\"aligncenter size-full\"><a href=\"https:\/\/leitekbaltic.com\/lv\/loader-lt-h480\/\"><img data-opt-id=645724360  fetchpriority=\"high\" decoding=\"async\" width=\"1417\" height=\"921\" src=\"https:\/\/mlkzi6dofpqr.i.optimole.com\/w:auto\/h:auto\/q:mauto\/f:best\/https:\/\/leitekbaltic.com\/wp-content\/uploads\/2026\/01\/LT-H480-1.jpg\" alt=\"\" class=\"wp-image-333\" style=\"aspect-ratio:1.539866526167896\" srcset=\"https:\/\/mlkzi6dofpqr.i.optimole.com\/w:1417\/h:921\/q:mauto\/f:best\/https:\/\/leitekbaltic.com\/wp-content\/uploads\/2026\/01\/LT-H480-1.jpg 1417w, https:\/\/mlkzi6dofpqr.i.optimole.com\/w:300\/h:195\/q:mauto\/f:best\/https:\/\/leitekbaltic.com\/wp-content\/uploads\/2026\/01\/LT-H480-1.jpg 300w, https:\/\/mlkzi6dofpqr.i.optimole.com\/w:1024\/h:666\/q:mauto\/f:best\/https:\/\/leitekbaltic.com\/wp-content\/uploads\/2026\/01\/LT-H480-1.jpg 1024w, https:\/\/mlkzi6dofpqr.i.optimole.com\/w:768\/h:499\/q:mauto\/f:best\/https:\/\/leitekbaltic.com\/wp-content\/uploads\/2026\/01\/LT-H480-1.jpg 768w, https:\/\/mlkzi6dofpqr.i.optimole.com\/w:18\/h:12\/q:mauto\/f:best\/dpr:2\/https:\/\/leitekbaltic.com\/wp-content\/uploads\/2026\/01\/LT-H480-1.jpg 18w\" sizes=\"(max-width: 1000px) 100vw, 1000px\" \/><\/a><\/figure>\n<\/div>\n\n\n<p class=\"has-text-align-center\"><a href=\"https:\/\/leitekbaltic.com\/lv\/loader-lt-h480\/\"><strong>Loader-LT-H480<\/strong><\/a><\/p>\n\n\n\n<p class=\"has-text-align-center\">\u2022 Nomin\u0101l\u0101 celtsp\u0113ja - <strong>375 \u043a\u0433<\/strong> kop\u0113jais svars <strong>920<\/strong> <strong>\u043a\u0433<\/strong><br>\u2022 Kausa ietilp\u012bba \u2014 <strong>0,15 \u043c\u00b3<\/strong><br>\u2022 Darb\u012bbas \u0101trums: 0\u20134,1 km\/h, <br>\u2022 Uzticami Briggs&amp;Stratton \/ RUNTONG \/ KOOP dzin\u0113ji, jauda l\u012bdz pat <strong>25 ZS<\/strong><\/p>\n<\/div>\n\n\n\n<div class=\"wp-block-column is-layout-flow wp-block-column-is-layout-flow\">\n<h2 class=\"wp-block-heading has-text-align-center\">Loader-LT-H480W<\/h2>\n\n\n\n<figure class=\"wp-block-image size-large\"><a href=\"https:\/\/leitekbaltic.com\/lv\/loader-lt-h480w\/\"><img data-opt-id=1876361441  fetchpriority=\"high\" decoding=\"async\" width=\"1024\" height=\"627\" src=\"https:\/\/mlkzi6dofpqr.i.optimole.com\/w:1024\/h:627\/q:mauto\/f:best\/https:\/\/leitekbaltic.com\/wp-content\/uploads\/2026\/01\/LT-H480W-1.jpg\" alt=\"\" class=\"wp-image-334\" srcset=\"https:\/\/mlkzi6dofpqr.i.optimole.com\/w:1024\/h:627\/q:mauto\/f:best\/https:\/\/leitekbaltic.com\/wp-content\/uploads\/2026\/01\/LT-H480W-1.jpg 1024w, https:\/\/mlkzi6dofpqr.i.optimole.com\/w:300\/h:184\/q:mauto\/f:best\/https:\/\/leitekbaltic.com\/wp-content\/uploads\/2026\/01\/LT-H480W-1.jpg 300w, https:\/\/mlkzi6dofpqr.i.optimole.com\/w:768\/h:470\/q:mauto\/f:best\/https:\/\/leitekbaltic.com\/wp-content\/uploads\/2026\/01\/LT-H480W-1.jpg 768w, https:\/\/mlkzi6dofpqr.i.optimole.com\/w:18\/h:12\/q:mauto\/f:best\/dpr:2\/https:\/\/leitekbaltic.com\/wp-content\/uploads\/2026\/01\/LT-H480W-1.jpg 18w, https:\/\/mlkzi6dofpqr.i.optimole.com\/w:1417\/h:867\/q:mauto\/f:best\/https:\/\/leitekbaltic.com\/wp-content\/uploads\/2026\/01\/LT-H480W-1.jpg 1417w\" sizes=\"(max-width: 1000px) 100vw, 1000px\" \/><\/a><\/figure>\n\n\n\n<p class=\"has-text-align-center\"><strong><a href=\"https:\/\/leitekbaltic.com\/lv\/loader-lt-h480w\/\" data-type=\"page\" data-id=\"303\">Loader LT-H480W<\/a><\/strong><\/p>\n\n\n\n<p class=\"has-text-align-center translation-block\">\u2022 Nomin\u0101l\u0101 celtsp\u0113ja \u2014 <strong>330 kg<\/strong> kop\u0113jais svars <strong>900<\/strong> <strong>kg<\/strong><br>\u2022 Kausa tilpums \u2014 <strong>0,15 m\u00b3<\/strong><br>\u2022 Darba \u0101trums \u2014 l\u012bdz <strong>6 km\/h<\/strong>, <br>\u2022 Uzticami Briggs&amp;Stratton \/ RUNTONG \/ KOOP dzin\u0113ji, jauda l\u012bdz <strong>23 ZS<\/strong><\/p>\n<\/div>\n\n\n\n<div class=\"wp-block-column is-layout-flow wp-block-column-is-layout-flow\">\n<h2 class=\"wp-block-heading has-text-align-center\">Loader-LT-H480Z<\/h2>\n\n\n\n<figure class=\"wp-block-image size-large is-resized\"><a href=\"https:\/\/leitekbaltic.com\/lv\/267-2\/\"><img data-opt-id=1719664421  data-opt-src=\"https:\/\/mlkzi6dofpqr.i.optimole.com\/w:1024\/h:835\/q:mauto\/f:best\/https:\/\/leitekbaltic.com\/wp-content\/uploads\/2026\/01\/LT-h480Z11-1.jpg\"  decoding=\"async\" width=\"1024\" height=\"835\" src=\"data:image/svg+xml,%3Csvg%20viewBox%3D%220%200%201024%20835%22%20width%3D%221024%22%20height%3D%22835%22%20xmlns%3D%22http%3A%2F%2Fwww.w3.org%2F2000%2Fsvg%22%3E%3Crect%20width%3D%221024%22%20height%3D%22835%22%20fill%3D%22transparent%22%2F%3E%3C%2Fsvg%3E\" alt=\"\" class=\"wp-image-335\" style=\"aspect-ratio:1.131573853003807;width:246px;height:auto\" old-srcset=\"https:\/\/mlkzi6dofpqr.i.optimole.com\/w:1024\/h:835\/q:mauto\/f:best\/https:\/\/leitekbaltic.com\/wp-content\/uploads\/2026\/01\/LT-h480Z11-1.jpg 1024w, https:\/\/mlkzi6dofpqr.i.optimole.com\/w:300\/h:245\/q:mauto\/f:best\/https:\/\/leitekbaltic.com\/wp-content\/uploads\/2026\/01\/LT-h480Z11-1.jpg 300w, https:\/\/mlkzi6dofpqr.i.optimole.com\/w:768\/h:626\/q:mauto\/f:best\/https:\/\/leitekbaltic.com\/wp-content\/uploads\/2026\/01\/LT-h480Z11-1.jpg 768w, https:\/\/mlkzi6dofpqr.i.optimole.com\/w:15\/h:12\/q:mauto\/f:best\/dpr:2\/https:\/\/leitekbaltic.com\/wp-content\/uploads\/2026\/01\/LT-h480Z11-1.jpg 15w, https:\/\/mlkzi6dofpqr.i.optimole.com\/w:1417\/h:1155\/q:mauto\/f:best\/https:\/\/leitekbaltic.com\/wp-content\/uploads\/2026\/01\/LT-h480Z11-1.jpg 1417w\" \/><\/a><\/figure>\n\n\n\n<h4 class=\"wp-block-heading has-text-align-center\"><a href=\"https:\/\/leitekbaltic.com\/wp-admin\/post.php?post=267&amp;action=edit\">Loader LT-H480Z<\/a><\/h4>\n\n\n\n<p class=\"has-text-align-center translation-block\">\u2022 Nomin\u0101l\u0101 celtsp\u0113ja \u2014 <strong>400 kg<\/strong> kop\u0113jais svars <strong>9<\/strong>50 <strong>kg<\/strong><br>\u2022 Kausa tilpums \u2014 <strong>0,15 m\u00b3<\/strong><br>\u2022 Darba \u0101trums \u2014 l\u012bdz <strong>4,3 km\/h<\/strong>, <br>\u2022 Uzticami Briggs&amp;Stratton \/ RUNTONG \/ KOOP dzin\u0113ji, jauda l\u012bdz <strong>23 ZS<\/strong><\/p>\n<\/div>\n<\/div>\n\n\n\n<div class=\"wp-block-columns is-layout-flex wp-container-core-columns-is-layout-9d6595d7 wp-block-columns-is-layout-flex\">\n<div class=\"wp-block-column is-layout-flow wp-block-column-is-layout-flow\">\n<h2 class=\"wp-block-heading has-text-align-center\">Loader LT-H480X<\/h2>\n\n\n\n<figure class=\"wp-block-image size-full\"><a href=\"https:\/\/leitekbaltic.com\/lv\/mini-loader-lt-h480x\/\"><img data-opt-id=273997073  data-opt-src=\"https:\/\/mlkzi6dofpqr.i.optimole.com\/w:auto\/h:auto\/q:mauto\/f:best\/https:\/\/leitekbaltic.com\/wp-content\/uploads\/2026\/01\/mini-Loader-LT-H480X4-2.webp\"  decoding=\"async\" width=\"840\" height=\"630\" src=\"data:image/svg+xml,%3Csvg%20viewBox%3D%220%200%20100%%20100%%22%20width%3D%22100%%22%20height%3D%22100%%22%20xmlns%3D%22http%3A%2F%2Fwww.w3.org%2F2000%2Fsvg%22%3E%3Crect%20width%3D%22100%%22%20height%3D%22100%%22%20fill%3D%22transparent%22%2F%3E%3C%2Fsvg%3E\" alt=\"\" class=\"wp-image-505\" old-srcset=\"https:\/\/mlkzi6dofpqr.i.optimole.com\/w:840\/h:630\/q:mauto\/f:best\/https:\/\/leitekbaltic.com\/wp-content\/uploads\/2026\/01\/mini-Loader-LT-H480X4-2.webp 840w, https:\/\/mlkzi6dofpqr.i.optimole.com\/w:300\/h:225\/q:mauto\/f:best\/https:\/\/leitekbaltic.com\/wp-content\/uploads\/2026\/01\/mini-Loader-LT-H480X4-2.webp 300w, https:\/\/mlkzi6dofpqr.i.optimole.com\/w:768\/h:576\/q:mauto\/f:best\/https:\/\/leitekbaltic.com\/wp-content\/uploads\/2026\/01\/mini-Loader-LT-H480X4-2.webp 768w, https:\/\/mlkzi6dofpqr.i.optimole.com\/w:16\/h:12\/q:mauto\/f:best\/dpr:2\/https:\/\/leitekbaltic.com\/wp-content\/uploads\/2026\/01\/mini-Loader-LT-H480X4-2.webp 16w\" \/><\/a><\/figure>\n\n\n\n<h4 class=\"wp-block-heading has-text-align-center\"><a href=\"https:\/\/leitekbaltic.com\/lv\/mini-loader-lt-h480x\/\" data-type=\"link\" data-id=\"https:\/\/leitekbaltic.com\/mini-loader-lt-h480x\/\">Mini-Loader LT-H480X<\/a><\/h4>\n\n\n\n<ul class=\"wp-block-list\">\n<li>Nomin\u0101l\u0101 celtsp\u0113ja - 400 kg<\/li>\n\n\n\n<li>Kausa tilpums 0,15 m\u00b3<\/li>\n\n\n\n<li>Darba \u0101trums 3,1 km\/h<\/li>\n\n\n\n<li>Dzin\u0113ja tips: d\u012bze\u013cdzin\u0113js, divu cilindru, ar \u016bdens dzes\u0113\u0161anu<\/li>\n<\/ul>\n<\/div>\n\n\n\n<div class=\"wp-block-column is-layout-flow wp-block-column-is-layout-flow\">\n<h2 class=\"wp-block-heading has-text-align-center\">Loader LT-H680X<\/h2>\n\n\n\n<figure class=\"wp-block-image size-full\"><a href=\"https:\/\/leitekbaltic.com\/lv\/mini-loader-lt-h680x\/\"><img data-opt-id=874450821  data-opt-src=\"https:\/\/mlkzi6dofpqr.i.optimole.com\/w:auto\/h:auto\/q:mauto\/f:best\/https:\/\/leitekbaltic.com\/wp-content\/uploads\/2026\/01\/LT-H680X1.webp\"  decoding=\"async\" width=\"840\" height=\"630\" src=\"data:image/svg+xml,%3Csvg%20viewBox%3D%220%200%20100%%20100%%22%20width%3D%22100%%22%20height%3D%22100%%22%20xmlns%3D%22http%3A%2F%2Fwww.w3.org%2F2000%2Fsvg%22%3E%3Crect%20width%3D%22100%%22%20height%3D%22100%%22%20fill%3D%22transparent%22%2F%3E%3C%2Fsvg%3E\" alt=\"\" class=\"wp-image-506\" old-srcset=\"https:\/\/mlkzi6dofpqr.i.optimole.com\/w:840\/h:630\/q:mauto\/f:best\/https:\/\/leitekbaltic.com\/wp-content\/uploads\/2026\/01\/LT-H680X1.webp 840w, https:\/\/mlkzi6dofpqr.i.optimole.com\/w:300\/h:225\/q:mauto\/f:best\/https:\/\/leitekbaltic.com\/wp-content\/uploads\/2026\/01\/LT-H680X1.webp 300w, https:\/\/mlkzi6dofpqr.i.optimole.com\/w:768\/h:576\/q:mauto\/f:best\/https:\/\/leitekbaltic.com\/wp-content\/uploads\/2026\/01\/LT-H680X1.webp 768w, https:\/\/mlkzi6dofpqr.i.optimole.com\/w:16\/h:12\/q:mauto\/f:best\/dpr:2\/https:\/\/leitekbaltic.com\/wp-content\/uploads\/2026\/01\/LT-H680X1.webp 16w\" \/><\/a><\/figure>\n\n\n\n<h4 class=\"wp-block-heading has-text-align-center\"><a href=\"https:\/\/leitekbaltic.com\/lv\/mini-loader-lt-h680x\/\" data-type=\"link\" data-id=\"https:\/\/leitekbaltic.com\/mini-loader-lt-h680x\/\">Mini Loader LT-H680X<\/a><\/h4>\n\n\n\n<ul class=\"wp-block-list\">\n<li>Nomin\u0101l\u0101 celtsp\u0113ja 780 kg<\/li>\n\n\n\n<li>Kausa tilpums 0,2 m\u00b3<\/li>\n\n\n\n<li>Darba \u0101trums 5,8 km\/h<\/li>\n\n\n\n<li>Dzin\u0113ja tips: d\u012bze\u013cdzin\u0113js, divu cilindru, ar \u016bdens dzes\u0113\u0161anu<\/li>\n<\/ul>\n<\/div>\n\n\n\n<div class=\"wp-block-column is-layout-flow wp-block-column-is-layout-flow\"><\/div>\n<\/div>\n\n\n\n<div class=\"wp-block-columns is-layout-flex wp-container-core-columns-is-layout-9d6595d7 wp-block-columns-is-layout-flex\">\n<div class=\"wp-block-column is-layout-flow wp-block-column-is-layout-flow\">\n<h2 class=\"wp-block-heading has-text-align-center\">Loader-LTZ-908<\/h2>\n\n\n\n<figure class=\"wp-block-image size-full\"><a href=\"https:\/\/leitekbaltic.com\/lv\/loader-ltz-908\/\"><img data-opt-id=1448707622  data-opt-src=\"https:\/\/mlkzi6dofpqr.i.optimole.com\/w:auto\/h:auto\/q:mauto\/f:best\/https:\/\/leitekbaltic.com\/wp-content\/uploads\/2026\/01\/LTZ-908.jpg\"  decoding=\"async\" width=\"1890\" height=\"1203\" src=\"data:image/svg+xml,%3Csvg%20viewBox%3D%220%200%20100%%20100%%22%20width%3D%22100%%22%20height%3D%22100%%22%20xmlns%3D%22http%3A%2F%2Fwww.w3.org%2F2000%2Fsvg%22%3E%3Crect%20width%3D%22100%%22%20height%3D%22100%%22%20fill%3D%22transparent%22%2F%3E%3C%2Fsvg%3E\" alt=\"\" class=\"wp-image-340\" old-srcset=\"https:\/\/mlkzi6dofpqr.i.optimole.com\/w:1890\/h:1203\/q:mauto\/f:best\/https:\/\/leitekbaltic.com\/wp-content\/uploads\/2026\/01\/LTZ-908.jpg 1890w, https:\/\/mlkzi6dofpqr.i.optimole.com\/w:300\/h:191\/q:mauto\/f:best\/https:\/\/leitekbaltic.com\/wp-content\/uploads\/2026\/01\/LTZ-908.jpg 300w, https:\/\/mlkzi6dofpqr.i.optimole.com\/w:1024\/h:652\/q:mauto\/f:best\/https:\/\/leitekbaltic.com\/wp-content\/uploads\/2026\/01\/LTZ-908.jpg 1024w, https:\/\/mlkzi6dofpqr.i.optimole.com\/w:768\/h:489\/q:mauto\/f:best\/https:\/\/leitekbaltic.com\/wp-content\/uploads\/2026\/01\/LTZ-908.jpg 768w, https:\/\/mlkzi6dofpqr.i.optimole.com\/w:1536\/h:978\/q:mauto\/f:best\/https:\/\/leitekbaltic.com\/wp-content\/uploads\/2026\/01\/LTZ-908.jpg 1536w, https:\/\/mlkzi6dofpqr.i.optimole.com\/w:18\/h:12\/q:mauto\/f:best\/dpr:2\/https:\/\/leitekbaltic.com\/wp-content\/uploads\/2026\/01\/LTZ-908.jpg 18w\" \/><\/a><\/figure>\n\n\n\n<h4 class=\"wp-block-heading has-text-align-center\"><a href=\"https:\/\/leitekbaltic.com\/lv\/loader-ltz-908\/\" data-type=\"link\" data-id=\"https:\/\/leitekbaltic.com\/loader-ltz-908\/\">Loader-LTZ-908<\/a><\/h4>\n\n\n\n<p class=\"has-text-align-center translation-block\">\u2022 Nomin\u0101l\u0101 celtsp\u0113ja - <strong>600 kg<\/strong> kop\u0113jais svars 2000 <strong>kg<\/strong><br>\u2022 Kausa tilpums - <strong>0,3 m\u00b3<\/strong><br>\u2022 Darba \u0101trums - l\u012bdz <strong>20 km\/h<\/strong>, <br>\u2022 3 cilindru dzin\u0113js 1,649 litri<\/p>\n<\/div>\n\n\n\n<div class=\"wp-block-column is-layout-flow wp-block-column-is-layout-flow\">\n<h2 class=\"wp-block-heading has-text-align-center\">Loader-LTZ-918<\/h2>\n\n\n\n<figure class=\"wp-block-image size-large\"><a href=\"https:\/\/leitekbaltic.com\/lv\/loader-ltz-918\/\"><img data-opt-id=300629375  data-opt-src=\"https:\/\/mlkzi6dofpqr.i.optimole.com\/w:1024\/h:633\/q:mauto\/f:best\/https:\/\/leitekbaltic.com\/wp-content\/uploads\/2026\/01\/LTZ-918.jpg1_.jpg\"  decoding=\"async\" width=\"1024\" height=\"633\" src=\"data:image/svg+xml,%3Csvg%20viewBox%3D%220%200%201024%20633%22%20width%3D%221024%22%20height%3D%22633%22%20xmlns%3D%22http%3A%2F%2Fwww.w3.org%2F2000%2Fsvg%22%3E%3Crect%20width%3D%221024%22%20height%3D%22633%22%20fill%3D%22transparent%22%2F%3E%3C%2Fsvg%3E\" alt=\"\" class=\"wp-image-343\" old-srcset=\"https:\/\/mlkzi6dofpqr.i.optimole.com\/w:1024\/h:633\/q:mauto\/f:best\/https:\/\/leitekbaltic.com\/wp-content\/uploads\/2026\/01\/LTZ-918.jpg1_.jpg 1024w, https:\/\/mlkzi6dofpqr.i.optimole.com\/w:300\/h:186\/q:mauto\/f:best\/https:\/\/leitekbaltic.com\/wp-content\/uploads\/2026\/01\/LTZ-918.jpg1_.jpg 300w, https:\/\/mlkzi6dofpqr.i.optimole.com\/w:768\/h:475\/q:mauto\/f:best\/https:\/\/leitekbaltic.com\/wp-content\/uploads\/2026\/01\/LTZ-918.jpg1_.jpg 768w, https:\/\/mlkzi6dofpqr.i.optimole.com\/w:1536\/h:950\/q:mauto\/f:best\/https:\/\/leitekbaltic.com\/wp-content\/uploads\/2026\/01\/LTZ-918.jpg1_.jpg 1536w, https:\/\/mlkzi6dofpqr.i.optimole.com\/w:18\/h:12\/q:mauto\/f:best\/dpr:2\/https:\/\/leitekbaltic.com\/wp-content\/uploads\/2026\/01\/LTZ-918.jpg1_.jpg 18w, https:\/\/mlkzi6dofpqr.i.optimole.com\/w:1890\/h:1169\/q:mauto\/f:best\/https:\/\/leitekbaltic.com\/wp-content\/uploads\/2026\/01\/LTZ-918.jpg1_.jpg 1890w\" \/><\/a><\/figure>\n\n\n\n<h4 class=\"wp-block-heading has-text-align-center\"><a href=\"https:\/\/leitekbaltic.com\/lv\/loader-ltz-918\/\" data-type=\"link\" data-id=\"https:\/\/leitekbaltic.com\/loader-ltz-918\/\">Loader-LTZ-918<\/a><\/h4>\n\n\n\n<p class=\"has-text-align-center translation-block\">\u2022 Nomin\u0101l\u0101 celtsp\u0113ja - <strong>600 kg<\/strong> kop\u0113jais svars 2000 <strong>kg<\/strong><br>\u2022 Kausa tilpums - <strong>0,3 m\u00b3<\/strong><br>\u2022 Darba \u0101trums - l\u012bdz <strong>20 km\/h<\/strong>, <br>\u2022 3 cilindru dzin\u0113js 1,649 litri<\/p>\n<\/div>\n\n\n\n<div class=\"wp-block-column is-layout-flow wp-block-column-is-layout-flow\">\n<h2 class=\"wp-block-heading has-text-align-center\">Loader-LT-1000<\/h2>\n\n\n\n<figure class=\"wp-block-image size-large\"><a href=\"https:\/\/leitekbaltic.com\/lv\/loader-tl-1000\/\"><img data-opt-id=824026947  data-opt-src=\"https:\/\/mlkzi6dofpqr.i.optimole.com\/w:1024\/h:630\/q:mauto\/f:best\/https:\/\/leitekbaltic.com\/wp-content\/uploads\/2026\/01\/Loader-LT-1000.jpg\"  decoding=\"async\" width=\"1024\" height=\"630\" src=\"data:image/svg+xml,%3Csvg%20viewBox%3D%220%200%201024%20630%22%20width%3D%221024%22%20height%3D%22630%22%20xmlns%3D%22http%3A%2F%2Fwww.w3.org%2F2000%2Fsvg%22%3E%3Crect%20width%3D%221024%22%20height%3D%22630%22%20fill%3D%22transparent%22%2F%3E%3C%2Fsvg%3E\" alt=\"\" class=\"wp-image-346\" old-srcset=\"https:\/\/mlkzi6dofpqr.i.optimole.com\/w:1024\/h:630\/q:mauto\/f:best\/https:\/\/leitekbaltic.com\/wp-content\/uploads\/2026\/01\/Loader-LT-1000.jpg 1024w, https:\/\/mlkzi6dofpqr.i.optimole.com\/w:300\/h:184\/q:mauto\/f:best\/https:\/\/leitekbaltic.com\/wp-content\/uploads\/2026\/01\/Loader-LT-1000.jpg 300w, https:\/\/mlkzi6dofpqr.i.optimole.com\/w:768\/h:472\/q:mauto\/f:best\/https:\/\/leitekbaltic.com\/wp-content\/uploads\/2026\/01\/Loader-LT-1000.jpg 768w, https:\/\/mlkzi6dofpqr.i.optimole.com\/w:1536\/h:944\/q:mauto\/f:best\/https:\/\/leitekbaltic.com\/wp-content\/uploads\/2026\/01\/Loader-LT-1000.jpg 1536w, https:\/\/mlkzi6dofpqr.i.optimole.com\/w:18\/h:12\/q:mauto\/f:best\/dpr:2\/https:\/\/leitekbaltic.com\/wp-content\/uploads\/2026\/01\/Loader-LT-1000.jpg 18w, https:\/\/mlkzi6dofpqr.i.optimole.com\/w:1890\/h:1162\/q:mauto\/f:best\/https:\/\/leitekbaltic.com\/wp-content\/uploads\/2026\/01\/Loader-LT-1000.jpg 1890w\" \/><\/a><\/figure>\n\n\n\n<h4 class=\"wp-block-heading has-text-align-center\"><a href=\"https:\/\/leitekbaltic.com\/lv\/loader-tl-1000\/\" data-type=\"page\" data-id=\"348\">Loader-TL-1000<\/a><\/h4>\n\n\n\n<p class=\"has-text-align-center translation-block\">\u2022 Nomin\u0101l\u0101 celtsp\u0113ja \u2014 <strong>1000 kg<\/strong> kop\u0113jais svars <strong>3100<\/strong> <strong>kg<\/strong><br>\u2022 Kausa tilpums \u2014 <strong>0,5 <strong>m\u00b3<\/strong><br> <\/strong> Pacel\u0161anas augstums: 4470 mm<br>\u2022 Darba \u0101trums \u2014 l\u012bdz <strong>20 km\/h<\/strong>, <br>\u2022 Dzin\u0113ja jauda 37 kW<\/p>\n<\/div>\n<\/div>\n\n\n\n<h3 class=\"wp-block-heading\">Neatrad\u0101t piem\u0113rotu modeli?<\/h3>\n\n\n\n<p>M\u0101jaslap\u0101 ir att\u0113lota tikai da\u013ca no m\u016bsu pieg\u0101d\u0101t\u0101 apr\u012bkojuma un konfigur\u0101cij\u0101m. R\u016bpn\u012bcas produktu kl\u0101sts ir iev\u0113rojami pla\u0161\u0101ks, un daudzi mode\u013ci, opcijas un stiprin\u0101jumi ir piel\u0101goti klienta vajadz\u012bb\u0101m.<\/p>\n\n\n\n<p class=\"translation-block\">Ja neesat atradis nepiecie\u0161amo modeli, konfigur\u0101ciju vai specifik\u0101cijas, <strong>aizpildiet piepras\u012bjuma veidlapu<\/strong>, aprakstiet savu vajadz\u012bbu, un m\u0113s:<\/p>\n\n\n\n<ul class=\"wp-block-list\">\n<li>M\u0113s izv\u0113l\u0113simies optim\u0101lu apr\u012bkojumu atbilsto\u0161i j\u016bsu pras\u012bb\u0101m<\/li>\n\n\n\n<li>M\u0113s nos\u016bt\u012bsim papildu fotoatt\u0113lus un video par apr\u012bkojumu.<\/li>\n\n\n\n<li>Pied\u0101v\u0101sim iesp\u0113jam\u0101s apr\u012bkojuma un pielikumu iesp\u0113jas<\/li>\n\n\n\n<li>M\u0113s j\u016bs inform\u0113sim par pieg\u0101des laikiem un pas\u016bt\u012bjuma nosac\u012bjumiem.<\/li>\n<\/ul>\n\n\n\n<p>\ud83d\udc49<a href=\"https:\/\/leitekbaltic.com\/lv\/contact\/\" data-type=\"page\" data-id=\"17\"> <em>\u041e\u0441\u0442\u0430\u0432\u044c\u0442\u0435 \u0437\u0430\u044f\u0432\u043a\u0443,<\/em><\/a><em> \u0438 \u043c\u044b \u0441\u0432\u044f\u0436\u0435\u043c\u0441\u044f \u0441 \u0432\u0430\u043c\u0438 \u0432 \u0431\u043b\u0438\u0436\u0430\u0439\u0448\u0435\u0435 \u0432\u0440\u0435\u043c\u044f.<\/em><\/p>\n\n\n\n<p><\/p>","protected":false},"excerpt":{"rendered":"<p>\u0412 \u044d\u0442\u043e\u043c \u0440\u0430\u0437\u0434\u0435\u043b\u0435 \u043f\u0440\u0435\u0434\u0441\u0442\u0430\u0432\u043b\u0435\u043d\u044b \u043a\u043e\u043c\u043f\u0430\u043a\u0442\u043d\u044b\u0435 \u043c\u0438\u043d\u0438-\u043f\u043e\u0433\u0440\u0443\u0437\u0447\u0438\u043a\u0438 LEITEK. \u0412\u0441\u0435 \u043c\u043e\u0434\u0435\u043b\u0438 \u043f\u043e\u0441\u0442\u0430\u0432\u043b\u044f\u044e\u0442\u0441\u044f \u043f\u043e\u0434 \u0437\u0430\u043a\u0430\u0437 \u043d\u0430\u043f\u0440\u044f\u043c\u0443\u044e \u0441 \u0437\u0430\u0432\u043e\u0434\u0430.\u0414\u043b\u044f \u043f\u043e\u043b\u0443\u0447\u0435\u043d\u0438\u044f \u0446\u0435\u043d\u044b \u043d\u0430\u0436\u043c\u0438\u0442\u0435 \u00ab\u041f\u043e\u0434\u0440\u043e\u0431\u043d\u0435\u0435\u00bb \u0432 \u043a\u0430\u0440\u0442\u043e\u0447\u043a\u0435 \u0438\u043d\u0442\u0435\u0440\u0435\u0441\u0443\u044e\u0449\u0435\u0439 \u043c\u043e\u0434\u0435\u043b\u0438. Loader-LT-H480 Loader-LT-H480 \u2022 \u041d\u043e\u043c\u0438\u043d\u0430\u043b\u044c\u043d\u0430\u044f \u0433\u0440\u0443\u0437\u043e\u043f\u043e\u0434\u044a\u0451\u043c\u043d\u043e\u0441\u0442\u044c \u2014 375 \u043a\u0433 \u043e\u0431\u0449\u0438\u0439 \u0432\u0435\u0441 920 \u043a\u0433\u2022 \u041e\u0431\u044a\u0451\u043c \u043a\u043e\u0432\u0448\u0430 \u2014 0,15 \u043c\u00b3\u2022 \u0421\u043a\u043e\u0440\u043e\u0441\u0442\u044c \u0440\u0430\u0431\u043e\u0442\u044b \u2014 0-4,1 \u043a\u043c\/\u0447, \u2022 \u041d\u0430\u0434\u0451\u0436\u043d\u044b\u0435 \u0434\u0432\u0438\u0433\u0430\u0442\u0435\u043b\u0438 Briggs&amp;Stratton \/ RUNTONG \/ KOOP, \u043c\u043e\u0449\u043d\u043e\u0441\u0442\u044c \u0434\u043e [&hellip;]<\/p>\n","protected":false},"author":1,"featured_media":0,"parent":0,"menu_order":0,"comment_status":"closed","ping_status":"closed","template":"","meta":{"_themeisle_gutenberg_block_has_review":false,"footnotes":""},"class_list":["post-11","page","type-page","status-publish","hentry"],"_links":{"self":[{"href":"https:\/\/leitekbaltic.com\/lv\/wp-json\/wp\/v2\/pages\/11","targetHints":{"allow":["GET"]}}],"collection":[{"href":"https:\/\/leitekbaltic.com\/lv\/wp-json\/wp\/v2\/pages"}],"about":[{"href":"https:\/\/leitekbaltic.com\/lv\/wp-json\/wp\/v2\/types\/page"}],"author":[{"embeddable":true,"href":"https:\/\/leitekbaltic.com\/lv\/wp-json\/wp\/v2\/users\/1"}],"replies":[{"embeddable":true,"href":"https:\/\/leitekbaltic.com\/lv\/wp-json\/wp\/v2\/comments?post=11"}],"version-history":[{"count":5,"href":"https:\/\/leitekbaltic.com\/lv\/wp-json\/wp\/v2\/pages\/11\/revisions"}],"predecessor-version":[{"id":680,"href":"https:\/\/leitekbaltic.com\/lv\/wp-json\/wp\/v2\/pages\/11\/revisions\/680"}],"wp:attachment":[{"href":"https:\/\/leitekbaltic.com\/lv\/wp-json\/wp\/v2\/media?parent=11"}],"curies":[{"name":"wp","href":"https:\/\/api.w.org\/{rel}","templated":true}]}}