{"id":188,"date":"2025-12-30T18:57:43","date_gmt":"2025-12-30T15:57:43","guid":{"rendered":"https:\/\/leitekbaltic.com\/?page_id=188"},"modified":"2026-01-03T18:16:16","modified_gmt":"2026-01-03T15:16:16","slug":"mini-excavators-lt1020","status":"publish","type":"page","link":"https:\/\/leitekbaltic.com\/lv\/mini-excavators-lt1020\/","title":{"rendered":"Mini Excavators LT1020"},"content":{"rendered":"<h2 class=\"wp-block-heading has-text-align-center\">Mini Excavators LT1020<\/h2>\n\n\n\n<div class=\"wp-block-columns is-layout-flex wp-container-core-columns-is-layout-9d6595d7 wp-block-columns-is-layout-flex\">\n<div class=\"wp-block-column is-layout-flow wp-block-column-is-layout-flow\" style=\"flex-basis:66.66%\">\n<figure class=\"wp-block-image size-full\"><img data-opt-id=1700601673  fetchpriority=\"high\" decoding=\"async\" width=\"800\" height=\"800\" src=\"https:\/\/mlkzi6dofpqr.i.optimole.com\/w:auto\/h:auto\/q:mauto\/f:best\/https:\/\/leitekbaltic.com\/wp-content\/uploads\/2025\/12\/Mini-Excavators-LT1020.jpg\" alt=\"\" class=\"wp-image-229\" srcset=\"https:\/\/mlkzi6dofpqr.i.optimole.com\/w:800\/h:800\/q:mauto\/f:best\/https:\/\/leitekbaltic.com\/wp-content\/uploads\/2025\/12\/Mini-Excavators-LT1020.jpg 800w, https:\/\/mlkzi6dofpqr.i.optimole.com\/w:300\/h:300\/q:mauto\/f:best\/https:\/\/leitekbaltic.com\/wp-content\/uploads\/2025\/12\/Mini-Excavators-LT1020.jpg 300w, https:\/\/mlkzi6dofpqr.i.optimole.com\/w:150\/h:150\/q:mauto\/f:best\/https:\/\/leitekbaltic.com\/wp-content\/uploads\/2025\/12\/Mini-Excavators-LT1020.jpg 150w, https:\/\/mlkzi6dofpqr.i.optimole.com\/w:768\/h:768\/q:mauto\/f:best\/https:\/\/leitekbaltic.com\/wp-content\/uploads\/2025\/12\/Mini-Excavators-LT1020.jpg 768w, https:\/\/mlkzi6dofpqr.i.optimole.com\/w:12\/h:12\/q:mauto\/f:best\/dpr:2\/https:\/\/leitekbaltic.com\/wp-content\/uploads\/2025\/12\/Mini-Excavators-LT1020.jpg 12w\" sizes=\"(max-width: 800px) 100vw, 800px\" \/><\/figure>\n<\/div>\n\n\n\n<div class=\"wp-block-column is-layout-flow wp-block-column-is-layout-flow\" style=\"flex-basis:33.33%\">\n<figure class=\"wp-block-image size-large\"><img data-opt-id=295833565  fetchpriority=\"high\" decoding=\"async\" width=\"1024\" height=\"640\" src=\"https:\/\/mlkzi6dofpqr.i.optimole.com\/w:1024\/h:640\/q:mauto\/f:best\/https:\/\/leitekbaltic.com\/wp-content\/uploads\/2025\/12\/showtool-1.jpg1_-1.jpg\" alt=\"\" class=\"wp-image-166\" srcset=\"https:\/\/mlkzi6dofpqr.i.optimole.com\/w:1024\/h:640\/q:mauto\/f:best\/https:\/\/leitekbaltic.com\/wp-content\/uploads\/2025\/12\/showtool-1.jpg1_-1.jpg 1024w, https:\/\/mlkzi6dofpqr.i.optimole.com\/w:300\/h:187\/q:mauto\/f:best\/https:\/\/leitekbaltic.com\/wp-content\/uploads\/2025\/12\/showtool-1.jpg1_-1.jpg 300w, https:\/\/mlkzi6dofpqr.i.optimole.com\/w:768\/h:480\/q:mauto\/f:best\/https:\/\/leitekbaltic.com\/wp-content\/uploads\/2025\/12\/showtool-1.jpg1_-1.jpg 768w, https:\/\/mlkzi6dofpqr.i.optimole.com\/w:1536\/h:960\/q:mauto\/f:best\/https:\/\/leitekbaltic.com\/wp-content\/uploads\/2025\/12\/showtool-1.jpg1_-1.jpg 1536w, https:\/\/mlkzi6dofpqr.i.optimole.com\/w:1920\/h:1200\/q:mauto\/f:best\/https:\/\/leitekbaltic.com\/wp-content\/uploads\/2025\/12\/showtool-1.jpg1_-1.jpg 2048w, https:\/\/mlkzi6dofpqr.i.optimole.com\/w:18\/h:12\/q:mauto\/f:best\/dpr:2\/https:\/\/leitekbaltic.com\/wp-content\/uploads\/2025\/12\/showtool-1.jpg1_-1.jpg 18w\" sizes=\"(max-width: 1000px) 100vw, 1000px\" \/><\/figure>\n\n\n\n<h2 class=\"wp-block-heading\">Iesp\u0113jami ar\u012b papildu pielikumi<\/h2>\n<\/div>\n<\/div>\n\n\n\n<div class=\"wp-block-buttons is-layout-flex wp-block-buttons-is-layout-flex\">\n<div class=\"wp-block-button\"><a class=\"wp-block-button__link wp-element-button\" href=\"https:\/\/leitekbaltic.com\/lv\/contact\/\">Request Offer<\/a><\/div>\n<\/div>\n\n\n\n<h2 class=\"wp-block-heading\">KODS: EX-LT1020-EU<\/h2>\n\n\n\n<h3 class=\"wp-block-heading translation-block\">Tehnisk\u0101s \u012bpa\u0161\u012bbas<\/h3>\n\n\n\n<h4 class=\"wp-block-heading\">Izm\u0113ri<\/h4>\n\n\n\n<figure class=\"wp-block-table\"><table class=\"has-fixed-layout\"><thead><tr><th>Parametrs<\/th><th>Noz\u012bme<\/th><\/tr><\/thead><tbody><tr><td>Garums \u00d7 Platums \u00d7 Augstums<\/td><td><strong>3468 \u00d7 1200 \u00d7 2270 \u043c\u043c<\/strong><\/td><\/tr><tr><td>Garums (transporta poz\u012bcija)<\/td><td><strong>3110 \u043c\u043c<\/strong><\/td><\/tr><tr><td>Platums<\/td><td><strong>1250 \u043c\u043c<\/strong><\/td><\/tr><tr><td>Augstums (ar\/bez jumta)<\/td><td><strong>2280 \/ 2242 \u043c\u043c<\/strong><\/td><\/tr><tr><td>Slie\u017eu materi\u0101ls<\/td><td><strong>Gumija<\/strong><\/td><\/tr><\/tbody><\/table><\/figure>\n\n\n\n<hr class=\"wp-block-separator has-alpha-channel-opacity\"\/>\n\n\n\n<h4 class=\"wp-block-heading\">Darb\u012bbas parametri<\/h4>\n\n\n\n<figure class=\"wp-block-table\"><table class=\"has-fixed-layout\"><thead><tr><th>Parametrs<\/th><th>Noz\u012bme<\/th><\/tr><\/thead><tbody><tr><td>Kust\u012bbas \u0101trums<\/td><td><strong>2\/4 km\/h<\/strong><\/td><\/tr><tr><td>Pagrieziena \u0101trums<\/td><td><strong>10 apgr.\/min<\/strong><\/td><\/tr><tr><td>K\u0101p\u0161anas sp\u0113ja<\/td><td><strong>\u0434\u043e 30\u00b0<\/strong><\/td><\/tr><tr><td>Maks. rak\u0161anas sp\u0113ks<\/td><td><strong>8 kN<\/strong><\/td><\/tr><tr><td>Zemes spiediens<\/td><td><strong>0,3 kgf\/cm\u00b2<\/strong><\/td><\/tr><tr><td>Maks. asmens dzi\u013cums<\/td><td><strong>400 \u043c\u043c<\/strong><\/td><\/tr><tr><td>Maks. asmens pacel\u0161anas augstums<\/td><td><strong>150 \u043c\u043c<\/strong><\/td><\/tr><\/tbody><\/table><\/figure>\n\n\n\n<hr class=\"wp-block-separator has-alpha-channel-opacity\"\/>\n\n\n\n<h4 class=\"wp-block-heading\">Veiktsp\u0113ja<\/h4>\n\n\n\n<figure class=\"wp-block-table\"><table class=\"has-fixed-layout\"><thead><tr><th>Parametrs<\/th><th>Noz\u012bme<\/th><\/tr><\/thead><tbody><tr><td>Ekspluat\u0101cijas svars<\/td><td><strong>2000 kg<\/strong><\/td><\/tr><tr><td>Kausa ietilp\u012bba<\/td><td><strong>0,04 \u043c\u00b3<\/strong><\/td><\/tr><tr><td>Ma\u0161\u012bnas tips<\/td><td><strong>Mini ekskavators<\/strong><\/td><\/tr><tr><td>Dzin\u0113js<\/td><td><strong>Kubota \/ Laidong 385<\/strong><\/td><\/tr><tr><td>Dzin\u0113ja tilpums<\/td><td><strong>0,898 l<\/strong><\/td><\/tr><tr><td>Dzin\u0113ja jauda<\/td><td><strong>11,8 \/ 18,1 kW<\/strong><\/td><\/tr><tr><td>Maks. griezes moments<\/td><td><strong>51,3 Nm \/ 1800 apgr.\/min<\/strong><\/td><\/tr><\/tbody><\/table><\/figure>","protected":false},"excerpt":{"rendered":"<p>Mini Excavators LT1020 \u0412\u043e\u0437\u043c\u043e\u0436\u043d\u043e\u0435 \u0434\u043e\u043f\u043e\u043b\u043d\u0438\u0442\u0435\u043b\u044c\u043d\u043e\u0435 \u043d\u0430\u0432\u0435\u0441\u043d\u043e\u0435 \u043e\u0431\u043e\u0440\u0443\u0434\u043e\u0432\u0430\u043d\u0438\u0435. \u041a\u041e\u0414: EX-LT1020-EU \u0422\u0435\u0445\u043d\u0438\u0447\u0435\u0441\u043a\u0438\u0435 \u0445\u0430\u0440\u0430\u043a\u0442\u0435\u0440\u0438\u0441\u0442\u0438\u043a\u0438 \u0413\u0430\u0431\u0430\u0440\u0438\u0442\u044b \u041f\u0430\u0440\u0430\u043c\u0435\u0442\u0440 \u0417\u043d\u0430\u0447\u0435\u043d\u0438\u0435 \u0414\u043b\u0438\u043d\u0430 \u00d7 \u0428\u0438\u0440\u0438\u043d\u0430 \u00d7 \u0412\u044b\u0441\u043e\u0442\u0430 3468 \u00d7 1200 \u00d7 2270 \u043c\u043c \u0414\u043b\u0438\u043d\u0430 (\u0442\u0440\u0430\u043d\u0441\u043f\u043e\u0440\u0442\u043d\u043e\u0435 \u043f\u043e\u043b\u043e\u0436\u0435\u043d\u0438\u0435) 3110 \u043c\u043c \u0428\u0438\u0440\u0438\u043d\u0430 1250 \u043c\u043c \u0412\u044b\u0441\u043e\u0442\u0430 (\u0441 \/ \u0431\u0435\u0437 \u043a\u0440\u044b\u0448\u0438) 2280 \/ 2242 \u043c\u043c \u041c\u0430\u0442\u0435\u0440\u0438\u0430\u043b \u0433\u0443\u0441\u0435\u043d\u0438\u0446 \u0420\u0435\u0437\u0438\u043d\u0430 \u0420\u0430\u0431\u043e\u0447\u0438\u0435 \u043f\u0430\u0440\u0430\u043c\u0435\u0442\u0440\u044b \u041f\u0430\u0440\u0430\u043c\u0435\u0442\u0440 \u0417\u043d\u0430\u0447\u0435\u043d\u0438\u0435 \u041c\u0430\u043a\u0441. \u0441\u043a\u043e\u0440\u043e\u0441\u0442\u044c \u043f\u0435\u0440\u0435\u0434\u0432\u0438\u0436\u0435\u043d\u0438\u044f 2 \/ 4 [&hellip;]<\/p>\n","protected":false},"author":1,"featured_media":0,"parent":0,"menu_order":0,"comment_status":"closed","ping_status":"closed","template":"","meta":{"_themeisle_gutenberg_block_has_review":false,"footnotes":""},"class_list":["post-188","page","type-page","status-publish","hentry"],"_links":{"self":[{"href":"https:\/\/leitekbaltic.com\/lv\/wp-json\/wp\/v2\/pages\/188","targetHints":{"allow":["GET"]}}],"collection":[{"href":"https:\/\/leitekbaltic.com\/lv\/wp-json\/wp\/v2\/pages"}],"about":[{"href":"https:\/\/leitekbaltic.com\/lv\/wp-json\/wp\/v2\/types\/page"}],"author":[{"embeddable":true,"href":"https:\/\/leitekbaltic.com\/lv\/wp-json\/wp\/v2\/users\/1"}],"replies":[{"embeddable":true,"href":"https:\/\/leitekbaltic.com\/lv\/wp-json\/wp\/v2\/comments?post=188"}],"version-history":[{"count":5,"href":"https:\/\/leitekbaltic.com\/lv\/wp-json\/wp\/v2\/pages\/188\/revisions"}],"predecessor-version":[{"id":530,"href":"https:\/\/leitekbaltic.com\/lv\/wp-json\/wp\/v2\/pages\/188\/revisions\/530"}],"wp:attachment":[{"href":"https:\/\/leitekbaltic.com\/lv\/wp-json\/wp\/v2\/media?parent=188"}],"curies":[{"name":"wp","href":"https:\/\/api.w.org\/{rel}","templated":true}]}}