{"id":204,"date":"2025-12-30T19:26:39","date_gmt":"2025-12-30T16:26:39","guid":{"rendered":"https:\/\/leitekbaltic.com\/?page_id=204"},"modified":"2026-01-03T22:46:01","modified_gmt":"2026-01-03T19:46:01","slug":"mini-excavators-lt1035cab","status":"publish","type":"page","link":"https:\/\/leitekbaltic.com\/lv\/mini-excavators-lt1035cab\/","title":{"rendered":"Mini Excavators LT1035cab"},"content":{"rendered":"<h2 class=\"wp-block-heading has-text-align-center\">Mini Excavators LT1035cab<\/h2>\n\n\n\n<div class=\"wp-block-columns is-layout-flex wp-container-core-columns-is-layout-9d6595d7 wp-block-columns-is-layout-flex\">\n<div class=\"wp-block-column is-layout-flow wp-block-column-is-layout-flow\" style=\"flex-basis:66.66%\">\n<figure class=\"wp-block-image size-full\"><img data-opt-id=534715064  fetchpriority=\"high\" decoding=\"async\" width=\"800\" height=\"800\" src=\"https:\/\/mlkzi6dofpqr.i.optimole.com\/w:auto\/h:auto\/q:mauto\/f:best\/https:\/\/leitekbaltic.com\/wp-content\/uploads\/2025\/12\/Mini-Excavators-LT1035cab.jpg\" alt=\"\" class=\"wp-image-205\" srcset=\"https:\/\/mlkzi6dofpqr.i.optimole.com\/w:800\/h:800\/q:mauto\/f:best\/https:\/\/leitekbaltic.com\/wp-content\/uploads\/2025\/12\/Mini-Excavators-LT1035cab.jpg 800w, https:\/\/mlkzi6dofpqr.i.optimole.com\/w:300\/h:300\/q:mauto\/f:best\/https:\/\/leitekbaltic.com\/wp-content\/uploads\/2025\/12\/Mini-Excavators-LT1035cab.jpg 300w, https:\/\/mlkzi6dofpqr.i.optimole.com\/w:150\/h:150\/q:mauto\/f:best\/https:\/\/leitekbaltic.com\/wp-content\/uploads\/2025\/12\/Mini-Excavators-LT1035cab.jpg 150w, https:\/\/mlkzi6dofpqr.i.optimole.com\/w:768\/h:768\/q:mauto\/f:best\/https:\/\/leitekbaltic.com\/wp-content\/uploads\/2025\/12\/Mini-Excavators-LT1035cab.jpg 768w, https:\/\/mlkzi6dofpqr.i.optimole.com\/w:12\/h:12\/q:mauto\/f:best\/dpr:2\/https:\/\/leitekbaltic.com\/wp-content\/uploads\/2025\/12\/Mini-Excavators-LT1035cab.jpg 12w\" sizes=\"(max-width: 800px) 100vw, 800px\" \/><\/figure>\n<\/div>\n\n\n\n<div class=\"wp-block-column is-layout-flow wp-block-column-is-layout-flow\" style=\"flex-basis:33.33%\">\n<figure class=\"wp-block-image size-large\"><img data-opt-id=1937604920  fetchpriority=\"high\" decoding=\"async\" width=\"1024\" height=\"640\" src=\"https:\/\/mlkzi6dofpqr.i.optimole.com\/w:1024\/h:640\/q:mauto\/f:best\/https:\/\/leitekbaltic.com\/wp-content\/uploads\/2025\/12\/showtool-2.jpg1_-2.jpg\" alt=\"\" class=\"wp-image-167\" srcset=\"https:\/\/mlkzi6dofpqr.i.optimole.com\/w:1024\/h:640\/q:mauto\/f:best\/https:\/\/leitekbaltic.com\/wp-content\/uploads\/2025\/12\/showtool-2.jpg1_-2.jpg 1024w, https:\/\/mlkzi6dofpqr.i.optimole.com\/w:300\/h:187\/q:mauto\/f:best\/https:\/\/leitekbaltic.com\/wp-content\/uploads\/2025\/12\/showtool-2.jpg1_-2.jpg 300w, https:\/\/mlkzi6dofpqr.i.optimole.com\/w:768\/h:480\/q:mauto\/f:best\/https:\/\/leitekbaltic.com\/wp-content\/uploads\/2025\/12\/showtool-2.jpg1_-2.jpg 768w, https:\/\/mlkzi6dofpqr.i.optimole.com\/w:1536\/h:960\/q:mauto\/f:best\/https:\/\/leitekbaltic.com\/wp-content\/uploads\/2025\/12\/showtool-2.jpg1_-2.jpg 1536w, https:\/\/mlkzi6dofpqr.i.optimole.com\/w:1920\/h:1200\/q:mauto\/f:best\/https:\/\/leitekbaltic.com\/wp-content\/uploads\/2025\/12\/showtool-2.jpg1_-2.jpg 2048w, https:\/\/mlkzi6dofpqr.i.optimole.com\/w:18\/h:12\/q:mauto\/f:best\/dpr:2\/https:\/\/leitekbaltic.com\/wp-content\/uploads\/2025\/12\/showtool-2.jpg1_-2.jpg 18w\" sizes=\"(max-width: 1000px) 100vw, 1000px\" \/><\/figure>\n\n\n\n<h2 class=\"wp-block-heading\">Iesp\u0113jami ar\u012b papildu pielikumi<\/h2>\n<\/div>\n<\/div>\n\n\n\n<div class=\"wp-block-buttons is-layout-flex wp-block-buttons-is-layout-flex\">\n<div class=\"wp-block-button\"><a class=\"wp-block-button__link wp-element-button\" href=\"https:\/\/leitekbaltic.com\/lv\/contact\/\">Request Offer<\/a><\/div>\n<\/div>\n\n\n\n<h2 class=\"wp-block-heading\">KODS: EX-LT1035cab-EU<\/h2>\n\n\n\n<h2 class=\"wp-block-heading translation-block\">Tehnisk\u0101s \u012bpa\u0161\u012bbas<\/h2>\n\n\n\n<figure class=\"wp-block-table\"><table class=\"has-fixed-layout\"><thead><tr><th>Parametrs<\/th><th>Noz\u012bme<\/th><\/tr><\/thead><tbody><tr><td>Ekspluat\u0101cijas svars<\/td><td><strong>3500 kg<\/strong><\/td><\/tr><tr><td>Kausa ietilp\u012bba<\/td><td><strong>0,10 \u043c\u00b3<\/strong><\/td><\/tr><tr><td>Kust\u012bbas \u0101trums<\/td><td><strong>2,7 km\/h<\/strong><\/td><\/tr><tr><td>Pagrieziena \u0101trums<\/td><td><strong>10 apgr.\/min<\/strong><\/td><\/tr><tr><td>Tor\u0146a rot\u0101cijas le\u0146\u0137is<\/td><td><strong>360\u00b0<\/strong><\/td><\/tr><tr><td>K\u0101p\u0161anas sp\u0113ja<\/td><td><strong>30\u00b0<\/strong><\/td><\/tr><tr><td>Zemes spiediens<\/td><td><strong>35 kPa<\/strong><\/td><\/tr><tr><td>Kausa rak\u0161anas sp\u0113ks (ISO)<\/td><td><strong>22.19 kN<\/strong><\/td><\/tr><tr><td>Degvielas tvertnes tilpums<\/td><td><strong>20 litri<\/strong><\/td><\/tr><\/tbody><\/table><\/figure>\n\n\n\n<hr class=\"wp-block-separator has-alpha-channel-opacity\"\/>\n\n\n\n<h3 class=\"wp-block-heading\">Dzin\u0113js<\/h3>\n\n\n\n<figure class=\"wp-block-table\"><table class=\"has-fixed-layout\"><thead><tr><th>Parametrs<\/th><th>Noz\u012bme<\/th><\/tr><\/thead><tbody><tr><td>Dzin\u0113ja z\u012bmols<\/td><td><strong>Xinchai 4D27G31<\/strong><\/td><\/tr><tr><td>Tips<\/td><td><strong>D\u012bzelis<\/strong><\/td><\/tr><tr><td>Jauda<\/td><td><strong>50 ZS<\/strong><\/td><\/tr><tr><td>Darba tilpums<\/td><td><strong>2,19 l<\/strong><\/td><\/tr><\/tbody><\/table><\/figure>\n\n\n\n<hr class=\"wp-block-separator has-alpha-channel-opacity\"\/>\n\n\n\n<h3 class=\"wp-block-heading\">Izm\u0113ri un \u0161asija<\/h3>\n\n\n\n<figure class=\"wp-block-table\"><table class=\"has-fixed-layout\"><thead><tr><th>Parametrs<\/th><th>Noz\u012bme<\/th><\/tr><\/thead><tbody><tr><td>Garums \u00d7 Platums \u00d7 Augstums<\/td><td><strong>4180 \u00d7 1500 \u00d7 2200 \u043c\u043c<\/strong><\/td><\/tr><tr><td>Buldozera l\u0101pstas platums<\/td><td><strong>1500 \u043c\u043c<\/strong><\/td><\/tr><tr><td>Asmens augstums<\/td><td><strong>210 \u043c\u043c<\/strong><\/td><\/tr><tr><td>Att\u0101lums starp slied\u0113m<\/td><td><strong>1800 \u043c\u043c<\/strong><\/td><\/tr><tr><td>Att\u0101lums no pagrieziena centra l\u012bdz aizmugurei<\/td><td><strong>1350 mm<\/strong><\/td><\/tr><tr><td>Att\u0101lums starp slied\u0113m<\/td><td><strong>250 \u043c\u043c<\/strong><\/td><\/tr><tr><td>Minim\u0101lais kl\u012brenss<\/td><td><strong>240 \u043c\u043c<\/strong><\/td><\/tr><tr><td>Kausa platums (ar\/bez zobiem)<\/td><td><strong>570 \/ 500 \u043c\u043c<\/strong><\/td><\/tr><tr><td>K\u0101pura garums uz zemes<\/td><td><strong>2300 \u043c\u043c<\/strong><\/td><\/tr><tr><td>Trase<\/td><td><strong>2050 \u043c\u043c<\/strong><\/td><\/tr><\/tbody><\/table><\/figure>\n\n\n\n<hr class=\"wp-block-separator has-alpha-channel-opacity\"\/>\n\n\n\n<h3 class=\"wp-block-heading\">Veiktsp\u0113jas raksturlielumi<\/h3>\n\n\n\n<figure class=\"wp-block-table\"><table class=\"has-fixed-layout\"><thead><tr><th>Parametrs<\/th><th>Noz\u012bme<\/th><\/tr><\/thead><tbody><tr><td>Maks. rak\u0161anas augstums<\/td><td><strong>3900 \u043c\u043c<\/strong><\/td><\/tr><tr><td>Maks. izkrau\u0161anas augstums<\/td><td><strong>2600 \u043c\u043c<\/strong><\/td><\/tr><tr><td>Maks. rak\u0161anas dzi\u013cums<\/td><td><strong>2500 \u043c\u043c<\/strong><\/td><\/tr><tr><td>\u041c\u0430\u043a\u0441. \u0433\u043b\u0443\u0431\u0438\u043d\u0430 \u043a\u043e\u043f\u0430\u043d\u0438\u044f \u0443 \u0432\u0435\u0440\u0442\u0438\u043a\u0430\u043b\u044c\u043d\u043e\u0439 \u0441\u0442\u0435\u043d\u044b<\/td><td><strong>2350 \u043c\u043c<\/strong><\/td><\/tr><tr><td>Maks. rak\u0161anas r\u0101diuss<\/td><td><strong>4040 \u043c\u043c<\/strong><\/td><\/tr><tr><td>Maks. rak\u0161anas r\u0101diuss uz zemes<\/td><td><strong>5486 \u043c\u043c<\/strong><\/td><\/tr><tr><td>Minim\u0101lais priek\u0161\u0113jais pagrieziena r\u0101diuss<\/td><td><strong>900 \u043c\u043c<\/strong><\/td><\/tr><tr><td>Minim\u0101lais aizmugur\u0113jais pagrieziena r\u0101diuss<\/td><td><strong>1300 \u043c\u043c<\/strong><\/td><\/tr><tr><td>Maksim\u0101lais buldozera l\u0101pstas pac\u0113l\u0101js<\/td><td><strong>410 \u043c\u043c<\/strong><\/td><\/tr><tr><td>Maks. asmens dzi\u013cums<\/td><td><strong>400 \u043c\u043c<\/strong><\/td><\/tr><\/tbody><\/table><\/figure>\n\n\n\n<p><\/p>","protected":false},"excerpt":{"rendered":"<p>Mini Excavators LT1035cab \u0412\u043e\u0437\u043c\u043e\u0436\u043d\u043e\u0435 \u0434\u043e\u043f\u043e\u043b\u043d\u0438\u0442\u0435\u043b\u044c\u043d\u043e\u0435 \u043d\u0430\u0432\u0435\u0441\u043d\u043e\u0435 \u043e\u0431\u043e\u0440\u0443\u0434\u043e\u0432\u0430\u043d\u0438\u0435. \u041a\u041e\u0414: EX-LT1035cab-EU \u0422\u0435\u0445\u043d\u0438\u0447\u0435\u0441\u043a\u0438\u0435 \u0445\u0430\u0440\u0430\u043a\u0442\u0435\u0440\u0438\u0441\u0442\u0438\u043a\u0438 \u041f\u0430\u0440\u0430\u043c\u0435\u0442\u0440 \u0417\u043d\u0430\u0447\u0435\u043d\u0438\u0435 \u0420\u0430\u0431\u043e\u0447\u0438\u0439 \u0432\u0435\u0441 3500 \u043a\u0433 \u041e\u0431\u044a\u0451\u043c \u043a\u043e\u0432\u0448\u0430 0,10 \u043c\u00b3 \u0421\u043a\u043e\u0440\u043e\u0441\u0442\u044c \u043f\u0435\u0440\u0435\u0434\u0432\u0438\u0436\u0435\u043d\u0438\u044f 2,7 \u043a\u043c\/\u0447 \u0421\u043a\u043e\u0440\u043e\u0441\u0442\u044c \u043f\u043e\u0432\u043e\u0440\u043e\u0442\u0430 10 \u043e\u0431\/\u043c\u0438\u043d \u0423\u0433\u043e\u043b \u043f\u043e\u0432\u043e\u0440\u043e\u0442\u0430 \u0431\u0430\u0448\u043d\u0438 360\u00b0 \u041f\u0440\u0435\u043e\u0434\u043e\u043b\u0435\u0432\u0430\u0435\u043c\u044b\u0439 \u0443\u043a\u043b\u043e\u043d 30\u00b0 \u0414\u0430\u0432\u043b\u0435\u043d\u0438\u0435 \u043d\u0430 \u0433\u0440\u0443\u043d\u0442 35 \u043a\u041f\u0430 \u0421\u0438\u043b\u0430 \u043a\u043e\u043f\u0430\u043d\u0438\u044f \u043a\u043e\u0432\u0448\u0430 (ISO) 22,19 \u043a\u041d \u041e\u0431\u044a\u0451\u043c \u0442\u043e\u043f\u043b\u0438\u0432\u043d\u043e\u0433\u043e \u0431\u0430\u043a\u0430 20 \u043b \u0414\u0432\u0438\u0433\u0430\u0442\u0435\u043b\u044c \u041f\u0430\u0440\u0430\u043c\u0435\u0442\u0440 \u0417\u043d\u0430\u0447\u0435\u043d\u0438\u0435 [&hellip;]<\/p>\n","protected":false},"author":1,"featured_media":0,"parent":0,"menu_order":0,"comment_status":"closed","ping_status":"closed","template":"","meta":{"_themeisle_gutenberg_block_has_review":false,"footnotes":""},"class_list":["post-204","page","type-page","status-publish","hentry"],"_links":{"self":[{"href":"https:\/\/leitekbaltic.com\/lv\/wp-json\/wp\/v2\/pages\/204","targetHints":{"allow":["GET"]}}],"collection":[{"href":"https:\/\/leitekbaltic.com\/lv\/wp-json\/wp\/v2\/pages"}],"about":[{"href":"https:\/\/leitekbaltic.com\/lv\/wp-json\/wp\/v2\/types\/page"}],"author":[{"embeddable":true,"href":"https:\/\/leitekbaltic.com\/lv\/wp-json\/wp\/v2\/users\/1"}],"replies":[{"embeddable":true,"href":"https:\/\/leitekbaltic.com\/lv\/wp-json\/wp\/v2\/comments?post=204"}],"version-history":[{"count":4,"href":"https:\/\/leitekbaltic.com\/lv\/wp-json\/wp\/v2\/pages\/204\/revisions"}],"predecessor-version":[{"id":545,"href":"https:\/\/leitekbaltic.com\/lv\/wp-json\/wp\/v2\/pages\/204\/revisions\/545"}],"wp:attachment":[{"href":"https:\/\/leitekbaltic.com\/lv\/wp-json\/wp\/v2\/media?parent=204"}],"curies":[{"name":"wp","href":"https:\/\/api.w.org\/{rel}","templated":true}]}}