{"id":209,"date":"2025-12-30T19:35:45","date_gmt":"2025-12-30T16:35:45","guid":{"rendered":"https:\/\/leitekbaltic.com\/?page_id=209"},"modified":"2026-01-03T22:59:17","modified_gmt":"2026-01-03T19:59:17","slug":"mini-excavators-lt1040acab","status":"publish","type":"page","link":"https:\/\/leitekbaltic.com\/lv\/mini-excavators-lt1040acab\/","title":{"rendered":"Mini Excavators LT1040A(cab)"},"content":{"rendered":"<h2 class=\"wp-block-heading has-text-align-center\">Mini Excavators LT1040A(cab)<\/h2>\n\n\n\n<div class=\"wp-block-columns is-layout-flex wp-container-core-columns-is-layout-9d6595d7 wp-block-columns-is-layout-flex\">\n<div class=\"wp-block-column is-layout-flow wp-block-column-is-layout-flow\" style=\"flex-basis:66.66%\">\n<figure class=\"wp-block-image size-full\"><img data-opt-id=557555276  fetchpriority=\"high\" decoding=\"async\" width=\"800\" height=\"800\" src=\"https:\/\/mlkzi6dofpqr.i.optimole.com\/w:auto\/h:auto\/q:mauto\/f:best\/https:\/\/leitekbaltic.com\/wp-content\/uploads\/2025\/12\/Mini-Excavators-LT1040Acab.jpg\" alt=\"\" class=\"wp-image-210\" srcset=\"https:\/\/mlkzi6dofpqr.i.optimole.com\/w:800\/h:800\/q:mauto\/f:best\/https:\/\/leitekbaltic.com\/wp-content\/uploads\/2025\/12\/Mini-Excavators-LT1040Acab.jpg 800w, https:\/\/mlkzi6dofpqr.i.optimole.com\/w:300\/h:300\/q:mauto\/f:best\/https:\/\/leitekbaltic.com\/wp-content\/uploads\/2025\/12\/Mini-Excavators-LT1040Acab.jpg 300w, https:\/\/mlkzi6dofpqr.i.optimole.com\/w:150\/h:150\/q:mauto\/f:best\/https:\/\/leitekbaltic.com\/wp-content\/uploads\/2025\/12\/Mini-Excavators-LT1040Acab.jpg 150w, https:\/\/mlkzi6dofpqr.i.optimole.com\/w:768\/h:768\/q:mauto\/f:best\/https:\/\/leitekbaltic.com\/wp-content\/uploads\/2025\/12\/Mini-Excavators-LT1040Acab.jpg 768w, https:\/\/mlkzi6dofpqr.i.optimole.com\/w:12\/h:12\/q:mauto\/f:best\/dpr:2\/https:\/\/leitekbaltic.com\/wp-content\/uploads\/2025\/12\/Mini-Excavators-LT1040Acab.jpg 12w\" sizes=\"(max-width: 800px) 100vw, 800px\" \/><\/figure>\n<\/div>\n\n\n\n<div class=\"wp-block-column is-layout-flow wp-block-column-is-layout-flow\" style=\"flex-basis:33.33%\">\n<figure class=\"wp-block-image size-large\"><img data-opt-id=1937604920  fetchpriority=\"high\" decoding=\"async\" width=\"1024\" height=\"640\" src=\"https:\/\/mlkzi6dofpqr.i.optimole.com\/w:1024\/h:640\/q:mauto\/f:best\/https:\/\/leitekbaltic.com\/wp-content\/uploads\/2025\/12\/showtool-2.jpg1_-2.jpg\" alt=\"\" class=\"wp-image-167\" srcset=\"https:\/\/mlkzi6dofpqr.i.optimole.com\/w:1024\/h:640\/q:mauto\/f:best\/https:\/\/leitekbaltic.com\/wp-content\/uploads\/2025\/12\/showtool-2.jpg1_-2.jpg 1024w, https:\/\/mlkzi6dofpqr.i.optimole.com\/w:300\/h:187\/q:mauto\/f:best\/https:\/\/leitekbaltic.com\/wp-content\/uploads\/2025\/12\/showtool-2.jpg1_-2.jpg 300w, https:\/\/mlkzi6dofpqr.i.optimole.com\/w:768\/h:480\/q:mauto\/f:best\/https:\/\/leitekbaltic.com\/wp-content\/uploads\/2025\/12\/showtool-2.jpg1_-2.jpg 768w, https:\/\/mlkzi6dofpqr.i.optimole.com\/w:1536\/h:960\/q:mauto\/f:best\/https:\/\/leitekbaltic.com\/wp-content\/uploads\/2025\/12\/showtool-2.jpg1_-2.jpg 1536w, https:\/\/mlkzi6dofpqr.i.optimole.com\/w:1920\/h:1200\/q:mauto\/f:best\/https:\/\/leitekbaltic.com\/wp-content\/uploads\/2025\/12\/showtool-2.jpg1_-2.jpg 2048w, https:\/\/mlkzi6dofpqr.i.optimole.com\/w:18\/h:12\/q:mauto\/f:best\/dpr:2\/https:\/\/leitekbaltic.com\/wp-content\/uploads\/2025\/12\/showtool-2.jpg1_-2.jpg 18w\" sizes=\"(max-width: 1000px) 100vw, 1000px\" \/><\/figure>\n\n\n\n<h2 class=\"wp-block-heading\">Iesp\u0113jami ar\u012b papildu pielikumi<\/h2>\n<\/div>\n<\/div>\n\n\n\n<div class=\"wp-block-buttons is-layout-flex wp-block-buttons-is-layout-flex\">\n<div class=\"wp-block-button\"><a class=\"wp-block-button__link wp-element-button\" href=\"https:\/\/leitekbaltic.com\/lv\/contact\/\">Request Offer<\/a><\/div>\n<\/div>\n\n\n\n<h2 class=\"wp-block-heading\">KODS: EX-LT1040A-cab-EU<\/h2>\n\n\n\n<h2 class=\"wp-block-heading translation-block\">Tehnisk\u0101s \u012bpa\u0161\u012bbas<\/h2>\n\n\n\n<h3 class=\"wp-block-heading\">Izm\u0113ri un \u0161asija<\/h3>\n\n\n\n<figure class=\"wp-block-table\"><table class=\"has-fixed-layout\"><thead><tr><th>Parametrs<\/th><th>Noz\u012bme<\/th><\/tr><\/thead><tbody><tr><td>Garums \u00d7 Platums \u00d7 Augstums (transport\u0113\u0161anas poz\u012bcija)<\/td><td><strong>4400 \u00d7 1400 \u00d7 2400 \u043c\u043c<\/strong><\/td><\/tr><tr><td>Att\u0101lums starp slied\u0113m<\/td><td><strong>230 \u043c\u043c<\/strong><\/td><\/tr><tr><td>Slie\u017eu ce\u013ca saskares ar zemi garums<\/td><td><strong>2100 \u043c\u043c<\/strong><\/td><\/tr><\/tbody><\/table><\/figure>\n\n\n\n<hr class=\"wp-block-separator has-alpha-channel-opacity\"\/>\n\n\n\n<h3 class=\"wp-block-heading\">Darb\u012bbas parametri<\/h3>\n\n\n\n<figure class=\"wp-block-table\"><table class=\"has-fixed-layout\"><thead><tr><th>Parametrs<\/th><th>Noz\u012bme<\/th><\/tr><\/thead><tbody><tr><td>Maks. rak\u0161anas augstums<\/td><td><strong>3600 \u043c\u043c<\/strong><\/td><\/tr><tr><td>Izkrau\u0161anas augstums<\/td><td><strong>3450 \u043c\u043c<\/strong><\/td><\/tr><tr><td>Maks. rak\u0161anas dzi\u013cums<\/td><td><strong>2650 \u043c\u043c<\/strong><\/td><\/tr><tr><td>Maksim\u0101lais rak\u0161anas dzi\u013cums uz zemes<\/td><td><strong>3630 \u043c\u043c<\/strong><\/td><\/tr><tr><td>Maksim\u0101lais kausa pacel\u0161anas augstums<\/td><td><strong>359 \u043c\u043c<\/strong><\/td><\/tr><tr><td>Maksim\u0101lais asmens iespie\u0161an\u0101s dzi\u013cums<\/td><td><strong>263 \u043c\u043c<\/strong><\/td><\/tr><\/tbody><\/table><\/figure>\n\n\n\n<hr class=\"wp-block-separator has-alpha-channel-opacity\"\/>\n\n\n\n<h3 class=\"wp-block-heading\">Veiktsp\u0113ja un dzin\u0113js<\/h3>\n\n\n\n<figure class=\"wp-block-table\"><table class=\"has-fixed-layout\"><thead><tr><th>Parametrs<\/th><th>Noz\u012bme<\/th><\/tr><\/thead><tbody><tr><td>Maksim\u0101lais asmens iespie\u0161an\u0101s dzi\u013cums<\/td><td><strong>4000 kg<\/strong><\/td><\/tr><tr><td>Kausa ietilp\u012bba<\/td><td><strong>0,07 \u043c\u00b3<\/strong><\/td><\/tr><tr><td>Dzin\u0113js<\/td><td><strong>Kubota D1505<\/strong><\/td><\/tr><tr><td>Nomin\u0101l\u0101 jauda<\/td><td><strong>25 ZS<\/strong><\/td><\/tr><tr><td>K\u0101p\u0161anas sp\u0113ja<\/td><td><strong>35\u00b0<\/strong><\/td><\/tr><tr><td>Zemes spiediens<\/td><td><strong>38,4 kPa<\/strong><\/td><\/tr><tr><td>Kausa rak\u0161anas sp\u0113ks<\/td><td><strong>55,6 kN<\/strong><\/td><\/tr><tr><td>Degvielas tvertnes tilpums<\/td><td><strong>20 litri<\/strong><\/td><\/tr><tr><td>Kust\u012bbas \u0101trums<\/td><td><strong>20 2,7\u20134,6 km\/h<\/strong><\/td><\/tr><\/tbody><\/table><\/figure>","protected":false},"excerpt":{"rendered":"<p>Mini Excavators LT1040A(cab) \u0412\u043e\u0437\u043c\u043e\u0436\u043d\u043e\u0435 \u0434\u043e\u043f\u043e\u043b\u043d\u0438\u0442\u0435\u043b\u044c\u043d\u043e\u0435 \u043d\u0430\u0432\u0435\u0441\u043d\u043e\u0435 \u043e\u0431\u043e\u0440\u0443\u0434\u043e\u0432\u0430\u043d\u0438\u0435. \u041a\u041e\u0414: EX-LT1040A-cab-EU \u0422\u0435\u0445\u043d\u0438\u0447\u0435\u0441\u043a\u0438\u0435 \u0445\u0430\u0440\u0430\u043a\u0442\u0435\u0440\u0438\u0441\u0442\u0438\u043a\u0438 \u0413\u0430\u0431\u0430\u0440\u0438\u0442\u044b \u0438 \u0445\u043e\u0434\u043e\u0432\u0430\u044f \u0447\u0430\u0441\u0442\u044c \u041f\u0430\u0440\u0430\u043c\u0435\u0442\u0440 \u0417\u043d\u0430\u0447\u0435\u043d\u0438\u0435 \u0414\u043b\u0438\u043d\u0430 \u00d7 \u0428\u0438\u0440\u0438\u043d\u0430 \u00d7 \u0412\u044b\u0441\u043e\u0442\u0430 (\u0442\u0440\u0430\u043d\u0441\u043f\u043e\u0440\u0442\u043d\u043e\u0435 \u043f\u043e\u043b\u043e\u0436\u0435\u043d\u0438\u0435) 4400 \u00d7 1400 \u00d7 2400 \u043c\u043c \u0428\u0438\u0440\u0438\u043d\u0430 \u0433\u0443\u0441\u0435\u043d\u0438\u0446\u044b 230 \u043c\u043c \u0414\u043b\u0438\u043d\u0430 \u043a\u043e\u043d\u0442\u0430\u043a\u0442\u0430 \u0433\u0443\u0441\u0435\u043d\u0438\u0446\u044b \u0441 \u0437\u0435\u043c\u043b\u0451\u0439 2100 \u043c\u043c \u0420\u0430\u0431\u043e\u0447\u0438\u0435 \u043f\u0430\u0440\u0430\u043c\u0435\u0442\u0440\u044b \u041f\u0430\u0440\u0430\u043c\u0435\u0442\u0440 \u0417\u043d\u0430\u0447\u0435\u043d\u0438\u0435 \u0412\u044b\u0441\u043e\u0442\u0430 \u043a\u043e\u043f\u0430\u043d\u0438\u044f 3600 \u043c\u043c \u0412\u044b\u0441\u043e\u0442\u0430 \u0440\u0430\u0437\u0433\u0440\u0443\u0437\u043a\u0438 3450 \u043c\u043c \u0413\u043b\u0443\u0431\u0438\u043d\u0430 \u043a\u043e\u043f\u0430\u043d\u0438\u044f [&hellip;]<\/p>\n","protected":false},"author":1,"featured_media":0,"parent":0,"menu_order":0,"comment_status":"closed","ping_status":"closed","template":"","meta":{"_themeisle_gutenberg_block_has_review":false,"footnotes":""},"class_list":["post-209","page","type-page","status-publish","hentry"],"_links":{"self":[{"href":"https:\/\/leitekbaltic.com\/lv\/wp-json\/wp\/v2\/pages\/209","targetHints":{"allow":["GET"]}}],"collection":[{"href":"https:\/\/leitekbaltic.com\/lv\/wp-json\/wp\/v2\/pages"}],"about":[{"href":"https:\/\/leitekbaltic.com\/lv\/wp-json\/wp\/v2\/types\/page"}],"author":[{"embeddable":true,"href":"https:\/\/leitekbaltic.com\/lv\/wp-json\/wp\/v2\/users\/1"}],"replies":[{"embeddable":true,"href":"https:\/\/leitekbaltic.com\/lv\/wp-json\/wp\/v2\/comments?post=209"}],"version-history":[{"count":4,"href":"https:\/\/leitekbaltic.com\/lv\/wp-json\/wp\/v2\/pages\/209\/revisions"}],"predecessor-version":[{"id":546,"href":"https:\/\/leitekbaltic.com\/lv\/wp-json\/wp\/v2\/pages\/209\/revisions\/546"}],"wp:attachment":[{"href":"https:\/\/leitekbaltic.com\/lv\/wp-json\/wp\/v2\/media?parent=209"}],"curies":[{"name":"wp","href":"https:\/\/api.w.org\/{rel}","templated":true}]}}