{"id":217,"date":"2025-12-30T19:46:00","date_gmt":"2025-12-30T16:46:00","guid":{"rendered":"https:\/\/leitekbaltic.com\/?page_id=217"},"modified":"2026-01-03T17:07:44","modified_gmt":"2026-01-03T14:07:44","slug":"mini-excavators-lv1012-plus-cab","status":"publish","type":"page","link":"https:\/\/leitekbaltic.com\/lv\/mini-excavators-lv1012-plus-cab\/","title":{"rendered":"Mini Excavators LV1012 PLUS (CAB)"},"content":{"rendered":"<h2 class=\"wp-block-heading has-text-align-center\">Mini Excavators LV1012 PLUS (CAB)<\/h2>\n\n\n\n<div class=\"wp-block-columns is-layout-flex wp-container-core-columns-is-layout-9d6595d7 wp-block-columns-is-layout-flex\">\n<div class=\"wp-block-column is-layout-flow wp-block-column-is-layout-flow\" style=\"flex-basis:66.66%\">\n<figure class=\"wp-block-image size-full\"><img data-opt-id=1894147768  fetchpriority=\"high\" decoding=\"async\" width=\"800\" height=\"800\" src=\"https:\/\/mlkzi6dofpqr.i.optimole.com\/w:auto\/h:auto\/q:mauto\/f:best\/https:\/\/leitekbaltic.com\/wp-content\/uploads\/2025\/12\/Mini-Excavators-LV1012-PLUS-CAB.jpg\" alt=\"\" class=\"wp-image-218\" srcset=\"https:\/\/mlkzi6dofpqr.i.optimole.com\/w:800\/h:800\/q:mauto\/f:best\/https:\/\/leitekbaltic.com\/wp-content\/uploads\/2025\/12\/Mini-Excavators-LV1012-PLUS-CAB.jpg 800w, https:\/\/mlkzi6dofpqr.i.optimole.com\/w:300\/h:300\/q:mauto\/f:best\/https:\/\/leitekbaltic.com\/wp-content\/uploads\/2025\/12\/Mini-Excavators-LV1012-PLUS-CAB.jpg 300w, https:\/\/mlkzi6dofpqr.i.optimole.com\/w:150\/h:150\/q:mauto\/f:best\/https:\/\/leitekbaltic.com\/wp-content\/uploads\/2025\/12\/Mini-Excavators-LV1012-PLUS-CAB.jpg 150w, https:\/\/mlkzi6dofpqr.i.optimole.com\/w:768\/h:768\/q:mauto\/f:best\/https:\/\/leitekbaltic.com\/wp-content\/uploads\/2025\/12\/Mini-Excavators-LV1012-PLUS-CAB.jpg 768w, https:\/\/mlkzi6dofpqr.i.optimole.com\/w:12\/h:12\/q:mauto\/f:best\/dpr:2\/https:\/\/leitekbaltic.com\/wp-content\/uploads\/2025\/12\/Mini-Excavators-LV1012-PLUS-CAB.jpg 12w\" sizes=\"(max-width: 800px) 100vw, 800px\" \/><\/figure>\n<\/div>\n\n\n\n<div class=\"wp-block-column is-layout-flow wp-block-column-is-layout-flow\" style=\"flex-basis:33.33%\">\n<figure class=\"wp-block-image size-large\"><img data-opt-id=295833565  fetchpriority=\"high\" decoding=\"async\" width=\"1024\" height=\"640\" src=\"https:\/\/mlkzi6dofpqr.i.optimole.com\/w:1024\/h:640\/q:mauto\/f:best\/https:\/\/leitekbaltic.com\/wp-content\/uploads\/2025\/12\/showtool-1.jpg1_-1.jpg\" alt=\"\" class=\"wp-image-166\" srcset=\"https:\/\/mlkzi6dofpqr.i.optimole.com\/w:1024\/h:640\/q:mauto\/f:best\/https:\/\/leitekbaltic.com\/wp-content\/uploads\/2025\/12\/showtool-1.jpg1_-1.jpg 1024w, https:\/\/mlkzi6dofpqr.i.optimole.com\/w:300\/h:187\/q:mauto\/f:best\/https:\/\/leitekbaltic.com\/wp-content\/uploads\/2025\/12\/showtool-1.jpg1_-1.jpg 300w, https:\/\/mlkzi6dofpqr.i.optimole.com\/w:768\/h:480\/q:mauto\/f:best\/https:\/\/leitekbaltic.com\/wp-content\/uploads\/2025\/12\/showtool-1.jpg1_-1.jpg 768w, https:\/\/mlkzi6dofpqr.i.optimole.com\/w:1536\/h:960\/q:mauto\/f:best\/https:\/\/leitekbaltic.com\/wp-content\/uploads\/2025\/12\/showtool-1.jpg1_-1.jpg 1536w, https:\/\/mlkzi6dofpqr.i.optimole.com\/w:1920\/h:1200\/q:mauto\/f:best\/https:\/\/leitekbaltic.com\/wp-content\/uploads\/2025\/12\/showtool-1.jpg1_-1.jpg 2048w, https:\/\/mlkzi6dofpqr.i.optimole.com\/w:18\/h:12\/q:mauto\/f:best\/dpr:2\/https:\/\/leitekbaltic.com\/wp-content\/uploads\/2025\/12\/showtool-1.jpg1_-1.jpg 18w\" sizes=\"(max-width: 1000px) 100vw, 1000px\" \/><\/figure>\n\n\n\n<h2 class=\"wp-block-heading has-text-align-center\">Iesp\u0113jami ar\u012b papildu pielikumi<\/h2>\n<\/div>\n<\/div>\n\n\n\n<div class=\"wp-block-buttons is-layout-flex wp-block-buttons-is-layout-flex\">\n<div class=\"wp-block-button\"><a class=\"wp-block-button__link wp-element-button\" href=\"https:\/\/leitekbaltic.com\/lv\/contact\/\">Request Offer<\/a><\/div>\n<\/div>\n\n\n\n<h2 class=\"wp-block-heading\">\u041a\u041e\u0414: EX-LV1012-PLUS-CAB-EU<\/h2>\n\n\n\n<h3 class=\"wp-block-heading translation-block\">Tehnisk\u0101s \u012bpa\u0161\u012bbas<\/h3>\n\n\n\n<h4 class=\"wp-block-heading\">Izm\u0113ri<\/h4>\n\n\n\n<figure class=\"wp-block-table\"><table class=\"has-fixed-layout\"><thead><tr><th>Parametrs<\/th><th>Noz\u012bme<\/th><\/tr><\/thead><tbody><tr><td>Garums \u00d7 Platums \u00d7 Augstums<\/td><td><strong>2870 \u00d7 930 \u00d7 2285 mm<\/strong><\/td><\/tr><tr><td>Buldozera l\u0101pstas platums<\/td><td><strong>937 mm<\/strong><\/td><\/tr><tr><td>Buldozera l\u0101psti\u0146as augstums<\/td><td><strong>210 \u043c\u043c<\/strong><\/td><\/tr><tr><td>Att\u0101lums starp slied\u0113m<\/td><td><strong>746 \u043c\u043c<\/strong><\/td><\/tr><tr><td>Att\u0101lums starp slied\u0113m<\/td><td><strong>180 \u043c\u043c<\/strong><\/td><\/tr><tr><td>Minim\u0101lais kl\u012brenss<\/td><td><strong>405 \u043c\u043c<\/strong><\/td><\/tr><tr><td>Kausa platums (ar\/bez zobiem)<\/td><td><strong>420 \/ 400 \u043c\u043c<\/strong><\/td><\/tr><tr><td>K\u0101pura garums uz zemes<\/td><td><strong>1200 \u043c\u043c<\/strong><\/td><\/tr><tr><td>Rite\u0146u b\u0101ze<\/td><td><strong>920 \u043c\u043c<\/strong><\/td><\/tr><\/tbody><\/table><\/figure>\n\n\n\n<hr class=\"wp-block-separator has-alpha-channel-opacity\"\/>\n\n\n\n<h4 class=\"wp-block-heading\">Darb\u012bbas parametri<\/h4>\n\n\n\n<figure class=\"wp-block-table\"><table class=\"has-fixed-layout\"><thead><tr><th>Parametrs<\/th><th>Noz\u012bme<\/th><\/tr><\/thead><tbody><tr><td>Maks. rak\u0161anas augstums<\/td><td><strong>2490 \u043c\u043c<\/strong><\/td><\/tr><tr><td>Maks. izkrau\u0161anas augstums<\/td><td><strong>1745 \u043c\u043c<\/strong><\/td><\/tr><tr><td>Maks. rak\u0161anas dzi\u013cums<\/td><td><strong>1725 \u043c\u043c<\/strong><\/td><\/tr><tr><td>Maks. rak\u0161anas dzi\u013cums (vertik\u0101l\u0101 str\u0113le)<\/td><td><strong>1655 \u043c\u043c<\/strong><\/td><\/tr><tr><td>Maks. rak\u0161anas r\u0101diuss<\/td><td><strong>3030 \u043c\u043c<\/strong><\/td><\/tr><tr><td>Maks. rak\u0161anas r\u0101diuss uz zemes<\/td><td><strong>2940 \u043c\u043c<\/strong><\/td><\/tr><tr><td>Minim\u0101lais priek\u0161\u0113jais pagrieziena r\u0101diuss<\/td><td><strong>1490 \u043c\u043c<\/strong><\/td><\/tr><tr><td>Maks. asmens pacel\u0161anas augstums<\/td><td><strong>170 \u043c\u043c<\/strong><\/td><\/tr><tr><td>Maks. asmens dzi\u013cums<\/td><td><strong>240 \u043c\u043c<\/strong><\/td><\/tr><\/tbody><\/table><\/figure>\n\n\n\n<hr class=\"wp-block-separator has-alpha-channel-opacity\"\/>\n\n\n\n<h4 class=\"wp-block-heading\">Veiktsp\u0113ja<\/h4>\n\n\n\n<figure class=\"wp-block-table\"><table class=\"has-fixed-layout\"><thead><tr><th>Parametrs<\/th><th>Noz\u012bme<\/th><\/tr><\/thead><tbody><tr><td>Ekspluat\u0101cijas svars<\/td><td><strong>1200 kg<\/strong><\/td><\/tr><tr><td>Kausa ietilp\u012bba<\/td><td><strong>0,022 \u043c\u00b3<\/strong><\/td><\/tr><tr><td>Dzin\u0113js<\/td><td><strong>KOOP 192F \/ Kubota D722<\/strong><\/td><\/tr><tr><td>Dzin\u0113ja jauda<\/td><td><strong>10 ZS \/ 16 ZS<\/strong><\/td><\/tr><tr><td>Degvielas pat\u0113ri\u0146\u0161<\/td><td><strong>\u22481,5 l\/h<\/strong><\/td><\/tr><tr><td>Kust\u012bbas \u0101trums<\/td><td><strong>1,2 km\/h<\/strong><\/td><\/tr><tr><td>Pagrieziena \u0101trums<\/td><td><strong>9 apgr.\/min<\/strong><\/td><\/tr><tr><td>K\u0101p\u0161anas sp\u0113ja<\/td><td><strong>\u0434\u043e 30\u00b0<\/strong><\/td><\/tr><tr><td>Hidraulisk\u0101s sist\u0113mas darba spiediens<\/td><td><strong>16 MPa<\/strong><\/td><\/tr><tr><td>Kausa rak\u0161anas sp\u0113ks<\/td><td><strong>6,5 kN<\/strong><\/td><\/tr><tr><td>Degvielas tvertnes tilpums<\/td><td><strong>5 litri<\/strong><\/td><\/tr><\/tbody><\/table><\/figure>","protected":false},"excerpt":{"rendered":"<p>Mini Excavators LV1012 PLUS (CAB) \u0412\u043e\u0437\u043c\u043e\u0436\u043d\u043e\u0435 \u0434\u043e\u043f\u043e\u043b\u043d\u0438\u0442\u0435\u043b\u044c\u043d\u043e\u0435 \u043d\u0430\u0432\u0435\u0441\u043d\u043e\u0435 \u043e\u0431\u043e\u0440\u0443\u0434\u043e\u0432\u0430\u043d\u0438\u0435. \u041a\u041e\u0414: EX-LV1012-PLUS-CAB-EU \u0422\u0435\u0445\u043d\u0438\u0447\u0435\u0441\u043a\u0438\u0435 \u0445\u0430\u0440\u0430\u043a\u0442\u0435\u0440\u0438\u0441\u0442\u0438\u043a\u0438 \u0413\u0430\u0431\u0430\u0440\u0438\u0442\u044b \u041f\u0430\u0440\u0430\u043c\u0435\u0442\u0440 \u0417\u043d\u0430\u0447\u0435\u043d\u0438\u0435 \u0414\u043b\u0438\u043d\u0430 \u00d7 \u0428\u0438\u0440\u0438\u043d\u0430 \u00d7 \u0412\u044b\u0441\u043e\u0442\u0430 2870 \u00d7 930 \u00d7 2285 \u043c\u043c \u0428\u0438\u0440\u0438\u043d\u0430 \u0431\u0443\u043b\u044c\u0434\u043e\u0437\u0435\u0440\u043d\u043e\u0433\u043e \u043e\u0442\u0432\u0430\u043b\u0430 937 \u043c\u043c \u0412\u044b\u0441\u043e\u0442\u0430 \u0431\u0443\u043b\u044c\u0434\u043e\u0437\u0435\u0440\u043d\u043e\u0433\u043e \u043e\u0442\u0432\u0430\u043b\u0430 210 \u043c\u043c \u0420\u0430\u0441\u0441\u0442\u043e\u044f\u043d\u0438\u0435 \u043c\u0435\u0436\u0434\u0443 \u0433\u0443\u0441\u0435\u043d\u0438\u0446\u0430\u043c\u0438 746 \u043c\u043c \u0428\u0438\u0440\u0438\u043d\u0430 \u0433\u0443\u0441\u0435\u043d\u0438\u0446\u044b 180 \u043c\u043c \u0414\u043e\u0440\u043e\u0436\u043d\u044b\u0439 \u043f\u0440\u043e\u0441\u0432\u0435\u0442 405 \u043c\u043c \u0428\u0438\u0440\u0438\u043d\u0430 \u043a\u043e\u0432\u0448\u0430 (\u0441 \/ \u0431\u0435\u0437 [&hellip;]<\/p>\n","protected":false},"author":1,"featured_media":0,"parent":0,"menu_order":0,"comment_status":"closed","ping_status":"closed","template":"","meta":{"_themeisle_gutenberg_block_has_review":false,"footnotes":""},"class_list":["post-217","page","type-page","status-publish","hentry"],"_links":{"self":[{"href":"https:\/\/leitekbaltic.com\/lv\/wp-json\/wp\/v2\/pages\/217","targetHints":{"allow":["GET"]}}],"collection":[{"href":"https:\/\/leitekbaltic.com\/lv\/wp-json\/wp\/v2\/pages"}],"about":[{"href":"https:\/\/leitekbaltic.com\/lv\/wp-json\/wp\/v2\/types\/page"}],"author":[{"embeddable":true,"href":"https:\/\/leitekbaltic.com\/lv\/wp-json\/wp\/v2\/users\/1"}],"replies":[{"embeddable":true,"href":"https:\/\/leitekbaltic.com\/lv\/wp-json\/wp\/v2\/comments?post=217"}],"version-history":[{"count":6,"href":"https:\/\/leitekbaltic.com\/lv\/wp-json\/wp\/v2\/pages\/217\/revisions"}],"predecessor-version":[{"id":524,"href":"https:\/\/leitekbaltic.com\/lv\/wp-json\/wp\/v2\/pages\/217\/revisions\/524"}],"wp:attachment":[{"href":"https:\/\/leitekbaltic.com\/lv\/wp-json\/wp\/v2\/media?parent=217"}],"curies":[{"name":"wp","href":"https:\/\/api.w.org\/{rel}","templated":true}]}}