{"id":267,"date":"2025-12-30T22:18:36","date_gmt":"2025-12-30T19:18:36","guid":{"rendered":"https:\/\/leitekbaltic.com\/?page_id=267"},"modified":"2026-01-01T14:09:09","modified_gmt":"2026-01-01T11:09:09","slug":"267-2","status":"publish","type":"page","link":"https:\/\/leitekbaltic.com\/lv\/267-2\/","title":{"rendered":"Loader LT-H480Z"},"content":{"rendered":"<div class=\"wp-block-media-text is-stacked-on-mobile\"><figure class=\"wp-block-media-text__media\"><img data-opt-id=279951990  fetchpriority=\"high\" decoding=\"async\" width=\"1024\" height=\"768\" src=\"https:\/\/mlkzi6dofpqr.i.optimole.com\/w:1024\/h:768\/q:mauto\/f:best\/https:\/\/leitekbaltic.com\/wp-content\/uploads\/2025\/12\/LoaderLT-H480Z-2.jpg\" alt=\"\" class=\"wp-image-276 size-full\" srcset=\"https:\/\/mlkzi6dofpqr.i.optimole.com\/w:1024\/h:768\/q:mauto\/f:best\/https:\/\/leitekbaltic.com\/wp-content\/uploads\/2025\/12\/LoaderLT-H480Z-2-scaled.jpg 1024w, https:\/\/mlkzi6dofpqr.i.optimole.com\/w:300\/h:225\/q:mauto\/f:best\/https:\/\/leitekbaltic.com\/wp-content\/uploads\/2025\/12\/LoaderLT-H480Z-2-scaled.jpg 300w, https:\/\/mlkzi6dofpqr.i.optimole.com\/w:768\/h:576\/q:mauto\/f:best\/https:\/\/leitekbaltic.com\/wp-content\/uploads\/2025\/12\/LoaderLT-H480Z-2-scaled.jpg 768w, https:\/\/mlkzi6dofpqr.i.optimole.com\/w:1536\/h:1152\/q:mauto\/f:best\/https:\/\/leitekbaltic.com\/wp-content\/uploads\/2025\/12\/LoaderLT-H480Z-2-scaled.jpg 1536w, https:\/\/mlkzi6dofpqr.i.optimole.com\/w:1920\/h:1440\/q:mauto\/f:best\/https:\/\/leitekbaltic.com\/wp-content\/uploads\/2025\/12\/LoaderLT-H480Z-2-scaled.jpg 2048w, https:\/\/mlkzi6dofpqr.i.optimole.com\/w:16\/h:12\/q:mauto\/f:best\/dpr:2\/https:\/\/leitekbaltic.com\/wp-content\/uploads\/2025\/12\/LoaderLT-H480Z-2-scaled.jpg 16w\" sizes=\"(max-width: 1000px) 100vw, 1000px\" \/><\/figure><div class=\"wp-block-media-text__content\">\n<p><strong>Ja j\u016bs interes\u0113 \u0161is modelis, l\u016bdzu, re\u0123istr\u0113jieties un aizpildiet \u012bsu pieteikuma veidlapu. P\u0113c tam m\u0113s sazin\u0101simies ar jums pa e-pastu, lai sniegtu detaliz\u0113tu inform\u0101ciju, papildu fotoatt\u0113lus un videoklipus, k\u0101 ar\u012b pal\u012bdz\u0113tu jums izv\u0113l\u0113ties optim\u0101lo konfigur\u0101ciju atbilsto\u0161i j\u016bsu vajadz\u012bb\u0101m.<\/strong><\/p>\n<\/div><\/div>\n\n\n\n<div class=\"wp-block-media-text has-media-on-the-right is-stacked-on-mobile\"><div class=\"wp-block-media-text__content\">\n<p>Iekr\u0101v\u0113js LT-H480Z \u2013 kompakts pal\u012bgs lieliem uzdevumiem<\/p>\n\n\n\n<p>Iekr\u0101v\u0113js LT-H480Z ir moderns miniiekr\u0101v\u0113js, kas paredz\u0113ts ikdienas lieto\u0161anai b\u016bvniec\u012bb\u0101, komun\u0101lajos pakalpojumos un priv\u0101t\u012bpa\u0161umos. T\u0101 galven\u0101 priek\u0161roc\u012bba ir ide\u0101ls jaudas, manevr\u0113tsp\u0113jas un efektivit\u0101tes l\u012bdzsvars.<\/p>\n\n\n\n<p>Pateicoties kompaktajam izm\u0113ram, LT-H480Z viegli darbojas pagalmos, ang\u0101ros un sl\u0113gt\u0101s telp\u0101s, vienlaikus p\u0101rliecino\u0161i tiekot gal\u0101 ar augsnes, smil\u0161u un grants iekrau\u0161anu, sniega t\u012br\u012b\u0161anu un ainavu veido\u0161anu.<\/p>\n\n\n\n<p>Modelis atbalsta pla\u0161u pielikumu kl\u0101stu, kas \u013cauj piel\u0101got apr\u012bkojumu jebkuram uzdevumam \u2014 s\u0101kot no celtniec\u012bbas darbiem l\u012bdz ainavu veido\u0161anai un apkopei.<\/p>\n\n\n\n<p><strong>Iekr\u0101v\u0113js LT-H480Z ir uzticams risin\u0101jums tiem, kas nov\u0113rt\u0113 efektivit\u0101ti, vienk\u0101r\u0161\u012bbu un daudzpus\u012bbu vien\u0101 ier\u012bc\u0113.<\/strong><\/p>\n<\/div><figure class=\"wp-block-media-text__media\"><img data-opt-id=623189943  fetchpriority=\"high\" decoding=\"async\" width=\"1024\" height=\"768\" src=\"https:\/\/mlkzi6dofpqr.i.optimole.com\/w:1024\/h:768\/q:mauto\/f:best\/https:\/\/leitekbaltic.com\/wp-content\/uploads\/2026\/01\/LT-h480Z-foto-1.jpg\" alt=\"\" class=\"wp-image-293 size-full\" srcset=\"https:\/\/mlkzi6dofpqr.i.optimole.com\/w:1024\/h:768\/q:mauto\/f:best\/https:\/\/leitekbaltic.com\/wp-content\/uploads\/2026\/01\/LT-h480Z-foto-1-scaled.jpg 1024w, https:\/\/mlkzi6dofpqr.i.optimole.com\/w:300\/h:225\/q:mauto\/f:best\/https:\/\/leitekbaltic.com\/wp-content\/uploads\/2026\/01\/LT-h480Z-foto-1-scaled.jpg 300w, https:\/\/mlkzi6dofpqr.i.optimole.com\/w:768\/h:576\/q:mauto\/f:best\/https:\/\/leitekbaltic.com\/wp-content\/uploads\/2026\/01\/LT-h480Z-foto-1-scaled.jpg 768w, https:\/\/mlkzi6dofpqr.i.optimole.com\/w:1536\/h:1152\/q:mauto\/f:best\/https:\/\/leitekbaltic.com\/wp-content\/uploads\/2026\/01\/LT-h480Z-foto-1-scaled.jpg 1536w, https:\/\/mlkzi6dofpqr.i.optimole.com\/w:1920\/h:1440\/q:mauto\/f:best\/https:\/\/leitekbaltic.com\/wp-content\/uploads\/2026\/01\/LT-h480Z-foto-1-scaled.jpg 2048w, https:\/\/mlkzi6dofpqr.i.optimole.com\/w:16\/h:12\/q:mauto\/f:best\/dpr:2\/https:\/\/leitekbaltic.com\/wp-content\/uploads\/2026\/01\/LT-h480Z-foto-1-scaled.jpg 16w\" sizes=\"(max-width: 1000px) 100vw, 1000px\" \/><\/figure><\/div>\n\n\n\n<div class=\"wp-block-media-text is-stacked-on-mobile\"><figure class=\"wp-block-media-text__media\"><img data-opt-id=1366940140  data-opt-src=\"https:\/\/mlkzi6dofpqr.i.optimole.com\/w:1024\/h:970\/q:mauto\/f:best\/https:\/\/leitekbaltic.com\/wp-content\/uploads\/2025\/12\/Attachments.jpg\"  decoding=\"async\" width=\"1024\" height=\"970\" src=\"data:image/svg+xml,%3Csvg%20viewBox%3D%220%200%201024%20970%22%20width%3D%221024%22%20height%3D%22970%22%20xmlns%3D%22http%3A%2F%2Fwww.w3.org%2F2000%2Fsvg%22%3E%3Crect%20width%3D%221024%22%20height%3D%22970%22%20fill%3D%22transparent%22%2F%3E%3C%2Fsvg%3E\" alt=\"\" class=\"wp-image-278 size-full\" old-srcset=\"https:\/\/mlkzi6dofpqr.i.optimole.com\/w:1024\/h:970\/q:mauto\/f:best\/https:\/\/leitekbaltic.com\/wp-content\/uploads\/2025\/12\/Attachments.jpg 1024w, https:\/\/mlkzi6dofpqr.i.optimole.com\/w:300\/h:284\/q:mauto\/f:best\/https:\/\/leitekbaltic.com\/wp-content\/uploads\/2025\/12\/Attachments.jpg 300w, https:\/\/mlkzi6dofpqr.i.optimole.com\/w:768\/h:727\/q:mauto\/f:best\/https:\/\/leitekbaltic.com\/wp-content\/uploads\/2025\/12\/Attachments.jpg 768w, https:\/\/mlkzi6dofpqr.i.optimole.com\/w:1536\/h:1455\/q:mauto\/f:best\/https:\/\/leitekbaltic.com\/wp-content\/uploads\/2025\/12\/Attachments.jpg 1536w, https:\/\/mlkzi6dofpqr.i.optimole.com\/w:13\/h:12\/q:mauto\/f:best\/dpr:2\/https:\/\/leitekbaltic.com\/wp-content\/uploads\/2025\/12\/Attachments.jpg 13w, https:\/\/mlkzi6dofpqr.i.optimole.com\/w:1920\/h:1818\/q:mauto\/f:best\/https:\/\/leitekbaltic.com\/wp-content\/uploads\/2025\/12\/Attachments.jpg 1963w\" \/><\/figure><div class=\"wp-block-media-text__content\">\n<p><strong>Katram modelim ir pieejams pla\u0161s pielikumu kl\u0101sts, kas ir piel\u0101gots j\u016bsu \u012bpa\u0161aj\u0101m vajadz\u012bb\u0101m. M\u0113s pal\u012bdz\u0113sim jums izveidot optim\u0101lu iestat\u012bjumu b\u016bvniec\u012bbas, komun\u0101lo pakalpojumu, lauksaimniec\u012bbas un ainavu veido\u0161anas projektiem. J\u016bs sa\u0146emsiet prec\u012bzu instrumentu komplektu, kas vislab\u0101k atbilst j\u016bsu vajadz\u012bb\u0101m.<\/strong><\/p>\n<\/div><\/div>\n\n\n\n<h2 class=\"wp-block-heading\">\u041a\u041e\u0414: LD-LT-H480Z-E<\/h2>\n\n\n\n<div class=\"wp-block-buttons is-layout-flex wp-block-buttons-is-layout-flex\">\n<div class=\"wp-block-button\"><a class=\"wp-block-button__link wp-element-button\" href=\"https:\/\/leitekbaltic.com\/lv\/contact\/\">Request Offer<\/a><\/div>\n<\/div>\n\n\n\n<ul class=\"wp-block-list\">\n<li><strong>RAKSTUROJUMS<\/strong><\/li>\n\n\n\n<li>Nomin\u0101l\u0101 celtsp\u0113ja -400 kg<\/li>\n\n\n\n<li>Kausa tilpums 0,15 m\u00b3<\/li>\n\n\n\n<li>Maksim\u0101l\u0101 kravnes\u012bba 800 kg<\/li>\n\n\n\n<li>Darb\u012bbas \u0101trums: 0\u20134,3 km\/h,<\/li>\n\n\n\n<li>Nomin\u0101l\u0101 jauda 1,7 MPa<\/li>\n\n\n\n<li>Pacel\u0161an\u0101s laiks 4,5 sekundes<\/li>\n\n\n\n<li>Kritiena laiks 3,1 s<\/li>\n\n\n\n<li>Apg\u0101\u0161an\u0101s laiks 1,8 sekundes<\/li>\n\n\n\n<li>K\u0101p\u0161anas sp\u0113ja 30%<\/li>\n\n\n\n<li>Darba svars 920 kg \/ 930 kg \/ 950 kg<\/li>\n\n\n\n<li>Kop\u0113jie izm\u0113ri: 2646 * 1140 * 1866,5 mm<\/li>\n\n\n\n<li>Z\u012bmols: Briggs&amp;Stratton\/Rato\/Koop<\/li>\n\n\n\n<li>Modelis - 3864 \/ R740D \/ KD2V80<\/li>\n\n\n\n<li>Jauda 23 ZS\/3600 apgr.\/min<\/li>\n\n\n\n<li>Jauda 23 ZS\/3600 apgr.\/min<\/li>\n\n\n\n<li>Degvielas pat\u0113ri\u0146\u0161 (l\/h) &lt;_6,7\u00a0\/\u00a06,7\u00a0\/\u00a04,8\u00a0<\/li>\n\n\n\n<li>Iedarbin\u0101\u0161anas re\u017e\u012bms \u2014 elektriskais starteris<\/li>\n\n\n\n<li>JAUDA \u2014 \/Benz\u012bns \/ D\u012bze\u013cdegviela<\/li>\n\n\n\n<li>Degvielas tvertne - 26 l<\/li>\n\n\n\n<li>Dzin\u0113ja e\u013c\u013ca 1,7 l\/1,6 l\/3 l<\/li>\n\n\n\n<li>Hidraulisk\u0101s e\u013c\u013cas tvertne - 23 l<\/li>\n<\/ul>","protected":false},"excerpt":{"rendered":"<p>\u0415\u0441\u043b\u0438 \u0432\u0430\u0441 \u0437\u0430\u0438\u043d\u0442\u0435\u0440\u0435\u0441\u043e\u0432\u0430\u043b\u0430 \u044d\u0442\u0430 \u043c\u043e\u0434\u0435\u043b\u044c, \u043f\u0435\u0440\u0435\u0439\u0434\u0438\u0442\u0435 \u043a \u0440\u0435\u0433\u0438\u0441\u0442\u0440\u0430\u0446\u0438\u0438 \u0438 \u0437\u0430\u043f\u043e\u043b\u043d\u0438\u0442\u0435 \u043a\u043e\u0440\u043e\u0442\u043a\u0443\u044e \u0444\u043e\u0440\u043c\u0443 \u0437\u0430\u044f\u0432\u043a\u0438. \u041f\u043e\u0441\u043b\u0435 \u044d\u0442\u043e\u0433\u043e \u043c\u044b \u0441\u0432\u044f\u0436\u0435\u043c\u0441\u044f \u0441 \u0432\u0430\u043c\u0438 \u043f\u043e \u044d\u043b\u0435\u043a\u0442\u0440\u043e\u043d\u043d\u043e\u0439 \u043f\u043e\u0447\u0442\u0435, \u043e\u0442\u043f\u0440\u0430\u0432\u0438\u043c \u043f\u043e\u0434\u0440\u043e\u0431\u043d\u0443\u044e \u0438\u043d\u0444\u043e\u0440\u043c\u0430\u0446\u0438\u044e, \u0434\u043e\u043f\u043e\u043b\u043d\u0438\u0442\u0435\u043b\u044c\u043d\u044b\u0435 \u0444\u043e\u0442\u043e\u0433\u0440\u0430\u0444\u0438\u0438 \u0438 \u0432\u0438\u0434\u0435\u043e, \u0430 \u0442\u0430\u043a\u0436\u0435 \u043f\u043e\u0434\u0431\u0435\u0440\u0451\u043c \u043e\u043f\u0442\u0438\u043c\u0430\u043b\u044c\u043d\u0443\u044e \u043a\u043e\u043c\u043f\u043b\u0435\u043a\u0442\u0430\u0446\u0438\u044e \u043f\u043e\u0434 \u0432\u0430\u0448\u0438 \u0437\u0430\u0434\u0430\u0447\u0438. Loader LT-H480Z \u2014 \u043a\u043e\u043c\u043f\u0430\u043a\u0442\u043d\u044b\u0439 \u043f\u043e\u043c\u043e\u0449\u043d\u0438\u043a \u0434\u043b\u044f \u0431\u043e\u043b\u044c\u0448\u0438\u0445 \u0437\u0430\u0434\u0430\u0447 Loader LT-H480Z \u2014 \u044d\u0442\u043e \u0441\u043e\u0432\u0440\u0435\u043c\u0435\u043d\u043d\u044b\u0439 \u043c\u0438\u043d\u0438-\u043f\u043e\u0433\u0440\u0443\u0437\u0447\u0438\u043a, \u0440\u0430\u0437\u0440\u0430\u0431\u043e\u0442\u0430\u043d\u043d\u044b\u0439 \u0434\u043b\u044f \u0435\u0436\u0435\u0434\u043d\u0435\u0432\u043d\u043e\u0439 \u0440\u0430\u0431\u043e\u0442\u044b [&hellip;]<\/p>\n","protected":false},"author":1,"featured_media":0,"parent":0,"menu_order":0,"comment_status":"closed","ping_status":"closed","template":"","meta":{"_themeisle_gutenberg_block_has_review":false,"footnotes":""},"class_list":["post-267","page","type-page","status-publish","hentry"],"_links":{"self":[{"href":"https:\/\/leitekbaltic.com\/lv\/wp-json\/wp\/v2\/pages\/267","targetHints":{"allow":["GET"]}}],"collection":[{"href":"https:\/\/leitekbaltic.com\/lv\/wp-json\/wp\/v2\/pages"}],"about":[{"href":"https:\/\/leitekbaltic.com\/lv\/wp-json\/wp\/v2\/types\/page"}],"author":[{"embeddable":true,"href":"https:\/\/leitekbaltic.com\/lv\/wp-json\/wp\/v2\/users\/1"}],"replies":[{"embeddable":true,"href":"https:\/\/leitekbaltic.com\/lv\/wp-json\/wp\/v2\/comments?post=267"}],"version-history":[{"count":6,"href":"https:\/\/leitekbaltic.com\/lv\/wp-json\/wp\/v2\/pages\/267\/revisions"}],"predecessor-version":[{"id":294,"href":"https:\/\/leitekbaltic.com\/lv\/wp-json\/wp\/v2\/pages\/267\/revisions\/294"}],"wp:attachment":[{"href":"https:\/\/leitekbaltic.com\/lv\/wp-json\/wp\/v2\/media?parent=267"}],"curies":[{"name":"wp","href":"https:\/\/api.w.org\/{rel}","templated":true}]}}