{"id":280,"date":"2025-12-31T10:04:47","date_gmt":"2025-12-31T07:04:47","guid":{"rendered":"https:\/\/leitekbaltic.com\/?page_id=280"},"modified":"2026-01-02T21:09:33","modified_gmt":"2026-01-02T18:09:33","slug":"loader-ltz-908","status":"publish","type":"page","link":"https:\/\/leitekbaltic.com\/lv\/loader-ltz-908\/","title":{"rendered":"Loader-LTZ-908"},"content":{"rendered":"<div class=\"wp-block-media-text is-stacked-on-mobile\"><figure class=\"wp-block-media-text__media\"><img data-opt-id=716934803  fetchpriority=\"high\" decoding=\"async\" width=\"1024\" height=\"615\" src=\"https:\/\/mlkzi6dofpqr.i.optimole.com\/w:1024\/h:615\/q:mauto\/f:best\/https:\/\/leitekbaltic.com\/wp-content\/uploads\/2025\/12\/fotojpg.jpg\" alt=\"\" class=\"wp-image-283 size-full\" srcset=\"https:\/\/mlkzi6dofpqr.i.optimole.com\/w:1024\/h:615\/q:mauto\/f:best\/https:\/\/leitekbaltic.com\/wp-content\/uploads\/2025\/12\/fotojpg.jpg 1024w, https:\/\/mlkzi6dofpqr.i.optimole.com\/w:300\/h:180\/q:mauto\/f:best\/https:\/\/leitekbaltic.com\/wp-content\/uploads\/2025\/12\/fotojpg.jpg 300w, https:\/\/mlkzi6dofpqr.i.optimole.com\/w:768\/h:462\/q:mauto\/f:best\/https:\/\/leitekbaltic.com\/wp-content\/uploads\/2025\/12\/fotojpg.jpg 768w, https:\/\/mlkzi6dofpqr.i.optimole.com\/w:1536\/h:923\/q:mauto\/f:best\/https:\/\/leitekbaltic.com\/wp-content\/uploads\/2025\/12\/fotojpg.jpg 1536w, https:\/\/mlkzi6dofpqr.i.optimole.com\/w:18\/h:12\/q:mauto\/f:best\/dpr:2\/https:\/\/leitekbaltic.com\/wp-content\/uploads\/2025\/12\/fotojpg.jpg 18w, https:\/\/mlkzi6dofpqr.i.optimole.com\/w:1890\/h:1136\/q:mauto\/f:best\/https:\/\/leitekbaltic.com\/wp-content\/uploads\/2025\/12\/fotojpg.jpg 1890w\" sizes=\"(max-width: 1000px) 100vw, 1000px\" \/><\/figure><div class=\"wp-block-media-text__content\">\n<p><strong>Ja j\u016bs interes\u0113 \u0161is modelis, l\u016bdzu, re\u0123istr\u0113jieties un aizpildiet \u012bsu pieteikuma veidlapu. P\u0113c tam m\u0113s sazin\u0101simies ar jums pa e-pastu, lai sniegtu detaliz\u0113tu inform\u0101ciju, papildu fotoatt\u0113lus un videoklipus, k\u0101 ar\u012b pal\u012bdz\u0113tu jums izv\u0113l\u0113ties optim\u0101lo konfigur\u0101ciju atbilsto\u0161i j\u016bsu vajadz\u012bb\u0101m.<\/strong><\/p>\n<\/div><\/div>\n\n\n\n<h3 class=\"wp-block-heading\">Iekr\u0101v\u0113js-LTZ-908 \u2013 maksim\u0101la jauda kompakt\u0101 form\u0101t\u0101<\/h3>\n\n\n\n<p>Loader-LTZ-908 ir uzticams miniiekr\u0101v\u0113js, kas paredz\u0113ts intens\u012bvam darbam b\u016bvniec\u012bb\u0101, komun\u0101lajos pakalpojumos un lauksaimniec\u012bb\u0101. Tas apvieno augstu veiktsp\u0113ju, kompaktu izm\u0113ru un vieglu apkopi.<\/p>\n\n\n\n<p>Ma\u0161\u012bna p\u0101rliecino\u0161i darbojas sl\u0113gt\u0101s telp\u0101s, viegli manevr\u0113 \u0161aur\u0101s viet\u0101s un var tikt gal\u0101 ar sare\u017e\u0123\u012btiem uzdevumiem, piem\u0113ram, beramkravu iekrau\u0161anu, teritorijas t\u012br\u012b\u0161anu, zemes izl\u012bdzin\u0101\u0161anu un kravu p\u0101rvad\u0101\u0161anu.<\/p>\n\n\n\n<p>LTZ-908 atbalsta pla\u0161u pielikumu kl\u0101stu, \u013caujot vienai ma\u0161\u012bnai aizst\u0101t vair\u0101kas iek\u0101rtas. J\u016bs ieg\u016bstat daudzpus\u012bgu instrumentu, kas ir piln\u012bb\u0101 piel\u0101gots j\u016bsu darb\u012bbas \u012bpa\u0161aj\u0101m vajadz\u012bb\u0101m.<\/p>\n\n\n\n<p><strong>Iekr\u0101v\u0113js-LTZ-908 \u2013 ja nepiecie\u0161ams apr\u012bkojums, kas katru dienu nodro\u0161ina rezult\u0101tus.<\/strong><\/p>\n\n\n\n<div class=\"wp-block-media-text is-stacked-on-mobile\"><figure class=\"wp-block-media-text__media\"><img data-opt-id=1366940140  fetchpriority=\"high\" decoding=\"async\" width=\"1024\" height=\"970\" src=\"https:\/\/mlkzi6dofpqr.i.optimole.com\/w:1024\/h:970\/q:mauto\/f:best\/https:\/\/leitekbaltic.com\/wp-content\/uploads\/2025\/12\/Attachments.jpg\" alt=\"\" class=\"wp-image-278 size-full\" srcset=\"https:\/\/mlkzi6dofpqr.i.optimole.com\/w:1024\/h:970\/q:mauto\/f:best\/https:\/\/leitekbaltic.com\/wp-content\/uploads\/2025\/12\/Attachments.jpg 1024w, https:\/\/mlkzi6dofpqr.i.optimole.com\/w:300\/h:284\/q:mauto\/f:best\/https:\/\/leitekbaltic.com\/wp-content\/uploads\/2025\/12\/Attachments.jpg 300w, https:\/\/mlkzi6dofpqr.i.optimole.com\/w:768\/h:727\/q:mauto\/f:best\/https:\/\/leitekbaltic.com\/wp-content\/uploads\/2025\/12\/Attachments.jpg 768w, https:\/\/mlkzi6dofpqr.i.optimole.com\/w:1536\/h:1455\/q:mauto\/f:best\/https:\/\/leitekbaltic.com\/wp-content\/uploads\/2025\/12\/Attachments.jpg 1536w, https:\/\/mlkzi6dofpqr.i.optimole.com\/w:13\/h:12\/q:mauto\/f:best\/dpr:2\/https:\/\/leitekbaltic.com\/wp-content\/uploads\/2025\/12\/Attachments.jpg 13w, https:\/\/mlkzi6dofpqr.i.optimole.com\/w:1920\/h:1818\/q:mauto\/f:best\/https:\/\/leitekbaltic.com\/wp-content\/uploads\/2025\/12\/Attachments.jpg 1963w\" sizes=\"(max-width: 1000px) 100vw, 1000px\" \/><\/figure><div class=\"wp-block-media-text__content\">\n<p><strong>Katram modelim ir pieejams pla\u0161s pielikumu kl\u0101sts, kas ir piel\u0101gots j\u016bsu \u012bpa\u0161aj\u0101m vajadz\u012bb\u0101m. M\u0113s pal\u012bdz\u0113sim jums izveidot optim\u0101lu iestat\u012bjumu b\u016bvniec\u012bbas, komun\u0101lo pakalpojumu, lauksaimniec\u012bbas un ainavu veido\u0161anas projektiem. J\u016bs sa\u0146emsiet prec\u012bzu instrumentu komplektu, kas vislab\u0101k atbilst j\u016bsu vajadz\u012bb\u0101m.<\/strong><\/p>\n<\/div><\/div>\n\n\n\n<h2 class=\"wp-block-heading\">Produkta kods: LD-LTZ-908-EU<\/h2>\n\n\n\n<div class=\"wp-block-buttons is-layout-flex wp-block-buttons-is-layout-flex\">\n<div class=\"wp-block-button\"><a class=\"wp-block-button__link wp-element-button\" href=\"https:\/\/leitekbaltic.com\/lv\/contact\/\">Request Offer<\/a><\/div>\n<\/div>\n\n\n\n<p class=\"translation-block\">Nomin\u0101l\u0101 celtsp\u0113ja: 600 kg<br>+Ekspluat\u0101cijas svars: 2000 kg<br>+Maks. kausa platums: 1180 mm<br>+Kausa ietilp\u012bba: 0,3 m3<br>+Maks. sl\u012bpums: 30<br>+Min. kl\u012brenss: 200 mm<br>+Gartenb\u0101ze: 1540 mm<br>+St\u016bres le\u0146\u0137is: 49\u00b0<br>+Maks. izkrau\u0161anas augstums: 2167 mm<br>+Iekrau\u0161anas augstums: 2634 mm<br>+E\u0146\u0123es tapas augstums: 2900 mm<br>+Iedobuma dzi\u013cums: 94 mm<br>+Izkrau\u0161anas att\u0101lums: 920 mm<br>+Kop\u0113jie izm\u0113ri (G<em>P<\/em>A): 4300 x 1160 x 2150 mm<br>+Min. pagrieziena r\u0101diuss stumjot: 2691 mm<br>+Min. pagrieziena r\u0101diuss uz riep\u0101m: 2257 mm<br>+Garenb\u0101ze: 872 mm<br>+Izg\u0101\u0161anas le\u0146\u0137is: 45\u00b0<br>+Autom\u0101tisk\u0101s izl\u012bdzin\u0101\u0161anas funkcija: Maz\u0101k<\/p>\n\n\n\n<p class=\"translation-block\">Modelis 3TNV88-G1<br>Tgpe dzin\u0113jsVertik\u0101ls, rindas, ar \u016bdens dzes\u0113\u0161anu, 3 cilindru<br>Nomin\u0101l\u0101 jauda 19 kW<br>Dzin\u0113ja tilpums 1,649 litri<br>Cilindra diametrs 88 mm<br>Papildu modelis EURO5 XINCHAI vai CAHNGCHAI, EPA4\/EURO5 KUBOTA\/PERKINS<\/p>\n\n\n\n<p>Modelis Tore 10.0\/75-15.3<\/p>\n\n\n\n<p class=\"translation-block\">Tips Hidrostatisks<br>Sist\u0113mas s\u016bk\u0146a tips Main\u012bgas tilpuma virzu\u013cs\u016bknis<br>S\u016bk\u0146a tips Neatkar\u012bgi rite\u0146u motori<br>Klasiska sv\u0101rst\u012bba ar 7,5\u00b0 le\u0146\u0137i katrs<br>Maksim\u0101lais \u0101trums 20 km\/h<\/p>\n\n\n\n<p class=\"translation-block\">Sist\u0113mas spriegums 12 V<br>\u0122eneratora izejas spriegums 65 Ah<br>Akumulatora ietilp\u012bba 60 Ah<\/p>\n\n\n\n<p class=\"translation-block\">Hidraulisk\u0101 un transmisijas sist\u0113ma 40 l<br>Degvielas tvertne 45 l<br>Dzin\u0113ja e\u013c\u013cas karteris 7,1 l<\/p>\n\n\n\n<p class=\"translation-block\">S\u016bk\u0146a tips: Zobrats<br>Maksim\u0101l\u0101 s\u016bk\u0146a pl\u016bsmas \u0101trums: 42 l\/min<br>Maksim\u0101lais s\u016bk\u0146a spiediens: 200 bar<\/p>\n\n\n\n<div class=\"wp-block-buttons is-layout-flex wp-block-buttons-is-layout-flex\">\n<div class=\"wp-block-button\"><a class=\"wp-block-button__link wp-element-button\" href=\"https:\/\/leitekbaltic.com\/lv\/contact\/\">Request Offer<\/a><\/div>\n<\/div>","protected":false},"excerpt":{"rendered":"<p>\u0415\u0441\u043b\u0438 \u0432\u0430\u0441 \u0437\u0430\u0438\u043d\u0442\u0435\u0440\u0435\u0441\u043e\u0432\u0430\u043b\u0430 \u044d\u0442\u0430 \u043c\u043e\u0434\u0435\u043b\u044c, \u043f\u0435\u0440\u0435\u0439\u0434\u0438\u0442\u0435 \u043a \u0440\u0435\u0433\u0438\u0441\u0442\u0440\u0430\u0446\u0438\u0438 \u0438 \u0437\u0430\u043f\u043e\u043b\u043d\u0438\u0442\u0435 \u043a\u043e\u0440\u043e\u0442\u043a\u0443\u044e \u0444\u043e\u0440\u043c\u0443 \u0437\u0430\u044f\u0432\u043a\u0438. \u041f\u043e\u0441\u043b\u0435 \u044d\u0442\u043e\u0433\u043e \u043c\u044b \u0441\u0432\u044f\u0436\u0435\u043c\u0441\u044f \u0441 \u0432\u0430\u043c\u0438 \u043f\u043e \u044d\u043b\u0435\u043a\u0442\u0440\u043e\u043d\u043d\u043e\u0439 \u043f\u043e\u0447\u0442\u0435, \u043e\u0442\u043f\u0440\u0430\u0432\u0438\u043c \u043f\u043e\u0434\u0440\u043e\u0431\u043d\u0443\u044e \u0438\u043d\u0444\u043e\u0440\u043c\u0430\u0446\u0438\u044e, \u0434\u043e\u043f\u043e\u043b\u043d\u0438\u0442\u0435\u043b\u044c\u043d\u044b\u0435 \u0444\u043e\u0442\u043e\u0433\u0440\u0430\u0444\u0438\u0438 \u0438 \u0432\u0438\u0434\u0435\u043e, \u0430 \u0442\u0430\u043a\u0436\u0435 \u043f\u043e\u0434\u0431\u0435\u0440\u0451\u043c \u043e\u043f\u0442\u0438\u043c\u0430\u043b\u044c\u043d\u0443\u044e \u043a\u043e\u043c\u043f\u043b\u0435\u043a\u0442\u0430\u0446\u0438\u044e \u043f\u043e\u0434 \u0432\u0430\u0448\u0438 \u0437\u0430\u0434\u0430\u0447\u0438. Loader-LTZ-908 \u2014 \u043c\u0430\u043a\u0441\u0438\u043c\u0430\u043b\u044c\u043d\u0430\u044f \u043c\u043e\u0449\u043d\u043e\u0441\u0442\u044c \u0432 \u043a\u043e\u043c\u043f\u0430\u043a\u0442\u043d\u043e\u043c \u0444\u043e\u0440\u043c\u0430\u0442\u0435 Loader-LTZ-908 \u2014 \u044d\u0442\u043e \u043d\u0430\u0434\u0451\u0436\u043d\u044b\u0439 \u043c\u0438\u043d\u0438-\u043f\u043e\u0433\u0440\u0443\u0437\u0447\u0438\u043a, \u0441\u043e\u0437\u0434\u0430\u043d\u043d\u044b\u0439 \u0434\u043b\u044f \u0438\u043d\u0442\u0435\u043d\u0441\u0438\u0432\u043d\u043e\u0439 \u0440\u0430\u0431\u043e\u0442\u044b \u0432 \u0441\u0442\u0440\u043e\u0438\u0442\u0435\u043b\u044c\u0441\u0442\u0432\u0435, [&hellip;]<\/p>\n","protected":false},"author":1,"featured_media":0,"parent":0,"menu_order":0,"comment_status":"closed","ping_status":"closed","template":"","meta":{"_themeisle_gutenberg_block_has_review":false,"footnotes":""},"class_list":["post-280","page","type-page","status-publish","hentry"],"_links":{"self":[{"href":"https:\/\/leitekbaltic.com\/lv\/wp-json\/wp\/v2\/pages\/280","targetHints":{"allow":["GET"]}}],"collection":[{"href":"https:\/\/leitekbaltic.com\/lv\/wp-json\/wp\/v2\/pages"}],"about":[{"href":"https:\/\/leitekbaltic.com\/lv\/wp-json\/wp\/v2\/types\/page"}],"author":[{"embeddable":true,"href":"https:\/\/leitekbaltic.com\/lv\/wp-json\/wp\/v2\/users\/1"}],"replies":[{"embeddable":true,"href":"https:\/\/leitekbaltic.com\/lv\/wp-json\/wp\/v2\/comments?post=280"}],"version-history":[{"count":4,"href":"https:\/\/leitekbaltic.com\/lv\/wp-json\/wp\/v2\/pages\/280\/revisions"}],"predecessor-version":[{"id":447,"href":"https:\/\/leitekbaltic.com\/lv\/wp-json\/wp\/v2\/pages\/280\/revisions\/447"}],"wp:attachment":[{"href":"https:\/\/leitekbaltic.com\/lv\/wp-json\/wp\/v2\/media?parent=280"}],"curies":[{"name":"wp","href":"https:\/\/api.w.org\/{rel}","templated":true}]}}