{"id":303,"date":"2026-01-01T13:45:04","date_gmt":"2026-01-01T10:45:04","guid":{"rendered":"https:\/\/leitekbaltic.com\/?page_id=303"},"modified":"2026-01-03T13:52:21","modified_gmt":"2026-01-03T10:52:21","slug":"loader-lt-h480w","status":"publish","type":"page","link":"https:\/\/leitekbaltic.com\/lv\/loader-lt-h480w\/","title":{"rendered":"Loader-LT-H480W"},"content":{"rendered":"<p><strong>Ja j\u016bs interes\u0113 \u0161is modelis, l\u016bdzu, re\u0123istr\u0113jieties un aizpildiet \u012bsu pieteikuma veidlapu. P\u0113c tam m\u0113s sazin\u0101simies ar jums pa e-pastu, lai sniegtu detaliz\u0113tu inform\u0101ciju, papildu fotoatt\u0113lus un videoklipus, k\u0101 ar\u012b pal\u012bdz\u0113tu jums izv\u0113l\u0113ties optim\u0101lo konfigur\u0101ciju atbilsto\u0161i j\u016bsu vajadz\u012bb\u0101m.<\/strong><\/p>\n\n\n\n<figure class=\"wp-block-image size-large\"><img data-opt-id=510446726  fetchpriority=\"high\" decoding=\"async\" width=\"1024\" height=\"425\" src=\"https:\/\/mlkzi6dofpqr.i.optimole.com\/w:1024\/h:425\/q:mauto\/f:best\/https:\/\/leitekbaltic.com\/wp-content\/uploads\/2026\/01\/LT-H480Wf.jpg\" alt=\"\" class=\"wp-image-304\" srcset=\"https:\/\/mlkzi6dofpqr.i.optimole.com\/w:1024\/h:425\/q:mauto\/f:best\/https:\/\/leitekbaltic.com\/wp-content\/uploads\/2026\/01\/LT-H480Wf.jpg 1024w, https:\/\/mlkzi6dofpqr.i.optimole.com\/w:300\/h:124\/q:mauto\/f:best\/https:\/\/leitekbaltic.com\/wp-content\/uploads\/2026\/01\/LT-H480Wf.jpg 300w, https:\/\/mlkzi6dofpqr.i.optimole.com\/w:768\/h:319\/q:mauto\/f:best\/https:\/\/leitekbaltic.com\/wp-content\/uploads\/2026\/01\/LT-H480Wf.jpg 768w, https:\/\/mlkzi6dofpqr.i.optimole.com\/w:18\/h:7\/q:mauto\/f:best\/dpr:2\/https:\/\/leitekbaltic.com\/wp-content\/uploads\/2026\/01\/LT-H480Wf.jpg 18w, https:\/\/mlkzi6dofpqr.i.optimole.com\/w:1331\/h:552\/q:mauto\/f:best\/https:\/\/leitekbaltic.com\/wp-content\/uploads\/2026\/01\/LT-H480Wf.jpg 1331w\" sizes=\"(max-width: 1000px) 100vw, 1000px\" \/><\/figure>\n\n\n\n<h3 class=\"wp-block-heading\">Iekr\u0101v\u0113js LT-H480W \u2014 kompakts st\u0101vi st\u0101vo\u0161s iekr\u0101v\u0113js \u0101tram un prec\u012bzam darbam<\/h3>\n\n\n\n<p>Loader <strong>LT-H480W<\/strong> \u2014 ir moderns miniiekr\u0101v\u0113js ar darba platformu operatoram, kas paredz\u0113ts uzdevumiem, kuros b\u016btiska ir manevr\u0113tsp\u0113ja, \u0101trums un piln\u012bga ma\u0161\u012bnas kontrole. Tas ir ide\u0101li piem\u0113rots darbam \u0161auros pagalmos, noliktav\u0101s, parkos un priv\u0101t\u012bpa\u0161umos.<\/p>\n\n\n\n<p>Pateicoties kompaktajiem izm\u0113riem un p\u0101rdom\u0101tajam dizainam, LT-H480W viegli p\u0101rvietojas \u0161aur\u0101s telp\u0101s, p\u0101rliecino\u0161i tiekot gal\u0101 ar augsnes, smil\u0161u, b\u016bvmateri\u0101lu iekrau\u0161anu un objekta t\u012br\u012b\u0161anu.<\/p>\n\n\n\n<p>Modelis atbalsta pla\u0161u piekabju kl\u0101stu, \u013caujot iekr\u0101v\u0113ju piel\u0101got jebkuram uzdevumam, s\u0101kot no pa\u0161vald\u012bbas darbiem l\u012bdz ainavu labiek\u0101rto\u0161anai.<\/p>\n\n\n\n<p><strong>Iekr\u0101v\u0113js LT-H480W \u2013 maksim\u0101la efektivit\u0101te, kur katrs metrs ir svar\u012bgs.<\/strong><\/p>\n\n\n\n<div class=\"wp-block-media-text is-stacked-on-mobile\"><figure class=\"wp-block-media-text__media\"><img data-opt-id=1366940140  fetchpriority=\"high\" decoding=\"async\" width=\"1024\" height=\"970\" src=\"https:\/\/mlkzi6dofpqr.i.optimole.com\/w:1024\/h:970\/q:mauto\/f:best\/https:\/\/leitekbaltic.com\/wp-content\/uploads\/2025\/12\/Attachments.jpg\" alt=\"\" class=\"wp-image-278 size-full\" srcset=\"https:\/\/mlkzi6dofpqr.i.optimole.com\/w:1024\/h:970\/q:mauto\/f:best\/https:\/\/leitekbaltic.com\/wp-content\/uploads\/2025\/12\/Attachments.jpg 1024w, https:\/\/mlkzi6dofpqr.i.optimole.com\/w:300\/h:284\/q:mauto\/f:best\/https:\/\/leitekbaltic.com\/wp-content\/uploads\/2025\/12\/Attachments.jpg 300w, https:\/\/mlkzi6dofpqr.i.optimole.com\/w:768\/h:727\/q:mauto\/f:best\/https:\/\/leitekbaltic.com\/wp-content\/uploads\/2025\/12\/Attachments.jpg 768w, https:\/\/mlkzi6dofpqr.i.optimole.com\/w:1536\/h:1455\/q:mauto\/f:best\/https:\/\/leitekbaltic.com\/wp-content\/uploads\/2025\/12\/Attachments.jpg 1536w, https:\/\/mlkzi6dofpqr.i.optimole.com\/w:13\/h:12\/q:mauto\/f:best\/dpr:2\/https:\/\/leitekbaltic.com\/wp-content\/uploads\/2025\/12\/Attachments.jpg 13w, https:\/\/mlkzi6dofpqr.i.optimole.com\/w:1920\/h:1818\/q:mauto\/f:best\/https:\/\/leitekbaltic.com\/wp-content\/uploads\/2025\/12\/Attachments.jpg 1963w\" sizes=\"(max-width: 1000px) 100vw, 1000px\" \/><\/figure><div class=\"wp-block-media-text__content\">\n<p><strong>Katram modelim ir pieejams pla\u0161s pielikumu kl\u0101sts, kas ir piel\u0101gots j\u016bsu \u012bpa\u0161aj\u0101m vajadz\u012bb\u0101m. M\u0113s pal\u012bdz\u0113sim jums izveidot optim\u0101lu iestat\u012bjumu b\u016bvniec\u012bbas, komun\u0101lo pakalpojumu, lauksaimniec\u012bbas un ainavu veido\u0161anas projektiem. J\u016bs sa\u0146emsiet prec\u012bzu instrumentu komplektu, kas vislab\u0101k atbilst j\u016bsu vajadz\u012bb\u0101m.<\/strong><\/p>\n\n\n\n<figure class=\"wp-block-image size-full\"><img data-opt-id=1944886777  data-opt-src=\"https:\/\/mlkzi6dofpqr.i.optimole.com\/w:auto\/h:auto\/q:mauto\/f:best\/https:\/\/leitekbaltic.com\/wp-content\/uploads\/2026\/01\/d51eba5ce205992.webp\"  decoding=\"async\" width=\"840\" height=\"630\" src=\"data:image/svg+xml,%3Csvg%20viewBox%3D%220%200%20100%%20100%%22%20width%3D%22100%%22%20height%3D%22100%%22%20xmlns%3D%22http%3A%2F%2Fwww.w3.org%2F2000%2Fsvg%22%3E%3Crect%20width%3D%22100%%22%20height%3D%22100%%22%20fill%3D%22transparent%22%2F%3E%3C%2Fsvg%3E\" alt=\"\" class=\"wp-image-485\" old-srcset=\"https:\/\/mlkzi6dofpqr.i.optimole.com\/w:840\/h:630\/q:mauto\/f:best\/https:\/\/leitekbaltic.com\/wp-content\/uploads\/2026\/01\/d51eba5ce205992.webp 840w, https:\/\/mlkzi6dofpqr.i.optimole.com\/w:300\/h:225\/q:mauto\/f:best\/https:\/\/leitekbaltic.com\/wp-content\/uploads\/2026\/01\/d51eba5ce205992.webp 300w, https:\/\/mlkzi6dofpqr.i.optimole.com\/w:768\/h:576\/q:mauto\/f:best\/https:\/\/leitekbaltic.com\/wp-content\/uploads\/2026\/01\/d51eba5ce205992.webp 768w, https:\/\/mlkzi6dofpqr.i.optimole.com\/w:16\/h:12\/q:mauto\/f:best\/dpr:2\/https:\/\/leitekbaltic.com\/wp-content\/uploads\/2026\/01\/d51eba5ce205992.webp 16w\" \/><\/figure>\n<\/div><\/div>\n\n\n\n<h2 class=\"wp-block-heading\">\u041a\u043e\u0434 \u0442\u043e\u0432\u0430\u0440\u0430: LD-LT-H480W-EU<\/h2>\n\n\n\n<div class=\"wp-block-buttons is-layout-flex wp-block-buttons-is-layout-flex\">\n<div class=\"wp-block-button\"><a class=\"wp-block-button__link wp-element-button\" href=\"https:\/\/leitekbaltic.com\/lv\/contact\/\">Request Offer<\/a><\/div>\n<\/div>\n\n\n\n<p class=\"translation-block\">Nomin\u0101l\u0101 celtsp\u0113ja 330 kg<br>Kausa ietilp\u012bba 0,15 m<br>Maksim\u0101l\u0101 celtsp\u0113ja 800 kg<br>Darba \u0101trums 0\u20136 km\/h<br>Nomin\u0101lais spiediens 17 MPa<br>Pacel\u0161anas laiks 4,3 sek.<br>Nolai\u0161anas laiks 3,3 sek.<br>Sasv\u0113r\u0161anas laiks 1,5 sek.<br>Celtsp\u0113ja 30%<br>Darba svars 89 kg \/ 90 kg (RUNTONG) \/ 930 kg (KOOP)<br>Kop\u0113jie izm\u0113ri 2285 x 1150 x 1270 mm<\/p>\n\n\n\n<p class=\"translation-block\">Z\u012bmols Briggs&amp;Stratton \/RUNTONG \/KOOP<br>Modelis 3864 \/ R740D \/ KD2V8O<br>Jauda 23 ZS \/23 ZS \/2 ZS<br>Degvielas pat\u0113ri\u0146\u0161 (l\/h) \/ &lt;6,7 ZS \/ &lt;3,6 ZS<br>Iedarbin\u0101\u0161anas metode Elektriskais starteris<br>Degvielas tvertne 25 l<br>Dzin\u0113ja e\u013c\u013ca 1,7 l \/ 1,6 l \/ 3 l<br>Hidraulisk\u0101s e\u013c\u013cas tvertne 25 l<\/p>","protected":false},"excerpt":{"rendered":"<p>\u0415\u0441\u043b\u0438 \u0432\u0430\u0441 \u0437\u0430\u0438\u043d\u0442\u0435\u0440\u0435\u0441\u043e\u0432\u0430\u043b\u0430 \u044d\u0442\u0430 \u043c\u043e\u0434\u0435\u043b\u044c, \u043f\u0435\u0440\u0435\u0439\u0434\u0438\u0442\u0435 \u043a \u0440\u0435\u0433\u0438\u0441\u0442\u0440\u0430\u0446\u0438\u0438 \u0438 \u0437\u0430\u043f\u043e\u043b\u043d\u0438\u0442\u0435 \u043a\u043e\u0440\u043e\u0442\u043a\u0443\u044e \u0444\u043e\u0440\u043c\u0443 \u0437\u0430\u044f\u0432\u043a\u0438. \u041f\u043e\u0441\u043b\u0435 \u044d\u0442\u043e\u0433\u043e \u043c\u044b \u0441\u0432\u044f\u0436\u0435\u043c\u0441\u044f \u0441 \u0432\u0430\u043c\u0438 \u043f\u043e \u044d\u043b\u0435\u043a\u0442\u0440\u043e\u043d\u043d\u043e\u0439 \u043f\u043e\u0447\u0442\u0435, \u043e\u0442\u043f\u0440\u0430\u0432\u0438\u043c \u043f\u043e\u0434\u0440\u043e\u0431\u043d\u0443\u044e \u0438\u043d\u0444\u043e\u0440\u043c\u0430\u0446\u0438\u044e, \u0434\u043e\u043f\u043e\u043b\u043d\u0438\u0442\u0435\u043b\u044c\u043d\u044b\u0435 \u0444\u043e\u0442\u043e\u0433\u0440\u0430\u0444\u0438\u0438 \u0438 \u0432\u0438\u0434\u0435\u043e, \u0430 \u0442\u0430\u043a\u0436\u0435 \u043f\u043e\u0434\u0431\u0435\u0440\u0451\u043c \u043e\u043f\u0442\u0438\u043c\u0430\u043b\u044c\u043d\u0443\u044e \u043a\u043e\u043c\u043f\u043b\u0435\u043a\u0442\u0430\u0446\u0438\u044e \u043f\u043e\u0434 \u0432\u0430\u0448\u0438 \u0437\u0430\u0434\u0430\u0447\u0438. Loader LT-H480W \u2014 \u043a\u043e\u043c\u043f\u0430\u043a\u0442\u043d\u044b\u0439 stand-on \u043f\u043e\u0433\u0440\u0443\u0437\u0447\u0438\u043a \u0434\u043b\u044f \u0431\u044b\u0441\u0442\u0440\u043e\u0439 \u0438 \u0442\u043e\u0447\u043d\u043e\u0439 \u0440\u0430\u0431\u043e\u0442\u044b Loader LT-H480W \u2014 \u044d\u0442\u043e \u0441\u043e\u0432\u0440\u0435\u043c\u0435\u043d\u043d\u044b\u0439 \u043c\u0438\u043d\u0438-\u043f\u043e\u0433\u0440\u0443\u0437\u0447\u0438\u043a \u0441 [&hellip;]<\/p>\n","protected":false},"author":1,"featured_media":0,"parent":0,"menu_order":0,"comment_status":"closed","ping_status":"closed","template":"","meta":{"_themeisle_gutenberg_block_has_review":false,"footnotes":""},"class_list":["post-303","page","type-page","status-publish","hentry"],"_links":{"self":[{"href":"https:\/\/leitekbaltic.com\/lv\/wp-json\/wp\/v2\/pages\/303","targetHints":{"allow":["GET"]}}],"collection":[{"href":"https:\/\/leitekbaltic.com\/lv\/wp-json\/wp\/v2\/pages"}],"about":[{"href":"https:\/\/leitekbaltic.com\/lv\/wp-json\/wp\/v2\/types\/page"}],"author":[{"embeddable":true,"href":"https:\/\/leitekbaltic.com\/lv\/wp-json\/wp\/v2\/users\/1"}],"replies":[{"embeddable":true,"href":"https:\/\/leitekbaltic.com\/lv\/wp-json\/wp\/v2\/comments?post=303"}],"version-history":[{"count":4,"href":"https:\/\/leitekbaltic.com\/lv\/wp-json\/wp\/v2\/pages\/303\/revisions"}],"predecessor-version":[{"id":514,"href":"https:\/\/leitekbaltic.com\/lv\/wp-json\/wp\/v2\/pages\/303\/revisions\/514"}],"wp:attachment":[{"href":"https:\/\/leitekbaltic.com\/lv\/wp-json\/wp\/v2\/media?parent=303"}],"curies":[{"name":"wp","href":"https:\/\/api.w.org\/{rel}","templated":true}]}}