{"id":348,"date":"2026-01-01T18:51:02","date_gmt":"2026-01-01T15:51:02","guid":{"rendered":"https:\/\/leitekbaltic.com\/?page_id=348"},"modified":"2026-01-02T21:11:32","modified_gmt":"2026-01-02T18:11:32","slug":"loader-tl-1000","status":"publish","type":"page","link":"https:\/\/leitekbaltic.com\/lv\/loader-tl-1000\/","title":{"rendered":"Loader-TL-1000"},"content":{"rendered":"<p class=\"has-text-align-center\"><strong>Ja j\u016bs interes\u0113 \u0161is modelis, l\u016bdzu, re\u0123istr\u0113jieties un aizpildiet \u012bsu pieteikuma veidlapu. P\u0113c tam m\u0113s sazin\u0101simies ar jums pa e-pastu, lai sniegtu detaliz\u0113tu inform\u0101ciju, papildu fotoatt\u0113lus un videoklipus, k\u0101 ar\u012b pal\u012bdz\u0113tu jums izv\u0113l\u0113ties optim\u0101lo konfigur\u0101ciju atbilsto\u0161i j\u016bsu vajadz\u012bb\u0101m.<\/strong> <strong>Iesp\u0113jami ar\u012b papildu pielikumi<\/strong><\/p>\n\n\n\n<div class=\"wp-block-media-text is-stacked-on-mobile\" style=\"grid-template-columns:67% auto\"><figure class=\"wp-block-media-text__media\"><img data-opt-id=2000978802  fetchpriority=\"high\" decoding=\"async\" width=\"1024\" height=\"405\" src=\"https:\/\/mlkzi6dofpqr.i.optimole.com\/w:1024\/h:405\/q:mauto\/f:best\/https:\/\/leitekbaltic.com\/wp-content\/uploads\/2026\/01\/LT-1000.jpg\" alt=\"\" class=\"wp-image-349 size-full\" srcset=\"https:\/\/mlkzi6dofpqr.i.optimole.com\/w:1024\/h:405\/q:mauto\/f:best\/https:\/\/leitekbaltic.com\/wp-content\/uploads\/2026\/01\/LT-1000.jpg 1024w, https:\/\/mlkzi6dofpqr.i.optimole.com\/w:300\/h:119\/q:mauto\/f:best\/https:\/\/leitekbaltic.com\/wp-content\/uploads\/2026\/01\/LT-1000.jpg 300w, https:\/\/mlkzi6dofpqr.i.optimole.com\/w:768\/h:304\/q:mauto\/f:best\/https:\/\/leitekbaltic.com\/wp-content\/uploads\/2026\/01\/LT-1000.jpg 768w, https:\/\/mlkzi6dofpqr.i.optimole.com\/w:1536\/h:607\/q:mauto\/f:best\/https:\/\/leitekbaltic.com\/wp-content\/uploads\/2026\/01\/LT-1000.jpg 1536w, https:\/\/mlkzi6dofpqr.i.optimole.com\/w:18\/h:7\/q:mauto\/f:best\/dpr:2\/https:\/\/leitekbaltic.com\/wp-content\/uploads\/2026\/01\/LT-1000.jpg 18w, https:\/\/mlkzi6dofpqr.i.optimole.com\/w:1755\/h:694\/q:mauto\/f:best\/https:\/\/leitekbaltic.com\/wp-content\/uploads\/2026\/01\/LT-1000.jpg 1755w\" sizes=\"(max-width: 1000px) 100vw, 1000px\" \/><\/figure><div class=\"wp-block-media-text__content\">\n<p class=\"has-text-align-center\">Teleskopisk\u0101 str\u0113le 1000 kg<\/p>\n\n\n\n<figure class=\"wp-block-image size-full is-resized\"><img data-opt-id=2127043885  fetchpriority=\"high\" decoding=\"async\" width=\"715\" height=\"412\" src=\"https:\/\/mlkzi6dofpqr.i.optimole.com\/w:auto\/h:auto\/q:mauto\/f:best\/https:\/\/leitekbaltic.com\/wp-content\/uploads\/2026\/01\/Screenshot-2026-01-01-172533.png\" alt=\"\" class=\"wp-image-350\" style=\"aspect-ratio:1.735511145272867;width:276px;height:auto\" srcset=\"https:\/\/mlkzi6dofpqr.i.optimole.com\/w:715\/h:412\/q:mauto\/f:best\/https:\/\/leitekbaltic.com\/wp-content\/uploads\/2026\/01\/Screenshot-2026-01-01-172533.png 715w, https:\/\/mlkzi6dofpqr.i.optimole.com\/w:300\/h:173\/q:mauto\/f:best\/https:\/\/leitekbaltic.com\/wp-content\/uploads\/2026\/01\/Screenshot-2026-01-01-172533.png 300w, https:\/\/mlkzi6dofpqr.i.optimole.com\/w:18\/h:10\/q:mauto\/f:best\/dpr:2\/https:\/\/leitekbaltic.com\/wp-content\/uploads\/2026\/01\/Screenshot-2026-01-01-172533.png 18w\" sizes=\"(max-width: 715px) 100vw, 715px\" \/><\/figure>\n<\/div><\/div>\n\n\n\n<h2 class=\"wp-block-heading\">Produkta kods: LD-TL-1000-EU<\/h2>\n\n\n\n<div class=\"wp-block-buttons is-layout-flex wp-block-buttons-is-layout-flex\">\n<div class=\"wp-block-button\"><a class=\"wp-block-button__link wp-element-button\" href=\"https:\/\/leitekbaltic.com\/lv\/contact\/\">Request Offer<\/a><\/div>\n<\/div>\n\n\n\n<h3 class=\"wp-block-heading\">LT-1000 iekr\u0101v\u0113js \u2014 teleskopiskais iekr\u0101v\u0113js nopietnam darbam<\/h3>\n\n\n\n<p class=\"translation-block\">Iekr\u0101v\u0113js T-1000 ir jaud\u012bgs teleskopiskais iekr\u0101v\u0113js ar celtsp\u0113ju l\u012bdz 1000 kg, kas paredz\u0113ts profesion\u0101lai lieto\u0161anai b\u016bvlaukumos, lauksaimniec\u012bb\u0101 un noliktav\u0101s. Tas apvieno augstu produktivit\u0101ti, palielin\u0101tu pacel\u0161anas augstumu un lielisku manevr\u0113tsp\u0113ju.<\/p>\n\n\n\n<p class=\"translation-block\">Teleskopisk\u0101 str\u0113le \u013cauj pacelt kravas l\u012bdz pat 4,47 m augstumam un izkraut t\u0101s 3,2 m augstum\u0101, kas padara \u0161o modeli neaizst\u0101jamu, str\u0101d\u0101jot ar palet\u0113m, konteineriem un b\u016bvmateri\u0101liem.<\/p>\n\n\n\n<p class=\"translation-block\">Kausa ietilp\u012bba <strong>0,5 m\u00b3<\/strong> un brauk\u0161anas \u0101trums l\u012bdz <strong>20 km\/h<\/strong> nodro\u0161ina lielu darba apjomu \u0101tru apstr\u0101di, nezaud\u0113jot efektivit\u0101ti.<\/p>\n\n\n\n<p><strong>Iekr\u0101v\u0113js TL-1000 \u2013 ja nepiecie\u0161ams maksim\u0101ls pacel\u0161anas augstums un re\u0101la celtsp\u0113ja kompakt\u0101 klas\u0113.<\/strong><\/p>\n\n\n\n<p class=\"has-text-align-left\">Raksturojums<\/p>\n\n\n\n<ul class=\"wp-block-list\">\n<li>Dzin\u0113ja z\u012bmols: YUNNEI<\/li>\n\n\n\n<li>Dzin\u0113ja modelis YN25GB<\/li>\n\n\n\n<li>Nomin\u0101l\u0101 jauda 37 kW<\/li>\n\n\n\n<li>Kop\u0113jais svars 3100 kg<\/li>\n\n\n\n<li>Pagrieziena r\u0101diuss 3000 mm<\/li>\n\n\n\n<li>\u0100truma ierobe\u017eojums ir 20 km\/h.<\/li>\n\n\n\n<li>Nomin\u0101l\u0101 celtsp\u0113ja -1000 kg<\/li>\n\n\n\n<li>Darba spiediens 16 MPa<\/li>\n\n\n\n<li class=\"translation-block\">Kop\u0113jie izm\u0113ri (G<em>P<\/em>A) 4460 * 1680 * 2560 mm<\/li>\n\n\n\n<li>Kausa tilpums 0,5 m\u00b3<\/li>\n\n\n\n<li>Maks. pacel\u0161anas augstums 4470 mm<\/li>\n\n\n\n<li>Maks. izkrau\u0161anas augstums 3200 mm<\/li>\n\n\n\n<li>Minim\u0101lais izkrau\u0161anas augstums 2610 mm<\/li>\n\n\n\n<li>Maks. izkrau\u0161anas att\u0101lums 1375 mm<\/li>\n\n\n\n<li>Minim\u0101lais kl\u012brenss 260 mm<\/li>\n\n\n\n<li>Rite\u0146i 1600 mm<\/li>\n\n\n\n<li>Piedzi\u0146as ass modelis 130<\/li>\n\n\n\n<li>Riepas ar \"si\u013c\u0137u kaula\" protektora rakstu 20.5\/70-16<\/li>\n\n\n\n<li>Daudzums iepakojum\u0101: 4UnHs<\/li>\n<\/ul>\n\n\n\n<div class=\"wp-block-media-text is-stacked-on-mobile\" style=\"grid-template-columns:68% auto\"><figure class=\"wp-block-media-text__media\"><img data-opt-id=648027305  data-opt-src=\"https:\/\/mlkzi6dofpqr.i.optimole.com\/w:1024\/h:407\/q:mauto\/f:best\/https:\/\/leitekbaltic.com\/wp-content\/uploads\/2026\/01\/LT-1500.jpg\"  decoding=\"async\" width=\"1024\" height=\"407\" src=\"data:image/svg+xml,%3Csvg%20viewBox%3D%220%200%201024%20407%22%20width%3D%221024%22%20height%3D%22407%22%20xmlns%3D%22http%3A%2F%2Fwww.w3.org%2F2000%2Fsvg%22%3E%3Crect%20width%3D%221024%22%20height%3D%22407%22%20fill%3D%22transparent%22%2F%3E%3C%2Fsvg%3E\" alt=\"\" class=\"wp-image-351 size-full\" old-srcset=\"https:\/\/mlkzi6dofpqr.i.optimole.com\/w:1024\/h:407\/q:mauto\/f:best\/https:\/\/leitekbaltic.com\/wp-content\/uploads\/2026\/01\/LT-1500.jpg 1024w, https:\/\/mlkzi6dofpqr.i.optimole.com\/w:300\/h:119\/q:mauto\/f:best\/https:\/\/leitekbaltic.com\/wp-content\/uploads\/2026\/01\/LT-1500.jpg 300w, https:\/\/mlkzi6dofpqr.i.optimole.com\/w:768\/h:305\/q:mauto\/f:best\/https:\/\/leitekbaltic.com\/wp-content\/uploads\/2026\/01\/LT-1500.jpg 768w, https:\/\/mlkzi6dofpqr.i.optimole.com\/w:1536\/h:610\/q:mauto\/f:best\/https:\/\/leitekbaltic.com\/wp-content\/uploads\/2026\/01\/LT-1500.jpg 1536w, https:\/\/mlkzi6dofpqr.i.optimole.com\/w:18\/h:7\/q:mauto\/f:best\/dpr:2\/https:\/\/leitekbaltic.com\/wp-content\/uploads\/2026\/01\/LT-1500.jpg 18w, https:\/\/mlkzi6dofpqr.i.optimole.com\/w:1890\/h:751\/q:mauto\/f:best\/https:\/\/leitekbaltic.com\/wp-content\/uploads\/2026\/01\/LT-1500.jpg 1890w\" \/><\/figure><div class=\"wp-block-media-text__content\">\n<p><strong>Vajadz\u012bga liel\u0101ka jauda?<\/strong><br>M\u016bsu kl\u0101st\u0101 ir ar\u012b produkt\u012bv\u0101ki mode\u013ci, piem\u0113ram, <strong>LT-1500<\/strong> un citus lieljaudas iekr\u0101v\u0113jus. M\u0113s atrad\u012bsim pareizo apr\u012bkojumu jebkuram uzdevumam, s\u0101kot no standarta darbiem l\u012bdz lieljaudas r\u016bpnieciskiem projektiem. Vienk\u0101r\u0161i iesniedziet piepras\u012bjumu, un m\u0113s pied\u0101v\u0101sim optim\u0101lu risin\u0101jumu tie\u0161i jums.<\/p>\n\n\n\n<div class=\"wp-block-buttons is-content-justification-center is-layout-flex wp-container-core-buttons-is-layout-16018d1d wp-block-buttons-is-layout-flex\">\n<div class=\"wp-block-button\"><a class=\"wp-block-button__link wp-element-button\" href=\"https:\/\/leitekbaltic.com\/lv\/contact\/\">Request Offer<\/a><\/div>\n<\/div>\n<\/div><\/div>\n\n\n\n<p><\/p>","protected":false},"excerpt":{"rendered":"<p>\u0415\u0441\u043b\u0438 \u0432\u0430\u0441 \u0437\u0430\u0438\u043d\u0442\u0435\u0440\u0435\u0441\u043e\u0432\u0430\u043b\u0430 \u044d\u0442\u0430 \u043c\u043e\u0434\u0435\u043b\u044c, \u043f\u0435\u0440\u0435\u0439\u0434\u0438\u0442\u0435 \u043a \u0440\u0435\u0433\u0438\u0441\u0442\u0440\u0430\u0446\u0438\u0438 \u0438 \u0437\u0430\u043f\u043e\u043b\u043d\u0438\u0442\u0435 \u043a\u043e\u0440\u043e\u0442\u043a\u0443\u044e \u0444\u043e\u0440\u043c\u0443 \u0437\u0430\u044f\u0432\u043a\u0438. \u041f\u043e\u0441\u043b\u0435 \u044d\u0442\u043e\u0433\u043e \u043c\u044b \u0441\u0432\u044f\u0436\u0435\u043c\u0441\u044f \u0441 \u0432\u0430\u043c\u0438 \u043f\u043e \u044d\u043b\u0435\u043a\u0442\u0440\u043e\u043d\u043d\u043e\u0439 \u043f\u043e\u0447\u0442\u0435, \u043e\u0442\u043f\u0440\u0430\u0432\u0438\u043c \u043f\u043e\u0434\u0440\u043e\u0431\u043d\u0443\u044e \u0438\u043d\u0444\u043e\u0440\u043c\u0430\u0446\u0438\u044e, \u0434\u043e\u043f\u043e\u043b\u043d\u0438\u0442\u0435\u043b\u044c\u043d\u044b\u0435 \u0444\u043e\u0442\u043e\u0433\u0440\u0430\u0444\u0438\u0438 \u0438 \u0432\u0438\u0434\u0435\u043e, \u0430 \u0442\u0430\u043a\u0436\u0435 \u043f\u043e\u0434\u0431\u0435\u0440\u0451\u043c \u043e\u043f\u0442\u0438\u043c\u0430\u043b\u044c\u043d\u0443\u044e \u043a\u043e\u043c\u043f\u043b\u0435\u043a\u0442\u0430\u0446\u0438\u044e \u043f\u043e\u0434 \u0432\u0430\u0448\u0438 \u0437\u0430\u0434\u0430\u0447\u0438. \u0422\u0430\u043a\u0436\u0435 \u0432\u043e\u0437\u043c\u043e\u0436\u043d\u043e\u0435 \u0434\u043e\u043f\u043e\u043b\u043d\u0438\u0442\u0435\u043b\u044c\u043d\u043e\u0435 \u043d\u0430\u0432\u0435\u0441\u043d\u043e\u0435 \u043e\u0431\u043e\u0440\u0443\u0434\u043e\u0432\u0430\u043d\u0438\u0435 \u041a\u043e\u0434 \u0442\u043e\u0432\u0430\u0440\u0430: LD-TL-1000-EU Loader LT-1000 \u2014 \u0442\u0435\u043b\u0435\u0441\u043a\u043e\u043f\u0438\u0447\u0435\u0441\u043a\u0438\u0439 \u043f\u043e\u0433\u0440\u0443\u0437\u0447\u0438\u043a \u0434\u043b\u044f \u0441\u0435\u0440\u044c\u0451\u0437\u043d\u044b\u0445 \u043e\u0431\u044a\u0451\u043c\u043e\u0432 \u0440\u0430\u0431\u043e\u0442 Loader [&hellip;]<\/p>\n","protected":false},"author":1,"featured_media":0,"parent":0,"menu_order":0,"comment_status":"closed","ping_status":"closed","template":"","meta":{"_themeisle_gutenberg_block_has_review":false,"footnotes":""},"class_list":["post-348","page","type-page","status-publish","hentry"],"_links":{"self":[{"href":"https:\/\/leitekbaltic.com\/lv\/wp-json\/wp\/v2\/pages\/348","targetHints":{"allow":["GET"]}}],"collection":[{"href":"https:\/\/leitekbaltic.com\/lv\/wp-json\/wp\/v2\/pages"}],"about":[{"href":"https:\/\/leitekbaltic.com\/lv\/wp-json\/wp\/v2\/types\/page"}],"author":[{"embeddable":true,"href":"https:\/\/leitekbaltic.com\/lv\/wp-json\/wp\/v2\/users\/1"}],"replies":[{"embeddable":true,"href":"https:\/\/leitekbaltic.com\/lv\/wp-json\/wp\/v2\/comments?post=348"}],"version-history":[{"count":5,"href":"https:\/\/leitekbaltic.com\/lv\/wp-json\/wp\/v2\/pages\/348\/revisions"}],"predecessor-version":[{"id":448,"href":"https:\/\/leitekbaltic.com\/lv\/wp-json\/wp\/v2\/pages\/348\/revisions\/448"}],"wp:attachment":[{"href":"https:\/\/leitekbaltic.com\/lv\/wp-json\/wp\/v2\/media?parent=348"}],"curies":[{"name":"wp","href":"https:\/\/api.w.org\/{rel}","templated":true}]}}