{"id":371,"date":"2026-01-02T15:24:15","date_gmt":"2026-01-02T12:24:15","guid":{"rendered":"https:\/\/leitekbaltic.com\/?page_id=371"},"modified":"2026-01-02T21:04:12","modified_gmt":"2026-01-02T18:04:12","slug":"concrete-mixers-ltyh750","status":"publish","type":"page","link":"https:\/\/leitekbaltic.com\/lv\/concrete-mixers-ltyh750\/","title":{"rendered":"Dumper Mixers LTYH750"},"content":{"rendered":"<div class=\"wp-block-buttons is-layout-flex wp-block-buttons-is-layout-flex\">\n<div class=\"wp-block-button\"><a class=\"wp-block-button__link wp-element-button\" href=\"https:\/\/leitekbaltic.com\/lv\/contact\/\">Request Offer<\/a><\/div>\n<\/div>\n\n\n\n<h2 class=\"wp-block-heading\">Produkta kods: MX-LTYH750-EU<\/h2>\n\n\n\n<h3 class=\"wp-block-heading\">LTYH750 betona mais\u012bt\u0101js ir autonoms betona mais\u012bt\u0101js profesion\u0101lai lieto\u0161anai.<\/h3>\n\n\n\n<p class=\"translation-block\">LTYH750 ir n\u0101kam\u0101s paaudzes k\u0101pur\u0137\u0113\u017eu betona mais\u012bt\u0101js, kas paredz\u0113ts vissmag\u0101kajiem apst\u0101k\u013ciem. Uzticams 13,5 ZS Briggs &amp; Stratton benz\u012bna dzin\u0113js nodro\u0161ina uzticamu darb\u012bbu bez str\u0101vas kontaktligzdas, padarot \u0161o modeli ide\u0101li piem\u0113rotu b\u016bvlaukumiem, priv\u0101t\u012bpa\u0161umiem un gr\u016bti sasniedzam\u0101m viet\u0101m.<\/p>\n\n\n\n<p class=\"translation-block\">0,3 m\u00b3 tvertne ar hidraulisku pa\u0161izg\u0101z\u0113ju un 100\u00b0 izkrau\u0161anas le\u0146\u0137i nodro\u0161ina \u0101tru un prec\u012bzu betona pieg\u0101di. K\u0101pur\u0137\u0113\u017eu \u0161asija nodro\u0161ina p\u0101rliecino\u0161u p\u0101rvieto\u0161anos pa augsni, smilt\u012bm un nog\u0101z\u0113m l\u012bdz 25\u00b0, savuk\u0101rt minim\u0101lais pagrieziena r\u0101diuss tikai 1,3 m padara ma\u0161\u012bnu manevr\u0113jamu pat sl\u0113gt\u0101s telp\u0101s.<\/p>\n\n\n\n<p>LTYH750 viegli tiek gal\u0101 ar lieliem darba apjomiem, vienlaikus aizst\u0101jot vair\u0101kas rokas iek\u0101rtas.<\/p>\n\n\n\n<p><strong>Betona mais\u012bt\u0101js LTYH750 \u2014 ja nepiecie\u0161ams mobils, jaud\u012bgs un piln\u012bb\u0101 autonoms betona mais\u012bt\u0101js.<\/strong><\/p>\n\n\n\n<div class=\"wp-block-columns is-layout-flex wp-container-core-columns-is-layout-9d6595d7 wp-block-columns-is-layout-flex\">\n<div class=\"wp-block-column is-layout-flow wp-block-column-is-layout-flow\">\n<figure class=\"wp-block-image size-large\"><img data-opt-id=2092452693  fetchpriority=\"high\" decoding=\"async\" width=\"1024\" height=\"768\" src=\"https:\/\/mlkzi6dofpqr.i.optimole.com\/w:1024\/h:768\/q:mauto\/f:best\/https:\/\/leitekbaltic.com\/wp-content\/uploads\/2026\/01\/0Q8A73621-1.jpg\" alt=\"\" class=\"wp-image-377\" srcset=\"https:\/\/mlkzi6dofpqr.i.optimole.com\/w:1024\/h:768\/q:mauto\/f:best\/https:\/\/leitekbaltic.com\/wp-content\/uploads\/2026\/01\/0Q8A73621-1.jpg 1024w, https:\/\/mlkzi6dofpqr.i.optimole.com\/w:300\/h:225\/q:mauto\/f:best\/https:\/\/leitekbaltic.com\/wp-content\/uploads\/2026\/01\/0Q8A73621-1.jpg 300w, https:\/\/mlkzi6dofpqr.i.optimole.com\/w:768\/h:576\/q:mauto\/f:best\/https:\/\/leitekbaltic.com\/wp-content\/uploads\/2026\/01\/0Q8A73621-1.jpg 768w, https:\/\/mlkzi6dofpqr.i.optimole.com\/w:1536\/h:1152\/q:mauto\/f:best\/https:\/\/leitekbaltic.com\/wp-content\/uploads\/2026\/01\/0Q8A73621-1.jpg 1536w, https:\/\/mlkzi6dofpqr.i.optimole.com\/w:1920\/h:1440\/q:mauto\/f:best\/https:\/\/leitekbaltic.com\/wp-content\/uploads\/2026\/01\/0Q8A73621-1.jpg 2048w, https:\/\/mlkzi6dofpqr.i.optimole.com\/w:16\/h:12\/q:mauto\/f:best\/dpr:2\/https:\/\/leitekbaltic.com\/wp-content\/uploads\/2026\/01\/0Q8A73621-1.jpg 16w\" sizes=\"(max-width: 1000px) 100vw, 1000px\" \/><\/figure>\n<\/div>\n\n\n\n<div class=\"wp-block-column is-layout-flow wp-block-column-is-layout-flow\">\n<figure class=\"wp-block-image size-large\"><img data-opt-id=453126494  fetchpriority=\"high\" decoding=\"async\" width=\"1024\" height=\"768\" src=\"https:\/\/mlkzi6dofpqr.i.optimole.com\/w:1024\/h:768\/q:mauto\/f:best\/https:\/\/leitekbaltic.com\/wp-content\/uploads\/2026\/01\/0Q8A73791.jpg\" alt=\"\" class=\"wp-image-378\" srcset=\"https:\/\/mlkzi6dofpqr.i.optimole.com\/w:1024\/h:768\/q:mauto\/f:best\/https:\/\/leitekbaltic.com\/wp-content\/uploads\/2026\/01\/0Q8A73791.jpg 1024w, https:\/\/mlkzi6dofpqr.i.optimole.com\/w:300\/h:225\/q:mauto\/f:best\/https:\/\/leitekbaltic.com\/wp-content\/uploads\/2026\/01\/0Q8A73791.jpg 300w, https:\/\/mlkzi6dofpqr.i.optimole.com\/w:768\/h:576\/q:mauto\/f:best\/https:\/\/leitekbaltic.com\/wp-content\/uploads\/2026\/01\/0Q8A73791.jpg 768w, https:\/\/mlkzi6dofpqr.i.optimole.com\/w:1536\/h:1152\/q:mauto\/f:best\/https:\/\/leitekbaltic.com\/wp-content\/uploads\/2026\/01\/0Q8A73791.jpg 1536w, https:\/\/mlkzi6dofpqr.i.optimole.com\/w:1920\/h:1440\/q:mauto\/f:best\/https:\/\/leitekbaltic.com\/wp-content\/uploads\/2026\/01\/0Q8A73791.jpg 2048w, https:\/\/mlkzi6dofpqr.i.optimole.com\/w:16\/h:12\/q:mauto\/f:best\/dpr:2\/https:\/\/leitekbaltic.com\/wp-content\/uploads\/2026\/01\/0Q8A73791.jpg 16w\" sizes=\"(max-width: 1000px) 100vw, 1000px\" \/><\/figure>\n<\/div>\n\n\n\n<div class=\"wp-block-column is-layout-flow wp-block-column-is-layout-flow\">\n<figure class=\"wp-block-image size-large\"><img data-opt-id=1431707405  data-opt-src=\"https:\/\/mlkzi6dofpqr.i.optimole.com\/w:1024\/h:768\/q:mauto\/f:best\/https:\/\/leitekbaltic.com\/wp-content\/uploads\/2026\/01\/0Q8A73931.jpg\"  decoding=\"async\" width=\"1024\" height=\"768\" src=\"data:image/svg+xml,%3Csvg%20viewBox%3D%220%200%201024%20768%22%20width%3D%221024%22%20height%3D%22768%22%20xmlns%3D%22http%3A%2F%2Fwww.w3.org%2F2000%2Fsvg%22%3E%3Crect%20width%3D%221024%22%20height%3D%22768%22%20fill%3D%22transparent%22%2F%3E%3C%2Fsvg%3E\" alt=\"\" class=\"wp-image-379\" old-srcset=\"https:\/\/mlkzi6dofpqr.i.optimole.com\/w:1024\/h:768\/q:mauto\/f:best\/https:\/\/leitekbaltic.com\/wp-content\/uploads\/2026\/01\/0Q8A73931.jpg 1024w, https:\/\/mlkzi6dofpqr.i.optimole.com\/w:300\/h:225\/q:mauto\/f:best\/https:\/\/leitekbaltic.com\/wp-content\/uploads\/2026\/01\/0Q8A73931.jpg 300w, https:\/\/mlkzi6dofpqr.i.optimole.com\/w:768\/h:576\/q:mauto\/f:best\/https:\/\/leitekbaltic.com\/wp-content\/uploads\/2026\/01\/0Q8A73931.jpg 768w, https:\/\/mlkzi6dofpqr.i.optimole.com\/w:1536\/h:1152\/q:mauto\/f:best\/https:\/\/leitekbaltic.com\/wp-content\/uploads\/2026\/01\/0Q8A73931.jpg 1536w, https:\/\/mlkzi6dofpqr.i.optimole.com\/w:1920\/h:1440\/q:mauto\/f:best\/https:\/\/leitekbaltic.com\/wp-content\/uploads\/2026\/01\/0Q8A73931.jpg 2048w, https:\/\/mlkzi6dofpqr.i.optimole.com\/w:16\/h:12\/q:mauto\/f:best\/dpr:2\/https:\/\/leitekbaltic.com\/wp-content\/uploads\/2026\/01\/0Q8A73931.jpg 16w\" \/><\/figure>\n<\/div>\n<\/div>\n\n\n\n<div class=\"wp-block-columns is-layout-flex wp-container-core-columns-is-layout-9d6595d7 wp-block-columns-is-layout-flex\">\n<div class=\"wp-block-column is-layout-flow wp-block-column-is-layout-flow\">\n<figure class=\"wp-block-image size-large\"><img data-opt-id=1452841127  data-opt-src=\"https:\/\/mlkzi6dofpqr.i.optimole.com\/w:1024\/h:768\/q:mauto\/f:best\/https:\/\/leitekbaltic.com\/wp-content\/uploads\/2026\/01\/0Q8A74181.jpg\"  decoding=\"async\" width=\"1024\" height=\"768\" src=\"data:image/svg+xml,%3Csvg%20viewBox%3D%220%200%201024%20768%22%20width%3D%221024%22%20height%3D%22768%22%20xmlns%3D%22http%3A%2F%2Fwww.w3.org%2F2000%2Fsvg%22%3E%3Crect%20width%3D%221024%22%20height%3D%22768%22%20fill%3D%22transparent%22%2F%3E%3C%2Fsvg%3E\" alt=\"\" class=\"wp-image-380\" old-srcset=\"https:\/\/mlkzi6dofpqr.i.optimole.com\/w:1024\/h:768\/q:mauto\/f:best\/https:\/\/leitekbaltic.com\/wp-content\/uploads\/2026\/01\/0Q8A74181.jpg 1024w, https:\/\/mlkzi6dofpqr.i.optimole.com\/w:300\/h:225\/q:mauto\/f:best\/https:\/\/leitekbaltic.com\/wp-content\/uploads\/2026\/01\/0Q8A74181.jpg 300w, https:\/\/mlkzi6dofpqr.i.optimole.com\/w:768\/h:576\/q:mauto\/f:best\/https:\/\/leitekbaltic.com\/wp-content\/uploads\/2026\/01\/0Q8A74181.jpg 768w, https:\/\/mlkzi6dofpqr.i.optimole.com\/w:1536\/h:1152\/q:mauto\/f:best\/https:\/\/leitekbaltic.com\/wp-content\/uploads\/2026\/01\/0Q8A74181.jpg 1536w, https:\/\/mlkzi6dofpqr.i.optimole.com\/w:1920\/h:1440\/q:mauto\/f:best\/https:\/\/leitekbaltic.com\/wp-content\/uploads\/2026\/01\/0Q8A74181.jpg 2048w, https:\/\/mlkzi6dofpqr.i.optimole.com\/w:16\/h:12\/q:mauto\/f:best\/dpr:2\/https:\/\/leitekbaltic.com\/wp-content\/uploads\/2026\/01\/0Q8A74181.jpg 16w\" \/><\/figure>\n<\/div>\n\n\n\n<div class=\"wp-block-column is-layout-flow wp-block-column-is-layout-flow\">\n<figure class=\"wp-block-image size-large\"><img data-opt-id=1594053703  data-opt-src=\"https:\/\/mlkzi6dofpqr.i.optimole.com\/w:1024\/h:768\/q:mauto\/f:best\/https:\/\/leitekbaltic.com\/wp-content\/uploads\/2026\/01\/0Q8A73721.jpg\"  decoding=\"async\" width=\"1024\" height=\"768\" src=\"data:image/svg+xml,%3Csvg%20viewBox%3D%220%200%201024%20768%22%20width%3D%221024%22%20height%3D%22768%22%20xmlns%3D%22http%3A%2F%2Fwww.w3.org%2F2000%2Fsvg%22%3E%3Crect%20width%3D%221024%22%20height%3D%22768%22%20fill%3D%22transparent%22%2F%3E%3C%2Fsvg%3E\" alt=\"\" class=\"wp-image-381\" old-srcset=\"https:\/\/mlkzi6dofpqr.i.optimole.com\/w:1024\/h:768\/q:mauto\/f:best\/https:\/\/leitekbaltic.com\/wp-content\/uploads\/2026\/01\/0Q8A73721.jpg 1024w, https:\/\/mlkzi6dofpqr.i.optimole.com\/w:300\/h:225\/q:mauto\/f:best\/https:\/\/leitekbaltic.com\/wp-content\/uploads\/2026\/01\/0Q8A73721.jpg 300w, https:\/\/mlkzi6dofpqr.i.optimole.com\/w:768\/h:576\/q:mauto\/f:best\/https:\/\/leitekbaltic.com\/wp-content\/uploads\/2026\/01\/0Q8A73721.jpg 768w, https:\/\/mlkzi6dofpqr.i.optimole.com\/w:1536\/h:1152\/q:mauto\/f:best\/https:\/\/leitekbaltic.com\/wp-content\/uploads\/2026\/01\/0Q8A73721.jpg 1536w, https:\/\/mlkzi6dofpqr.i.optimole.com\/w:1920\/h:1440\/q:mauto\/f:best\/https:\/\/leitekbaltic.com\/wp-content\/uploads\/2026\/01\/0Q8A73721.jpg 2048w, https:\/\/mlkzi6dofpqr.i.optimole.com\/w:16\/h:12\/q:mauto\/f:best\/dpr:2\/https:\/\/leitekbaltic.com\/wp-content\/uploads\/2026\/01\/0Q8A73721.jpg 16w\" \/><\/figure>\n<\/div>\n\n\n\n<div class=\"wp-block-column is-layout-flow wp-block-column-is-layout-flow\">\n<figure class=\"wp-block-image size-large\"><img data-opt-id=1775770946  data-opt-src=\"https:\/\/mlkzi6dofpqr.i.optimole.com\/w:1024\/h:768\/q:mauto\/f:best\/https:\/\/leitekbaltic.com\/wp-content\/uploads\/2026\/01\/0Q8A73711.jpg\"  decoding=\"async\" width=\"1024\" height=\"768\" src=\"data:image/svg+xml,%3Csvg%20viewBox%3D%220%200%201024%20768%22%20width%3D%221024%22%20height%3D%22768%22%20xmlns%3D%22http%3A%2F%2Fwww.w3.org%2F2000%2Fsvg%22%3E%3Crect%20width%3D%221024%22%20height%3D%22768%22%20fill%3D%22transparent%22%2F%3E%3C%2Fsvg%3E\" alt=\"\" class=\"wp-image-382\" old-srcset=\"https:\/\/mlkzi6dofpqr.i.optimole.com\/w:1024\/h:768\/q:mauto\/f:best\/https:\/\/leitekbaltic.com\/wp-content\/uploads\/2026\/01\/0Q8A73711.jpg 1024w, https:\/\/mlkzi6dofpqr.i.optimole.com\/w:300\/h:225\/q:mauto\/f:best\/https:\/\/leitekbaltic.com\/wp-content\/uploads\/2026\/01\/0Q8A73711.jpg 300w, https:\/\/mlkzi6dofpqr.i.optimole.com\/w:768\/h:576\/q:mauto\/f:best\/https:\/\/leitekbaltic.com\/wp-content\/uploads\/2026\/01\/0Q8A73711.jpg 768w, https:\/\/mlkzi6dofpqr.i.optimole.com\/w:1536\/h:1152\/q:mauto\/f:best\/https:\/\/leitekbaltic.com\/wp-content\/uploads\/2026\/01\/0Q8A73711.jpg 1536w, https:\/\/mlkzi6dofpqr.i.optimole.com\/w:1920\/h:1440\/q:mauto\/f:best\/https:\/\/leitekbaltic.com\/wp-content\/uploads\/2026\/01\/0Q8A73711.jpg 2048w, https:\/\/mlkzi6dofpqr.i.optimole.com\/w:16\/h:12\/q:mauto\/f:best\/dpr:2\/https:\/\/leitekbaltic.com\/wp-content\/uploads\/2026\/01\/0Q8A73711.jpg 16w\" \/><\/figure>\n<\/div>\n<\/div>\n\n\n\n<div class=\"wp-block-media-text is-stacked-on-mobile\" style=\"grid-template-columns:51% auto\"><figure class=\"wp-block-media-text__media\"><video controls src=\"https:\/\/leitekbaltic.com\/wp-content\/uploads\/2026\/01\/Timeline-1.mov\"><\/video><\/figure><div class=\"wp-block-media-text__content\">\n<p class=\"translation-block\">LTYH750 betona mais\u012bt\u0101js ir paredz\u0113ts intens\u012bvai lieto\u0161anai b\u016bvlaukum\u0101. 180 mm slie\u017eu platums un 110 mm kl\u012brenss nodro\u0161ina stabilit\u0101ti un manevr\u0113tsp\u0113ju pat uz nel\u012bdzena reljefa. \u0160asija, kuras platums ir tikai 850 mm, \u013cauj ma\u0161\u012bnai viegli izbraukt cauri standarta atver\u0113m un darboties \u0113ku iek\u0161pus\u0113.<\/p>\n\n\n\n<p class=\"translation-block\">Mais\u012b\u0161anas tvertne ar diametru <strong>720 mm<\/strong> un garumu <strong>880 mm<\/strong> nodro\u0161ina vienm\u0113r\u012bgu betona mais\u012bjuma sajauk\u0161anu, un iekrau\u0161anas sprauslas diametrs <strong>460 mm<\/strong> vienk\u0101r\u0161o materi\u0101lu iekrau\u0161anu.<\/p>\n\n\n\n<p><strong>P\u0113c piepras\u012bjuma ma\u0161\u012bnu var apr\u012bkot ar d\u012bze\u013cdzin\u0113ju, kas \u013cauj piel\u0101got betona mais\u012bt\u0101ju smag\u0101kiem ekspluat\u0101cijas apst\u0101k\u013ciem un samazina ekspluat\u0101cijas izmaksas ilgsto\u0161as \u200b\u200bekspluat\u0101cijas laik\u0101.<\/strong><\/p>\n<\/div><\/div>\n\n\n\n<h2 class=\"wp-block-heading\">Produkta kods: MX-LTYH750-EU<\/h2>\n\n\n\n<div class=\"wp-block-buttons is-layout-flex wp-block-buttons-is-layout-flex\">\n<div class=\"wp-block-button\"><a class=\"wp-block-button__link wp-element-button\" href=\"https:\/\/leitekbaltic.com\/lv\/contact\/\">Request Offer<\/a><\/div>\n<\/div>","protected":false},"excerpt":{"rendered":"<p>\u041a\u043e\u0434 \u0442\u043e\u0432\u0430\u0440\u0430: MX-LTYH750-EU Concrete Mixer LTYH750 \u2014 \u0430\u0432\u0442\u043e\u043d\u043e\u043c\u043d\u0430\u044f \u0431\u0435\u0442\u043e\u043d\u043e\u043c\u0435\u0448\u0430\u043b\u043a\u0430 \u0434\u043b\u044f \u043f\u0440\u043e\u0444\u0435\u0441\u0441\u0438\u043e\u043d\u0430\u043b\u044c\u043d\u044b\u0445 \u0440\u0430\u0431\u043e\u0442 LTYH750 \u2014 \u044d\u0442\u043e \u0433\u0443\u0441\u0435\u043d\u0438\u0447\u043d\u0430\u044f \u0431\u0435\u0442\u043e\u043d\u043d\u0430\u044f \u043c\u0435\u0448\u0430\u043b\u043a\u0430 \u043d\u043e\u0432\u043e\u0433\u043e \u043f\u043e\u043a\u043e\u043b\u0435\u043d\u0438\u044f, \u0441\u043e\u0437\u0434\u0430\u043d\u043d\u0430\u044f \u0434\u043b\u044f \u0440\u0430\u0431\u043e\u0442\u044b \u0432 \u0441\u0430\u043c\u044b\u0445 \u0441\u043b\u043e\u0436\u043d\u044b\u0445 \u0443\u0441\u043b\u043e\u0432\u0438\u044f\u0445. \u041d\u0430\u0434\u0451\u0436\u043d\u044b\u0439 \u0431\u0435\u043d\u0437\u0438\u043d\u043e\u0432\u044b\u0439 \u0434\u0432\u0438\u0433\u0430\u0442\u0435\u043b\u044c Briggs &amp; Stratton 13,5 \u043b.\u0441. \u043e\u0431\u0435\u0441\u043f\u0435\u0447\u0438\u0432\u0430\u0435\u0442 \u0441\u0442\u0430\u0431\u0438\u043b\u044c\u043d\u0443\u044e \u0440\u0430\u0431\u043e\u0442\u0443 \u0431\u0435\u0437 \u043f\u043e\u0434\u043a\u043b\u044e\u0447\u0435\u043d\u0438\u044f \u043a \u044d\u043b\u0435\u043a\u0442\u0440\u043e\u0441\u0435\u0442\u0438, \u0447\u0442\u043e \u0434\u0435\u043b\u0430\u0435\u0442 \u044d\u0442\u0443 \u043c\u043e\u0434\u0435\u043b\u044c \u0438\u0434\u0435\u0430\u043b\u044c\u043d\u043e\u0439 \u0434\u043b\u044f \u0441\u0442\u0440\u043e\u0439\u043f\u043b\u043e\u0449\u0430\u0434\u043e\u043a, \u0447\u0430\u0441\u0442\u043d\u044b\u0445 \u043e\u0431\u044a\u0435\u043a\u0442\u043e\u0432 \u0438 \u0442\u0440\u0443\u0434\u043d\u043e\u0434\u043e\u0441\u0442\u0443\u043f\u043d\u044b\u0445 \u0442\u0435\u0440\u0440\u0438\u0442\u043e\u0440\u0438\u0439. \u0411\u0430\u043a [&hellip;]<\/p>\n","protected":false},"author":1,"featured_media":0,"parent":0,"menu_order":0,"comment_status":"closed","ping_status":"closed","template":"","meta":{"_themeisle_gutenberg_block_has_review":false,"footnotes":""},"class_list":["post-371","page","type-page","status-publish","hentry"],"_links":{"self":[{"href":"https:\/\/leitekbaltic.com\/lv\/wp-json\/wp\/v2\/pages\/371","targetHints":{"allow":["GET"]}}],"collection":[{"href":"https:\/\/leitekbaltic.com\/lv\/wp-json\/wp\/v2\/pages"}],"about":[{"href":"https:\/\/leitekbaltic.com\/lv\/wp-json\/wp\/v2\/types\/page"}],"author":[{"embeddable":true,"href":"https:\/\/leitekbaltic.com\/lv\/wp-json\/wp\/v2\/users\/1"}],"replies":[{"embeddable":true,"href":"https:\/\/leitekbaltic.com\/lv\/wp-json\/wp\/v2\/comments?post=371"}],"version-history":[{"count":5,"href":"https:\/\/leitekbaltic.com\/lv\/wp-json\/wp\/v2\/pages\/371\/revisions"}],"predecessor-version":[{"id":443,"href":"https:\/\/leitekbaltic.com\/lv\/wp-json\/wp\/v2\/pages\/371\/revisions\/443"}],"wp:attachment":[{"href":"https:\/\/leitekbaltic.com\/lv\/wp-json\/wp\/v2\/media?parent=371"}],"curies":[{"name":"wp","href":"https:\/\/api.w.org\/{rel}","templated":true}]}}