{"id":387,"date":"2026-01-02T16:45:53","date_gmt":"2026-01-02T13:45:53","guid":{"rendered":"https:\/\/leitekbaltic.com\/?page_id=387"},"modified":"2026-01-02T17:06:20","modified_gmt":"2026-01-02T14:06:20","slug":"mini-dumper-lt-d50","status":"publish","type":"page","link":"https:\/\/leitekbaltic.com\/lv\/mini-dumper-lt-d50\/","title":{"rendered":"Mini Dumper LT-D50"},"content":{"rendered":"<div class=\"wp-block-columns is-layout-flex wp-container-core-columns-is-layout-9d6595d7 wp-block-columns-is-layout-flex\">\n<div class=\"wp-block-column is-layout-flow wp-block-column-is-layout-flow\">\n<h2 class=\"wp-block-heading\"><strong>Produkta kods: DP-LT-D50-EU<\/strong><\/h2>\n<\/div>\n\n\n\n<div class=\"wp-block-column is-layout-flow wp-block-column-is-layout-flow\">\n<div class=\"wp-block-buttons is-layout-flex wp-block-buttons-is-layout-flex\">\n<div class=\"wp-block-button\"><a class=\"wp-block-button__link wp-element-button\" href=\"https:\/\/leitekbaltic.com\/lv\/contact\/\">Request Offer<\/a><\/div>\n<\/div>\n<\/div>\n<\/div>\n\n\n\n<div class=\"wp-block-media-text is-stacked-on-mobile\"><figure class=\"wp-block-media-text__media\"><img data-opt-id=1821063372  fetchpriority=\"high\" decoding=\"async\" width=\"840\" height=\"630\" src=\"https:\/\/mlkzi6dofpqr.i.optimole.com\/w:auto\/h:auto\/q:mauto\/f:best\/https:\/\/leitekbaltic.com\/wp-content\/uploads\/2026\/01\/LT-50.webp\" alt=\"\" class=\"wp-image-388 size-full\" srcset=\"https:\/\/mlkzi6dofpqr.i.optimole.com\/w:840\/h:630\/q:mauto\/f:best\/https:\/\/leitekbaltic.com\/wp-content\/uploads\/2026\/01\/LT-50.webp 840w, https:\/\/mlkzi6dofpqr.i.optimole.com\/w:300\/h:225\/q:mauto\/f:best\/https:\/\/leitekbaltic.com\/wp-content\/uploads\/2026\/01\/LT-50.webp 300w, https:\/\/mlkzi6dofpqr.i.optimole.com\/w:768\/h:576\/q:mauto\/f:best\/https:\/\/leitekbaltic.com\/wp-content\/uploads\/2026\/01\/LT-50.webp 768w, https:\/\/mlkzi6dofpqr.i.optimole.com\/w:16\/h:12\/q:mauto\/f:best\/dpr:2\/https:\/\/leitekbaltic.com\/wp-content\/uploads\/2026\/01\/LT-50.webp 16w\" sizes=\"(max-width: 840px) 100vw, 840px\" \/><\/figure><div class=\"wp-block-media-text__content\">\n<p><strong>Mini Dumper LT-D50<\/strong> - kompakts pa\u0161izg\u0101z\u0113js smagiem darbiem<\/p>\n\n\n\n<p>Mini Dumper <strong>LT-D50<\/strong> \u2014 \u0160is ir uzticams k\u0101pur\u0137\u0113\u017eu mini pa\u0161izg\u0101z\u0113js, kas paredz\u0113ts augsnes, betona, smil\u0161u un b\u016bvmateri\u0101lu \u0101trai p\u0101rvad\u0101\u0161anai viet\u0101s, kur liel\u0101ks apr\u012bkojums nav pietiekams. T\u0101 kompaktais izm\u0113rs un augst\u0101 manevr\u0113tsp\u0113ja padara to ide\u0101li piem\u0113rotu b\u016bvlaukumiem, ainavu veido\u0161anai, siltumn\u012bc\u0101m un priv\u0101t\u012bpa\u0161umiem.<\/p>\n\n\n\n<p>LT-D50 p\u0101rliecino\u0161i p\u0101rvietojas pa bezce\u013ciem, nog\u0101z\u0113m un \u0161aur\u0101m ej\u0101m, nodro\u0161inot stabilu darb\u012bbu pat sare\u017e\u0123\u012btos apst\u0101k\u013cos. Tas ir praktisks risin\u0101jums tiem, kam nepiecie\u0161ama mobilit\u0101te, efektivit\u0101te un uzticam\u012bba vien\u0101 ier\u012bc\u0113.<\/p>\n<\/div><\/div>\n\n\n\n<div class=\"wp-block-columns is-layout-flex wp-container-core-columns-is-layout-9d6595d7 wp-block-columns-is-layout-flex\">\n<div class=\"wp-block-column is-layout-flow wp-block-column-is-layout-flow\">\n<figure class=\"wp-block-image size-full\"><img data-opt-id=1913561545  fetchpriority=\"high\" decoding=\"async\" width=\"840\" height=\"630\" src=\"https:\/\/mlkzi6dofpqr.i.optimole.com\/w:auto\/h:auto\/q:mauto\/f:best\/https:\/\/leitekbaltic.com\/wp-content\/uploads\/2026\/01\/7b6bb35b3b52.webp\" alt=\"\" class=\"wp-image-393\" srcset=\"https:\/\/mlkzi6dofpqr.i.optimole.com\/w:840\/h:630\/q:mauto\/f:best\/https:\/\/leitekbaltic.com\/wp-content\/uploads\/2026\/01\/7b6bb35b3b52.webp 840w, https:\/\/mlkzi6dofpqr.i.optimole.com\/w:300\/h:225\/q:mauto\/f:best\/https:\/\/leitekbaltic.com\/wp-content\/uploads\/2026\/01\/7b6bb35b3b52.webp 300w, https:\/\/mlkzi6dofpqr.i.optimole.com\/w:768\/h:576\/q:mauto\/f:best\/https:\/\/leitekbaltic.com\/wp-content\/uploads\/2026\/01\/7b6bb35b3b52.webp 768w, https:\/\/mlkzi6dofpqr.i.optimole.com\/w:16\/h:12\/q:mauto\/f:best\/dpr:2\/https:\/\/leitekbaltic.com\/wp-content\/uploads\/2026\/01\/7b6bb35b3b52.webp 16w\" sizes=\"(max-width: 840px) 100vw, 840px\" \/><\/figure>\n<\/div>\n\n\n\n<div class=\"wp-block-column is-layout-flow wp-block-column-is-layout-flow\">\n<figure class=\"wp-block-image size-full\"><img data-opt-id=166165030  data-opt-src=\"https:\/\/mlkzi6dofpqr.i.optimole.com\/w:auto\/h:auto\/q:mauto\/f:best\/https:\/\/leitekbaltic.com\/wp-content\/uploads\/2026\/01\/c97e39707c3af3e.webp\"  decoding=\"async\" width=\"840\" height=\"630\" src=\"data:image/svg+xml,%3Csvg%20viewBox%3D%220%200%20100%%20100%%22%20width%3D%22100%%22%20height%3D%22100%%22%20xmlns%3D%22http%3A%2F%2Fwww.w3.org%2F2000%2Fsvg%22%3E%3Crect%20width%3D%22100%%22%20height%3D%22100%%22%20fill%3D%22transparent%22%2F%3E%3C%2Fsvg%3E\" alt=\"\" class=\"wp-image-394\" old-srcset=\"https:\/\/mlkzi6dofpqr.i.optimole.com\/w:840\/h:630\/q:mauto\/f:best\/https:\/\/leitekbaltic.com\/wp-content\/uploads\/2026\/01\/c97e39707c3af3e.webp 840w, https:\/\/mlkzi6dofpqr.i.optimole.com\/w:300\/h:225\/q:mauto\/f:best\/https:\/\/leitekbaltic.com\/wp-content\/uploads\/2026\/01\/c97e39707c3af3e.webp 300w, https:\/\/mlkzi6dofpqr.i.optimole.com\/w:768\/h:576\/q:mauto\/f:best\/https:\/\/leitekbaltic.com\/wp-content\/uploads\/2026\/01\/c97e39707c3af3e.webp 768w, https:\/\/mlkzi6dofpqr.i.optimole.com\/w:16\/h:12\/q:mauto\/f:best\/dpr:2\/https:\/\/leitekbaltic.com\/wp-content\/uploads\/2026\/01\/c97e39707c3af3e.webp 16w\" \/><\/figure>\n<\/div>\n\n\n\n<div class=\"wp-block-column is-layout-flow wp-block-column-is-layout-flow\">\n<figure class=\"wp-block-image size-full\"><img data-opt-id=496499062  data-opt-src=\"https:\/\/mlkzi6dofpqr.i.optimole.com\/w:auto\/h:auto\/q:mauto\/f:best\/https:\/\/leitekbaltic.com\/wp-content\/uploads\/2026\/01\/c8382cec9c53720.webp\"  decoding=\"async\" width=\"840\" height=\"630\" src=\"data:image/svg+xml,%3Csvg%20viewBox%3D%220%200%20100%%20100%%22%20width%3D%22100%%22%20height%3D%22100%%22%20xmlns%3D%22http%3A%2F%2Fwww.w3.org%2F2000%2Fsvg%22%3E%3Crect%20width%3D%22100%%22%20height%3D%22100%%22%20fill%3D%22transparent%22%2F%3E%3C%2Fsvg%3E\" alt=\"\" class=\"wp-image-395\" old-srcset=\"https:\/\/mlkzi6dofpqr.i.optimole.com\/w:840\/h:630\/q:mauto\/f:best\/https:\/\/leitekbaltic.com\/wp-content\/uploads\/2026\/01\/c8382cec9c53720.webp 840w, https:\/\/mlkzi6dofpqr.i.optimole.com\/w:300\/h:225\/q:mauto\/f:best\/https:\/\/leitekbaltic.com\/wp-content\/uploads\/2026\/01\/c8382cec9c53720.webp 300w, https:\/\/mlkzi6dofpqr.i.optimole.com\/w:768\/h:576\/q:mauto\/f:best\/https:\/\/leitekbaltic.com\/wp-content\/uploads\/2026\/01\/c8382cec9c53720.webp 768w, https:\/\/mlkzi6dofpqr.i.optimole.com\/w:16\/h:12\/q:mauto\/f:best\/dpr:2\/https:\/\/leitekbaltic.com\/wp-content\/uploads\/2026\/01\/c8382cec9c53720.webp 16w\" \/><\/figure>\n<\/div>\n<\/div>\n\n\n\n<div class=\"wp-block-media-text has-media-on-the-right is-stacked-on-mobile\"><div class=\"wp-block-media-text__content\">\n<p>Mini pa\u0161izg\u0101z\u0113js LT-D50 \u2013 kompakta jauda jebkuram objektam<\/p>\n\n\n\n<p>Mini Dumper <strong>LT-D50<\/strong> Paredz\u0113ts \u0101trai un uzticamai materi\u0101lu transport\u0113\u0161anai vis\u0161aur\u0101kaj\u0101s telp\u0101s. Ar kompaktiem izm\u0113riem. <strong>1517\u00d7870\u00d71278 \u043c\u043c<\/strong> Tas sp\u0113j nest l\u012bdz pat <strong>500 \u043a\u0433<\/strong> kravu, vienlaikus saglab\u0101jot lielisku stabilit\u0101ti un manevr\u0113tsp\u0113ju.<\/p>\n\n\n\n<p class=\"translation-block\">0,22 m\u00b3 kravas nodal\u012bjums ir ide\u0101li piem\u0113rots augsnes, smil\u0161u, betona un b\u016bvniec\u012bbas atkritumu p\u0101rvad\u0101\u0161anai, un uzticamais R210 dzin\u0113js nodro\u0161ina stabilu darb\u012bbu pat piln\u012bb\u0101 piekraut\u0101 st\u0101vokl\u012b.<\/p>\n\n\n\n<p><strong>LT-D50 ir ide\u0101ls risin\u0101jums b\u016bvlaukumiem, dz\u012bvojamajiem \u012bpa\u0161umiem un ainavu veido\u0161anai, kur b\u016btiska ir kompaktums, jauda un efektivit\u0101te.<\/strong><\/p>\n\n\n\n<figure class=\"wp-block-video\"><video height=\"1080\" style=\"aspect-ratio: 1920 \/ 1080;\" width=\"1920\" controls src=\"https:\/\/leitekbaltic.com\/wp-content\/uploads\/2026\/01\/LT-D50-Mini-Dumper.mp4\"><\/video><\/figure>\n\n\n\n<h2 class=\"wp-block-heading\"><strong>Produkta kods: DP-LT-D50-EU<\/strong><\/h2>\n<\/div><figure class=\"wp-block-media-text__media\"><img data-opt-id=1700340040  data-opt-src=\"https:\/\/mlkzi6dofpqr.i.optimole.com\/w:auto\/h:auto\/q:mauto\/f:best\/https:\/\/leitekbaltic.com\/wp-content\/uploads\/2026\/01\/cff0a10b75cc4c7.webp\"  decoding=\"async\" width=\"840\" height=\"630\" src=\"data:image/svg+xml,%3Csvg%20viewBox%3D%220%200%20100%%20100%%22%20width%3D%22100%%22%20height%3D%22100%%22%20xmlns%3D%22http%3A%2F%2Fwww.w3.org%2F2000%2Fsvg%22%3E%3Crect%20width%3D%22100%%22%20height%3D%22100%%22%20fill%3D%22transparent%22%2F%3E%3C%2Fsvg%3E\" alt=\"\" class=\"wp-image-396 size-full\" old-srcset=\"https:\/\/mlkzi6dofpqr.i.optimole.com\/w:840\/h:630\/q:mauto\/f:best\/https:\/\/leitekbaltic.com\/wp-content\/uploads\/2026\/01\/cff0a10b75cc4c7.webp 840w, https:\/\/mlkzi6dofpqr.i.optimole.com\/w:300\/h:225\/q:mauto\/f:best\/https:\/\/leitekbaltic.com\/wp-content\/uploads\/2026\/01\/cff0a10b75cc4c7.webp 300w, https:\/\/mlkzi6dofpqr.i.optimole.com\/w:768\/h:576\/q:mauto\/f:best\/https:\/\/leitekbaltic.com\/wp-content\/uploads\/2026\/01\/cff0a10b75cc4c7.webp 768w, https:\/\/mlkzi6dofpqr.i.optimole.com\/w:16\/h:12\/q:mauto\/f:best\/dpr:2\/https:\/\/leitekbaltic.com\/wp-content\/uploads\/2026\/01\/cff0a10b75cc4c7.webp 16w\" \/><\/figure><\/div>\n\n\n\n<div class=\"wp-block-buttons is-layout-flex wp-block-buttons-is-layout-flex\">\n<div class=\"wp-block-button\"><a class=\"wp-block-button__link wp-element-button\" href=\"https:\/\/leitekbaltic.com\/lv\/contact\/\">Request Offer<\/a><\/div>\n<\/div>","protected":false},"excerpt":{"rendered":"<p>\u041a\u043e\u0434 \u0442\u043e\u0432\u0430\u0440\u0430: DP-LT-D50-EU Mini Dumper LT-D50 \u2014 \u043a\u043e\u043c\u043f\u0430\u043a\u0442\u043d\u044b\u0439 \u0441\u0430\u043c\u043e\u0441\u0432\u0430\u043b \u0434\u043b\u044f \u0442\u044f\u0436\u0451\u043b\u043e\u0439 \u0440\u0430\u0431\u043e\u0442\u044b Mini Dumper LT-D50 \u2014 \u044d\u0442\u043e \u043d\u0430\u0434\u0451\u0436\u043d\u044b\u0439 \u0433\u0443\u0441\u0435\u043d\u0438\u0447\u043d\u044b\u0439 \u043c\u0438\u043d\u0438-\u0441\u0430\u043c\u043e\u0441\u0432\u0430\u043b, \u0441\u043e\u0437\u0434\u0430\u043d\u043d\u044b\u0439 \u0434\u043b\u044f \u0431\u044b\u0441\u0442\u0440\u043e\u0439 \u043f\u0435\u0440\u0435\u0432\u043e\u0437\u043a\u0438 \u0433\u0440\u0443\u043d\u0442\u0430, \u0431\u0435\u0442\u043e\u043d\u0430, \u043f\u0435\u0441\u043a\u0430 \u0438 \u0441\u0442\u0440\u043e\u0438\u0442\u0435\u043b\u044c\u043d\u044b\u0445 \u043c\u0430\u0442\u0435\u0440\u0438\u0430\u043b\u043e\u0432 \u0432 \u043c\u0435\u0441\u0442\u0430\u0445, \u0433\u0434\u0435 \u043a\u0440\u0443\u043f\u043d\u0430\u044f \u0442\u0435\u0445\u043d\u0438\u043a\u0430 \u0431\u0435\u0441\u0441\u0438\u043b\u044c\u043d\u0430. \u0411\u043b\u0430\u0433\u043e\u0434\u0430\u0440\u044f \u043a\u043e\u043c\u043f\u0430\u043a\u0442\u043d\u044b\u043c \u0440\u0430\u0437\u043c\u0435\u0440\u0430\u043c \u0438 \u0432\u044b\u0441\u043e\u043a\u043e\u0439 \u043f\u0440\u043e\u0445\u043e\u0434\u0438\u043c\u043e\u0441\u0442\u0438 \u043e\u043d \u0438\u0434\u0435\u0430\u043b\u044c\u043d\u043e \u043f\u043e\u0434\u0445\u043e\u0434\u0438\u0442 \u0434\u043b\u044f \u0441\u0442\u0440\u043e\u0438\u0442\u0435\u043b\u044c\u043d\u044b\u0445 \u043f\u043b\u043e\u0449\u0430\u0434\u043e\u043a, \u043b\u0430\u043d\u0434\u0448\u0430\u0444\u0442\u043d\u044b\u0445 \u0440\u0430\u0431\u043e\u0442, \u0442\u0435\u043f\u043b\u0438\u0446 \u0438 \u0447\u0430\u0441\u0442\u043d\u044b\u0445 \u043e\u0431\u044a\u0435\u043a\u0442\u043e\u0432. LT-D50 [&hellip;]<\/p>\n","protected":false},"author":1,"featured_media":0,"parent":0,"menu_order":0,"comment_status":"closed","ping_status":"closed","template":"","meta":{"_themeisle_gutenberg_block_has_review":false,"footnotes":""},"class_list":["post-387","page","type-page","status-publish","hentry"],"_links":{"self":[{"href":"https:\/\/leitekbaltic.com\/lv\/wp-json\/wp\/v2\/pages\/387","targetHints":{"allow":["GET"]}}],"collection":[{"href":"https:\/\/leitekbaltic.com\/lv\/wp-json\/wp\/v2\/pages"}],"about":[{"href":"https:\/\/leitekbaltic.com\/lv\/wp-json\/wp\/v2\/types\/page"}],"author":[{"embeddable":true,"href":"https:\/\/leitekbaltic.com\/lv\/wp-json\/wp\/v2\/users\/1"}],"replies":[{"embeddable":true,"href":"https:\/\/leitekbaltic.com\/lv\/wp-json\/wp\/v2\/comments?post=387"}],"version-history":[{"count":5,"href":"https:\/\/leitekbaltic.com\/lv\/wp-json\/wp\/v2\/pages\/387\/revisions"}],"predecessor-version":[{"id":404,"href":"https:\/\/leitekbaltic.com\/lv\/wp-json\/wp\/v2\/pages\/387\/revisions\/404"}],"wp:attachment":[{"href":"https:\/\/leitekbaltic.com\/lv\/wp-json\/wp\/v2\/media?parent=387"}],"curies":[{"name":"wp","href":"https:\/\/api.w.org\/{rel}","templated":true}]}}