{"id":406,"date":"2026-01-02T17:20:37","date_gmt":"2026-01-02T14:20:37","guid":{"rendered":"https:\/\/leitekbaltic.com\/?page_id=406"},"modified":"2026-01-02T21:13:41","modified_gmt":"2026-01-02T18:13:41","slug":"mini-dumper-lt-d80","status":"publish","type":"page","link":"https:\/\/leitekbaltic.com\/lv\/mini-dumper-lt-d80\/","title":{"rendered":"Mini Dumper LT-D80"},"content":{"rendered":"<div class=\"wp-block-columns is-layout-flex wp-container-core-columns-is-layout-9d6595d7 wp-block-columns-is-layout-flex\">\n<div class=\"wp-block-column is-layout-flow wp-block-column-is-layout-flow\">\n<h2 class=\"wp-block-heading\">Produkta kods: DP-LT-D80-EU<\/h2>\n<\/div>\n\n\n\n<div class=\"wp-block-column is-layout-flow wp-block-column-is-layout-flow\">\n<div class=\"wp-block-buttons is-layout-flex wp-block-buttons-is-layout-flex\">\n<div class=\"wp-block-button\"><a class=\"wp-block-button__link wp-element-button\" href=\"https:\/\/leitekbaltic.com\/lv\/contact\/\">Request Offer<\/a><\/div>\n<\/div>\n<\/div>\n<\/div>\n\n\n\n<div class=\"wp-block-media-text is-stacked-on-mobile\"><figure class=\"wp-block-media-text__media\"><img data-opt-id=1566497602  fetchpriority=\"high\" decoding=\"async\" width=\"840\" height=\"630\" src=\"https:\/\/mlkzi6dofpqr.i.optimole.com\/w:auto\/h:auto\/q:mauto\/f:best\/https:\/\/leitekbaltic.com\/wp-content\/uploads\/2026\/01\/ed23fcb749859c7.webp\" alt=\"\" class=\"wp-image-407 size-full\" srcset=\"https:\/\/mlkzi6dofpqr.i.optimole.com\/w:840\/h:630\/q:mauto\/f:best\/https:\/\/leitekbaltic.com\/wp-content\/uploads\/2026\/01\/ed23fcb749859c7.webp 840w, https:\/\/mlkzi6dofpqr.i.optimole.com\/w:300\/h:225\/q:mauto\/f:best\/https:\/\/leitekbaltic.com\/wp-content\/uploads\/2026\/01\/ed23fcb749859c7.webp 300w, https:\/\/mlkzi6dofpqr.i.optimole.com\/w:768\/h:576\/q:mauto\/f:best\/https:\/\/leitekbaltic.com\/wp-content\/uploads\/2026\/01\/ed23fcb749859c7.webp 768w, https:\/\/mlkzi6dofpqr.i.optimole.com\/w:16\/h:12\/q:mauto\/f:best\/dpr:2\/https:\/\/leitekbaltic.com\/wp-content\/uploads\/2026\/01\/ed23fcb749859c7.webp 16w\" sizes=\"(max-width: 840px) 100vw, 840px\" \/><\/figure><div class=\"wp-block-media-text__content\">\n<p><strong>Mini Dumper LT-D80 <\/strong>- v\u0113l liel\u0101ka jauda un kravnes\u012bba<\/p>\n\n\n\n<p>Mini Dumper <strong>LT-D80<\/strong> \u2014 \u0160is ir jaud\u012bgs k\u0101pur\u0137\u0113\u017eu mini pa\u0161izg\u0101z\u0113js profesion\u0101lai lieto\u0161anai. Tas ir paredz\u0113ts tiem, kam nepiecie\u0161ams \u0101tri un bez piep\u016bles transport\u0113t lielus materi\u0101lu apjomus pat vissare\u017e\u0123\u012bt\u0101kajos apst\u0101k\u013cos.<\/p>\n\n\n\n<p>Pateicoties palielin\u0101tajai celtsp\u0113jai un robustajai konstrukcijai, LT-D80 sp\u0113j apstr\u0101d\u0101t augsni, betonu, smiltis un b\u016bvniec\u012bbas atkritumus b\u016bvlaukumos, saimniec\u012bb\u0101s un ainavu veido\u0161anas projektos.<\/p>\n\n\n\n<p><strong>LT-D80 \u2013 ja nepiecie\u0161ama maksim\u0101la veiktsp\u0113ja kompakt\u0101 form\u0101t\u0101.<\/strong><\/p>\n<\/div><\/div>\n\n\n\n<div class=\"wp-block-columns is-layout-flex wp-container-core-columns-is-layout-9d6595d7 wp-block-columns-is-layout-flex\">\n<div class=\"wp-block-column is-layout-flow wp-block-column-is-layout-flow\">\n<figure class=\"wp-block-image size-full\"><img data-opt-id=1738085971  fetchpriority=\"high\" decoding=\"async\" width=\"840\" height=\"630\" src=\"https:\/\/mlkzi6dofpqr.i.optimole.com\/w:auto\/h:auto\/q:mauto\/f:best\/https:\/\/leitekbaltic.com\/wp-content\/uploads\/2026\/01\/0fc14243fa1a0f2.webp\" alt=\"\" class=\"wp-image-408\" srcset=\"https:\/\/mlkzi6dofpqr.i.optimole.com\/w:840\/h:630\/q:mauto\/f:best\/https:\/\/leitekbaltic.com\/wp-content\/uploads\/2026\/01\/0fc14243fa1a0f2.webp 840w, https:\/\/mlkzi6dofpqr.i.optimole.com\/w:300\/h:225\/q:mauto\/f:best\/https:\/\/leitekbaltic.com\/wp-content\/uploads\/2026\/01\/0fc14243fa1a0f2.webp 300w, https:\/\/mlkzi6dofpqr.i.optimole.com\/w:768\/h:576\/q:mauto\/f:best\/https:\/\/leitekbaltic.com\/wp-content\/uploads\/2026\/01\/0fc14243fa1a0f2.webp 768w, https:\/\/mlkzi6dofpqr.i.optimole.com\/w:16\/h:12\/q:mauto\/f:best\/dpr:2\/https:\/\/leitekbaltic.com\/wp-content\/uploads\/2026\/01\/0fc14243fa1a0f2.webp 16w\" sizes=\"(max-width: 840px) 100vw, 840px\" \/><\/figure>\n<\/div>\n\n\n\n<div class=\"wp-block-column is-layout-flow wp-block-column-is-layout-flow\">\n<figure class=\"wp-block-image size-full\"><img data-opt-id=2020895394  data-opt-src=\"https:\/\/mlkzi6dofpqr.i.optimole.com\/w:auto\/h:auto\/q:mauto\/f:best\/https:\/\/leitekbaltic.com\/wp-content\/uploads\/2026\/01\/0116fc0e06b1157.webp\"  decoding=\"async\" width=\"840\" height=\"630\" src=\"data:image/svg+xml,%3Csvg%20viewBox%3D%220%200%20100%%20100%%22%20width%3D%22100%%22%20height%3D%22100%%22%20xmlns%3D%22http%3A%2F%2Fwww.w3.org%2F2000%2Fsvg%22%3E%3Crect%20width%3D%22100%%22%20height%3D%22100%%22%20fill%3D%22transparent%22%2F%3E%3C%2Fsvg%3E\" alt=\"\" class=\"wp-image-409\" old-srcset=\"https:\/\/mlkzi6dofpqr.i.optimole.com\/w:840\/h:630\/q:mauto\/f:best\/https:\/\/leitekbaltic.com\/wp-content\/uploads\/2026\/01\/0116fc0e06b1157.webp 840w, https:\/\/mlkzi6dofpqr.i.optimole.com\/w:300\/h:225\/q:mauto\/f:best\/https:\/\/leitekbaltic.com\/wp-content\/uploads\/2026\/01\/0116fc0e06b1157.webp 300w, https:\/\/mlkzi6dofpqr.i.optimole.com\/w:768\/h:576\/q:mauto\/f:best\/https:\/\/leitekbaltic.com\/wp-content\/uploads\/2026\/01\/0116fc0e06b1157.webp 768w, https:\/\/mlkzi6dofpqr.i.optimole.com\/w:16\/h:12\/q:mauto\/f:best\/dpr:2\/https:\/\/leitekbaltic.com\/wp-content\/uploads\/2026\/01\/0116fc0e06b1157.webp 16w\" \/><\/figure>\n<\/div>\n\n\n\n<div class=\"wp-block-column is-layout-flow wp-block-column-is-layout-flow\">\n<figure class=\"wp-block-image size-full\"><img data-opt-id=1054111431  data-opt-src=\"https:\/\/mlkzi6dofpqr.i.optimole.com\/w:auto\/h:auto\/q:mauto\/f:best\/https:\/\/leitekbaltic.com\/wp-content\/uploads\/2026\/01\/c38c17f308c5c8c.webp\"  decoding=\"async\" width=\"840\" height=\"630\" src=\"data:image/svg+xml,%3Csvg%20viewBox%3D%220%200%20100%%20100%%22%20width%3D%22100%%22%20height%3D%22100%%22%20xmlns%3D%22http%3A%2F%2Fwww.w3.org%2F2000%2Fsvg%22%3E%3Crect%20width%3D%22100%%22%20height%3D%22100%%22%20fill%3D%22transparent%22%2F%3E%3C%2Fsvg%3E\" alt=\"\" class=\"wp-image-410\" old-srcset=\"https:\/\/mlkzi6dofpqr.i.optimole.com\/w:840\/h:630\/q:mauto\/f:best\/https:\/\/leitekbaltic.com\/wp-content\/uploads\/2026\/01\/c38c17f308c5c8c.webp 840w, https:\/\/mlkzi6dofpqr.i.optimole.com\/w:300\/h:225\/q:mauto\/f:best\/https:\/\/leitekbaltic.com\/wp-content\/uploads\/2026\/01\/c38c17f308c5c8c.webp 300w, https:\/\/mlkzi6dofpqr.i.optimole.com\/w:768\/h:576\/q:mauto\/f:best\/https:\/\/leitekbaltic.com\/wp-content\/uploads\/2026\/01\/c38c17f308c5c8c.webp 768w, https:\/\/mlkzi6dofpqr.i.optimole.com\/w:16\/h:12\/q:mauto\/f:best\/dpr:2\/https:\/\/leitekbaltic.com\/wp-content\/uploads\/2026\/01\/c38c17f308c5c8c.webp 16w\" \/><\/figure>\n<\/div>\n<\/div>\n\n\n\n<div class=\"wp-block-media-text has-media-on-the-right is-stacked-on-mobile\"><div class=\"wp-block-media-text__content\">\n<p>Mini Dumper LT-D80 ir jaud\u012bgs mini pa\u0161izg\u0101z\u0113js, kas paredz\u0113ts nopietniem uzdevumiem.<\/p>\n\n\n\n<p>Mini Dumper <strong>LT-D80<\/strong> apvieno kompaktus izm\u0113rus un iespaid\u012bgu kravas ietilp\u012bbu. Ar izm\u0113riem tikai <strong>1982\u00d7870\u00d71680 \u043c\u043c<\/strong> Tas sp\u0113j nest l\u012bdz pat <strong>800 \u043a\u0433<\/strong> kravu, nodro\u0161inot augstu produktivit\u0101ti pat sl\u0113gt\u0101s telp\u0101s.<\/p>\n\n\n\n<p class=\"translation-block\">0,26 m\u00b3 kravas nodal\u012bjums ir ide\u0101li piem\u0113rots augsnes, betona un b\u016bvmateri\u0101lu p\u0101rvad\u0101\u0161anai, un uzticamais R300 dzin\u0113js garant\u0113 stabilu darb\u012bbu maksim\u0101l\u0101s slodzes apst\u0101k\u013cos.<\/p>\n\n\n\n<p><strong>LT-D80 ir ide\u0101la izv\u0113le profesion\u0101\u013ciem, kuri nov\u0113rt\u0113 jaudu, kompaktumu un uzticam\u012bbu vien\u0101 ier\u012bc\u0113.<\/strong><\/p>\n\n\n\n<figure class=\"wp-block-video\"><video height=\"1080\" style=\"aspect-ratio: 1920 \/ 1080;\" width=\"1920\" controls src=\"https:\/\/leitekbaltic.com\/wp-content\/uploads\/2026\/01\/LT-D80-Mini-Dumper.mp4\"><\/video><\/figure>\n<\/div><figure class=\"wp-block-media-text__media\"><img data-opt-id=696863861  data-opt-src=\"https:\/\/mlkzi6dofpqr.i.optimole.com\/w:auto\/h:auto\/q:mauto\/f:best\/https:\/\/leitekbaltic.com\/wp-content\/uploads\/2026\/01\/d65582c283adcd3.webp\"  decoding=\"async\" width=\"840\" height=\"630\" src=\"data:image/svg+xml,%3Csvg%20viewBox%3D%220%200%20100%%20100%%22%20width%3D%22100%%22%20height%3D%22100%%22%20xmlns%3D%22http%3A%2F%2Fwww.w3.org%2F2000%2Fsvg%22%3E%3Crect%20width%3D%22100%%22%20height%3D%22100%%22%20fill%3D%22transparent%22%2F%3E%3C%2Fsvg%3E\" alt=\"\" class=\"wp-image-411 size-full\" old-srcset=\"https:\/\/mlkzi6dofpqr.i.optimole.com\/w:840\/h:630\/q:mauto\/f:best\/https:\/\/leitekbaltic.com\/wp-content\/uploads\/2026\/01\/d65582c283adcd3.webp 840w, https:\/\/mlkzi6dofpqr.i.optimole.com\/w:300\/h:225\/q:mauto\/f:best\/https:\/\/leitekbaltic.com\/wp-content\/uploads\/2026\/01\/d65582c283adcd3.webp 300w, https:\/\/mlkzi6dofpqr.i.optimole.com\/w:768\/h:576\/q:mauto\/f:best\/https:\/\/leitekbaltic.com\/wp-content\/uploads\/2026\/01\/d65582c283adcd3.webp 768w, https:\/\/mlkzi6dofpqr.i.optimole.com\/w:16\/h:12\/q:mauto\/f:best\/dpr:2\/https:\/\/leitekbaltic.com\/wp-content\/uploads\/2026\/01\/d65582c283adcd3.webp 16w\" \/><\/figure><\/div>\n\n\n\n<div class=\"wp-block-columns is-layout-flex wp-container-core-columns-is-layout-9d6595d7 wp-block-columns-is-layout-flex\">\n<div class=\"wp-block-column is-layout-flow wp-block-column-is-layout-flow\">\n<h2 class=\"wp-block-heading\">Produkta kods: DP-LT-D80-EU<\/h2>\n<\/div>\n\n\n\n<div class=\"wp-block-column is-layout-flow wp-block-column-is-layout-flow\">\n<div class=\"wp-block-buttons is-layout-flex wp-block-buttons-is-layout-flex\">\n<div class=\"wp-block-button\"><a class=\"wp-block-button__link wp-element-button\" href=\"https:\/\/leitekbaltic.com\/lv\/contact\/\">Request Offer<\/a><\/div>\n<\/div>\n<\/div>\n<\/div>","protected":false},"excerpt":{"rendered":"<p>\u041a\u043e\u0434 \u0422\u043e\u0432\u0430\u0440\u0430: DP- LT-D80-EU Mini Dumper LT-D80 \u2014 \u0435\u0449\u0451 \u0431\u043e\u043b\u044c\u0448\u0435 \u043c\u043e\u0449\u043d\u043e\u0441\u0442\u0438 \u0438 \u0433\u0440\u0443\u0437\u043e\u043f\u043e\u0434\u044a\u0451\u043c\u043d\u043e\u0441\u0442\u0438 Mini Dumper LT-D80 \u2014 \u044d\u0442\u043e \u0443\u0441\u0438\u043b\u0435\u043d\u043d\u044b\u0439 \u0433\u0443\u0441\u0435\u043d\u0438\u0447\u043d\u044b\u0439 \u043c\u0438\u043d\u0438-\u0441\u0430\u043c\u043e\u0441\u0432\u0430\u043b \u0434\u043b\u044f \u043f\u0440\u043e\u0444\u0435\u0441\u0441\u0438\u043e\u043d\u0430\u043b\u044c\u043d\u043e\u0433\u043e \u0438\u0441\u043f\u043e\u043b\u044c\u0437\u043e\u0432\u0430\u043d\u0438\u044f. \u041e\u043d \u0441\u043e\u0437\u0434\u0430\u043d \u0434\u043b\u044f \u0442\u0435\u0445, \u043a\u043e\u043c\u0443 \u0442\u0440\u0435\u0431\u0443\u0435\u0442\u0441\u044f \u043f\u0435\u0440\u0435\u0432\u043e\u0437\u0438\u0442\u044c \u0431\u043e\u043b\u044c\u0448\u0438\u0435 \u043e\u0431\u044a\u0451\u043c\u044b \u043c\u0430\u0442\u0435\u0440\u0438\u0430\u043b\u043e\u0432 \u0431\u044b\u0441\u0442\u0440\u043e \u0438 \u0431\u0435\u0437 \u043b\u0438\u0448\u043d\u0438\u0445 \u0443\u0441\u0438\u043b\u0438\u0439 \u0434\u0430\u0436\u0435 \u0432 \u0441\u0430\u043c\u044b\u0445 \u0441\u043b\u043e\u0436\u043d\u044b\u0445 \u0443\u0441\u043b\u043e\u0432\u0438\u044f\u0445. \u0411\u043b\u0430\u0433\u043e\u0434\u0430\u0440\u044f \u043f\u043e\u0432\u044b\u0448\u0435\u043d\u043d\u043e\u0439 \u0433\u0440\u0443\u0437\u043e\u043f\u043e\u0434\u044a\u0451\u043c\u043d\u043e\u0441\u0442\u0438 \u0438 \u043d\u0430\u0434\u0451\u0436\u043d\u043e\u0439 \u043a\u043e\u043d\u0441\u0442\u0440\u0443\u043a\u0446\u0438\u0438 LT-D80 \u0443\u0432\u0435\u0440\u0435\u043d\u043d\u043e \u0441\u043f\u0440\u0430\u0432\u043b\u044f\u0435\u0442\u0441\u044f \u0441 \u0442\u0440\u0430\u043d\u0441\u043f\u043e\u0440\u0442\u0438\u0440\u043e\u0432\u043a\u043e\u0439 [&hellip;]<\/p>\n","protected":false},"author":1,"featured_media":0,"parent":0,"menu_order":0,"comment_status":"closed","ping_status":"closed","template":"","meta":{"_themeisle_gutenberg_block_has_review":false,"footnotes":""},"class_list":["post-406","page","type-page","status-publish","hentry"],"_links":{"self":[{"href":"https:\/\/leitekbaltic.com\/lv\/wp-json\/wp\/v2\/pages\/406","targetHints":{"allow":["GET"]}}],"collection":[{"href":"https:\/\/leitekbaltic.com\/lv\/wp-json\/wp\/v2\/pages"}],"about":[{"href":"https:\/\/leitekbaltic.com\/lv\/wp-json\/wp\/v2\/types\/page"}],"author":[{"embeddable":true,"href":"https:\/\/leitekbaltic.com\/lv\/wp-json\/wp\/v2\/users\/1"}],"replies":[{"embeddable":true,"href":"https:\/\/leitekbaltic.com\/lv\/wp-json\/wp\/v2\/comments?post=406"}],"version-history":[{"count":3,"href":"https:\/\/leitekbaltic.com\/lv\/wp-json\/wp\/v2\/pages\/406\/revisions"}],"predecessor-version":[{"id":450,"href":"https:\/\/leitekbaltic.com\/lv\/wp-json\/wp\/v2\/pages\/406\/revisions\/450"}],"wp:attachment":[{"href":"https:\/\/leitekbaltic.com\/lv\/wp-json\/wp\/v2\/media?parent=406"}],"curies":[{"name":"wp","href":"https:\/\/api.w.org\/{rel}","templated":true}]}}