{"id":426,"date":"2026-01-02T19:00:35","date_gmt":"2026-01-02T16:00:35","guid":{"rendered":"https:\/\/leitekbaltic.com\/?page_id=426"},"modified":"2026-01-05T14:42:00","modified_gmt":"2026-01-05T11:42:00","slug":"mini-dumper","status":"publish","type":"page","link":"https:\/\/leitekbaltic.com\/lv\/mini-dumper\/","title":{"rendered":"Mini Dumper"},"content":{"rendered":"<h4 class=\"wp-block-heading has-text-align-center\">Mini pa\u0161izg\u0101z\u0113js \u2014 kompakti pa\u0161izg\u0101z\u0113ji profesion\u0101liem uzdevumiem<\/h4>\n\n\n\n<p class=\"has-text-align-center\"><strong>\u0160aj\u0101 sada\u013c\u0101 ir LEITEK k\u0101pur\u0137\u0113\u017eu mini pa\u0161izg\u0101z\u0113ji, kas paredz\u0113ti efekt\u012bvai b\u016bvmateri\u0101lu p\u0101rvad\u0101\u0161anai vissare\u017e\u0123\u012bt\u0101kajos apst\u0101k\u013cos. Tie ir ide\u0101li piem\u0113roti augsnes, betona, smil\u0161u un b\u016bvgru\u017eu p\u0101rvad\u0101\u0161anai apgabalos, kur liel\u0101ka apr\u012bkojuma izmanto\u0161ana nav iesp\u0113jama.<\/strong><\/p>\n\n\n\n<p class=\"has-text-align-center\"><strong>Visiem mode\u013ciem ir augsta manevr\u0113tsp\u0113ja, stabilit\u0101te uz nel\u012bdzena reljefa un kompakti izm\u0113ri, kas \u013cauj tiem str\u0101d\u0101t \u0161aur\u0101s ej\u0101s, \u0113ku iek\u0161pus\u0113 un viet\u0101s ar ierobe\u017eotu telpu.<\/strong><\/p>\n\n\n\n<p class=\"has-text-align-center\"><strong>M\u0113s izv\u0113lamies mini pa\u0161izg\u0101z\u0113ja modeli individu\u0101li atbilsto\u0161i j\u016bsu vajadz\u012bb\u0101m, \u0146emot v\u0113r\u0101 darba apjomu, ekspluat\u0101cijas apst\u0101k\u013cus un nepiecie\u0161amo celtsp\u0113ju.<\/strong><\/p>\n\n\n\n<p><strong>Dodieties uz pieteikuma veidlapu, un m\u0113s pal\u012bdz\u0113sim jums izv\u0113l\u0113ties optim\u0101l\u0101ko mini pa\u0161izg\u0101z\u0113ja modeli j\u016bsu projektam.<\/strong><\/p>\n\n\n\n<div class=\"wp-block-columns is-layout-flex wp-container-core-columns-is-layout-9d6595d7 wp-block-columns-is-layout-flex\">\n<div class=\"wp-block-column is-layout-flow wp-block-column-is-layout-flow\">\n<h3 class=\"wp-block-heading has-text-align-center\"><a href=\"https:\/\/leitekbaltic.com\/lv\/mini-dumper-lt-d50\/\" data-type=\"page\" data-id=\"387\">Mini Dumper LT-D50<\/a><\/h3>\n\n\n\n<figure class=\"wp-block-image size-full\"><a href=\"https:\/\/leitekbaltic.com\/lv\/mini-dumper-lt-d50\/\"><img data-opt-id=1821063372  fetchpriority=\"high\" decoding=\"async\" width=\"840\" height=\"630\" src=\"https:\/\/mlkzi6dofpqr.i.optimole.com\/w:auto\/h:auto\/q:mauto\/f:best\/https:\/\/leitekbaltic.com\/wp-content\/uploads\/2026\/01\/LT-50.webp\" alt=\"\" class=\"wp-image-388\" srcset=\"https:\/\/mlkzi6dofpqr.i.optimole.com\/w:840\/h:630\/q:mauto\/f:best\/https:\/\/leitekbaltic.com\/wp-content\/uploads\/2026\/01\/LT-50.webp 840w, https:\/\/mlkzi6dofpqr.i.optimole.com\/w:300\/h:225\/q:mauto\/f:best\/https:\/\/leitekbaltic.com\/wp-content\/uploads\/2026\/01\/LT-50.webp 300w, https:\/\/mlkzi6dofpqr.i.optimole.com\/w:768\/h:576\/q:mauto\/f:best\/https:\/\/leitekbaltic.com\/wp-content\/uploads\/2026\/01\/LT-50.webp 768w, https:\/\/mlkzi6dofpqr.i.optimole.com\/w:16\/h:12\/q:mauto\/f:best\/dpr:2\/https:\/\/leitekbaltic.com\/wp-content\/uploads\/2026\/01\/LT-50.webp 16w\" sizes=\"(max-width: 840px) 100vw, 840px\" \/><\/a><\/figure>\n\n\n\n<ul class=\"wp-block-list\">\n<li>Maksim\u0101l\u0101 kravnes\u012bba 500 kg<\/li>\n\n\n\n<li>Kravas nodal\u012bjuma tilpums 0,22 m\u00b3<\/li>\n\n\n\n<li>R210 dzin\u0113js<\/li>\n\n\n\n<li class=\"translation-block\">Izm\u0113ri 1517 x 870 x 1278 mm<\/li>\n<\/ul>\n<\/div>\n\n\n\n<div class=\"wp-block-column is-layout-flow wp-block-column-is-layout-flow\">\n<h3 class=\"wp-block-heading has-text-align-center\"><a href=\"https:\/\/leitekbaltic.com\/lv\/mini-dumper-lt-d80\/\" data-type=\"page\" data-id=\"406\">Mini Dumper LT-D80<\/a><\/h3>\n\n\n\n<figure class=\"wp-block-image size-full\"><a href=\"https:\/\/leitekbaltic.com\/lv\/mini-dumper-lt-d80\/\"><img data-opt-id=1566497602  fetchpriority=\"high\" decoding=\"async\" width=\"840\" height=\"630\" src=\"https:\/\/mlkzi6dofpqr.i.optimole.com\/w:auto\/h:auto\/q:mauto\/f:best\/https:\/\/leitekbaltic.com\/wp-content\/uploads\/2026\/01\/ed23fcb749859c7.webp\" alt=\"\" class=\"wp-image-407\" srcset=\"https:\/\/mlkzi6dofpqr.i.optimole.com\/w:840\/h:630\/q:mauto\/f:best\/https:\/\/leitekbaltic.com\/wp-content\/uploads\/2026\/01\/ed23fcb749859c7.webp 840w, https:\/\/mlkzi6dofpqr.i.optimole.com\/w:300\/h:225\/q:mauto\/f:best\/https:\/\/leitekbaltic.com\/wp-content\/uploads\/2026\/01\/ed23fcb749859c7.webp 300w, https:\/\/mlkzi6dofpqr.i.optimole.com\/w:768\/h:576\/q:mauto\/f:best\/https:\/\/leitekbaltic.com\/wp-content\/uploads\/2026\/01\/ed23fcb749859c7.webp 768w, https:\/\/mlkzi6dofpqr.i.optimole.com\/w:16\/h:12\/q:mauto\/f:best\/dpr:2\/https:\/\/leitekbaltic.com\/wp-content\/uploads\/2026\/01\/ed23fcb749859c7.webp 16w\" sizes=\"(max-width: 840px) 100vw, 840px\" \/><\/a><\/figure>\n\n\n\n<ul class=\"wp-block-list\">\n<li>Maksim\u0101l\u0101 kravnes\u012bba 800 kg<\/li>\n\n\n\n<li>Kravas nodal\u012bjuma tilpums 0,26 m\u00b3<\/li>\n\n\n\n<li>Dzin\u0113js: R300<\/li>\n\n\n\n<li class=\"translation-block\">Izm\u0113ri: 1982x870x1680 mm<\/li>\n<\/ul>\n<\/div>\n\n\n\n<div class=\"wp-block-column is-layout-flow wp-block-column-is-layout-flow\">\n<h3 class=\"wp-block-heading has-text-align-center\"><a href=\"https:\/\/leitekbaltic.com\/lv\/mini-dumper-lt-d120\/\" data-type=\"page\" data-id=\"416\">Mini Dumper LT-D120<\/a><\/h3>\n\n\n\n<figure class=\"wp-block-image size-full\"><a href=\"https:\/\/leitekbaltic.com\/lv\/mini-dumper-lt-d120\/\"><img data-opt-id=2080473723  data-opt-src=\"https:\/\/mlkzi6dofpqr.i.optimole.com\/w:auto\/h:auto\/q:mauto\/f:best\/https:\/\/leitekbaltic.com\/wp-content\/uploads\/2026\/01\/111.webp\"  decoding=\"async\" width=\"840\" height=\"630\" src=\"data:image/svg+xml,%3Csvg%20viewBox%3D%220%200%20100%%20100%%22%20width%3D%22100%%22%20height%3D%22100%%22%20xmlns%3D%22http%3A%2F%2Fwww.w3.org%2F2000%2Fsvg%22%3E%3Crect%20width%3D%22100%%22%20height%3D%22100%%22%20fill%3D%22transparent%22%2F%3E%3C%2Fsvg%3E\" alt=\"\" class=\"wp-image-418\" old-srcset=\"https:\/\/mlkzi6dofpqr.i.optimole.com\/w:840\/h:630\/q:mauto\/f:best\/https:\/\/leitekbaltic.com\/wp-content\/uploads\/2026\/01\/111.webp 840w, https:\/\/mlkzi6dofpqr.i.optimole.com\/w:300\/h:225\/q:mauto\/f:best\/https:\/\/leitekbaltic.com\/wp-content\/uploads\/2026\/01\/111.webp 300w, https:\/\/mlkzi6dofpqr.i.optimole.com\/w:768\/h:576\/q:mauto\/f:best\/https:\/\/leitekbaltic.com\/wp-content\/uploads\/2026\/01\/111.webp 768w, https:\/\/mlkzi6dofpqr.i.optimole.com\/w:16\/h:12\/q:mauto\/f:best\/dpr:2\/https:\/\/leitekbaltic.com\/wp-content\/uploads\/2026\/01\/111.webp 16w\" \/><\/a><\/figure>\n\n\n\n<ul class=\"wp-block-list\">\n<li>Maksim\u0101l\u0101 kravnes\u012bba 1200 kg<\/li>\n\n\n\n<li>Kravas nodal\u012bjuma tilpums 1400<em>\u0445800<\/em>\u0445600 \u043c\u043c<\/li>\n\n\n\n<li>Briggs &amp; Stratton dzin\u0113js<\/li>\n\n\n\n<li class=\"translation-block\">Izm\u0113ri 2470 x 900 x 1400 mm<\/li>\n<\/ul>\n<\/div>\n<\/div>\n\n\n\n<div class=\"wp-block-columns is-layout-flex wp-container-core-columns-is-layout-9d6595d7 wp-block-columns-is-layout-flex\">\n<div class=\"wp-block-column is-layout-flow wp-block-column-is-layout-flow\">\n<h3 class=\"wp-block-heading\"><a href=\"https:\/\/leitekbaltic.com\/lv\/concrete-mixers-ltyh750\/\" data-type=\"page\" data-id=\"371\">Dumper Mixers LTYH750<\/a><\/h3>\n\n\n\n<figure class=\"wp-block-image size-large\"><a href=\"https:\/\/leitekbaltic.com\/lv\/concrete-mixers-ltyh750\/\"><img data-opt-id=1452841127  data-opt-src=\"https:\/\/mlkzi6dofpqr.i.optimole.com\/w:1024\/h:768\/q:mauto\/f:best\/https:\/\/leitekbaltic.com\/wp-content\/uploads\/2026\/01\/0Q8A74181.jpg\"  decoding=\"async\" width=\"1024\" height=\"768\" src=\"data:image/svg+xml,%3Csvg%20viewBox%3D%220%200%201024%20768%22%20width%3D%221024%22%20height%3D%22768%22%20xmlns%3D%22http%3A%2F%2Fwww.w3.org%2F2000%2Fsvg%22%3E%3Crect%20width%3D%221024%22%20height%3D%22768%22%20fill%3D%22transparent%22%2F%3E%3C%2Fsvg%3E\" alt=\"\" class=\"wp-image-380\" old-srcset=\"https:\/\/mlkzi6dofpqr.i.optimole.com\/w:1024\/h:768\/q:mauto\/f:best\/https:\/\/leitekbaltic.com\/wp-content\/uploads\/2026\/01\/0Q8A74181.jpg 1024w, https:\/\/mlkzi6dofpqr.i.optimole.com\/w:300\/h:225\/q:mauto\/f:best\/https:\/\/leitekbaltic.com\/wp-content\/uploads\/2026\/01\/0Q8A74181.jpg 300w, https:\/\/mlkzi6dofpqr.i.optimole.com\/w:768\/h:576\/q:mauto\/f:best\/https:\/\/leitekbaltic.com\/wp-content\/uploads\/2026\/01\/0Q8A74181.jpg 768w, https:\/\/mlkzi6dofpqr.i.optimole.com\/w:1536\/h:1152\/q:mauto\/f:best\/https:\/\/leitekbaltic.com\/wp-content\/uploads\/2026\/01\/0Q8A74181.jpg 1536w, https:\/\/mlkzi6dofpqr.i.optimole.com\/w:1920\/h:1440\/q:mauto\/f:best\/https:\/\/leitekbaltic.com\/wp-content\/uploads\/2026\/01\/0Q8A74181.jpg 2048w, https:\/\/mlkzi6dofpqr.i.optimole.com\/w:16\/h:12\/q:mauto\/f:best\/dpr:2\/https:\/\/leitekbaltic.com\/wp-content\/uploads\/2026\/01\/0Q8A74181.jpg 16w\" \/><\/a><\/figure>\n\n\n\n<ul class=\"wp-block-list\">\n<li>4 taktu, ar gaisa dzes\u0113\u0161anu<\/li>\n\n\n\n<li>Tvertnes tilpums: 0,3 m\u00b3<\/li>\n\n\n\n<li>Kop\u0113jais svars: 750 g<\/li>\n\n\n\n<li>Kust\u012bbas \u0101trums: 3 km\/h<\/li>\n<\/ul>\n<\/div>\n\n\n\n<div class=\"wp-block-column is-layout-flow wp-block-column-is-layout-flow\"><\/div>\n\n\n\n<div class=\"wp-block-column is-layout-flow wp-block-column-is-layout-flow\"><\/div>\n<\/div>\n\n\n\n<h3 class=\"wp-block-heading\">Neatrad\u0101t piem\u0113rotu modeli?<\/h3>\n\n\n\n<p>M\u0101jaslap\u0101 ir att\u0113lota tikai da\u013ca no m\u016bsu pieg\u0101d\u0101t\u0101 apr\u012bkojuma un konfigur\u0101cij\u0101m. R\u016bpn\u012bcas produktu kl\u0101sts ir iev\u0113rojami pla\u0161\u0101ks, un daudzi mode\u013ci, opcijas un stiprin\u0101jumi ir piel\u0101goti klienta vajadz\u012bb\u0101m.<\/p>\n\n\n\n<p class=\"translation-block\">Ja neesat atradis nepiecie\u0161amo modeli, konfigur\u0101ciju vai specifik\u0101cijas, <strong>aizpildiet piepras\u012bjuma veidlapu<\/strong>, aprakstiet savu vajadz\u012bbu, un m\u0113s:<\/p>\n\n\n\n<ul class=\"wp-block-list\">\n<li>M\u0113s izv\u0113l\u0113simies optim\u0101lu apr\u012bkojumu atbilsto\u0161i j\u016bsu pras\u012bb\u0101m<\/li>\n\n\n\n<li>M\u0113s nos\u016bt\u012bsim papildu fotoatt\u0113lus un video par apr\u012bkojumu.<\/li>\n\n\n\n<li>Pied\u0101v\u0101sim iesp\u0113jam\u0101s apr\u012bkojuma un pielikumu iesp\u0113jas<\/li>\n\n\n\n<li>M\u0113s j\u016bs inform\u0113sim par pieg\u0101des laikiem un pas\u016bt\u012bjuma nosac\u012bjumiem.<\/li>\n<\/ul>\n\n\n\n<p>\ud83d\udc49 <em><a href=\"https:\/\/leitekbaltic.com\/lv\/contact\/\" data-type=\"page\" data-id=\"17\">\u041e\u0441\u0442\u0430\u0432\u044c\u0442\u0435 \u0437\u0430\u044f\u0432\u043a\u0443, <\/a>\u0438 \u043c\u044b \u0441\u0432\u044f\u0436\u0435\u043c\u0441\u044f \u0441 \u0432\u0430\u043c\u0438 \u0432 \u0431\u043b\u0438\u0436\u0430\u0439\u0448\u0435\u0435 \u0432\u0440\u0435\u043c\u044f.<\/em><\/p>","protected":false},"excerpt":{"rendered":"<p>Mini Dumper \u2014 \u043a\u043e\u043c\u043f\u0430\u043a\u0442\u043d\u044b\u0435 \u0441\u0430\u043c\u043e\u0441\u0432\u0430\u043b\u044b \u0434\u043b\u044f \u043f\u0440\u043e\u0444\u0435\u0441\u0441\u0438\u043e\u043d\u0430\u043b\u044c\u043d\u044b\u0445 \u0437\u0430\u0434\u0430\u0447 \u0412 \u044d\u0442\u043e\u043c \u0440\u0430\u0437\u0434\u0435\u043b\u0435 \u043f\u0440\u0435\u0434\u0441\u0442\u0430\u0432\u043b\u0435\u043d\u044b \u0433\u0443\u0441\u0435\u043d\u0438\u0447\u043d\u044b\u0435 \u043c\u0438\u043d\u0438-\u0441\u0430\u043c\u043e\u0441\u0432\u0430\u043b\u044b LEITEK, \u0440\u0430\u0437\u0440\u0430\u0431\u043e\u0442\u0430\u043d\u043d\u044b\u0435 \u0434\u043b\u044f \u044d\u0444\u0444\u0435\u043a\u0442\u0438\u0432\u043d\u043e\u0439 \u043f\u0435\u0440\u0435\u0432\u043e\u0437\u043a\u0438 \u0441\u0442\u0440\u043e\u0438\u0442\u0435\u043b\u044c\u043d\u044b\u0445 \u043c\u0430\u0442\u0435\u0440\u0438\u0430\u043b\u043e\u0432 \u0432 \u0441\u0430\u043c\u044b\u0445 \u0441\u043b\u043e\u0436\u043d\u044b\u0445 \u0443\u0441\u043b\u043e\u0432\u0438\u044f\u0445. \u041e\u043d\u0438 \u0438\u0434\u0435\u0430\u043b\u044c\u043d\u043e \u043f\u043e\u0434\u0445\u043e\u0434\u044f\u0442 \u0434\u043b\u044f \u0442\u0440\u0430\u043d\u0441\u043f\u043e\u0440\u0442\u0438\u0440\u043e\u0432\u043a\u0438 \u0433\u0440\u0443\u043d\u0442\u0430, \u0431\u0435\u0442\u043e\u043d\u0430, \u043f\u0435\u0441\u043a\u0430 \u0438 \u0441\u0442\u0440\u043e\u0438\u0442\u0435\u043b\u044c\u043d\u043e\u0433\u043e \u043c\u0443\u0441\u043e\u0440\u0430 \u0442\u0430\u043c, \u0433\u0434\u0435 \u0438\u0441\u043f\u043e\u043b\u044c\u0437\u043e\u0432\u0430\u043d\u0438\u0435 \u043a\u0440\u0443\u043f\u043d\u043e\u0439 \u0442\u0435\u0445\u043d\u0438\u043a\u0438 \u043d\u0435\u0432\u043e\u0437\u043c\u043e\u0436\u043d\u043e. \u0412\u0441\u0435 \u043c\u043e\u0434\u0435\u043b\u0438 \u043e\u0442\u043b\u0438\u0447\u0430\u044e\u0442\u0441\u044f \u0432\u044b\u0441\u043e\u043a\u043e\u0439 \u043f\u0440\u043e\u0445\u043e\u0434\u0438\u043c\u043e\u0441\u0442\u044c\u044e, \u0443\u0441\u0442\u043e\u0439\u0447\u0438\u0432\u043e\u0441\u0442\u044c\u044e \u043d\u0430 \u043d\u0435\u0440\u043e\u0432\u043d\u043e\u043c \u0440\u0435\u043b\u044c\u0435\u0444\u0435 \u0438 \u043a\u043e\u043c\u043f\u0430\u043a\u0442\u043d\u044b\u043c\u0438 \u0440\u0430\u0437\u043c\u0435\u0440\u0430\u043c\u0438, \u0447\u0442\u043e [&hellip;]<\/p>\n","protected":false},"author":1,"featured_media":0,"parent":0,"menu_order":0,"comment_status":"closed","ping_status":"closed","template":"","meta":{"_themeisle_gutenberg_block_has_review":false,"footnotes":""},"class_list":["post-426","page","type-page","status-publish","hentry"],"_links":{"self":[{"href":"https:\/\/leitekbaltic.com\/lv\/wp-json\/wp\/v2\/pages\/426","targetHints":{"allow":["GET"]}}],"collection":[{"href":"https:\/\/leitekbaltic.com\/lv\/wp-json\/wp\/v2\/pages"}],"about":[{"href":"https:\/\/leitekbaltic.com\/lv\/wp-json\/wp\/v2\/types\/page"}],"author":[{"embeddable":true,"href":"https:\/\/leitekbaltic.com\/lv\/wp-json\/wp\/v2\/users\/1"}],"replies":[{"embeddable":true,"href":"https:\/\/leitekbaltic.com\/lv\/wp-json\/wp\/v2\/comments?post=426"}],"version-history":[{"count":9,"href":"https:\/\/leitekbaltic.com\/lv\/wp-json\/wp\/v2\/pages\/426\/revisions"}],"predecessor-version":[{"id":606,"href":"https:\/\/leitekbaltic.com\/lv\/wp-json\/wp\/v2\/pages\/426\/revisions\/606"}],"wp:attachment":[{"href":"https:\/\/leitekbaltic.com\/lv\/wp-json\/wp\/v2\/media?parent=426"}],"curies":[{"name":"wp","href":"https:\/\/api.w.org\/{rel}","templated":true}]}}