{"id":497,"date":"2026-01-03T12:07:13","date_gmt":"2026-01-03T09:07:13","guid":{"rendered":"https:\/\/leitekbaltic.com\/?page_id=497"},"modified":"2026-01-03T12:07:15","modified_gmt":"2026-01-03T09:07:15","slug":"mini-loader-lt-h680x","status":"publish","type":"page","link":"https:\/\/leitekbaltic.com\/lv\/mini-loader-lt-h680x\/","title":{"rendered":"Mini Loader LT-H680X"},"content":{"rendered":"<h2 class=\"wp-block-heading has-text-align-center\">Mini Loader LT-H680X<\/h2>\n\n\n\n<div class=\"wp-block-media-text is-stacked-on-mobile\"><figure class=\"wp-block-media-text__media\"><img data-opt-id=667364079  fetchpriority=\"high\" decoding=\"async\" width=\"840\" height=\"630\" src=\"https:\/\/mlkzi6dofpqr.i.optimole.com\/w:auto\/h:auto\/q:mauto\/f:best\/https:\/\/leitekbaltic.com\/wp-content\/uploads\/2026\/01\/LT-H680X3.webp\" alt=\"\" class=\"wp-image-498 size-full\" srcset=\"https:\/\/mlkzi6dofpqr.i.optimole.com\/w:840\/h:630\/q:mauto\/f:best\/https:\/\/leitekbaltic.com\/wp-content\/uploads\/2026\/01\/LT-H680X3.webp 840w, https:\/\/mlkzi6dofpqr.i.optimole.com\/w:300\/h:225\/q:mauto\/f:best\/https:\/\/leitekbaltic.com\/wp-content\/uploads\/2026\/01\/LT-H680X3.webp 300w, https:\/\/mlkzi6dofpqr.i.optimole.com\/w:768\/h:576\/q:mauto\/f:best\/https:\/\/leitekbaltic.com\/wp-content\/uploads\/2026\/01\/LT-H680X3.webp 768w, https:\/\/mlkzi6dofpqr.i.optimole.com\/w:16\/h:12\/q:mauto\/f:best\/dpr:2\/https:\/\/leitekbaltic.com\/wp-content\/uploads\/2026\/01\/LT-H680X3.webp 16w\" sizes=\"(max-width: 840px) 100vw, 840px\" \/><\/figure><div class=\"wp-block-media-text__content\">\n<p><strong>Ja j\u016bs interes\u0113 \u0161is modelis, l\u016bdzu, re\u0123istr\u0113jieties un aizpildiet \u012bsu pieteikuma veidlapu. P\u0113c tam m\u0113s sazin\u0101simies ar jums pa e-pastu, lai sniegtu detaliz\u0113tu inform\u0101ciju, papildu fotoatt\u0113lus un videoklipus, k\u0101 ar\u012b pal\u012bdz\u0113tu jums izv\u0113l\u0113ties optim\u0101lo konfigur\u0101ciju atbilsto\u0161i j\u016bsu vajadz\u012bb\u0101m.<\/strong><\/p>\n<\/div><\/div>\n\n\n\n<div class=\"wp-block-media-text has-media-on-the-right is-stacked-on-mobile\"><div class=\"wp-block-media-text__content\">\n<p>Mini iekr\u0101v\u0113js LT-H680X \u2014 maksim\u0101l\u0101 celtsp\u0113ja k\u0101pur\u0137\u0113\u017eu iekr\u0101v\u0113ju klas\u0113<\/p>\n\n\n\n<p class=\"translation-block\">Mini iekr\u0101v\u0113js <strong>LT-H680X<\/strong> ir jaud\u012bgs k\u0101pur\u0137\u0113\u017eu iekr\u0101v\u0113js ar operatora platformu, kas paredz\u0113ts lieljaudas lietojumiem. Ar maksim\u0101lo celtsp\u0113ju <strong>l\u012bdz 1200 kg<\/strong> tas p\u0101rliecino\u0161i tiek gal\u0101 ar uzdevumiem, kas p\u0101rsniedz vairuma kompakto ma\u0161\u012bnu iesp\u0113jas.<\/p>\n\n\n\n<p>K\u0101pur\u0137\u0113\u017eu \u0161asija nodro\u0161ina lielisku sa\u0137eri un stabilit\u0101ti, str\u0101d\u0101jot smilt\u012bs, dub\u013cos, snieg\u0101 un nog\u0101z\u0113s. Darba platforma nodro\u0161ina operatoram piln\u012bgu redzam\u012bbu un kontroli p\u0101r apr\u012bkojumu, \u013caujot prec\u012bzi iekraut, izkraut un apstr\u0101d\u0101t materi\u0101lus pat sl\u0113gt\u0101s telp\u0101s.<\/p>\n\n\n\n<p>LT-H680X atbalsta pla\u0161u piekabju kl\u0101stu un ir viegli piel\u0101gojams b\u016bvniec\u012bbas, komun\u0101lo pakalpojumu un lauksaimniec\u012bbas vajadz\u012bb\u0101m.<\/p>\n\n\n\n<p><strong>LT-H680X \u2013 ja nepiecie\u0161ama \u012bsta jauda kompakt\u0101 form\u0101t\u0101.<\/strong><\/p>\n<\/div><figure class=\"wp-block-media-text__media\"><img data-opt-id=1239175312  fetchpriority=\"high\" decoding=\"async\" width=\"840\" height=\"630\" src=\"https:\/\/mlkzi6dofpqr.i.optimole.com\/w:auto\/h:auto\/q:mauto\/f:best\/https:\/\/leitekbaltic.com\/wp-content\/uploads\/2026\/01\/LT-H680X5.webp\" alt=\"\" class=\"wp-image-499 size-full\" srcset=\"https:\/\/mlkzi6dofpqr.i.optimole.com\/w:840\/h:630\/q:mauto\/f:best\/https:\/\/leitekbaltic.com\/wp-content\/uploads\/2026\/01\/LT-H680X5.webp 840w, https:\/\/mlkzi6dofpqr.i.optimole.com\/w:300\/h:225\/q:mauto\/f:best\/https:\/\/leitekbaltic.com\/wp-content\/uploads\/2026\/01\/LT-H680X5.webp 300w, https:\/\/mlkzi6dofpqr.i.optimole.com\/w:768\/h:576\/q:mauto\/f:best\/https:\/\/leitekbaltic.com\/wp-content\/uploads\/2026\/01\/LT-H680X5.webp 768w, https:\/\/mlkzi6dofpqr.i.optimole.com\/w:16\/h:12\/q:mauto\/f:best\/dpr:2\/https:\/\/leitekbaltic.com\/wp-content\/uploads\/2026\/01\/LT-H680X5.webp 16w\" sizes=\"(max-width: 840px) 100vw, 840px\" \/><\/figure><\/div>\n\n\n\n<div class=\"wp-block-media-text is-stacked-on-mobile\"><figure class=\"wp-block-media-text__media\"><img data-opt-id=1366940140  data-opt-src=\"https:\/\/mlkzi6dofpqr.i.optimole.com\/w:1024\/h:970\/q:mauto\/f:best\/https:\/\/leitekbaltic.com\/wp-content\/uploads\/2025\/12\/Attachments.jpg\"  decoding=\"async\" width=\"1024\" height=\"970\" src=\"data:image/svg+xml,%3Csvg%20viewBox%3D%220%200%201024%20970%22%20width%3D%221024%22%20height%3D%22970%22%20xmlns%3D%22http%3A%2F%2Fwww.w3.org%2F2000%2Fsvg%22%3E%3Crect%20width%3D%221024%22%20height%3D%22970%22%20fill%3D%22transparent%22%2F%3E%3C%2Fsvg%3E\" alt=\"\" class=\"wp-image-278 size-full\" old-srcset=\"https:\/\/mlkzi6dofpqr.i.optimole.com\/w:1024\/h:970\/q:mauto\/f:best\/https:\/\/leitekbaltic.com\/wp-content\/uploads\/2025\/12\/Attachments.jpg 1024w, https:\/\/mlkzi6dofpqr.i.optimole.com\/w:300\/h:284\/q:mauto\/f:best\/https:\/\/leitekbaltic.com\/wp-content\/uploads\/2025\/12\/Attachments.jpg 300w, https:\/\/mlkzi6dofpqr.i.optimole.com\/w:768\/h:727\/q:mauto\/f:best\/https:\/\/leitekbaltic.com\/wp-content\/uploads\/2025\/12\/Attachments.jpg 768w, https:\/\/mlkzi6dofpqr.i.optimole.com\/w:1536\/h:1455\/q:mauto\/f:best\/https:\/\/leitekbaltic.com\/wp-content\/uploads\/2025\/12\/Attachments.jpg 1536w, https:\/\/mlkzi6dofpqr.i.optimole.com\/w:13\/h:12\/q:mauto\/f:best\/dpr:2\/https:\/\/leitekbaltic.com\/wp-content\/uploads\/2025\/12\/Attachments.jpg 13w, https:\/\/mlkzi6dofpqr.i.optimole.com\/w:1920\/h:1818\/q:mauto\/f:best\/https:\/\/leitekbaltic.com\/wp-content\/uploads\/2025\/12\/Attachments.jpg 1963w\" \/><\/figure><div class=\"wp-block-media-text__content\">\n<p><strong>Katram modelim ir pieejams pla\u0161s pielikumu kl\u0101sts, kas ir piel\u0101gots j\u016bsu \u012bpa\u0161aj\u0101m vajadz\u012bb\u0101m. M\u0113s pal\u012bdz\u0113sim jums izveidot optim\u0101lu iestat\u012bjumu b\u016bvniec\u012bbas, komun\u0101lo pakalpojumu, lauksaimniec\u012bbas un ainavu veido\u0161anas projektiem. J\u016bs sa\u0146emsiet prec\u012bzu instrumentu komplektu, kas vislab\u0101k atbilst j\u016bsu vajadz\u012bb\u0101m.<\/strong><\/p>\n<\/div><\/div>\n\n\n\n<h2 class=\"wp-block-heading\">\u041a\u043e\u0434 \u0422\u043e\u0432\u0430\u0440\u0430: LD-LT-H680X-EU<\/h2>\n\n\n\n<div class=\"wp-block-buttons is-layout-flex wp-block-buttons-is-layout-flex\">\n<div class=\"wp-block-button\"><a class=\"wp-block-button__link wp-element-button\" href=\"https:\/\/leitekbaltic.com\/lv\/contact\/\">Request Offer<\/a><\/div>\n<\/div>\n\n\n\n<ul class=\"wp-block-list\">\n<li class=\"translation-block\">Tehnisk\u0101s \u012bpa\u0161\u012bbas<\/li>\n\n\n\n<li>Nomin\u0101lais kravas svars 780 kg<\/li>\n\n\n\n<li>Kausa tilpums 0,2 m\u00b3<\/li>\n\n\n\n<li>Maksim\u0101lais celtsp\u0113ja 1200 kg<\/li>\n\n\n\n<li>Darba \u0101trums 0\u20135,8 km\/h<\/li>\n\n\n\n<li>Nomin\u0101lais spiediens 17 MPa<\/li>\n\n\n\n<li>Pacel\u0161an\u0101s laiks 4,1 s<\/li>\n\n\n\n<li>Kritiena laiks 2,4 s<\/li>\n\n\n\n<li>Apgrie\u0161anas laiks 1,5 sekundes<\/li>\n\n\n\n<li>K\u0101p\u0161anas sp\u0113ja 30%<\/li>\n\n\n\n<li>Darba svars 1380 kg\/1360 kg\/1360 kg<\/li>\n\n\n\n<li>Dzin\u0113js Kubota D1105\/Perkins D403J-11\/Yanmar 3TNV80F<\/li>\n\n\n\n<li>Dzin\u0113ja tips: d\u012bze\u013cdzin\u0113js, divu cilindru, ar \u016bdens dzes\u0113\u0161anu<\/li>\n\n\n\n<li>Izejas jauda 18,2 ZS\/18,4 ZS\/18,2 ZS<\/li>\n\n\n\n<li>Maksim\u0101lais griezes moments 70,4 Nm\/66,9 Nm\/64 Nm<\/li>\n\n\n\n<li>motore\u013c\u013ca 5,1 l\/4 l\/3,4 l<\/li>\n\n\n\n<li>Degvielas tvertne 29 l<\/li>\n\n\n\n<li>Hidraulisk\u0101s e\u013c\u013cas tvertne 38 l<\/li>\n<\/ul>","protected":false},"excerpt":{"rendered":"<p>Mini Loader LT-H680X \u0415\u0441\u043b\u0438 \u0432\u0430\u0441 \u0437\u0430\u0438\u043d\u0442\u0435\u0440\u0435\u0441\u043e\u0432\u0430\u043b\u0430 \u044d\u0442\u0430 \u043c\u043e\u0434\u0435\u043b\u044c, \u043f\u0435\u0440\u0435\u0439\u0434\u0438\u0442\u0435 \u043a \u0440\u0435\u0433\u0438\u0441\u0442\u0440\u0430\u0446\u0438\u0438 \u0438 \u0437\u0430\u043f\u043e\u043b\u043d\u0438\u0442\u0435 \u043a\u043e\u0440\u043e\u0442\u043a\u0443\u044e \u0444\u043e\u0440\u043c\u0443 \u0437\u0430\u044f\u0432\u043a\u0438. \u041f\u043e\u0441\u043b\u0435 \u044d\u0442\u043e\u0433\u043e \u043c\u044b \u0441\u0432\u044f\u0436\u0435\u043c\u0441\u044f \u0441 \u0432\u0430\u043c\u0438 \u043f\u043e \u044d\u043b\u0435\u043a\u0442\u0440\u043e\u043d\u043d\u043e\u0439 \u043f\u043e\u0447\u0442\u0435, \u043e\u0442\u043f\u0440\u0430\u0432\u0438\u043c \u043f\u043e\u0434\u0440\u043e\u0431\u043d\u0443\u044e \u0438\u043d\u0444\u043e\u0440\u043c\u0430\u0446\u0438\u044e, \u0434\u043e\u043f\u043e\u043b\u043d\u0438\u0442\u0435\u043b\u044c\u043d\u044b\u0435 \u0444\u043e\u0442\u043e\u0433\u0440\u0430\u0444\u0438\u0438 \u0438 \u0432\u0438\u0434\u0435\u043e, \u0430 \u0442\u0430\u043a\u0436\u0435 \u043f\u043e\u0434\u0431\u0435\u0440\u0451\u043c \u043e\u043f\u0442\u0438\u043c\u0430\u043b\u044c\u043d\u0443\u044e \u043a\u043e\u043c\u043f\u043b\u0435\u043a\u0442\u0430\u0446\u0438\u044e \u043f\u043e\u0434 \u0432\u0430\u0448\u0438 \u0437\u0430\u0434\u0430\u0447\u0438. Mini Loader LT-H680X \u2014 \u043c\u0430\u043a\u0441\u0438\u043c\u0430\u043b\u044c\u043d\u0430\u044f \u0433\u0440\u0443\u0437\u043e\u043f\u043e\u0434\u044a\u0451\u043c\u043d\u043e\u0441\u0442\u044c \u0432 \u043a\u043b\u0430\u0441\u0441\u0435 \u0433\u0443\u0441\u0435\u043d\u0438\u0447\u043d\u044b\u0445 stand-on \u043f\u043e\u0433\u0440\u0443\u0437\u0447\u0438\u043a\u043e\u0432 Mini Loader LT-H680X \u2014 [&hellip;]<\/p>\n","protected":false},"author":1,"featured_media":0,"parent":0,"menu_order":0,"comment_status":"closed","ping_status":"closed","template":"","meta":{"_themeisle_gutenberg_block_has_review":false,"footnotes":""},"class_list":["post-497","page","type-page","status-publish","hentry"],"_links":{"self":[{"href":"https:\/\/leitekbaltic.com\/lv\/wp-json\/wp\/v2\/pages\/497","targetHints":{"allow":["GET"]}}],"collection":[{"href":"https:\/\/leitekbaltic.com\/lv\/wp-json\/wp\/v2\/pages"}],"about":[{"href":"https:\/\/leitekbaltic.com\/lv\/wp-json\/wp\/v2\/types\/page"}],"author":[{"embeddable":true,"href":"https:\/\/leitekbaltic.com\/lv\/wp-json\/wp\/v2\/users\/1"}],"replies":[{"embeddable":true,"href":"https:\/\/leitekbaltic.com\/lv\/wp-json\/wp\/v2\/comments?post=497"}],"version-history":[{"count":1,"href":"https:\/\/leitekbaltic.com\/lv\/wp-json\/wp\/v2\/pages\/497\/revisions"}],"predecessor-version":[{"id":502,"href":"https:\/\/leitekbaltic.com\/lv\/wp-json\/wp\/v2\/pages\/497\/revisions\/502"}],"wp:attachment":[{"href":"https:\/\/leitekbaltic.com\/lv\/wp-json\/wp\/v2\/media?parent=497"}],"curies":[{"name":"wp","href":"https:\/\/api.w.org\/{rel}","templated":true}]}}