{"id":56,"date":"2025-12-26T21:03:10","date_gmt":"2025-12-26T18:03:10","guid":{"rendered":"https:\/\/leitekbaltic.com\/?page_id=56"},"modified":"2025-12-29T14:40:53","modified_gmt":"2025-12-29T11:40:53","slug":"about-us","status":"publish","type":"page","link":"https:\/\/leitekbaltic.com\/lv\/about-us\/","title":{"rendered":"About Us"},"content":{"rendered":"<div class=\"wp-block-group alignfull is-content-justification-center\" style=\"margin-top:0;margin-bottom:0\"><div class=\"wp-block-group__inner-container is-layout-constrained wp-block-group-is-layout-constrained\">\n<div style=\"height:var(--wp--preset--spacing--20)\" aria-hidden=\"true\" class=\"wp-block-spacer\"><\/div>\n\n\n\n<div class=\"wp-block-group alignwide\"><div class=\"wp-block-group__inner-container is-layout-flow wp-block-group-is-layout-flow\">\n<div class=\"wp-block-columns alignwide are-vertically-aligned-top is-layout-flex wp-container-core-columns-is-layout-ac3ebc3b wp-block-columns-is-layout-flex\">\n<div class=\"wp-block-column is-vertically-aligned-top is-content-justification-left is-layout-constrained wp-container-core-column-is-layout-02d07192 wp-block-column-is-layout-constrained\">\n<h5 class=\"wp-block-heading\">Pied\u0101v\u0101jam jaunas paaudzes kompaktu celtniec\u012bbas tehniku, kas ra\u017eota vien\u0101 no \u0100zijas vado\u0161aj\u0101m specializ\u0113taj\u0101m r\u016bpn\u012bc\u0101m, kura jau vair\u0101k nek\u0101 10 gadus izstr\u0101d\u0101 un ra\u017eo profesion\u0101lu apr\u012bkojumu pasaules tirgum.<\/h5>\n\n\n\n<p class=\"translation-block\">M\u016bsu ra\u017eotnes ir orient\u0113tas uz starptautiskiem kvalit\u0101tes standartiem un pieg\u0101d\u0101 iek\u0101rtas vair\u0101k nek\u0101 50 valst\u012bm vis\u0101 pasaul\u0113, tostarp Zieme\u013camerik\u0101 un Eirop\u0101. Katrs modelis tiek ra\u017eots atbilsto\u0161i Eiropas standartiem un pirms nos\u016bt\u012b\u0161anas tiek pak\u013cauts kvalit\u0101tes kontrolei un sertifik\u0101cijai.<\/p>\n\n\n\n<p class=\"translation-block\">M\u0113s pied\u0101v\u0101jam vair\u0101k nek\u0101 tikai apr\u012bkojumu \u2014 m\u0113s nodro\u0161in\u0101m **visaptvero\u0161us biznesa risin\u0101jumus**: s\u0101kot no optim\u0101las konfigur\u0101cijas izv\u0113les l\u012bdz piln\u012bb\u0101 funkcion\u0113jo\u0161a apr\u012bkojuma pieg\u0101dei.<\/p>\n\n\n\n<p>M\u016bsu m\u0113r\u0137is ir nodro\u0161in\u0101t klientiem Baltij\u0101 un ES piek\u013cuvi modernai, uzticamai un konkur\u0113tsp\u0113j\u012bgai celtniec\u012bbas tehnikai tie\u0161i no ra\u017eot\u0101ja, bez starpniekiem vai liek\u0101m uzcenojumiem.<\/p>\n<\/div>\n\n\n\n<div class=\"wp-block-column is-vertically-aligned-top is-layout-flow wp-block-column-is-layout-flow\" style=\"flex-basis:40%\">\n<figure class=\"wp-block-image size-full\"><img data-opt-id=1921205005  fetchpriority=\"high\" decoding=\"async\" width=\"800\" height=\"800\" src=\"https:\/\/mlkzi6dofpqr.i.optimole.com\/w:auto\/h:auto\/q:mauto\/f:best\/https:\/\/leitekbaltic.com\/wp-content\/uploads\/2025\/12\/d5f2aca50e7c420-1.jpg\" alt=\"\" class=\"wp-image-137\" srcset=\"https:\/\/mlkzi6dofpqr.i.optimole.com\/w:800\/h:800\/q:mauto\/f:best\/https:\/\/leitekbaltic.com\/wp-content\/uploads\/2025\/12\/d5f2aca50e7c420-1.jpg 800w, https:\/\/mlkzi6dofpqr.i.optimole.com\/w:300\/h:300\/q:mauto\/f:best\/https:\/\/leitekbaltic.com\/wp-content\/uploads\/2025\/12\/d5f2aca50e7c420-1.jpg 300w, https:\/\/mlkzi6dofpqr.i.optimole.com\/w:150\/h:150\/q:mauto\/f:best\/https:\/\/leitekbaltic.com\/wp-content\/uploads\/2025\/12\/d5f2aca50e7c420-1.jpg 150w, https:\/\/mlkzi6dofpqr.i.optimole.com\/w:768\/h:768\/q:mauto\/f:best\/https:\/\/leitekbaltic.com\/wp-content\/uploads\/2025\/12\/d5f2aca50e7c420-1.jpg 768w, https:\/\/mlkzi6dofpqr.i.optimole.com\/w:12\/h:12\/q:mauto\/f:best\/dpr:2\/https:\/\/leitekbaltic.com\/wp-content\/uploads\/2025\/12\/d5f2aca50e7c420-1.jpg 12w\" sizes=\"(max-width: 800px) 100vw, 800px\" \/><\/figure>\n\n\n\n<div class=\"wp-block-buttons is-layout-flex wp-block-buttons-is-layout-flex\">\n<div class=\"wp-block-button\"><a class=\"wp-block-button__link wp-element-button\" href=\"https:\/\/leitekbaltic.com\/lv\/contact\/\">S\u0101kt darbu<\/a><\/div>\n<\/div>\n<\/div>\n<\/div>\n\n\n\n<div style=\"height:var(--wp--preset--spacing--20)\" aria-hidden=\"true\" class=\"wp-block-spacer\"><\/div>\n\n\n\n<figure class=\"wp-block-image size-full is-resized\"><img data-opt-id=73309846  fetchpriority=\"high\" decoding=\"async\" width=\"740\" height=\"493\" src=\"https:\/\/mlkzi6dofpqr.i.optimole.com\/w:auto\/h:auto\/q:mauto\/f:best\/https:\/\/leitekbaltic.com\/wp-content\/uploads\/2025\/12\/foto-LEITEK.avif\" alt=\"\" class=\"wp-image-142\" style=\"aspect-ratio:1.7777777777777777;object-fit:cover;width:551px;height:auto\" srcset=\"https:\/\/mlkzi6dofpqr.i.optimole.com\/w:740\/h:493\/q:mauto\/f:best\/https:\/\/leitekbaltic.com\/wp-content\/uploads\/2025\/12\/foto-LEITEK.avif 740w, https:\/\/mlkzi6dofpqr.i.optimole.com\/w:300\/h:200\/q:mauto\/f:best\/https:\/\/leitekbaltic.com\/wp-content\/uploads\/2025\/12\/foto-LEITEK.avif 300w, https:\/\/mlkzi6dofpqr.i.optimole.com\/w:18\/h:12\/q:mauto\/f:best\/dpr:2\/https:\/\/leitekbaltic.com\/wp-content\/uploads\/2025\/12\/foto-LEITEK.avif 18w\" sizes=\"(max-width: 740px) 100vw, 740px\" \/><figcaption class=\"wp-element-caption translation-block\">K\u0101p\u0113c klienti izv\u0113las LEITEK<br>M\u0113s saprotam, ka piel\u0101gota apr\u012bkojuma ieg\u0101de ir atbild\u012bgs l\u0113mums.<br>T\u0101p\u0113c mums ir svar\u012bgi ne tikai p\u0101rdot apr\u012bkojumu,<br>bet gan veidot ilgtermi\u0146a partner\u012bbu.<br>Katra apr\u012bkojuma individu\u0101la izv\u0113le atbilsto\u0161i klienta vajadz\u012bb\u0101m<br>Piln\u012bga dar\u012bjuma p\u0101rredzam\u012bba visos posmos<br>Foto un video atskaites pirms nos\u016bt\u012b\u0161anas<br>Atbalsts pirms un p\u0113c pieg\u0101des<br>Eiropas kvalit\u0101tes un dokument\u0101cijas standarti<br>Pie mums j\u016bs sa\u0146emat ne tikai apr\u012bkojumu, bet ar\u012b p\u0101rliec\u012bbu par rezult\u0101tu.<\/figcaption><\/figure>\n<\/div><\/div>\n\n\n\n<div style=\"height:var(--wp--preset--spacing--20)\" aria-hidden=\"true\" class=\"wp-block-spacer\"><\/div>\n<\/div><\/div>\n\n\n\n<div class=\"wp-block-columns is-layout-flex wp-container-core-columns-is-layout-9d6595d7 wp-block-columns-is-layout-flex\">\n<div class=\"wp-block-column is-layout-flow wp-block-column-is-layout-flow\">\n<figure class=\"wp-block-video\"><video height=\"1080\" style=\"aspect-ratio: 1920 \/ 1080;\" width=\"1920\" controls src=\"https:\/\/leitekbaltic.com\/wp-content\/uploads\/2025\/12\/Video-provided-by-the-company-LEITE-1.mov\"><\/video><\/figure>\n<\/div>\n\n\n\n<div class=\"wp-block-column is-layout-flow wp-block-column-is-layout-flow\">\n<p>M\u0113s sadarbojamies ar vienu no vado\u0161ajiem b\u016bvniec\u012bbas tehnikas ra\u017eot\u0101jiem \u0100zij\u0101, kas jau vair\u0101k nek\u0101 10 gadus specializ\u0113jas kompaktu ma\u0161\u012bnu izstr\u0101d\u0113 un ra\u017eo\u0161an\u0101 profesion\u0101lai lieto\u0161anai.<\/p>\n\n\n\n<p>Iek\u0101rtas tiek pieg\u0101d\u0101tas desmitiem valstu Eirop\u0101, Zieme\u013camerik\u0101 un citos re\u0123ionos, kur t\u0101s izmanto b\u016bvniec\u012bbas, komun\u0101lo pakalpojumu un lauksaimniec\u012bbas uz\u0146\u0113mumi.<\/p>\n\n\n\n<p>Modernas ra\u017eo\u0161anas l\u012bnijas, stingra kvalit\u0101tes kontrole un past\u0101v\u012bga jaunu tehnolo\u0123iju ievie\u0161ana \u013cauj mums pied\u0101v\u0101t uzticamu un funkcion\u0101lu apr\u012bkojumu, kas atbilst Eiropas tirgus pras\u012bb\u0101m.<\/p>\n\n\n\n<p>Katra iek\u0101rta tiek p\u0101rbaud\u012bta r\u016bpn\u012bc\u0101 un ir sagatavota darbam ES apst\u0101k\u013cos jau pirms nos\u016bt\u012b\u0161anas.<\/p>\n\n\n\n<p>J\u016bs sa\u0146emat vair\u0101k nek\u0101 tikai apr\u012bkojumu \u2014 j\u016bs sa\u0146emat daudzu gadu pieredzes, in\u017eeniertehnisk\u0101s precizit\u0101tes un ap\u0146em\u0161an\u0101s nodro\u0161in\u0101t kvalit\u0101ti rezult\u0101tu.<\/p>\n<\/div>\n<\/div>","protected":false},"excerpt":{"rendered":"<p>\u041c\u044b \u043f\u0440\u0435\u0434\u0441\u0442\u0430\u0432\u043b\u044f\u0435\u043c \u043a\u043e\u043c\u043f\u0430\u043a\u0442\u043d\u0443\u044e \u0441\u0442\u0440\u043e\u0438\u0442\u0435\u043b\u044c\u043d\u0443\u044e \u0442\u0435\u0445\u043d\u0438\u043a\u0443 \u043d\u043e\u0432\u043e\u0433\u043e \u043f\u043e\u043a\u043e\u043b\u0435\u043d\u0438\u044f, \u043f\u0440\u043e\u0438\u0437\u0432\u0435\u0434\u0451\u043d\u043d\u0443\u044e \u043d\u0430 \u043e\u0434\u043d\u043e\u043c \u0438\u0437 \u0432\u0435\u0434\u0443\u0449\u0438\u0445 \u0441\u043f\u0435\u0446\u0438\u0430\u043b\u0438\u0437\u0438\u0440\u043e\u0432\u0430\u043d\u043d\u044b\u0445 \u0437\u0430\u0432\u043e\u0434\u043e\u0432 \u0410\u0437\u0438\u0438, \u043a\u043e\u0442\u043e\u0440\u044b\u0439 \u0431\u043e\u043b\u0435\u0435 10 \u043b\u0435\u0442 \u0440\u0430\u0437\u0440\u0430\u0431\u0430\u0442\u044b\u0432\u0430\u0435\u0442 \u0438 \u0432\u044b\u043f\u0443\u0441\u043a\u0430\u0435\u0442 \u043f\u0440\u043e\u0444\u0435\u0441\u0441\u0438\u043e\u043d\u0430\u043b\u044c\u043d\u043e\u0435 \u043e\u0431\u043e\u0440\u0443\u0434\u043e\u0432\u0430\u043d\u0438\u0435 \u0434\u043b\u044f \u043c\u0438\u0440\u043e\u0432\u043e\u0433\u043e \u0440\u044b\u043d\u043a\u0430. \u041f\u0440\u043e\u0438\u0437\u0432\u043e\u0434\u0441\u0442\u0432\u0435\u043d\u043d\u044b\u0435 \u043c\u043e\u0449\u043d\u043e\u0441\u0442\u0438 \u043e\u0440\u0438\u0435\u043d\u0442\u0438\u0440\u043e\u0432\u0430\u043d\u044b \u043d\u0430 \u043c\u0435\u0436\u0434\u0443\u043d\u0430\u0440\u043e\u0434\u043d\u044b\u0435 \u0441\u0442\u0430\u043d\u0434\u0430\u0440\u0442\u044b \u043a\u0430\u0447\u0435\u0441\u0442\u0432\u0430 \u0438 \u043f\u043e\u0441\u0442\u0430\u0432\u043b\u044f\u044e\u0442 \u0442\u0435\u0445\u043d\u0438\u043a\u0443 \u0432 \u0431\u043e\u043b\u0435\u0435 \u0447\u0435\u043c 50 \u0441\u0442\u0440\u0430\u043d \u043c\u0438\u0440\u0430, \u0432\u043a\u043b\u044e\u0447\u0430\u044f \u0440\u044b\u043d\u043a\u0438 \u0421\u0435\u0432\u0435\u0440\u043d\u043e\u0439 \u0410\u043c\u0435\u0440\u0438\u043a\u0438 \u0438 \u0415\u0432\u0440\u043e\u043f\u044b. \u041a\u0430\u0436\u0434\u0430\u044f \u043c\u043e\u0434\u0435\u043b\u044c \u0441\u043e\u0437\u0434\u0430\u0451\u0442\u0441\u044f \u0441 \u0443\u0447\u0451\u0442\u043e\u043c \u0442\u0440\u0435\u0431\u043e\u0432\u0430\u043d\u0438\u0439 [&hellip;]<\/p>\n","protected":false},"author":1,"featured_media":0,"parent":0,"menu_order":0,"comment_status":"closed","ping_status":"closed","template":"","meta":{"_themeisle_gutenberg_block_has_review":false,"footnotes":""},"class_list":["post-56","page","type-page","status-publish","hentry"],"_links":{"self":[{"href":"https:\/\/leitekbaltic.com\/lv\/wp-json\/wp\/v2\/pages\/56","targetHints":{"allow":["GET"]}}],"collection":[{"href":"https:\/\/leitekbaltic.com\/lv\/wp-json\/wp\/v2\/pages"}],"about":[{"href":"https:\/\/leitekbaltic.com\/lv\/wp-json\/wp\/v2\/types\/page"}],"author":[{"embeddable":true,"href":"https:\/\/leitekbaltic.com\/lv\/wp-json\/wp\/v2\/users\/1"}],"replies":[{"embeddable":true,"href":"https:\/\/leitekbaltic.com\/lv\/wp-json\/wp\/v2\/comments?post=56"}],"version-history":[{"count":8,"href":"https:\/\/leitekbaltic.com\/lv\/wp-json\/wp\/v2\/pages\/56\/revisions"}],"predecessor-version":[{"id":153,"href":"https:\/\/leitekbaltic.com\/lv\/wp-json\/wp\/v2\/pages\/56\/revisions\/153"}],"wp:attachment":[{"href":"https:\/\/leitekbaltic.com\/lv\/wp-json\/wp\/v2\/media?parent=56"}],"curies":[{"name":"wp","href":"https:\/\/api.w.org\/{rel}","templated":true}]}}