{"id":61,"date":"2025-12-27T08:59:33","date_gmt":"2025-12-27T05:59:33","guid":{"rendered":"https:\/\/leitekbaltic.com\/?page_id=61"},"modified":"2026-01-10T12:49:50","modified_gmt":"2026-01-10T09:49:50","slug":"how-to-order","status":"publish","type":"page","link":"https:\/\/leitekbaltic.com\/lv\/how-to-order\/","title":{"rendered":"How to order?"},"content":{"rendered":"<h2 class=\"wp-block-heading has-text-align-center\">K\u0101 pas\u016bt\u012bt LEITEK Baltic Machinery apr\u012bkojumu<\/h2>\n\n\n\n<h2 class=\"wp-block-heading\">1\ufe0f\u20e3 Apr\u012bkojuma izv\u0113le<\/h2>\n\n\n\n<p class=\"translation-block\">M\u016bsu vietn\u0113 ir pieejamas popul\u0101r\u0101k\u0101s iek\u0101rtas un konfigur\u0101cijas. Ja neatrad\u0101t sev nepiecie\u0161amo modeli, nav probl\u0113mu. M\u0113s izv\u0113lamies iek\u0101rtas individu\u0101li, lai t\u0101s atbilstu katra klienta vajadz\u012bb\u0101m.<\/p>\n\n\n\n<hr class=\"wp-block-separator has-alpha-channel-opacity\"\/>\n\n\n\n<h2 class=\"wp-block-heading\">2\ufe0f\u20e3 Pieteikuma iesnieg\u0161ana<\/h2>\n\n\n\n<p><strong>Dodieties uz pas\u016bt\u012bjuma veidlapu un nor\u0101diet:<\/strong><\/p>\n\n\n\n<ul class=\"wp-block-list\">\n<li>apr\u012bkojuma modelis<\/li>\n\n\n\n<li>v\u0113lam\u0101 konfigur\u0101cija<\/li>\n\n\n\n<li>kontaktinform\u0101cija<\/li>\n<\/ul>\n\n\n\n<p>P\u0113c pieteikuma iesnieg\u0161anas m\u016bsu vad\u012bt\u0101js sazin\u0101sies ar jums pa e-pastu.<\/p>\n\n\n\n<h2 class=\"wp-block-heading\">3\ufe0f\u20e3 Pilna komplekta izv\u0113le un apstiprin\u0101\u0161ana<\/h2>\n\n\n\n<p><strong>M\u0113s izv\u0113lamies apr\u012bkojumu tie\u0161i no ra\u017eot\u0101ja un nos\u016bt\u0101m to jums:<\/strong><\/p>\n\n\n\n<ul class=\"wp-block-list\">\n<li>M\u0113s nos\u016bt\u0101m re\u0101las iek\u0101rtas fotogr\u0101fijas un video<\/li>\n\n\n\n<li>Video materi\u0101li<\/li>\n\n\n\n<li>Detaliz\u0113ta apr\u012bkojuma specifik\u0101cija<\/li>\n<\/ul>\n\n\n\n<p>Tas nov\u0113r\u0161 p\u0101rpratumus un garant\u0113, ka sa\u0146emsiet tie\u0161i to, ko pas\u016bt\u012bj\u0101t.<\/p>\n\n\n\n<h2 class=\"wp-block-heading\">4\ufe0f\u20e3 Dokumenti un maks\u0101jums<\/h2>\n\n\n\n<p><strong>P\u0113c tam, kad esat vienojies par noteikumiem, j\u016bs sa\u0146emat<\/strong><\/p>\n\n\n\n<ul class=\"wp-block-list\">\n<li>Proforma Invoice<\/li>\n\n\n\n<li>Pas\u016bt\u012bjuma specifik\u0101cija<\/li>\n<\/ul>\n\n\n\n<p>Apmaksa tiek veikta saska\u0146\u0101 ar uz\u0146\u0113muma bankas kont\u0101 izrakst\u012bto r\u0113\u0137inu.<\/p>\n\n\n\n<hr class=\"wp-block-separator has-alpha-channel-opacity\"\/>\n\n\n\n<h2 class=\"wp-block-heading\">5\ufe0f\u20e3 Ra\u017eo\u0161ana un pieg\u0101de<\/h2>\n\n\n\n<ul class=\"wp-block-list\">\n<li>Ra\u017eo\u0161ana aiz\u0146em 30\u201345 dienas.<\/li>\n\n\n\n<li>Pieg\u0101de parasti ilgst 30\u201345 dienas.<\/li>\n\n\n\n<li>M\u0113s atbalst\u0101m j\u016bsu pas\u016bt\u012bjumu ik uz so\u013ca un inform\u0113jam j\u016bs par pieg\u0101des statusu.<\/li>\n<\/ul>\n\n\n\n<h2 class=\"wp-block-heading\">6\ufe0f\u20e3 Apr\u012bkojuma sa\u0146em\u0161ana<\/h2>\n\n\n\n<p>Iek\u0101rta tiek pieg\u0101d\u0101ta kop\u0101 ar pilnu dokumentu komplektu re\u0123istr\u0101cijai un ekspluat\u0101cijai ES.<\/p>\n\n\n\n<h2 class=\"wp-block-heading\">Atbalsts p\u0113c pirkuma<\/h2>\n\n\n\n<p>P\u0113c apr\u012bkojuma sa\u0146em\u0161anas m\u0113s uztur\u0113sim sazi\u0146u un vienm\u0113r b\u016bsim gatavi pal\u012bdz\u0113t ar:<\/p>\n\n\n\n<ul class=\"wp-block-list\">\n<li>pielikumu izv\u0113le<\/li>\n\n\n\n<li>tehniskas probl\u0113mas<\/li>\n\n\n\n<li>papildu piederumi<\/li>\n<\/ul>\n\n\n\n<hr class=\"wp-block-separator has-alpha-channel-opacity\"\/>\n\n\n\n<div class=\"wp-block-buttons is-layout-flex wp-block-buttons-is-layout-flex\">\n<div class=\"wp-block-button\"><a class=\"wp-block-button__link wp-element-button\" href=\"https:\/\/leitekbaltic.com\/lv\/contact\/\">Place an order<\/a><\/div>\n<\/div>","protected":false},"excerpt":{"rendered":"<p>\u041a\u0430\u043a \u0437\u0430\u043a\u0430\u0437\u0430\u0442\u044c \u0442\u0435\u0445\u043d\u0438\u043a\u0443 LEITEK Baltic Machinery 1\ufe0f\u20e3 \u0412\u044b\u0431\u043e\u0440 \u0442\u0435\u0445\u043d\u0438\u043a\u0438 \u041d\u0430 \u043d\u0430\u0448\u0435\u043c \u0441\u0430\u0439\u0442\u0435 \u043f\u0440\u0435\u0434\u0441\u0442\u0430\u0432\u043b\u0435\u043d\u0430 \u043d\u0430\u0438\u0431\u043e\u043b\u0435\u0435 \u0432\u043e\u0441\u0442\u0440\u0435\u0431\u043e\u0432\u0430\u043d\u043d\u0430\u044f \u0442\u0435\u0445\u043d\u0438\u043a\u0430 \u0438 \u043f\u043e\u043f\u0443\u043b\u044f\u0440\u043d\u044b\u0435 \u043a\u043e\u043c\u043f\u043b\u0435\u043a\u0442\u0430\u0446\u0438\u0438.\u0415\u0441\u043b\u0438 \u0432\u044b \u043d\u0435 \u043d\u0430\u0448\u043b\u0438 \u043d\u0443\u0436\u043d\u0443\u044e \u043c\u043e\u0434\u0435\u043b\u044c \u2014 \u044d\u0442\u043e \u043d\u0435 \u043f\u0440\u043e\u0431\u043b\u0435\u043c\u0430. \u041c\u044b \u043f\u043e\u0434\u0431\u0438\u0440\u0430\u0435\u043c \u0442\u0435\u0445\u043d\u0438\u043a\u0443 \u0438\u043d\u0434\u0438\u0432\u0438\u0434\u0443\u0430\u043b\u044c\u043d\u043e \u043f\u043e\u0434 \u0437\u0430\u0434\u0430\u0447\u0438 \u043a\u0430\u0436\u0434\u043e\u0433\u043e \u043a\u043b\u0438\u0435\u043d\u0442\u0430. 2\ufe0f\u20e3 \u041e\u0442\u043f\u0440\u0430\u0432\u043a\u0430 \u0437\u0430\u044f\u0432\u043a\u0438 \u041f\u0435\u0440\u0435\u0439\u0434\u0438\u0442\u0435 \u0432 \u0444\u043e\u0440\u043c\u0443 \u0437\u0430\u043a\u0430\u0437\u0430 \u0438 \u0443\u043a\u0430\u0436\u0438\u0442\u0435: \u041f\u043e\u0441\u043b\u0435 \u043e\u0442\u043f\u0440\u0430\u0432\u043a\u0438 \u0437\u0430\u044f\u0432\u043a\u0438 \u043d\u0430\u0448 \u043c\u0435\u043d\u0435\u0434\u0436\u0435\u0440 \u0441\u0432\u044f\u0436\u0435\u0442\u0441\u044f \u0441 \u0432\u0430\u043c\u0438 \u043f\u043e \u044d\u043b\u0435\u043a\u0442\u0440\u043e\u043d\u043d\u043e\u0439 [&hellip;]<\/p>\n","protected":false},"author":1,"featured_media":0,"parent":0,"menu_order":0,"comment_status":"closed","ping_status":"closed","template":"","meta":{"_themeisle_gutenberg_block_has_review":false,"footnotes":""},"class_list":["post-61","page","type-page","status-publish","hentry"],"_links":{"self":[{"href":"https:\/\/leitekbaltic.com\/lv\/wp-json\/wp\/v2\/pages\/61","targetHints":{"allow":["GET"]}}],"collection":[{"href":"https:\/\/leitekbaltic.com\/lv\/wp-json\/wp\/v2\/pages"}],"about":[{"href":"https:\/\/leitekbaltic.com\/lv\/wp-json\/wp\/v2\/types\/page"}],"author":[{"embeddable":true,"href":"https:\/\/leitekbaltic.com\/lv\/wp-json\/wp\/v2\/users\/1"}],"replies":[{"embeddable":true,"href":"https:\/\/leitekbaltic.com\/lv\/wp-json\/wp\/v2\/comments?post=61"}],"version-history":[{"count":5,"href":"https:\/\/leitekbaltic.com\/lv\/wp-json\/wp\/v2\/pages\/61\/revisions"}],"predecessor-version":[{"id":640,"href":"https:\/\/leitekbaltic.com\/lv\/wp-json\/wp\/v2\/pages\/61\/revisions\/640"}],"wp:attachment":[{"href":"https:\/\/leitekbaltic.com\/lv\/wp-json\/wp\/v2\/media?parent=61"}],"curies":[{"name":"wp","href":"https:\/\/api.w.org\/{rel}","templated":true}]}}