{"id":658,"date":"2026-01-12T12:11:56","date_gmt":"2026-01-12T09:11:56","guid":{"rendered":"https:\/\/leitekbaltic.com\/?page_id=658"},"modified":"2026-01-12T15:52:45","modified_gmt":"2026-01-12T12:52:45","slug":"backhoe-loade-ltz-388","status":"publish","type":"page","link":"https:\/\/leitekbaltic.com\/lv\/backhoe-loade-ltz-388\/","title":{"rendered":"backhoe loade LTZ 388"},"content":{"rendered":"<h2 class=\"wp-block-heading\">\ud83d\ude9c Ekskavators-iekr\u0101v\u0113js <strong>LTZ 388<\/strong><\/h2>\n\n\n\n<p><strong>Ja j\u016bs interes\u0113 \u0161is modelis, l\u016bdzu, re\u0123istr\u0113jieties un aizpildiet \u012bsu pieteikuma veidlapu. P\u0113c tam m\u0113s sazin\u0101simies ar jums pa e-pastu, lai sniegtu detaliz\u0113tu inform\u0101ciju, papildu fotoatt\u0113lus un videoklipus, k\u0101 ar\u012b pal\u012bdz\u0113tu jums izv\u0113l\u0113ties optim\u0101lo konfigur\u0101ciju atbilsto\u0161i j\u016bsu vajadz\u012bb\u0101m.<\/strong><\/p>\n\n\n\n<div class=\"wp-block-buttons is-layout-flex wp-block-buttons-is-layout-flex\">\n<div class=\"wp-block-button\"><a class=\"wp-block-button__link wp-element-button\" href=\"https:\/\/leitekbaltic.com\/lv\/contact\/\">Piepras\u012bt cenu pied\u0101v\u0101jumu<\/a><\/div>\n<\/div>\n\n\n\n<p class=\"translation-block\"><strong>Iztur\u012bgs profesion\u0101ls apr\u012bkojums re\u0101liem b\u016bvniec\u012bbas uzdevumiem.<\/strong><br>LTZ 388 ir pilnv\u0113rt\u012bga JCB un CAT alternat\u012bva par 2\u20133 reizes zem\u0101ku cenu.<\/p>\n\n\n\n<figure class=\"wp-block-image size-full\"><img data-opt-id=1288868994  fetchpriority=\"high\" decoding=\"async\" width=\"943\" height=\"621\" src=\"https:\/\/mlkzi6dofpqr.i.optimole.com\/w:auto\/h:auto\/q:mauto\/f:best\/https:\/\/leitekbaltic.com\/wp-content\/uploads\/2026\/01\/LTZ-388-foto.png\" alt=\"\" class=\"wp-image-659\" srcset=\"https:\/\/mlkzi6dofpqr.i.optimole.com\/w:943\/h:621\/q:mauto\/f:best\/https:\/\/leitekbaltic.com\/wp-content\/uploads\/2026\/01\/LTZ-388-foto.png 943w, https:\/\/mlkzi6dofpqr.i.optimole.com\/w:300\/h:198\/q:mauto\/f:best\/https:\/\/leitekbaltic.com\/wp-content\/uploads\/2026\/01\/LTZ-388-foto.png 300w, https:\/\/mlkzi6dofpqr.i.optimole.com\/w:768\/h:506\/q:mauto\/f:best\/https:\/\/leitekbaltic.com\/wp-content\/uploads\/2026\/01\/LTZ-388-foto.png 768w, https:\/\/mlkzi6dofpqr.i.optimole.com\/w:18\/h:12\/q:mauto\/f:best\/dpr:2\/https:\/\/leitekbaltic.com\/wp-content\/uploads\/2026\/01\/LTZ-388-foto.png 18w\" sizes=\"(max-width: 943px) 100vw, 943px\" \/><\/figure>\n\n\n\n<h3 class=\"wp-block-heading\">\ud83d\udcaa Galven\u0101s priek\u0161roc\u012bbas<\/h3>\n\n\n\n<p>\u2714 Pilns darba cikls: rak\u0161ana, iekrau\u0161ana, pl\u0101no\u0161ana<br>\u2714 Pastiprin\u0101ts r\u0101mis un palielin\u0101ts svars \u2014 lieliska stabilit\u0101te<br>\u2714 \u0112rta vad\u012bba un uzticama hidraulika<br>\u2714 \u0112rta vad\u012bba un uzticama hidraulika<\/p>\n\n\n\n<hr class=\"wp-block-separator has-alpha-channel-opacity\"\/>\n\n\n\n<h3 class=\"wp-block-heading\">Tehnisk\u0101s specifik\u0101cijas<\/h3>\n\n\n\n<p>\ud83d\udd39 Dzin\u0113js: <strong>YUCHAI 4105 Turbo<\/strong>, 4 taktu, ar \u016bdens dzes\u0113\u0161anu<br>\ud83d\udd39 Jauda: <strong>85 \u043a\u0412\u0442 \/ 110 \u043b.\u0441.<\/strong><br>\ud83d\udd39 Darba svars: <strong>8000 kg<\/strong><br>\ud83d\udd39 Maksim\u0101lais \u0101trums:<br>\u2022 30 km\/h (2 uz priek\u0161u \/ 2 atpaka\u013c)<br>\u2022 uz <strong>45 km\/h<\/strong> (4 uz priek\u0161u \/ 4 atpaka\u013c \u2013 p\u0113c izv\u0113les)<\/p>\n\n\n\n<p>\ud83d\udd39 Sist\u0113mas spiediens: <strong>12 \u041c\u041f\u0430<\/strong><br>\ud83d\udd39 Transmisija: fiks\u0113ta v\u0101rpsta, griezes momenta p\u0101rveidot\u0101js<br>\ud83d\udd39 Piedzi\u0146a: jaud\u012bgas asis ar p\u0101rnesumk\u0101rb\u0101m<\/p>\n\n\n\n<hr class=\"wp-block-separator has-alpha-channel-opacity\"\/>\n\n\n\n<h3 class=\"wp-block-heading\">\ud83d\udccf Izm\u0113ri un \u0123eometrija<\/h3>\n\n\n\n<p>\ud83d\udcd0 Izm\u0113ri: <strong>7800 \u00d7 2100 \u00d7 3200 \u043c\u043c<\/strong><br>\ud83d\udccf Rite\u0146u garenb\u0101ze: <strong>2480 \u043c\u043c<\/strong><br>\ud83d\udee3 Izp\u0101rdo\u0161ana: <strong>350 \u043c\u043c<\/strong><br>\ud83d\udcd0 Trase: <strong>1660 \u043c\u043c<\/strong><br>\ud83d\udede Riepas: <strong>16\/70-24<\/strong><\/p>\n\n\n\n<hr class=\"wp-block-separator has-alpha-channel-opacity\"\/>\n\n\n\n<h3 class=\"wp-block-heading\">\ud83d\udee0 Iekr\u0101v\u0113js<\/h3>\n\n\n\n<p>\ud83d\udd38 Kausa ietilp\u012bba: <strong>1,3 \u043c\u00b3<\/strong><br>\ud83d\udd38 Izkrau\u0161anas augstums: <strong>3600 \u043c\u043c<\/strong><br>\ud83d\udd38 Izkrau\u0161anas att\u0101lums: <strong>1062 \u043c\u043c<\/strong><br>\ud83d\udd38 Cel\u0161anas sp\u0113ks: <strong>2800 \u043a\u0433<\/strong><br>\ud83d\udd38 Izlau\u0161an\u0101s sp\u0113ks: <strong>38 \u043a\u041d<\/strong><\/p>\n\n\n\n<hr class=\"wp-block-separator has-alpha-channel-opacity\"\/>\n\n\n\n<h3 class=\"wp-block-heading\">\u26cf Ekskavators<\/h3>\n\n\n\n<p>\ud83d\udd39 Rak\u0161anas dzi\u013cums: l\u012bdz <strong>4100 \u043c\u043c<\/strong><br>\ud83d\udd39 Kausa ietilp\u012bba: <strong>0,3 \u043c\u00b3<\/strong><br>\ud83d\udd39Rak\u0161anas sp\u0113ks: <strong>39 \u043a\u041d<\/strong><br>\ud83d\udd39 Str\u0113les rot\u0101cijas le\u0146\u0137is: <strong>190\u00b0<\/strong><\/p>\n\n\n\n<hr class=\"wp-block-separator has-alpha-channel-opacity\"\/>\n\n\n\n<h3 class=\"wp-block-heading\">\ud83d\uded1 Dro\u0161\u012bba<\/h3>\n\n\n\n<p>\u2714 Disku bremzes ar pneimatisko hidrauliku<br>\u2714 Disku bremzes ar pneimatisko hidrauliku<br>\u2714 Uzticama ar roku vad\u0101ma st\u0101vbremze<\/p>\n\n\n\n<hr class=\"wp-block-separator has-alpha-channel-opacity\"\/>\n\n\n\n<div class=\"wp-block-columns is-layout-flex wp-container-core-columns-is-layout-9d6595d7 wp-block-columns-is-layout-flex\">\n<div class=\"wp-block-column is-layout-flow wp-block-column-is-layout-flow\">\n<h2 class=\"wp-block-heading\">\ud83d\udcde \u0417\u0430\u043a\u0430\u0437\u0430\u0442\u044c BL-LTZ 388-EU<\/h2>\n<\/div>\n\n\n\n<div class=\"wp-block-column is-layout-flow wp-block-column-is-layout-flow\">\n<div class=\"wp-block-buttons is-layout-flex wp-block-buttons-is-layout-flex\">\n<div class=\"wp-block-button\"><a class=\"wp-block-button__link wp-element-button\" href=\"https:\/\/leitekbaltic.com\/lv\/contact\/\">Piepras\u012bt cenu pied\u0101v\u0101jumu<\/a><\/div>\n<\/div>\n<\/div>\n<\/div>\n\n\n\n<p>\ud83c\udf10 <strong><a href=\"https:\/\/leitekbaltic.com\/lv\/\">www.leitekbaltic.com<\/a><\/strong><br>\ud83d\udce7 <strong><a href=\"mailto:info@leitekbaltic.com\">info@leitekbaltic.com<\/a><\/strong><\/p>\n\n\n\n<p>M\u0113s izv\u0113l\u0113simies j\u016bsu projektam piem\u0113rot\u0101ko pakotni un pieg\u0101di!<\/p>","protected":false},"excerpt":{"rendered":"<p>\u042d\u043a\u0441\u043a\u0430\u0432\u0430\u0442\u043e\u0440-\u043f\u043e\u0433\u0440\u0443\u0437\u0447\u0438\u043a LTZ 388 \u0415\u0441\u043b\u0438 \u0432\u0430\u0441 \u0437\u0430\u0438\u043d\u0442\u0435\u0440\u0435\u0441\u043e\u0432\u0430\u043b\u0430 \u044d\u0442\u0430 \u043c\u043e\u0434\u0435\u043b\u044c, \u043f\u0435\u0440\u0435\u0439\u0434\u0438\u0442\u0435 \u043a \u0440\u0435\u0433\u0438\u0441\u0442\u0440\u0430\u0446\u0438\u0438 \u0438 \u0437\u0430\u043f\u043e\u043b\u043d\u0438\u0442\u0435 \u043a\u043e\u0440\u043e\u0442\u043a\u0443\u044e \u0444\u043e\u0440\u043c\u0443 \u0437\u0430\u044f\u0432\u043a\u0438. \u041f\u043e\u0441\u043b\u0435 \u044d\u0442\u043e\u0433\u043e \u043c\u044b \u0441\u0432\u044f\u0436\u0435\u043c\u0441\u044f \u0441 \u0432\u0430\u043c\u0438 \u043f\u043e \u044d\u043b\u0435\u043a\u0442\u0440\u043e\u043d\u043d\u043e\u0439 \u043f\u043e\u0447\u0442\u0435, \u043e\u0442\u043f\u0440\u0430\u0432\u0438\u043c \u043f\u043e\u0434\u0440\u043e\u0431\u043d\u0443\u044e \u0438\u043d\u0444\u043e\u0440\u043c\u0430\u0446\u0438\u044e, \u0434\u043e\u043f\u043e\u043b\u043d\u0438\u0442\u0435\u043b\u044c\u043d\u044b\u0435 \u0444\u043e\u0442\u043e\u0433\u0440\u0430\u0444\u0438\u0438 \u0438 \u0432\u0438\u0434\u0435\u043e, \u0430 \u0442\u0430\u043a\u0436\u0435 \u043f\u043e\u0434\u0431\u0435\u0440\u0451\u043c \u043e\u043f\u0442\u0438\u043c\u0430\u043b\u044c\u043d\u0443\u044e \u043a\u043e\u043c\u043f\u043b\u0435\u043a\u0442\u0430\u0446\u0438\u044e \u043f\u043e\u0434 \u0432\u0430\u0448\u0438 \u0437\u0430\u0434\u0430\u0447\u0438. \u0422\u044f\u0436\u0451\u043b\u0430\u044f \u043f\u0440\u043e\u0444\u0435\u0441\u0441\u0438\u043e\u043d\u0430\u043b\u044c\u043d\u0430\u044f \u0442\u0435\u0445\u043d\u0438\u043a\u0430 \u0434\u043b\u044f \u0440\u0435\u0430\u043b\u044c\u043d\u044b\u0445 \u0441\u0442\u0440\u043e\u0438\u0442\u0435\u043b\u044c\u043d\u044b\u0445 \u0437\u0430\u0434\u0430\u0447.LTZ 388 \u2014 \u044d\u0442\u043e \u043f\u043e\u043b\u043d\u043e\u0446\u0435\u043d\u043d\u0430\u044f \u0430\u043b\u044c\u0442\u0435\u0440\u043d\u0430\u0442\u0438\u0432\u0430 JCB \u0438 CAT [&hellip;]<\/p>\n","protected":false},"author":1,"featured_media":0,"parent":0,"menu_order":0,"comment_status":"closed","ping_status":"closed","template":"","meta":{"_themeisle_gutenberg_block_has_review":false,"footnotes":""},"class_list":["post-658","page","type-page","status-publish","hentry"],"_links":{"self":[{"href":"https:\/\/leitekbaltic.com\/lv\/wp-json\/wp\/v2\/pages\/658","targetHints":{"allow":["GET"]}}],"collection":[{"href":"https:\/\/leitekbaltic.com\/lv\/wp-json\/wp\/v2\/pages"}],"about":[{"href":"https:\/\/leitekbaltic.com\/lv\/wp-json\/wp\/v2\/types\/page"}],"author":[{"embeddable":true,"href":"https:\/\/leitekbaltic.com\/lv\/wp-json\/wp\/v2\/users\/1"}],"replies":[{"embeddable":true,"href":"https:\/\/leitekbaltic.com\/lv\/wp-json\/wp\/v2\/comments?post=658"}],"version-history":[{"count":2,"href":"https:\/\/leitekbaltic.com\/lv\/wp-json\/wp\/v2\/pages\/658\/revisions"}],"predecessor-version":[{"id":673,"href":"https:\/\/leitekbaltic.com\/lv\/wp-json\/wp\/v2\/pages\/658\/revisions\/673"}],"wp:attachment":[{"href":"https:\/\/leitekbaltic.com\/lv\/wp-json\/wp\/v2\/media?parent=658"}],"curies":[{"name":"wp","href":"https:\/\/api.w.org\/{rel}","templated":true}]}}