{"id":674,"date":"2026-01-12T16:37:48","date_gmt":"2026-01-12T13:37:48","guid":{"rendered":"https:\/\/leitekbaltic.com\/?page_id=674"},"modified":"2026-01-12T16:40:35","modified_gmt":"2026-01-12T13:40:35","slug":"backhoe-loade","status":"publish","type":"page","link":"https:\/\/leitekbaltic.com\/lv\/backhoe-loade\/","title":{"rendered":"Backhoe loade"},"content":{"rendered":"<p class=\"has-text-align-center\"><strong>\u0160aj\u0101 sada\u013c\u0101 ir aprakst\u012bti LEITEK front\u0101lie ekskavatori.<\/strong><\/p>\n\n\n\n<h4 class=\"wp-block-heading has-text-align-center translation-block\">Visi mode\u013ci tiek pieg\u0101d\u0101ti p\u0113c pas\u016bt\u012bjuma tie\u0161i no r\u016bpn\u012bcas.<br>Lai ieg\u016btu cenu, noklik\u0161\u0137iniet uz \"Vair\u0101k inform\u0101cijas\" j\u016bs interes\u0113jo\u0161\u0101 mode\u013ca kart\u012bt\u0113.<\/h4>\n\n\n\n<div class=\"wp-block-columns is-layout-flex wp-container-core-columns-is-layout-9d6595d7 wp-block-columns-is-layout-flex\">\n<div class=\"wp-block-column is-layout-flow wp-block-column-is-layout-flow\">\n<h4 class=\"wp-block-heading has-text-align-center\"><a href=\"https:\/\/leitekbaltic.com\/lv\/backhoe-loade-ltz08-12\/\" data-type=\"link\" data-id=\"https:\/\/leitekbaltic.com\/ru_ru\/backhoe-loade-ltz08-12\/\">Backhoe loade LTZ08-12<\/a><\/h4>\n\n\n\n<figure class=\"wp-block-image size-full\"><a href=\"https:\/\/leitekbaltic.com\/lv\/backhoe-loade-ltz08-12\/\"><img data-opt-id=1164140856  fetchpriority=\"high\" decoding=\"async\" width=\"821\" height=\"391\" src=\"https:\/\/mlkzi6dofpqr.i.optimole.com\/w:auto\/h:auto\/q:mauto\/f:best\/https:\/\/leitekbaltic.com\/wp-content\/uploads\/2026\/01\/LTZ08-12-foto.png\" alt=\"\" class=\"wp-image-666\" srcset=\"https:\/\/mlkzi6dofpqr.i.optimole.com\/w:821\/h:391\/q:mauto\/f:best\/https:\/\/leitekbaltic.com\/wp-content\/uploads\/2026\/01\/LTZ08-12-foto.png 821w, https:\/\/mlkzi6dofpqr.i.optimole.com\/w:300\/h:143\/q:mauto\/f:best\/https:\/\/leitekbaltic.com\/wp-content\/uploads\/2026\/01\/LTZ08-12-foto.png 300w, https:\/\/mlkzi6dofpqr.i.optimole.com\/w:768\/h:366\/q:mauto\/f:best\/https:\/\/leitekbaltic.com\/wp-content\/uploads\/2026\/01\/LTZ08-12-foto.png 768w, https:\/\/mlkzi6dofpqr.i.optimole.com\/w:18\/h:9\/q:mauto\/f:best\/dpr:2\/https:\/\/leitekbaltic.com\/wp-content\/uploads\/2026\/01\/LTZ08-12-foto.png 18w\" sizes=\"(max-width: 821px) 100vw, 821px\" \/><\/a><\/figure>\n\n\n\n<ul class=\"wp-block-list\">\n<li>Dzin\u0113js: <strong>YUNNEI 490<\/strong>, 4 taktu d\u012bze\u013cdzin\u0113js<\/li>\n\n\n\n<li>Jauda: <strong>37 \u043a\u0412\u0442<\/strong><\/li>\n\n\n\n<li>Kausa ietilp\u012bba: <strong>0,4 \u043c\u00b3<\/strong><\/li>\n\n\n\n<li>Svars: <strong>2000 kg<\/strong><\/li>\n\n\n\n<li>Degvielas tvertne: <strong>20 litri<\/strong><\/li>\n<\/ul>\n<\/div>\n\n\n\n<div class=\"wp-block-column is-layout-flow wp-block-column-is-layout-flow\">\n<h4 class=\"wp-block-heading has-text-align-center\"><a href=\"https:\/\/leitekbaltic.com\/lv\/backhoe-loade-ltz-10-20\/\">Backhoe loade LTZ 10-20<\/a><\/h4>\n\n\n\n<figure class=\"wp-block-image size-full\"><a href=\"https:\/\/leitekbaltic.com\/lv\/backhoe-loade-ltz-10-20\/\"><img data-opt-id=1488904827  fetchpriority=\"high\" decoding=\"async\" width=\"823\" height=\"473\" src=\"https:\/\/mlkzi6dofpqr.i.optimole.com\/w:auto\/h:auto\/q:mauto\/f:best\/https:\/\/leitekbaltic.com\/wp-content\/uploads\/2026\/01\/LTZ-10-20-foto.png\" alt=\"\" class=\"wp-image-645\" srcset=\"https:\/\/mlkzi6dofpqr.i.optimole.com\/w:823\/h:473\/q:mauto\/f:best\/https:\/\/leitekbaltic.com\/wp-content\/uploads\/2026\/01\/LTZ-10-20-foto.png 823w, https:\/\/mlkzi6dofpqr.i.optimole.com\/w:300\/h:172\/q:mauto\/f:best\/https:\/\/leitekbaltic.com\/wp-content\/uploads\/2026\/01\/LTZ-10-20-foto.png 300w, https:\/\/mlkzi6dofpqr.i.optimole.com\/w:768\/h:441\/q:mauto\/f:best\/https:\/\/leitekbaltic.com\/wp-content\/uploads\/2026\/01\/LTZ-10-20-foto.png 768w, https:\/\/mlkzi6dofpqr.i.optimole.com\/w:18\/h:10\/q:mauto\/f:best\/dpr:2\/https:\/\/leitekbaltic.com\/wp-content\/uploads\/2026\/01\/LTZ-10-20-foto.png 18w\" sizes=\"(max-width: 823px) 100vw, 823px\" \/><\/a><\/figure>\n\n\n\n<ul class=\"wp-block-list\">\n<li>Dzin\u0113js <strong>Yunnei YN25GB<\/strong> - p\u0101rsp\u012bl\u0113ti, 4 cilindri.<\/li>\n\n\n\n<li>\u2022 Kausa ietilp\u012bba \u2014 <strong>0,5 \u043c\u00b3<\/strong><\/li>\n\n\n\n<li>Svars: <strong>2700 kg<\/strong><\/li>\n<\/ul>\n<\/div>\n\n\n\n<div class=\"wp-block-column is-layout-flow wp-block-column-is-layout-flow\">\n<h4 class=\"wp-block-heading has-text-align-center\"><a href=\"https:\/\/leitekbaltic.com\/lv\/backhoe-loade-ltz-15-26\/\">Backhoe loade LTZ 15-26<\/a><\/h4>\n\n\n\n<figure class=\"wp-block-image size-full\"><a href=\"https:\/\/leitekbaltic.com\/lv\/backhoe-loade-ltz-15-26\/\"><img data-opt-id=1277781678  data-opt-src=\"https:\/\/mlkzi6dofpqr.i.optimole.com\/w:auto\/h:auto\/q:mauto\/f:best\/https:\/\/leitekbaltic.com\/wp-content\/uploads\/2026\/01\/LTZ1526-foto.png\"  decoding=\"async\" width=\"984\" height=\"574\" src=\"data:image/svg+xml,%3Csvg%20viewBox%3D%220%200%20100%%20100%%22%20width%3D%22100%%22%20height%3D%22100%%22%20xmlns%3D%22http%3A%2F%2Fwww.w3.org%2F2000%2Fsvg%22%3E%3Crect%20width%3D%22100%%22%20height%3D%22100%%22%20fill%3D%22transparent%22%2F%3E%3C%2Fsvg%3E\" alt=\"\" class=\"wp-image-652\" old-srcset=\"https:\/\/mlkzi6dofpqr.i.optimole.com\/w:984\/h:574\/q:mauto\/f:best\/https:\/\/leitekbaltic.com\/wp-content\/uploads\/2026\/01\/LTZ1526-foto.png 984w, https:\/\/mlkzi6dofpqr.i.optimole.com\/w:300\/h:175\/q:mauto\/f:best\/https:\/\/leitekbaltic.com\/wp-content\/uploads\/2026\/01\/LTZ1526-foto.png 300w, https:\/\/mlkzi6dofpqr.i.optimole.com\/w:768\/h:448\/q:mauto\/f:best\/https:\/\/leitekbaltic.com\/wp-content\/uploads\/2026\/01\/LTZ1526-foto.png 768w, https:\/\/mlkzi6dofpqr.i.optimole.com\/w:18\/h:12\/q:mauto\/f:best\/dpr:2\/https:\/\/leitekbaltic.com\/wp-content\/uploads\/2026\/01\/LTZ1526-foto.png 18w\" \/><\/a><\/figure>\n\n\n\n<ul class=\"wp-block-list\">\n<li>Dzin\u0113js: <strong>Yunnei YN27GBZ<\/strong>, turbo, 4 cilindri<\/li>\n\n\n\n<li>Kausa ietilp\u012bba: <strong>0,7 \u043c\u00b3<\/strong><\/li>\n\n\n\n<li>Svars: <strong>4600 kg<\/strong><\/li>\n<\/ul>\n<\/div>\n<\/div>\n\n\n\n<div class=\"wp-block-columns is-layout-flex wp-container-core-columns-is-layout-9d6595d7 wp-block-columns-is-layout-flex\">\n<div class=\"wp-block-column is-layout-flow wp-block-column-is-layout-flow\">\n<h4 class=\"wp-block-heading has-text-align-center\"><a href=\"https:\/\/leitekbaltic.com\/lv\/backhoe-loade-ltz-388\/\">Backhoe loade LTZ 388<\/a><\/h4>\n\n\n\n<figure class=\"wp-block-image size-full\"><a href=\"https:\/\/leitekbaltic.com\/lv\/backhoe-loade-ltz-388\/\"><img data-opt-id=1288868994  data-opt-src=\"https:\/\/mlkzi6dofpqr.i.optimole.com\/w:auto\/h:auto\/q:mauto\/f:best\/https:\/\/leitekbaltic.com\/wp-content\/uploads\/2026\/01\/LTZ-388-foto.png\"  decoding=\"async\" width=\"943\" height=\"621\" src=\"data:image/svg+xml,%3Csvg%20viewBox%3D%220%200%20100%%20100%%22%20width%3D%22100%%22%20height%3D%22100%%22%20xmlns%3D%22http%3A%2F%2Fwww.w3.org%2F2000%2Fsvg%22%3E%3Crect%20width%3D%22100%%22%20height%3D%22100%%22%20fill%3D%22transparent%22%2F%3E%3C%2Fsvg%3E\" alt=\"\" class=\"wp-image-659\" old-srcset=\"https:\/\/mlkzi6dofpqr.i.optimole.com\/w:943\/h:621\/q:mauto\/f:best\/https:\/\/leitekbaltic.com\/wp-content\/uploads\/2026\/01\/LTZ-388-foto.png 943w, https:\/\/mlkzi6dofpqr.i.optimole.com\/w:300\/h:198\/q:mauto\/f:best\/https:\/\/leitekbaltic.com\/wp-content\/uploads\/2026\/01\/LTZ-388-foto.png 300w, https:\/\/mlkzi6dofpqr.i.optimole.com\/w:768\/h:506\/q:mauto\/f:best\/https:\/\/leitekbaltic.com\/wp-content\/uploads\/2026\/01\/LTZ-388-foto.png 768w, https:\/\/mlkzi6dofpqr.i.optimole.com\/w:18\/h:12\/q:mauto\/f:best\/dpr:2\/https:\/\/leitekbaltic.com\/wp-content\/uploads\/2026\/01\/LTZ-388-foto.png 18w\" \/><\/a><\/figure>\n\n\n\n<ul class=\"wp-block-list\">\n<li>Dzin\u0113js: <strong>YUCHAI 4105 Turbo<\/strong>, 4 taktu.<\/li>\n\n\n\n<li>Kausa ietilp\u012bba: <strong>1,3 \u043c\u00b3<\/strong><\/li>\n\n\n\n<li>Darb\u012bbas svars: <strong>8000 kg<\/strong><\/li>\n\n\n\n<li>\u0100trums: 45<strong>km\/h<\/strong><\/li>\n<\/ul>\n<\/div>\n\n\n\n<div class=\"wp-block-column is-layout-flow wp-block-column-is-layout-flow\"><\/div>\n\n\n\n<div class=\"wp-block-column is-layout-flow wp-block-column-is-layout-flow\"><\/div>\n<\/div>","protected":false},"excerpt":{"rendered":"<p>\u0412 \u044d\u0442\u043e\u043c \u0440\u0430\u0437\u0434\u0435\u043b\u0435 \u043f\u0440\u0435\u0434\u0441\u0442\u0430\u0432\u043b\u0435\u043d\u044b \u0444\u0440\u043e\u043d\u0442\u0430\u043b\u044c\u043d\u044b\u0435 \u044d\u043a\u0441\u043a\u0430\u0432\u0430\u0442\u043e\u0440\u044b, \u043a\u043e\u043c\u043f\u0430\u043d\u0438\u0438 LEITEK. \u0412\u0441\u0435 \u043c\u043e\u0434\u0435\u043b\u0438 \u043f\u043e\u0441\u0442\u0430\u0432\u043b\u044f\u044e\u0442\u0441\u044f \u043f\u043e\u0434 \u0437\u0430\u043a\u0430\u0437 \u043d\u0430\u043f\u0440\u044f\u043c\u0443\u044e \u0441 \u0437\u0430\u0432\u043e\u0434\u0430.\u0414\u043b\u044f \u043f\u043e\u043b\u0443\u0447\u0435\u043d\u0438\u044f \u0446\u0435\u043d\u044b \u043d\u0430\u0436\u043c\u0438\u0442\u0435 \u00ab\u041f\u043e\u0434\u0440\u043e\u0431\u043d\u0435\u0435\u00bb \u0432 \u043a\u0430\u0440\u0442\u043e\u0447\u043a\u0435 \u0438\u043d\u0442\u0435\u0440\u0435\u0441\u0443\u044e\u0449\u0435\u0439 \u043c\u043e\u0434\u0435\u043b\u0438. Backhoe loade LTZ08-12 Backhoe loade LTZ 10-20 Backhoe loade LTZ 15-26 Backhoe loade LTZ 388<\/p>","protected":false},"author":1,"featured_media":0,"parent":0,"menu_order":0,"comment_status":"closed","ping_status":"closed","template":"","meta":{"_themeisle_gutenberg_block_has_review":false,"footnotes":""},"class_list":["post-674","page","type-page","status-publish","hentry"],"_links":{"self":[{"href":"https:\/\/leitekbaltic.com\/lv\/wp-json\/wp\/v2\/pages\/674","targetHints":{"allow":["GET"]}}],"collection":[{"href":"https:\/\/leitekbaltic.com\/lv\/wp-json\/wp\/v2\/pages"}],"about":[{"href":"https:\/\/leitekbaltic.com\/lv\/wp-json\/wp\/v2\/types\/page"}],"author":[{"embeddable":true,"href":"https:\/\/leitekbaltic.com\/lv\/wp-json\/wp\/v2\/users\/1"}],"replies":[{"embeddable":true,"href":"https:\/\/leitekbaltic.com\/lv\/wp-json\/wp\/v2\/comments?post=674"}],"version-history":[{"count":1,"href":"https:\/\/leitekbaltic.com\/lv\/wp-json\/wp\/v2\/pages\/674\/revisions"}],"predecessor-version":[{"id":677,"href":"https:\/\/leitekbaltic.com\/lv\/wp-json\/wp\/v2\/pages\/674\/revisions\/677"}],"wp:attachment":[{"href":"https:\/\/leitekbaltic.com\/lv\/wp-json\/wp\/v2\/media?parent=674"}],"curies":[{"name":"wp","href":"https:\/\/api.w.org\/{rel}","templated":true}]}}