{"id":686,"date":"2026-01-22T12:50:39","date_gmt":"2026-01-22T09:50:39","guid":{"rendered":"https:\/\/leitekbaltic.com\/?page_id=686"},"modified":"2026-01-23T19:43:21","modified_gmt":"2026-01-23T16:43:21","slug":"forklifts","status":"publish","type":"page","link":"https:\/\/leitekbaltic.com\/lv\/forklifts\/","title":{"rendered":"Forklifts"},"content":{"rendered":"<h3 class=\"wp-block-heading has-text-align-center\"><strong>\u0160aj\u0101 sada\u013c\u0101 ir aprakst\u012bti LEITEK iekr\u0101v\u0113ji.<\/strong><\/h3>\n\n\n\n<p class=\"has-text-align-center\"><strong>M\u0113s pieg\u0101d\u0101jam daudz vair\u0101k apr\u012bkojuma nek\u0101 nor\u0101d\u012bts t\u012bmek\u013ca vietn\u0113.<br>Past\u0101stiet mums, kas jums nepiecie\u0161ams \u2013 m\u0113s izv\u0113l\u0113simies un pied\u0101v\u0101sim lab\u0101ko variantu tie\u0161i no ra\u017eot\u0101ja.<\/strong><\/p>\n\n\n\n<div class=\"wp-block-columns is-layout-flex wp-container-core-columns-is-layout-9d6595d7 wp-block-columns-is-layout-flex\">\n<div class=\"wp-block-column is-layout-flow wp-block-column-is-layout-flow\">\n<figure class=\"wp-block-image size-full\"><a href=\"https:\/\/leitekbaltic.com\/lv\/lte35-electric-forklift\/\"><img data-opt-id=852231595  fetchpriority=\"high\" decoding=\"async\" width=\"840\" height=\"630\" src=\"https:\/\/mlkzi6dofpqr.i.optimole.com\/w:auto\/h:auto\/q:mauto\/f:best\/https:\/\/leitekbaltic.com\/wp-content\/uploads\/2026\/01\/LTE35-electric-Forklift-foto1.webp\" alt=\"\" class=\"wp-image-697\" srcset=\"https:\/\/mlkzi6dofpqr.i.optimole.com\/w:840\/h:630\/q:mauto\/f:best\/https:\/\/leitekbaltic.com\/wp-content\/uploads\/2026\/01\/LTE35-electric-Forklift-foto1.webp 840w, https:\/\/mlkzi6dofpqr.i.optimole.com\/w:300\/h:225\/q:mauto\/f:best\/https:\/\/leitekbaltic.com\/wp-content\/uploads\/2026\/01\/LTE35-electric-Forklift-foto1.webp 300w, https:\/\/mlkzi6dofpqr.i.optimole.com\/w:768\/h:576\/q:mauto\/f:best\/https:\/\/leitekbaltic.com\/wp-content\/uploads\/2026\/01\/LTE35-electric-Forklift-foto1.webp 768w, https:\/\/mlkzi6dofpqr.i.optimole.com\/w:16\/h:12\/q:mauto\/f:best\/dpr:2\/https:\/\/leitekbaltic.com\/wp-content\/uploads\/2026\/01\/LTE35-electric-Forklift-foto1.webp 16w\" sizes=\"(max-width: 840px) 100vw, 840px\" \/><\/a><\/figure>\n\n\n\n<h4 class=\"wp-block-heading has-text-align-center\"><a href=\"https:\/\/leitekbaltic.com\/lv\/lte35-electric-forklift\/\" data-type=\"link\" data-id=\"https:\/\/leitekbaltic.com\/ru_ru\/lte35-electric-forklift\/\">LTE35 electric Forklift<\/a><\/h4>\n\n\n\n<ul class=\"wp-block-list\">\n<li>Nomin\u0101l\u0101 celtsp\u0113ja 3500 kg<\/li>\n\n\n\n<li>Pacel\u0161anas augstums 3\u20136,5 m\/P\u0113c pas\u016bt\u012bjuma<\/li>\n\n\n\n<li>Baro\u0161anas re\u017e\u012bms: svina-sk\u0101bes akumulators<\/li>\n\n\n\n<li class=\"translation-block\">Dak\u0161as izm\u0113ri (G.P.A) 1070x122x45 mm<\/li>\n<\/ul>\n<\/div>\n\n\n\n<div class=\"wp-block-column is-layout-flow wp-block-column-is-layout-flow\">\n<figure class=\"wp-block-image size-full\"><a href=\"https:\/\/leitekbaltic.com\/lv\/lte-50-electric-forklift\/\"><img data-opt-id=1759971607  fetchpriority=\"high\" decoding=\"async\" width=\"840\" height=\"630\" src=\"https:\/\/mlkzi6dofpqr.i.optimole.com\/w:auto\/h:auto\/q:mauto\/f:best\/https:\/\/leitekbaltic.com\/wp-content\/uploads\/2026\/01\/LTE50-electric-Fortkluft-foto3.webp\" alt=\"\" class=\"wp-image-704\" srcset=\"https:\/\/mlkzi6dofpqr.i.optimole.com\/w:840\/h:630\/q:mauto\/f:best\/https:\/\/leitekbaltic.com\/wp-content\/uploads\/2026\/01\/LTE50-electric-Fortkluft-foto3.webp 840w, https:\/\/mlkzi6dofpqr.i.optimole.com\/w:300\/h:225\/q:mauto\/f:best\/https:\/\/leitekbaltic.com\/wp-content\/uploads\/2026\/01\/LTE50-electric-Fortkluft-foto3.webp 300w, https:\/\/mlkzi6dofpqr.i.optimole.com\/w:768\/h:576\/q:mauto\/f:best\/https:\/\/leitekbaltic.com\/wp-content\/uploads\/2026\/01\/LTE50-electric-Fortkluft-foto3.webp 768w, https:\/\/mlkzi6dofpqr.i.optimole.com\/w:16\/h:12\/q:mauto\/f:best\/dpr:2\/https:\/\/leitekbaltic.com\/wp-content\/uploads\/2026\/01\/LTE50-electric-Fortkluft-foto3.webp 16w\" sizes=\"(max-width: 840px) 100vw, 840px\" \/><\/a><\/figure>\n\n\n\n<h4 class=\"wp-block-heading has-text-align-center\"><a href=\"https:\/\/leitekbaltic.com\/lv\/lte-50-electric-forklift\/\" data-type=\"link\" data-id=\"https:\/\/leitekbaltic.com\/ru_ru\/lte-50-electric-forklift\/\">LTE50 electric Fortklift<\/a><\/h4>\n\n\n\n<ul class=\"wp-block-list\">\n<li>Nomin\u0101l\u0101 celtsp\u0113ja 5000 kg<\/li>\n\n\n\n<li>Pacel\u0161anas augstums 3\u20136,5 m\/P\u0113c pas\u016bt\u012bjuma<\/li>\n\n\n\n<li>Baro\u0161anas re\u017e\u012bms: svina-sk\u0101bes akumulators<\/li>\n\n\n\n<li class=\"translation-block\">Dak\u0161as izm\u0113ri (G.P.A) 1070x150x55 mm<\/li>\n<\/ul>\n<\/div>\n\n\n\n<div class=\"wp-block-column is-layout-flow wp-block-column-is-layout-flow\">\n<figure class=\"wp-block-image size-full\"><a href=\"https:\/\/leitekbaltic.com\/lv\/ltp25-lpg-forklift\/\"><img data-opt-id=1658401519  data-opt-src=\"https:\/\/mlkzi6dofpqr.i.optimole.com\/w:auto\/h:auto\/q:mauto\/f:best\/https:\/\/leitekbaltic.com\/wp-content\/uploads\/2026\/01\/LTP25-LPG-Forklift-foto4.webp\"  decoding=\"async\" width=\"840\" height=\"630\" src=\"data:image/svg+xml,%3Csvg%20viewBox%3D%220%200%20100%%20100%%22%20width%3D%22100%%22%20height%3D%22100%%22%20xmlns%3D%22http%3A%2F%2Fwww.w3.org%2F2000%2Fsvg%22%3E%3Crect%20width%3D%22100%%22%20height%3D%22100%%22%20fill%3D%22transparent%22%2F%3E%3C%2Fsvg%3E\" alt=\"\" class=\"wp-image-714\" old-srcset=\"https:\/\/mlkzi6dofpqr.i.optimole.com\/w:840\/h:630\/q:mauto\/f:best\/https:\/\/leitekbaltic.com\/wp-content\/uploads\/2026\/01\/LTP25-LPG-Forklift-foto4.webp 840w, https:\/\/mlkzi6dofpqr.i.optimole.com\/w:300\/h:225\/q:mauto\/f:best\/https:\/\/leitekbaltic.com\/wp-content\/uploads\/2026\/01\/LTP25-LPG-Forklift-foto4.webp 300w, https:\/\/mlkzi6dofpqr.i.optimole.com\/w:768\/h:576\/q:mauto\/f:best\/https:\/\/leitekbaltic.com\/wp-content\/uploads\/2026\/01\/LTP25-LPG-Forklift-foto4.webp 768w, https:\/\/mlkzi6dofpqr.i.optimole.com\/w:16\/h:12\/q:mauto\/f:best\/dpr:2\/https:\/\/leitekbaltic.com\/wp-content\/uploads\/2026\/01\/LTP25-LPG-Forklift-foto4.webp 16w\" \/><\/a><\/figure>\n\n\n\n<h4 class=\"wp-block-heading has-text-align-center\"><a href=\"https:\/\/leitekbaltic.com\/lv\/ltp25-lpg-forklift\/\" data-type=\"link\" data-id=\"https:\/\/leitekbaltic.com\/ru_ru\/ltp25-lpg-forklift\/\">LTP25 LPG Forklift<\/a><\/h4>\n\n\n\n<ul class=\"wp-block-list\">\n<li>Nomin\u0101l\u0101 celtsp\u0113ja 2500 kg<\/li>\n\n\n\n<li>Pacel\u0161anas augstums 3\u20138 m p\u0113c individu\u0101la pas\u016bt\u012bjuma, <\/li>\n\n\n\n<li>Degviela: benz\u012bns-g\u0101ze<\/li>\n\n\n\n<li>Nomin\u0101l\u0101 jauda 46 kW\/39 kW<\/li>\n<\/ul>\n<\/div>\n<\/div>\n\n\n\n<hr class=\"wp-block-separator has-alpha-channel-opacity\"\/>\n\n\n\n<div class=\"wp-block-columns is-layout-flex wp-container-core-columns-is-layout-9d6595d7 wp-block-columns-is-layout-flex\">\n<div class=\"wp-block-column is-layout-flow wp-block-column-is-layout-flow\">\n<figure class=\"wp-block-image size-full\"><a href=\"https:\/\/leitekbaltic.com\/lv\/ltp40-lpg-forklift\/\"><img data-opt-id=925800438  data-opt-src=\"https:\/\/mlkzi6dofpqr.i.optimole.com\/w:auto\/h:auto\/q:mauto\/f:best\/https:\/\/leitekbaltic.com\/wp-content\/uploads\/2026\/01\/LTP40-LPG-Forklift-foto4.webp\"  decoding=\"async\" width=\"840\" height=\"630\" src=\"data:image/svg+xml,%3Csvg%20viewBox%3D%220%200%20100%%20100%%22%20width%3D%22100%%22%20height%3D%22100%%22%20xmlns%3D%22http%3A%2F%2Fwww.w3.org%2F2000%2Fsvg%22%3E%3Crect%20width%3D%22100%%22%20height%3D%22100%%22%20fill%3D%22transparent%22%2F%3E%3C%2Fsvg%3E\" alt=\"\" class=\"wp-image-723\" old-srcset=\"https:\/\/mlkzi6dofpqr.i.optimole.com\/w:840\/h:630\/q:mauto\/f:best\/https:\/\/leitekbaltic.com\/wp-content\/uploads\/2026\/01\/LTP40-LPG-Forklift-foto4.webp 840w, https:\/\/mlkzi6dofpqr.i.optimole.com\/w:300\/h:225\/q:mauto\/f:best\/https:\/\/leitekbaltic.com\/wp-content\/uploads\/2026\/01\/LTP40-LPG-Forklift-foto4.webp 300w, https:\/\/mlkzi6dofpqr.i.optimole.com\/w:768\/h:576\/q:mauto\/f:best\/https:\/\/leitekbaltic.com\/wp-content\/uploads\/2026\/01\/LTP40-LPG-Forklift-foto4.webp 768w, https:\/\/mlkzi6dofpqr.i.optimole.com\/w:16\/h:12\/q:mauto\/f:best\/dpr:2\/https:\/\/leitekbaltic.com\/wp-content\/uploads\/2026\/01\/LTP40-LPG-Forklift-foto4.webp 16w\" \/><\/a><\/figure>\n\n\n\n<h4 class=\"wp-block-heading has-text-align-center\"><a href=\"https:\/\/leitekbaltic.com\/lv\/ltp40-lpg-forklift\/\" data-type=\"link\" data-id=\"https:\/\/leitekbaltic.com\/ru_ru\/ltp40-lpg-forklift\/\">LTP40 LPG Forklift<\/a><\/h4>\n\n\n\n<ul class=\"wp-block-list\">\n<li>Nomin\u0101l\u0101 celtsp\u0113ja: 4000 kg<\/li>\n\n\n\n<li>Pacel\u0161anas augstums 3\u20138 m\/p\u0113c pas\u016bt\u012bjuma<\/li>\n\n\n\n<li>Degviela: benz\u012bns-g\u0101ze<\/li>\n\n\n\n<li>Nomin\u0101l\u0101 jauda 46 kW\/39 kW<\/li>\n<\/ul>\n<\/div>\n\n\n\n<div class=\"wp-block-column is-layout-flow wp-block-column-is-layout-flow\">\n<figure class=\"wp-block-image size-full\"><a href=\"https:\/\/leitekbaltic.com\/lv\/ltp25-diesel-forklift\/\"><img data-opt-id=1026621650  data-opt-src=\"https:\/\/mlkzi6dofpqr.i.optimole.com\/w:auto\/h:auto\/q:mauto\/f:best\/https:\/\/leitekbaltic.com\/wp-content\/uploads\/2026\/01\/FK-LTP25-EU-foto2.webp\"  decoding=\"async\" width=\"840\" height=\"630\" src=\"data:image/svg+xml,%3Csvg%20viewBox%3D%220%200%20100%%20100%%22%20width%3D%22100%%22%20height%3D%22100%%22%20xmlns%3D%22http%3A%2F%2Fwww.w3.org%2F2000%2Fsvg%22%3E%3Crect%20width%3D%22100%%22%20height%3D%22100%%22%20fill%3D%22transparent%22%2F%3E%3C%2Fsvg%3E\" alt=\"\" class=\"wp-image-731\" old-srcset=\"https:\/\/mlkzi6dofpqr.i.optimole.com\/w:840\/h:630\/q:mauto\/f:best\/https:\/\/leitekbaltic.com\/wp-content\/uploads\/2026\/01\/FK-LTP25-EU-foto2.webp 840w, https:\/\/mlkzi6dofpqr.i.optimole.com\/w:300\/h:225\/q:mauto\/f:best\/https:\/\/leitekbaltic.com\/wp-content\/uploads\/2026\/01\/FK-LTP25-EU-foto2.webp 300w, https:\/\/mlkzi6dofpqr.i.optimole.com\/w:768\/h:576\/q:mauto\/f:best\/https:\/\/leitekbaltic.com\/wp-content\/uploads\/2026\/01\/FK-LTP25-EU-foto2.webp 768w, https:\/\/mlkzi6dofpqr.i.optimole.com\/w:16\/h:12\/q:mauto\/f:best\/dpr:2\/https:\/\/leitekbaltic.com\/wp-content\/uploads\/2026\/01\/FK-LTP25-EU-foto2.webp 16w\" \/><\/a><\/figure>\n\n\n\n<h4 class=\"wp-block-heading has-text-align-center\"><a href=\"https:\/\/leitekbaltic.com\/lv\/ltp25-diesel-forklift\/\" data-type=\"link\" data-id=\"https:\/\/leitekbaltic.com\/ru_ru\/ltp25-diesel-forklift\">LTP25 Diesel Forklift<\/a><\/h4>\n\n\n\n<ul class=\"wp-block-list\">\n<li>Nomin\u0101l\u0101 celtsp\u0113ja: 2500 kg<\/li>\n\n\n\n<li>Pacel\u0161anas augstums: 3\u20138 m\/piel\u0101gots<\/li>\n\n\n\n<li>Dzin\u0113js: Xinchai\/Quanchai<\/li>\n\n\n\n<li>Lietder\u012bg\u0101 jauda: 40\/2500 kW\/apgr.\/min<\/li>\n<\/ul>\n<\/div>\n\n\n\n<div class=\"wp-block-column is-layout-flow wp-block-column-is-layout-flow\">\n<figure class=\"wp-block-image size-full\"><a href=\"https:\/\/leitekbaltic.com\/lv\/ltp50-diesel-forklift\/\"><img data-opt-id=1084719525  data-opt-src=\"https:\/\/mlkzi6dofpqr.i.optimole.com\/w:auto\/h:auto\/q:mauto\/f:best\/https:\/\/leitekbaltic.com\/wp-content\/uploads\/2026\/01\/LTP50-Diesel-Forklift-фото4.webp\"  decoding=\"async\" width=\"840\" height=\"630\" src=\"data:image/svg+xml,%3Csvg%20viewBox%3D%220%200%20100%%20100%%22%20width%3D%22100%%22%20height%3D%22100%%22%20xmlns%3D%22http%3A%2F%2Fwww.w3.org%2F2000%2Fsvg%22%3E%3Crect%20width%3D%22100%%22%20height%3D%22100%%22%20fill%3D%22transparent%22%2F%3E%3C%2Fsvg%3E\" alt=\"\" class=\"wp-image-737\" old-srcset=\"https:\/\/mlkzi6dofpqr.i.optimole.com\/w:840\/h:630\/q:mauto\/f:best\/https:\/\/leitekbaltic.com\/wp-content\/uploads\/2026\/01\/LTP50-Diesel-Forklift-\u0444\u043e\u0442\u043e4.webp 840w, https:\/\/mlkzi6dofpqr.i.optimole.com\/w:300\/h:225\/q:mauto\/f:best\/https:\/\/leitekbaltic.com\/wp-content\/uploads\/2026\/01\/LTP50-Diesel-Forklift-\u0444\u043e\u0442\u043e4.webp 300w, https:\/\/mlkzi6dofpqr.i.optimole.com\/w:768\/h:576\/q:mauto\/f:best\/https:\/\/leitekbaltic.com\/wp-content\/uploads\/2026\/01\/LTP50-Diesel-Forklift-\u0444\u043e\u0442\u043e4.webp 768w, https:\/\/mlkzi6dofpqr.i.optimole.com\/w:16\/h:12\/q:mauto\/f:best\/dpr:2\/https:\/\/leitekbaltic.com\/wp-content\/uploads\/2026\/01\/LTP50-Diesel-Forklift-\u0444\u043e\u0442\u043e4.webp 16w\" \/><\/a><\/figure>\n\n\n\n<h4 class=\"wp-block-heading has-text-align-center\"><a href=\"https:\/\/leitekbaltic.com\/lv\/ltp50-diesel-forklift\/\">LTP50 Diesel Forklift<\/a><\/h4>\n\n\n\n<ul class=\"wp-block-list\">\n<li>Nomin\u0101l\u0101 celtsp\u0113ja 5000 kg<\/li>\n\n\n\n<li>Pacel\u0161anas augstums 3\u20138 m\/p\u0113c pas\u016bt\u012bjuma<\/li>\n\n\n\n<li>Xinchai\/Quanchai dzin\u0113js<\/li>\n\n\n\n<li>Neto jauda 62,5 kW\/2200 kW\/apgr.\/min<\/li>\n<\/ul>\n<\/div>\n<\/div>\n\n\n\n<hr class=\"wp-block-separator has-alpha-channel-opacity\"\/>\n\n\n\n<div class=\"wp-block-columns is-layout-flex wp-container-core-columns-is-layout-9d6595d7 wp-block-columns-is-layout-flex\">\n<div class=\"wp-block-column is-layout-flow wp-block-column-is-layout-flow\">\n<figure class=\"wp-block-image size-full\"><a href=\"https:\/\/leitekbaltic.com\/lv\/lty35-rough-terrain-forklift\/\"><img data-opt-id=1194988190  data-opt-src=\"https:\/\/mlkzi6dofpqr.i.optimole.com\/w:auto\/h:auto\/q:mauto\/f:best\/https:\/\/leitekbaltic.com\/wp-content\/uploads\/2026\/01\/LTY35-rough-terrain-forklift-foto3.webp\"  decoding=\"async\" width=\"840\" height=\"630\" src=\"data:image/svg+xml,%3Csvg%20viewBox%3D%220%200%20100%%20100%%22%20width%3D%22100%%22%20height%3D%22100%%22%20xmlns%3D%22http%3A%2F%2Fwww.w3.org%2F2000%2Fsvg%22%3E%3Crect%20width%3D%22100%%22%20height%3D%22100%%22%20fill%3D%22transparent%22%2F%3E%3C%2Fsvg%3E\" alt=\"\" class=\"wp-image-746\" old-srcset=\"https:\/\/mlkzi6dofpqr.i.optimole.com\/w:840\/h:630\/q:mauto\/f:best\/https:\/\/leitekbaltic.com\/wp-content\/uploads\/2026\/01\/LTY35-rough-terrain-forklift-foto3.webp 840w, https:\/\/mlkzi6dofpqr.i.optimole.com\/w:300\/h:225\/q:mauto\/f:best\/https:\/\/leitekbaltic.com\/wp-content\/uploads\/2026\/01\/LTY35-rough-terrain-forklift-foto3.webp 300w, https:\/\/mlkzi6dofpqr.i.optimole.com\/w:768\/h:576\/q:mauto\/f:best\/https:\/\/leitekbaltic.com\/wp-content\/uploads\/2026\/01\/LTY35-rough-terrain-forklift-foto3.webp 768w, https:\/\/mlkzi6dofpqr.i.optimole.com\/w:16\/h:12\/q:mauto\/f:best\/dpr:2\/https:\/\/leitekbaltic.com\/wp-content\/uploads\/2026\/01\/LTY35-rough-terrain-forklift-foto3.webp 16w\" \/><\/a><\/figure>\n\n\n\n<h4 class=\"wp-block-heading has-text-align-center\"><a href=\"https:\/\/leitekbaltic.com\/lv\/lty35-rough-terrain-forklift\/\" data-type=\"link\" data-id=\"https:\/\/leitekbaltic.com\/ru_ru\/lty35-rough-terrain-forklift\/\">LTY35 rough terrain forklift<\/a><\/h4>\n\n\n\n<ul class=\"wp-block-list\">\n<li>Nomin\u0101l\u0101 celtsp\u0113ja 3500 kg<\/li>\n\n\n\n<li>Pacel\u0161anas augstums 3\u20137 m\/p\u0113c pas\u016bt\u012bjuma<\/li>\n\n\n\n<li>Quanchai495\/Yunnei dzin\u0113js<\/li>\n\n\n\n<li>Quanchai495\/Yunnei dzin\u0113js<\/li>\n<\/ul>\n<\/div>\n\n\n\n<div class=\"wp-block-column is-layout-flow wp-block-column-is-layout-flow\">\n<figure class=\"wp-block-image size-full\"><a href=\"https:\/\/leitekbaltic.com\/lv\/lty50-rough-terrain-forklift\/\"><img data-opt-id=1024449430  data-opt-src=\"https:\/\/mlkzi6dofpqr.i.optimole.com\/w:auto\/h:auto\/q:mauto\/f:best\/https:\/\/leitekbaltic.com\/wp-content\/uploads\/2026\/01\/LTY50-rough-terrain-forklift-foto4.webp\"  decoding=\"async\" width=\"840\" height=\"630\" src=\"data:image/svg+xml,%3Csvg%20viewBox%3D%220%200%20100%%20100%%22%20width%3D%22100%%22%20height%3D%22100%%22%20xmlns%3D%22http%3A%2F%2Fwww.w3.org%2F2000%2Fsvg%22%3E%3Crect%20width%3D%22100%%22%20height%3D%22100%%22%20fill%3D%22transparent%22%2F%3E%3C%2Fsvg%3E\" alt=\"\" class=\"wp-image-751\" old-srcset=\"https:\/\/mlkzi6dofpqr.i.optimole.com\/w:840\/h:630\/q:mauto\/f:best\/https:\/\/leitekbaltic.com\/wp-content\/uploads\/2026\/01\/LTY50-rough-terrain-forklift-foto4.webp 840w, https:\/\/mlkzi6dofpqr.i.optimole.com\/w:300\/h:225\/q:mauto\/f:best\/https:\/\/leitekbaltic.com\/wp-content\/uploads\/2026\/01\/LTY50-rough-terrain-forklift-foto4.webp 300w, https:\/\/mlkzi6dofpqr.i.optimole.com\/w:768\/h:576\/q:mauto\/f:best\/https:\/\/leitekbaltic.com\/wp-content\/uploads\/2026\/01\/LTY50-rough-terrain-forklift-foto4.webp 768w, https:\/\/mlkzi6dofpqr.i.optimole.com\/w:16\/h:12\/q:mauto\/f:best\/dpr:2\/https:\/\/leitekbaltic.com\/wp-content\/uploads\/2026\/01\/LTY50-rough-terrain-forklift-foto4.webp 16w\" \/><\/a><\/figure>\n\n\n\n<h4 class=\"wp-block-heading has-text-align-center\"><a href=\"https:\/\/leitekbaltic.com\/lv\/lty50-rough-terrain-forklift\/\" data-type=\"link\" data-id=\"https:\/\/leitekbaltic.com\/ru_ru\/lty50-rough-terrain-forklift\/\">LTY50 rough terrain forklift<\/a><\/h4>\n\n\n\n<ul class=\"wp-block-list\">\n<li>Nomin\u0101l\u0101 celtsp\u0113ja 5000 kg<\/li>\n\n\n\n<li>Pacel\u0161anas augstums 3\u20137 m\/p\u0113c pas\u016bt\u012bjuma<\/li>\n\n\n\n<li>Xichai\/Yunnei4102 dzin\u0113js<\/li>\n\n\n\n<li>Lietder\u012bg\u0101 jauda 80\u201383 kW<\/li>\n<\/ul>\n<\/div>\n\n\n\n<div class=\"wp-block-column is-layout-flow wp-block-column-is-layout-flow\"><\/div>\n<\/div>\n\n\n\n<hr class=\"wp-block-separator has-alpha-channel-opacity\"\/>","protected":false},"excerpt":{"rendered":"<p>\u0412 \u044d\u0442\u043e\u043c \u0440\u0430\u0437\u0434\u0435\u043b\u0435 \u043f\u0440\u0435\u0434\u0441\u0442\u0430\u0432\u043b\u0435\u043d\u044b \u0412\u0438\u043b\u043e\u0447\u043d\u044b\u0435 \u043f\u043e\u0433\u0440\u0443\u0437\u0447\u0438\u043a\u0438, \u043a\u043e\u043c\u043f\u0430\u043d\u0438\u0438 LEITEK. \u041c\u044b \u043f\u043e\u0441\u0442\u0430\u0432\u043b\u044f\u0435\u043c \u0433\u043e\u0440\u0430\u0437\u0434\u043e \u0431\u043e\u043b\u044c\u0448\u0435 \u0442\u0435\u0445\u043d\u0438\u043a\u0438, \u0447\u0435\u043c \u043f\u0440\u0435\u0434\u0441\u0442\u0430\u0432\u043b\u0435\u043d\u043e \u043d\u0430 \u0441\u0430\u0439\u0442\u0435.\u041d\u0430\u043f\u0438\u0448\u0438\u0442\u0435, \u0447\u0442\u043e \u0432\u0430\u043c \u043d\u0443\u0436\u043d\u043e \u2014 \u043c\u044b \u043f\u043e\u0434\u0431\u0435\u0440\u0451\u043c \u0438 \u043f\u0440\u0435\u0434\u043b\u043e\u0436\u0438\u043c \u043b\u0443\u0447\u0448\u0438\u0439 \u0432\u0430\u0440\u0438\u0430\u043d\u0442 \u043d\u0430\u043f\u0440\u044f\u043c\u0443\u044e \u043e\u0442 \u043f\u0440\u043e\u0438\u0437\u0432\u043e\u0434\u0438\u0442\u0435\u043b\u044f. LTE35 electric Forklift LTE50 electric Fortklift LTP25 LPG Forklift LTP40 LPG Forklift LTP25 Diesel Forklift LTP50 Diesel Forklift LTY35 rough terrain forklift LTY50 rough terrain [&hellip;]<\/p>\n","protected":false},"author":1,"featured_media":0,"parent":0,"menu_order":0,"comment_status":"closed","ping_status":"closed","template":"","meta":{"_themeisle_gutenberg_block_has_review":false,"footnotes":""},"class_list":["post-686","page","type-page","status-publish","hentry"],"_links":{"self":[{"href":"https:\/\/leitekbaltic.com\/lv\/wp-json\/wp\/v2\/pages\/686","targetHints":{"allow":["GET"]}}],"collection":[{"href":"https:\/\/leitekbaltic.com\/lv\/wp-json\/wp\/v2\/pages"}],"about":[{"href":"https:\/\/leitekbaltic.com\/lv\/wp-json\/wp\/v2\/types\/page"}],"author":[{"embeddable":true,"href":"https:\/\/leitekbaltic.com\/lv\/wp-json\/wp\/v2\/users\/1"}],"replies":[{"embeddable":true,"href":"https:\/\/leitekbaltic.com\/lv\/wp-json\/wp\/v2\/comments?post=686"}],"version-history":[{"count":3,"href":"https:\/\/leitekbaltic.com\/lv\/wp-json\/wp\/v2\/pages\/686\/revisions"}],"predecessor-version":[{"id":766,"href":"https:\/\/leitekbaltic.com\/lv\/wp-json\/wp\/v2\/pages\/686\/revisions\/766"}],"wp:attachment":[{"href":"https:\/\/leitekbaltic.com\/lv\/wp-json\/wp\/v2\/media?parent=686"}],"curies":[{"name":"wp","href":"https:\/\/api.w.org\/{rel}","templated":true}]}}