{"id":690,"date":"2026-01-22T13:01:40","date_gmt":"2026-01-22T10:01:40","guid":{"rendered":"https:\/\/leitekbaltic.com\/?page_id=690"},"modified":"2026-01-23T19:32:32","modified_gmt":"2026-01-23T16:32:32","slug":"lte35-electric-forklift","status":"publish","type":"page","link":"https:\/\/leitekbaltic.com\/lv\/lte35-electric-forklift\/","title":{"rendered":"LTE35 electric Forklift"},"content":{"rendered":"<hr class=\"wp-block-separator has-alpha-channel-opacity\"\/>\n\n\n\n<div class=\"wp-block-columns is-layout-flex wp-container-core-columns-is-layout-9d6595d7 wp-block-columns-is-layout-flex\">\n<div class=\"wp-block-column is-layout-flow wp-block-column-is-layout-flow\">\n<p><strong>Produkta kods: EU-LTE35-EU<\/strong><\/p>\n<\/div>\n\n\n\n<div class=\"wp-block-column is-layout-flow wp-block-column-is-layout-flow\">\n<div class=\"wp-block-buttons is-layout-flex wp-block-buttons-is-layout-flex\">\n<div class=\"wp-block-button\"><a class=\"wp-block-button__link wp-element-button\" href=\"https:\/\/leitekbaltic.com\/lv\/contact\/\">Piepras\u012bt cenu pied\u0101v\u0101jumu<\/a><\/div>\n<\/div>\n<\/div>\n<\/div>\n\n\n\n<p class=\"translation-block\"><strong>Elektriskie iekr\u0101v\u0113ji<\/strong> ir moderns, kluss un videi draudz\u012bgs risin\u0101jums noliktav\u0101m, ra\u017eo\u0161anas telp\u0101m un iek\u0161telp\u0101m.<br>Nulles izme\u0161i, zems trok\u0161\u0146a l\u012bmenis un minim\u0101las ekspluat\u0101cijas izmaksas padara tos ide\u0101li piem\u0113rotus ikdienas darbam iek\u0161telp\u0101s un t\u012br\u0101s zon\u0101s.<\/p>\n\n\n\n<p>Uzticama tehnolo\u0123ija efekt\u012bvai un dro\u0161ai iekrau\u0161anai \u2013 bez liek\u0101m izmaks\u0101m vai kompromisiem.<\/p>\n\n\n\n<hr class=\"wp-block-separator has-alpha-channel-opacity\"\/>\n\n\n\n<div class=\"wp-block-media-text is-stacked-on-mobile\"><figure class=\"wp-block-media-text__media\"><img data-opt-id=743597733  fetchpriority=\"high\" decoding=\"async\" width=\"840\" height=\"630\" src=\"https:\/\/mlkzi6dofpqr.i.optimole.com\/w:auto\/h:auto\/q:mauto\/f:best\/https:\/\/leitekbaltic.com\/wp-content\/uploads\/2026\/01\/LTE35-electric-Forklift-foto4.webp\" alt=\"\" class=\"wp-image-695 size-full\" srcset=\"https:\/\/mlkzi6dofpqr.i.optimole.com\/w:840\/h:630\/q:mauto\/f:best\/https:\/\/leitekbaltic.com\/wp-content\/uploads\/2026\/01\/LTE35-electric-Forklift-foto4.webp 840w, https:\/\/mlkzi6dofpqr.i.optimole.com\/w:300\/h:225\/q:mauto\/f:best\/https:\/\/leitekbaltic.com\/wp-content\/uploads\/2026\/01\/LTE35-electric-Forklift-foto4.webp 300w, https:\/\/mlkzi6dofpqr.i.optimole.com\/w:768\/h:576\/q:mauto\/f:best\/https:\/\/leitekbaltic.com\/wp-content\/uploads\/2026\/01\/LTE35-electric-Forklift-foto4.webp 768w, https:\/\/mlkzi6dofpqr.i.optimole.com\/w:16\/h:12\/q:mauto\/f:best\/dpr:2\/https:\/\/leitekbaltic.com\/wp-content\/uploads\/2026\/01\/LTE35-electric-Forklift-foto4.webp 16w\" sizes=\"(max-width: 840px) 100vw, 840px\" \/><\/figure><div class=\"wp-block-media-text__content\">\n<p class=\"translation-block\">ENER\u0122IJAS TAUP\u012a\u0160ANA<br>VIEGLI LIETOJAMA<br>Elektriskie iekr\u0101v\u0113ji k\u0101 ener\u0123ijas avotu izmanto akumulatorus, neizdala izpl\u016bdes g\u0101zes, rada minim\u0101lu pies\u0101r\u0146ojumu un samazina darba vides kait\u012bgo ietekmi uz cilv\u0113ka \u0137ermeni. Elektrisko iekr\u0101v\u0113ju st\u016bres sist\u0113mu, hidraulisko vad\u012bbas sist\u0113mu un brem\u017eu sist\u0113mu kontrol\u0113 elektriskie sign\u0101li, t\u0101d\u0113j\u0101di samazinot darbasp\u0113ka izmaksas.<\/p>\n<\/div><\/div>\n\n\n\n<div class=\"wp-block-columns is-layout-flex wp-container-core-columns-is-layout-9d6595d7 wp-block-columns-is-layout-flex\">\n<div class=\"wp-block-column is-layout-flow wp-block-column-is-layout-flow\">\n<figure class=\"wp-block-image size-full\"><img data-opt-id=915624604  fetchpriority=\"high\" decoding=\"async\" width=\"840\" height=\"630\" src=\"https:\/\/mlkzi6dofpqr.i.optimole.com\/w:auto\/h:auto\/q:mauto\/f:best\/https:\/\/leitekbaltic.com\/wp-content\/uploads\/2026\/01\/LTE35-electric-Forklift-foto1-1.webp\" alt=\"\" class=\"wp-image-698\" srcset=\"https:\/\/mlkzi6dofpqr.i.optimole.com\/w:840\/h:630\/q:mauto\/f:best\/https:\/\/leitekbaltic.com\/wp-content\/uploads\/2026\/01\/LTE35-electric-Forklift-foto1-1.webp 840w, https:\/\/mlkzi6dofpqr.i.optimole.com\/w:300\/h:225\/q:mauto\/f:best\/https:\/\/leitekbaltic.com\/wp-content\/uploads\/2026\/01\/LTE35-electric-Forklift-foto1-1.webp 300w, https:\/\/mlkzi6dofpqr.i.optimole.com\/w:768\/h:576\/q:mauto\/f:best\/https:\/\/leitekbaltic.com\/wp-content\/uploads\/2026\/01\/LTE35-electric-Forklift-foto1-1.webp 768w, https:\/\/mlkzi6dofpqr.i.optimole.com\/w:16\/h:12\/q:mauto\/f:best\/dpr:2\/https:\/\/leitekbaltic.com\/wp-content\/uploads\/2026\/01\/LTE35-electric-Forklift-foto1-1.webp 16w\" sizes=\"(max-width: 840px) 100vw, 840px\" \/><\/figure>\n<\/div>\n\n\n\n<div class=\"wp-block-column is-layout-flow wp-block-column-is-layout-flow\">\n<figure class=\"wp-block-image size-full\"><img data-opt-id=296302774  data-opt-src=\"https:\/\/mlkzi6dofpqr.i.optimole.com\/w:auto\/h:auto\/q:mauto\/f:best\/https:\/\/leitekbaltic.com\/wp-content\/uploads\/2026\/01\/LTE35-electric-Forklift-foto2.webp\"  decoding=\"async\" width=\"840\" height=\"630\" src=\"data:image/svg+xml,%3Csvg%20viewBox%3D%220%200%20100%%20100%%22%20width%3D%22100%%22%20height%3D%22100%%22%20xmlns%3D%22http%3A%2F%2Fwww.w3.org%2F2000%2Fsvg%22%3E%3Crect%20width%3D%22100%%22%20height%3D%22100%%22%20fill%3D%22transparent%22%2F%3E%3C%2Fsvg%3E\" alt=\"\" class=\"wp-image-699\" old-srcset=\"https:\/\/mlkzi6dofpqr.i.optimole.com\/w:840\/h:630\/q:mauto\/f:best\/https:\/\/leitekbaltic.com\/wp-content\/uploads\/2026\/01\/LTE35-electric-Forklift-foto2.webp 840w, https:\/\/mlkzi6dofpqr.i.optimole.com\/w:300\/h:225\/q:mauto\/f:best\/https:\/\/leitekbaltic.com\/wp-content\/uploads\/2026\/01\/LTE35-electric-Forklift-foto2.webp 300w, https:\/\/mlkzi6dofpqr.i.optimole.com\/w:768\/h:576\/q:mauto\/f:best\/https:\/\/leitekbaltic.com\/wp-content\/uploads\/2026\/01\/LTE35-electric-Forklift-foto2.webp 768w, https:\/\/mlkzi6dofpqr.i.optimole.com\/w:16\/h:12\/q:mauto\/f:best\/dpr:2\/https:\/\/leitekbaltic.com\/wp-content\/uploads\/2026\/01\/LTE35-electric-Forklift-foto2.webp 16w\" \/><\/figure>\n<\/div>\n\n\n\n<div class=\"wp-block-column is-layout-flow wp-block-column-is-layout-flow\">\n<figure class=\"wp-block-image size-full\"><img data-opt-id=1288333802  data-opt-src=\"https:\/\/mlkzi6dofpqr.i.optimole.com\/w:auto\/h:auto\/q:mauto\/f:best\/https:\/\/leitekbaltic.com\/wp-content\/uploads\/2026\/01\/LTE35-electric-Forklift-foto3.webp\"  decoding=\"async\" width=\"840\" height=\"630\" src=\"data:image/svg+xml,%3Csvg%20viewBox%3D%220%200%20100%%20100%%22%20width%3D%22100%%22%20height%3D%22100%%22%20xmlns%3D%22http%3A%2F%2Fwww.w3.org%2F2000%2Fsvg%22%3E%3Crect%20width%3D%22100%%22%20height%3D%22100%%22%20fill%3D%22transparent%22%2F%3E%3C%2Fsvg%3E\" alt=\"\" class=\"wp-image-700\" old-srcset=\"https:\/\/mlkzi6dofpqr.i.optimole.com\/w:840\/h:630\/q:mauto\/f:best\/https:\/\/leitekbaltic.com\/wp-content\/uploads\/2026\/01\/LTE35-electric-Forklift-foto3.webp 840w, https:\/\/mlkzi6dofpqr.i.optimole.com\/w:300\/h:225\/q:mauto\/f:best\/https:\/\/leitekbaltic.com\/wp-content\/uploads\/2026\/01\/LTE35-electric-Forklift-foto3.webp 300w, https:\/\/mlkzi6dofpqr.i.optimole.com\/w:768\/h:576\/q:mauto\/f:best\/https:\/\/leitekbaltic.com\/wp-content\/uploads\/2026\/01\/LTE35-electric-Forklift-foto3.webp 768w, https:\/\/mlkzi6dofpqr.i.optimole.com\/w:16\/h:12\/q:mauto\/f:best\/dpr:2\/https:\/\/leitekbaltic.com\/wp-content\/uploads\/2026\/01\/LTE35-electric-Forklift-foto3.webp 16w\" \/><\/figure>\n<\/div>\n<\/div>\n\n\n\n<ul class=\"wp-block-list\">\n<li>Nomin\u0101l\u0101 slodze 3500 kg<\/li>\n\n\n\n<li>Att\u0101lums starp kravas smaguma centriem ir 500 mm<\/li>\n\n\n\n<li>Baro\u0161anas avots: svina-sk\u0101bes akumulators<\/li>\n\n\n\n<li>Rite\u0146u garenb\u0101ze 1850 mm<\/li>\n\n\n\n<li>Kust\u012bbas \u0101trums (ar\/bez kravas): 10\/10 km\/h<\/li>\n\n\n\n<li>Pacel\u0161anas \u0101trums (ar\/bez kravas): 200\/300 mm\/s<\/li>\n\n\n\n<li>Nolai\u0161anas \u0101trums (ar\/bez slodzes): 450 mm\/s<\/li>\n\n\n\n<li>Maksim\u0101lais pacel\u0161an\u0101s le\u0146\u0137is: 12\/20%<\/li>\n\n\n\n<li>Akumulatora spriegums\/nomin\u0101l\u0101 ietilp\u012bba: 72 V\/260 Ah<\/li>\n\n\n\n<li>Akumulatora svars: 430 kg<\/li>\n\n\n\n<li>Darba bremze \/ St\u0101vbremze: hidrauliska \/ meh\u0101niska<\/li>\n\n\n\n<li>Kuvaliya (priek\u0161\u0101\/aizmugur\u0113): 1002\/994 mm<\/li>\n\n\n\n<li class=\"translation-block\">Riepa (priek\u0161\u0113j\u0101): 28<em>9-15 Riepa (aizmugur\u0113j\u0101): 18<\/em>7-8<\/li>\n\n\n\n<li>Priek\u0161\u0113j\u0101 p\u0101rkare: 467 mm<\/li>\n\n\n\n<li>Aizsargkorpusa augstums: 2200 mm<\/li>\n\n\n\n<li>Dak\u0161as s\u0101nu regul\u0113\u0161ana (\u0101rpus\u0113) Dak\u0161a) Maks.\/Min. 1100\/244 mm<\/li>\n\n\n\n<li class=\"translation-block\">Dak\u0161as izm\u0113ri (G<em>P<\/em>A) 45<em>122<\/em>1070 mm<\/li>\n\n\n\n<li>Korpusa garums (bez dak\u0161\u0101m) 2680 mm<\/li>\n\n\n\n<li>Korpusa platums 1225 mm<\/li>\n\n\n\n<li>Pagrieziena r\u0101diuss 2300 mm<\/li>\n\n\n\n<li>Kl\u012brenss zem masta ir 82 mm<\/li>\n\n\n\n<li>Kl\u012brenss rite\u0146u b\u0101zes centr\u0101 (ar kravu) 145 mm<\/li>\n<\/ul>\n\n\n\n<div class=\"wp-block-columns is-layout-flex wp-container-core-columns-is-layout-9d6595d7 wp-block-columns-is-layout-flex\">\n<div class=\"wp-block-column is-layout-flow wp-block-column-is-layout-flow\">\n<p><strong>Produkta kods: EU-LTE35-EU<\/strong><\/p>\n<\/div>\n\n\n\n<div class=\"wp-block-column is-layout-flow wp-block-column-is-layout-flow\">\n<div class=\"wp-block-buttons is-layout-flex wp-block-buttons-is-layout-flex\">\n<div class=\"wp-block-button\"><a class=\"wp-block-button__link wp-element-button\" href=\"https:\/\/leitekbaltic.com\/lv\/contact\/\">Piepras\u012bt cenu pied\u0101v\u0101jumu<\/a><\/div>\n<\/div>\n<\/div>\n<\/div>","protected":false},"excerpt":{"rendered":"<p>\u041a\u043e\u0434 \u0442\u043e\u0432\u0430\u0440\u0430: EU-LTE35-EU \u042d\u043b\u0435\u043a\u0442\u0440\u0438\u0447\u0435\u0441\u043a\u0438\u0435 \u0432\u0438\u043b\u043e\u0447\u043d\u044b\u0435 \u043f\u043e\u0433\u0440\u0443\u0437\u0447\u0438\u043a\u0438 \u2014 \u044d\u0442\u043e \u0441\u043e\u0432\u0440\u0435\u043c\u0435\u043d\u043d\u043e\u0435, \u0442\u0438\u0445\u043e\u0435 \u0438 \u044d\u043a\u043e\u043b\u043e\u0433\u0438\u0447\u043d\u043e\u0435 \u0440\u0435\u0448\u0435\u043d\u0438\u0435 \u0434\u043b\u044f \u0441\u043a\u043b\u0430\u0434\u043e\u0432, \u043f\u0440\u043e\u0438\u0437\u0432\u043e\u0434\u0441\u0442\u0432 \u0438 \u0437\u0430\u043a\u0440\u044b\u0442\u044b\u0445 \u043f\u043e\u043c\u0435\u0449\u0435\u043d\u0438\u0439.\u041d\u0443\u043b\u0435\u0432\u044b\u0435 \u0432\u044b\u0431\u0440\u043e\u0441\u044b, \u043d\u0438\u0437\u043a\u0438\u0439 \u0443\u0440\u043e\u0432\u0435\u043d\u044c \u0448\u0443\u043c\u0430 \u0438 \u043c\u0438\u043d\u0438\u043c\u0430\u043b\u044c\u043d\u044b\u0435 \u044d\u043a\u0441\u043f\u043b\u0443\u0430\u0442\u0430\u0446\u0438\u043e\u043d\u043d\u044b\u0435 \u0440\u0430\u0441\u0445\u043e\u0434\u044b \u0434\u0435\u043b\u0430\u044e\u0442 \u0438\u0445 \u0438\u0434\u0435\u0430\u043b\u044c\u043d\u044b\u043c\u0438 \u0434\u043b\u044f \u0435\u0436\u0435\u0434\u043d\u0435\u0432\u043d\u043e\u0439 \u0440\u0430\u0431\u043e\u0442\u044b \u0432\u043d\u0443\u0442\u0440\u0438 \u043f\u043e\u043c\u0435\u0449\u0435\u043d\u0438\u0439 \u0438 \u043d\u0430 \u0447\u0438\u0441\u0442\u044b\u0445 \u043f\u043b\u043e\u0449\u0430\u0434\u043a\u0430\u0445. \u041d\u0430\u0434\u0451\u0436\u043d\u0430\u044f \u0442\u0435\u0445\u043d\u0438\u043a\u0430 \u0434\u043b\u044f \u044d\u0444\u0444\u0435\u043a\u0442\u0438\u0432\u043d\u043e\u0439 \u0438 \u0431\u0435\u0437\u043e\u043f\u0430\u0441\u043d\u043e\u0439 \u043f\u043e\u0433\u0440\u0443\u0437\u043a\u0438 \u2014 \u0431\u0435\u0437 \u043b\u0438\u0448\u043d\u0438\u0445 \u0437\u0430\u0442\u0440\u0430\u0442 \u0438 \u043a\u043e\u043c\u043f\u0440\u043e\u043c\u0438\u0441\u0441\u043e\u0432. \u042d\u041d\u0415\u0420\u0413\u041e\u0421\u0411\u0415\u0420\u0415\u0416\u0415\u041d\u0418\u0415\u041f\u0420\u041e\u0421\u0422\u041e\u0422\u0410 \u0412 \u042d\u041a\u0421\u041f\u041b\u0423\u0410\u0422\u0410\u0426\u0418\u0418\u042d\u043b\u0435\u043a\u0442\u0440\u0438\u0447\u0435\u0441\u043a\u0438\u0435 [&hellip;]<\/p>\n","protected":false},"author":1,"featured_media":0,"parent":0,"menu_order":0,"comment_status":"closed","ping_status":"closed","template":"","meta":{"_themeisle_gutenberg_block_has_review":false,"footnotes":""},"class_list":["post-690","page","type-page","status-publish","hentry"],"_links":{"self":[{"href":"https:\/\/leitekbaltic.com\/lv\/wp-json\/wp\/v2\/pages\/690","targetHints":{"allow":["GET"]}}],"collection":[{"href":"https:\/\/leitekbaltic.com\/lv\/wp-json\/wp\/v2\/pages"}],"about":[{"href":"https:\/\/leitekbaltic.com\/lv\/wp-json\/wp\/v2\/types\/page"}],"author":[{"embeddable":true,"href":"https:\/\/leitekbaltic.com\/lv\/wp-json\/wp\/v2\/users\/1"}],"replies":[{"embeddable":true,"href":"https:\/\/leitekbaltic.com\/lv\/wp-json\/wp\/v2\/comments?post=690"}],"version-history":[{"count":4,"href":"https:\/\/leitekbaltic.com\/lv\/wp-json\/wp\/v2\/pages\/690\/revisions"}],"predecessor-version":[{"id":702,"href":"https:\/\/leitekbaltic.com\/lv\/wp-json\/wp\/v2\/pages\/690\/revisions\/702"}],"wp:attachment":[{"href":"https:\/\/leitekbaltic.com\/lv\/wp-json\/wp\/v2\/media?parent=690"}],"curies":[{"name":"wp","href":"https:\/\/api.w.org\/{rel}","templated":true}]}}