{"id":719,"date":"2026-01-22T16:32:18","date_gmt":"2026-01-22T13:32:18","guid":{"rendered":"https:\/\/leitekbaltic.com\/?page_id=719"},"modified":"2026-01-22T16:32:44","modified_gmt":"2026-01-22T13:32:44","slug":"ltp40-lpg-forklift","status":"publish","type":"page","link":"https:\/\/leitekbaltic.com\/lv\/ltp40-lpg-forklift\/","title":{"rendered":"LTP40 LPG Forklift"},"content":{"rendered":"<hr class=\"wp-block-separator has-alpha-channel-opacity\"\/>\n\n\n\n<div class=\"wp-block-columns is-layout-flex wp-container-core-columns-is-layout-9d6595d7 wp-block-columns-is-layout-flex\">\n<div class=\"wp-block-column is-layout-flow wp-block-column-is-layout-flow\">\n<h4 class=\"wp-block-heading\"><strong>Produkta kods: EU-LTP40-EU<\/strong><\/h4>\n<\/div>\n\n\n\n<div class=\"wp-block-column is-layout-flow wp-block-column-is-layout-flow\">\n<div class=\"wp-block-buttons is-layout-flex wp-block-buttons-is-layout-flex\">\n<div class=\"wp-block-button\"><a class=\"wp-block-button__link wp-element-button\" href=\"https:\/\/leitekbaltic.com\/lv\/contact\/\">Piepras\u012bt cenu pied\u0101v\u0101jumu<\/a><\/div>\n<\/div>\n<\/div>\n<\/div>\n\n\n\n<p class=\"translation-block\">LTP40 sa\u0161\u0137idrin\u0101t\u0101s g\u0101zes (LPG) iekr\u0101v\u0113js apvieno jaudu, efektivit\u0101ti un daudzpus\u012bbu. LPG darb\u012bba nodro\u0161ina nemain\u012bgu veiktsp\u0113ju, zemas ekspluat\u0101cijas izmaksas un zem\u0101kas emisijas nek\u0101 ar d\u012bze\u013cdegvielu darbin\u0101m\u0101m iek\u0101rt\u0101m.<\/p>\n\n\n\n<p>Lieliska izv\u0113le noliktav\u0101m, lo\u0123istikas centriem un ra\u017eo\u0161anas viet\u0101m, kur b\u016btiska ir uzticam\u012bba, elast\u012bba un ilgsto\u0161a, nep\u0101rtraukta darb\u012bba.<\/p>\n\n\n\n<hr class=\"wp-block-separator has-alpha-channel-opacity\"\/>\n\n\n\n<div class=\"wp-block-media-text is-stacked-on-mobile\"><figure class=\"wp-block-media-text__media\"><img data-opt-id=1812996092  fetchpriority=\"high\" decoding=\"async\" width=\"840\" height=\"630\" src=\"https:\/\/mlkzi6dofpqr.i.optimole.com\/w:auto\/h:auto\/q:mauto\/f:best\/https:\/\/leitekbaltic.com\/wp-content\/uploads\/2026\/01\/LTP40-LPG-Forklift-foto1.webp\" alt=\"\" class=\"wp-image-720 size-full\" srcset=\"https:\/\/mlkzi6dofpqr.i.optimole.com\/w:840\/h:630\/q:mauto\/f:best\/https:\/\/leitekbaltic.com\/wp-content\/uploads\/2026\/01\/LTP40-LPG-Forklift-foto1.webp 840w, https:\/\/mlkzi6dofpqr.i.optimole.com\/w:300\/h:225\/q:mauto\/f:best\/https:\/\/leitekbaltic.com\/wp-content\/uploads\/2026\/01\/LTP40-LPG-Forklift-foto1.webp 300w, https:\/\/mlkzi6dofpqr.i.optimole.com\/w:768\/h:576\/q:mauto\/f:best\/https:\/\/leitekbaltic.com\/wp-content\/uploads\/2026\/01\/LTP40-LPG-Forklift-foto1.webp 768w, https:\/\/mlkzi6dofpqr.i.optimole.com\/w:16\/h:12\/q:mauto\/f:best\/dpr:2\/https:\/\/leitekbaltic.com\/wp-content\/uploads\/2026\/01\/LTP40-LPG-Forklift-foto1.webp 16w\" sizes=\"(max-width: 840px) 100vw, 840px\" \/><\/figure><div class=\"wp-block-media-text__content\">\n<p class=\"translation-block\">Liel\u0101ka elast\u012bba un izv\u0113les iesp\u0113jas<br>Sa\u0161\u0137idrin\u0101t\u0101s g\u0101zes (LPG) iekr\u0101v\u0113ji ir apr\u012bkoti ar divu veidu degvielas sist\u0113mu, kas \u013cauj izv\u0113l\u0113ties optim\u0101l\u0101ko variantu atkar\u012bb\u0101 no ekspluat\u0101cijas apst\u0101k\u013ciem un degvielas pieejam\u012bbas.<\/p>\n\n\n\n<p>Tie nodro\u0161ina stabilu jaudu, augstu sadeg\u0161anas efektivit\u0101ti un uzticamu darb\u012bbu pat ilgsto\u0161as \u200b\u200bslodzes apst\u0101k\u013cos. Tie ir lielisks risin\u0101jums noliktav\u0101m, ra\u017eo\u0161anas telp\u0101m, lo\u0123istikas centriem un \u0101ra zon\u0101m.<\/p>\n\n\n\n<p>Ekonomiska, praktiska un daudzpus\u012bga \u2013 tehnolo\u0123ija, kas piel\u0101gojas j\u016bsu vajadz\u012bb\u0101m.<\/p>\n<\/div><\/div>\n\n\n\n<div class=\"wp-block-columns is-layout-flex wp-container-core-columns-is-layout-9d6595d7 wp-block-columns-is-layout-flex\">\n<div class=\"wp-block-column is-layout-flow wp-block-column-is-layout-flow\">\n<figure class=\"wp-block-image size-full\"><img data-opt-id=1679219004  fetchpriority=\"high\" decoding=\"async\" width=\"840\" height=\"630\" src=\"https:\/\/mlkzi6dofpqr.i.optimole.com\/w:auto\/h:auto\/q:mauto\/f:best\/https:\/\/leitekbaltic.com\/wp-content\/uploads\/2026\/01\/LTP40-LPG-Forklift-foto2.webp\" alt=\"\" class=\"wp-image-721\" srcset=\"https:\/\/mlkzi6dofpqr.i.optimole.com\/w:840\/h:630\/q:mauto\/f:best\/https:\/\/leitekbaltic.com\/wp-content\/uploads\/2026\/01\/LTP40-LPG-Forklift-foto2.webp 840w, https:\/\/mlkzi6dofpqr.i.optimole.com\/w:300\/h:225\/q:mauto\/f:best\/https:\/\/leitekbaltic.com\/wp-content\/uploads\/2026\/01\/LTP40-LPG-Forklift-foto2.webp 300w, https:\/\/mlkzi6dofpqr.i.optimole.com\/w:768\/h:576\/q:mauto\/f:best\/https:\/\/leitekbaltic.com\/wp-content\/uploads\/2026\/01\/LTP40-LPG-Forklift-foto2.webp 768w, https:\/\/mlkzi6dofpqr.i.optimole.com\/w:16\/h:12\/q:mauto\/f:best\/dpr:2\/https:\/\/leitekbaltic.com\/wp-content\/uploads\/2026\/01\/LTP40-LPG-Forklift-foto2.webp 16w\" sizes=\"(max-width: 840px) 100vw, 840px\" \/><\/figure>\n<\/div>\n\n\n\n<div class=\"wp-block-column is-layout-flow wp-block-column-is-layout-flow\">\n<figure class=\"wp-block-image size-full\"><img data-opt-id=632611213  data-opt-src=\"https:\/\/mlkzi6dofpqr.i.optimole.com\/w:auto\/h:auto\/q:mauto\/f:best\/https:\/\/leitekbaltic.com\/wp-content\/uploads\/2026\/01\/LTP40-LPG-Forklift-foto3.webp\"  decoding=\"async\" width=\"840\" height=\"630\" src=\"data:image/svg+xml,%3Csvg%20viewBox%3D%220%200%20100%%20100%%22%20width%3D%22100%%22%20height%3D%22100%%22%20xmlns%3D%22http%3A%2F%2Fwww.w3.org%2F2000%2Fsvg%22%3E%3Crect%20width%3D%22100%%22%20height%3D%22100%%22%20fill%3D%22transparent%22%2F%3E%3C%2Fsvg%3E\" alt=\"\" class=\"wp-image-722\" old-srcset=\"https:\/\/mlkzi6dofpqr.i.optimole.com\/w:840\/h:630\/q:mauto\/f:best\/https:\/\/leitekbaltic.com\/wp-content\/uploads\/2026\/01\/LTP40-LPG-Forklift-foto3.webp 840w, https:\/\/mlkzi6dofpqr.i.optimole.com\/w:300\/h:225\/q:mauto\/f:best\/https:\/\/leitekbaltic.com\/wp-content\/uploads\/2026\/01\/LTP40-LPG-Forklift-foto3.webp 300w, https:\/\/mlkzi6dofpqr.i.optimole.com\/w:768\/h:576\/q:mauto\/f:best\/https:\/\/leitekbaltic.com\/wp-content\/uploads\/2026\/01\/LTP40-LPG-Forklift-foto3.webp 768w, https:\/\/mlkzi6dofpqr.i.optimole.com\/w:16\/h:12\/q:mauto\/f:best\/dpr:2\/https:\/\/leitekbaltic.com\/wp-content\/uploads\/2026\/01\/LTP40-LPG-Forklift-foto3.webp 16w\" \/><\/figure>\n<\/div>\n\n\n\n<div class=\"wp-block-column is-layout-flow wp-block-column-is-layout-flow\">\n<figure class=\"wp-block-image size-full\"><img data-opt-id=925800438  data-opt-src=\"https:\/\/mlkzi6dofpqr.i.optimole.com\/w:auto\/h:auto\/q:mauto\/f:best\/https:\/\/leitekbaltic.com\/wp-content\/uploads\/2026\/01\/LTP40-LPG-Forklift-foto4.webp\"  decoding=\"async\" width=\"840\" height=\"630\" src=\"data:image/svg+xml,%3Csvg%20viewBox%3D%220%200%20100%%20100%%22%20width%3D%22100%%22%20height%3D%22100%%22%20xmlns%3D%22http%3A%2F%2Fwww.w3.org%2F2000%2Fsvg%22%3E%3Crect%20width%3D%22100%%22%20height%3D%22100%%22%20fill%3D%22transparent%22%2F%3E%3C%2Fsvg%3E\" alt=\"\" class=\"wp-image-723\" old-srcset=\"https:\/\/mlkzi6dofpqr.i.optimole.com\/w:840\/h:630\/q:mauto\/f:best\/https:\/\/leitekbaltic.com\/wp-content\/uploads\/2026\/01\/LTP40-LPG-Forklift-foto4.webp 840w, https:\/\/mlkzi6dofpqr.i.optimole.com\/w:300\/h:225\/q:mauto\/f:best\/https:\/\/leitekbaltic.com\/wp-content\/uploads\/2026\/01\/LTP40-LPG-Forklift-foto4.webp 300w, https:\/\/mlkzi6dofpqr.i.optimole.com\/w:768\/h:576\/q:mauto\/f:best\/https:\/\/leitekbaltic.com\/wp-content\/uploads\/2026\/01\/LTP40-LPG-Forklift-foto4.webp 768w, https:\/\/mlkzi6dofpqr.i.optimole.com\/w:16\/h:12\/q:mauto\/f:best\/dpr:2\/https:\/\/leitekbaltic.com\/wp-content\/uploads\/2026\/01\/LTP40-LPG-Forklift-foto4.webp 16w\" \/><\/figure>\n<\/div>\n<\/div>\n\n\n\n<hr class=\"wp-block-separator has-alpha-channel-opacity\"\/>\n\n\n\n<p class=\"translation-block\">Tehnisk\u0101s \u012bpa\u0161\u012bbas<\/p>\n\n\n\n<ul class=\"wp-block-list\">\n<li>Nomin\u0101l\u0101 slodze 4000 kg<\/li>\n\n\n\n<li>Att\u0101lums starp kravas smaguma centriem ir 500 mm<\/li>\n\n\n\n<li>Br\u012bv\u0101s pacel\u0161anas augstums 160 mm<\/li>\n\n\n\n<li>Kop\u0113jais garums (ar\/bez dak\u0161\u0101m) 4000\/2930 mm<\/li>\n\n\n\n<li>Kop\u0113jais platums 1290 mm<\/li>\n\n\n\n<li>Kop\u0113jais augstums (ar aizsargapvalku) 2180 mm<\/li>\n\n\n\n<li>Rite\u0146u garenb\u0101ze 1900 mm<\/li>\n\n\n\n<li>Minim\u0101lais kl\u012brenss (pie durvju r\u0101mja) 140 mm<\/li>\n\n\n\n<li>Masta sl\u012bpuma le\u0146\u0137is (priek\u0161\u0101\/aizmugur\u0113) 6\u00b0\/12\u00b0<\/li>\n\n\n\n<li>Riepu skaits (l\u012bdz) 250-15-16PR<\/li>\n\n\n\n<li>Riepu numurs (p\u0113c) 7-12-12PR<\/li>\n\n\n\n<li>Minim\u0101lais pagrieziena r\u0101diuss (\u0101r\u0113jais) 2710 mm<\/li>\n\n\n\n<li>Taisnst\u016bra kan\u0101la minim\u0101lais platums ir 4750 mm<\/li>\n\n\n\n<li class=\"translation-block\">Dak\u0161as izm\u0113ri Dzi\u013cums (platums) 1070 150 50 mm<\/li>\n\n\n\n<li>Maksim\u0101lais brauk\u0161anas \u0101trums (ar\/bez kravas) 19\/19 km\/h<\/li>\n\n\n\n<li>Maksim\u0101lais pacel\u0161anas \u0101trums (ar pilnu slodzi\/bez slodzes) 340\/380 mm\/s<\/li>\n\n\n\n<li>Maksim\u0101lais apr\u012bkojuma sl\u012bpums (ar pilnu slodzi\/bez slodzes) 15\/20%<\/li>\n\n\n\n<li>Pilna masa 4950 kg<\/li>\n\n\n\n<li>Dzin\u0113ja z\u012bmols: GUANGQING<\/li>\n\n\n\n<li>Nomin\u0101l\u0101 jauda (benz\u012bns\/sa\u0161\u0137idrin\u0101t\u0101 g\u0101ze) 46 kW \/ 39 kW<\/li>\n\n\n\n<li>Maksim\u0101lais griezes moments (benz\u012bns\/LPG) 168 Nm \/ 156 Nm<\/li>\n<\/ul>\n\n\n\n<div class=\"wp-block-columns is-layout-flex wp-container-core-columns-is-layout-9d6595d7 wp-block-columns-is-layout-flex\">\n<div class=\"wp-block-column is-layout-flow wp-block-column-is-layout-flow\">\n<h4 class=\"wp-block-heading\"><strong>Produkta kods: EU-LTP40-EU<\/strong><\/h4>\n<\/div>\n\n\n\n<div class=\"wp-block-column is-layout-flow wp-block-column-is-layout-flow\">\n<div class=\"wp-block-buttons is-layout-flex wp-block-buttons-is-layout-flex\">\n<div class=\"wp-block-button\"><a class=\"wp-block-button__link wp-element-button\" href=\"https:\/\/leitekbaltic.com\/lv\/contact\/\">Piepras\u012bt cenu pied\u0101v\u0101jumu<\/a><\/div>\n<\/div>\n<\/div>\n<\/div>","protected":false},"excerpt":{"rendered":"<p>\u041a\u043e\u0434 \u0442\u043e\u0432\u0430\u0440\u0430: EU-LTP40-EU \u0412\u0438\u043b\u043e\u0447\u043d\u044b\u0439 \u043f\u043e\u0433\u0440\u0443\u0437\u0447\u0438\u043a LTP40 \u043d\u0430 \u0433\u0430\u0437\u043e\u0432\u043e\u043c \u0442\u043e\u043f\u043b\u0438\u0432\u0435 (LPG)\u00a0\u2014 \u0441\u043e\u0447\u0435\u0442\u0430\u0435\u0442 \u0432 \u0441\u0435\u0431\u0435 \u043c\u043e\u0449\u043d\u043e\u0441\u0442\u044c, \u044d\u043a\u043e\u043d\u043e\u043c\u0438\u0447\u043d\u043e\u0441\u0442\u044c \u0438 \u0443\u043d\u0438\u0432\u0435\u0440\u0441\u0430\u043b\u044c\u043d\u043e\u0441\u0442\u044c. \u0412\u043e\u0437\u043c\u043e\u0436\u043d\u043e\u0441\u0442\u044c \u0440\u0430\u0431\u043e\u0442\u044b \u043d\u0430 \u0433\u0430\u0437\u0435 \u043e\u0431\u0435\u0441\u043f\u0435\u0447\u0438\u0432\u0430\u0435\u0442 \u0441\u0442\u0430\u0431\u0438\u043b\u044c\u043d\u0443\u044e \u043f\u0440\u043e\u0438\u0437\u0432\u043e\u0434\u0438\u0442\u0435\u043b\u044c\u043d\u043e\u0441\u0442\u044c, \u043d\u0438\u0437\u043a\u0438\u0435 \u044d\u043a\u0441\u043f\u043b\u0443\u0430\u0442\u0430\u0446\u0438\u043e\u043d\u043d\u044b\u0435 \u0437\u0430\u0442\u0440\u0430\u0442\u044b \u0438 \u043c\u0435\u043d\u044c\u0448\u0438\u0435 \u0432\u044b\u0431\u0440\u043e\u0441\u044b \u043f\u043e \u0441\u0440\u0430\u0432\u043d\u0435\u043d\u0438\u044e \u0441 \u0434\u0438\u0437\u0435\u043b\u044c\u043d\u043e\u0439 \u0442\u0435\u0445\u043d\u0438\u043a\u043e\u0439. \u041e\u0442\u043b\u0438\u0447\u043d\u044b\u0439 \u0432\u044b\u0431\u043e\u0440 \u0434\u043b\u044f \u0441\u043a\u043b\u0430\u0434\u043e\u0432, \u043b\u043e\u0433\u0438\u0441\u0442\u0438\u0447\u0435\u0441\u043a\u0438\u0445 \u0446\u0435\u043d\u0442\u0440\u043e\u0432 \u0438 \u043f\u0440\u043e\u0438\u0437\u0432\u043e\u0434\u0441\u0442\u0432\u0435\u043d\u043d\u044b\u0445 \u043f\u043b\u043e\u0449\u0430\u0434\u043e\u043a, \u0433\u0434\u0435 \u0432\u0430\u0436\u043d\u044b \u043d\u0430\u0434\u0451\u0436\u043d\u043e\u0441\u0442\u044c, \u0433\u0438\u0431\u043a\u043e\u0441\u0442\u044c \u0438 \u0434\u043b\u0438\u0442\u0435\u043b\u044c\u043d\u0430\u044f \u043d\u0435\u043f\u0440\u0435\u0440\u044b\u0432\u043d\u0430\u044f \u0440\u0430\u0431\u043e\u0442\u0430. \u0411\u043e\u043b\u044c\u0448\u0435 \u0433\u0438\u0431\u043a\u043e\u0441\u0442\u0438 \u0438 [&hellip;]<\/p>\n","protected":false},"author":1,"featured_media":0,"parent":0,"menu_order":0,"comment_status":"closed","ping_status":"closed","template":"","meta":{"_themeisle_gutenberg_block_has_review":false,"footnotes":""},"class_list":["post-719","page","type-page","status-publish","hentry"],"_links":{"self":[{"href":"https:\/\/leitekbaltic.com\/lv\/wp-json\/wp\/v2\/pages\/719","targetHints":{"allow":["GET"]}}],"collection":[{"href":"https:\/\/leitekbaltic.com\/lv\/wp-json\/wp\/v2\/pages"}],"about":[{"href":"https:\/\/leitekbaltic.com\/lv\/wp-json\/wp\/v2\/types\/page"}],"author":[{"embeddable":true,"href":"https:\/\/leitekbaltic.com\/lv\/wp-json\/wp\/v2\/users\/1"}],"replies":[{"embeddable":true,"href":"https:\/\/leitekbaltic.com\/lv\/wp-json\/wp\/v2\/comments?post=719"}],"version-history":[{"count":2,"href":"https:\/\/leitekbaltic.com\/lv\/wp-json\/wp\/v2\/pages\/719\/revisions"}],"predecessor-version":[{"id":727,"href":"https:\/\/leitekbaltic.com\/lv\/wp-json\/wp\/v2\/pages\/719\/revisions\/727"}],"wp:attachment":[{"href":"https:\/\/leitekbaltic.com\/lv\/wp-json\/wp\/v2\/media?parent=719"}],"curies":[{"name":"wp","href":"https:\/\/api.w.org\/{rel}","templated":true}]}}