{"id":728,"date":"2026-01-22T17:00:00","date_gmt":"2026-01-22T14:00:00","guid":{"rendered":"https:\/\/leitekbaltic.com\/?page_id=728"},"modified":"2026-01-22T17:00:02","modified_gmt":"2026-01-22T14:00:02","slug":"ltp25-diesel-forklift","status":"publish","type":"page","link":"https:\/\/leitekbaltic.com\/lv\/ltp25-diesel-forklift\/","title":{"rendered":"LTP25 Diesel Forklift"},"content":{"rendered":"<hr class=\"wp-block-separator has-alpha-channel-opacity\"\/>\n\n\n\n<div class=\"wp-block-columns is-layout-flex wp-container-core-columns-is-layout-9d6595d7 wp-block-columns-is-layout-flex\">\n<div class=\"wp-block-column is-layout-flow wp-block-column-is-layout-flow\">\n<h4 class=\"wp-block-heading\"><strong>Produkta kods: DF-LTP25-EU<\/strong><\/h4>\n<\/div>\n\n\n\n<div class=\"wp-block-column is-layout-flow wp-block-column-is-layout-flow\">\n<div class=\"wp-block-buttons is-layout-flex wp-block-buttons-is-layout-flex\">\n<div class=\"wp-block-button\"><a class=\"wp-block-button__link wp-element-button\" href=\"https:\/\/leitekbaltic.com\/lv\/contact\/\">Piepras\u012bt cenu pied\u0101v\u0101jumu<\/a><\/div>\n<\/div>\n<\/div>\n<\/div>\n\n\n\n<h3 class=\"wp-block-heading has-text-align-center\">\u26fd Iekr\u0101v\u0113js <strong>LTP25 Diesel<\/strong><\/h3>\n\n\n\n<p class=\"has-text-align-center\">LTP25 d\u012bze\u013ca iekr\u0101v\u0113js ir uzticams risin\u0101jums sare\u017e\u0123\u012btiem apst\u0101k\u013ciem un intens\u012bvai lieto\u0161anai. Tam ir augsta sa\u0137ere, lieliska manevr\u0113tsp\u0113ja un stabila darb\u012bba zem slodzes pat uz nel\u012bdzen\u0101m virsm\u0101m un atkl\u0101t\u0101s viet\u0101s.<\/p>\n\n\n\n<p class=\"has-text-align-center\">Ide\u0101li piem\u0113rots b\u016bvlaukumiem, noliktav\u0101m \u0101rpus telp\u0101m un lietojumiem, kur nepiecie\u0161ama jauda, \u200b\u200biztur\u012bba un maksim\u0101la produktivit\u0101te.<\/p>\n\n\n\n<hr class=\"wp-block-separator has-alpha-channel-opacity\"\/>\n\n\n\n<div class=\"wp-block-media-text is-stacked-on-mobile\"><figure class=\"wp-block-media-text__media\"><img data-opt-id=650591525  fetchpriority=\"high\" decoding=\"async\" width=\"840\" height=\"630\" src=\"https:\/\/mlkzi6dofpqr.i.optimole.com\/w:auto\/h:auto\/q:mauto\/f:best\/https:\/\/leitekbaltic.com\/wp-content\/uploads\/2026\/01\/FK-LTP25-EU-foto4.webp\" alt=\"\" class=\"wp-image-729 size-full\" srcset=\"https:\/\/mlkzi6dofpqr.i.optimole.com\/w:840\/h:630\/q:mauto\/f:best\/https:\/\/leitekbaltic.com\/wp-content\/uploads\/2026\/01\/FK-LTP25-EU-foto4.webp 840w, https:\/\/mlkzi6dofpqr.i.optimole.com\/w:300\/h:225\/q:mauto\/f:best\/https:\/\/leitekbaltic.com\/wp-content\/uploads\/2026\/01\/FK-LTP25-EU-foto4.webp 300w, https:\/\/mlkzi6dofpqr.i.optimole.com\/w:768\/h:576\/q:mauto\/f:best\/https:\/\/leitekbaltic.com\/wp-content\/uploads\/2026\/01\/FK-LTP25-EU-foto4.webp 768w, https:\/\/mlkzi6dofpqr.i.optimole.com\/w:16\/h:12\/q:mauto\/f:best\/dpr:2\/https:\/\/leitekbaltic.com\/wp-content\/uploads\/2026\/01\/FK-LTP25-EU-foto4.webp 16w\" sizes=\"(max-width: 840px) 100vw, 840px\" \/><\/figure><div class=\"wp-block-media-text__content\">\n<p class=\"translation-block\">JAUDA UN AUGSTA DEGVIELAS PAT\u0112RI\u0145A EFEKTIVIT\u0100TE. D\u012bze\u013cdzin\u0113ju iekr\u0101v\u0113ji pied\u0101v\u0101 lielu jaudu, izcilu manevr\u0113tsp\u0113ju, zemas ce\u013ca seguma pras\u012bbas un ilgu darb\u012bbas laiku. Tie ir piem\u0113roti smagu kravu p\u0101rvad\u0101\u0161anai, ilgsto\u0161ai darb\u012bbai un darbam \u0101rpus telp\u0101m. Tie pied\u0101v\u0101 lab\u0101ku pa\u0101trin\u0101jumu pie smag\u0101m slodz\u0113m un ir lab\u0101k piem\u0113roti \u012bsiem braucieniem, darb\u012bbai ar mazu \u0101trumu un smagu kravu p\u0101rvad\u0101\u0161anai.<\/p>\n<\/div><\/div>\n\n\n\n<div class=\"wp-block-columns is-layout-flex wp-container-core-columns-is-layout-9d6595d7 wp-block-columns-is-layout-flex\">\n<div class=\"wp-block-column is-layout-flow wp-block-column-is-layout-flow\">\n<figure class=\"wp-block-image size-full\"><img data-opt-id=1026575251  fetchpriority=\"high\" decoding=\"async\" width=\"840\" height=\"630\" src=\"https:\/\/mlkzi6dofpqr.i.optimole.com\/w:auto\/h:auto\/q:mauto\/f:best\/https:\/\/leitekbaltic.com\/wp-content\/uploads\/2026\/01\/FK-LTP25-EU-foto1.webp\" alt=\"\" class=\"wp-image-730\" srcset=\"https:\/\/mlkzi6dofpqr.i.optimole.com\/w:840\/h:630\/q:mauto\/f:best\/https:\/\/leitekbaltic.com\/wp-content\/uploads\/2026\/01\/FK-LTP25-EU-foto1.webp 840w, https:\/\/mlkzi6dofpqr.i.optimole.com\/w:300\/h:225\/q:mauto\/f:best\/https:\/\/leitekbaltic.com\/wp-content\/uploads\/2026\/01\/FK-LTP25-EU-foto1.webp 300w, https:\/\/mlkzi6dofpqr.i.optimole.com\/w:768\/h:576\/q:mauto\/f:best\/https:\/\/leitekbaltic.com\/wp-content\/uploads\/2026\/01\/FK-LTP25-EU-foto1.webp 768w, https:\/\/mlkzi6dofpqr.i.optimole.com\/w:16\/h:12\/q:mauto\/f:best\/dpr:2\/https:\/\/leitekbaltic.com\/wp-content\/uploads\/2026\/01\/FK-LTP25-EU-foto1.webp 16w\" sizes=\"(max-width: 840px) 100vw, 840px\" \/><\/figure>\n<\/div>\n\n\n\n<div class=\"wp-block-column is-layout-flow wp-block-column-is-layout-flow\">\n<figure class=\"wp-block-image size-full\"><img data-opt-id=1026621650  data-opt-src=\"https:\/\/mlkzi6dofpqr.i.optimole.com\/w:auto\/h:auto\/q:mauto\/f:best\/https:\/\/leitekbaltic.com\/wp-content\/uploads\/2026\/01\/FK-LTP25-EU-foto2.webp\"  decoding=\"async\" width=\"840\" height=\"630\" src=\"data:image/svg+xml,%3Csvg%20viewBox%3D%220%200%20100%%20100%%22%20width%3D%22100%%22%20height%3D%22100%%22%20xmlns%3D%22http%3A%2F%2Fwww.w3.org%2F2000%2Fsvg%22%3E%3Crect%20width%3D%22100%%22%20height%3D%22100%%22%20fill%3D%22transparent%22%2F%3E%3C%2Fsvg%3E\" alt=\"\" class=\"wp-image-731\" old-srcset=\"https:\/\/mlkzi6dofpqr.i.optimole.com\/w:840\/h:630\/q:mauto\/f:best\/https:\/\/leitekbaltic.com\/wp-content\/uploads\/2026\/01\/FK-LTP25-EU-foto2.webp 840w, https:\/\/mlkzi6dofpqr.i.optimole.com\/w:300\/h:225\/q:mauto\/f:best\/https:\/\/leitekbaltic.com\/wp-content\/uploads\/2026\/01\/FK-LTP25-EU-foto2.webp 300w, https:\/\/mlkzi6dofpqr.i.optimole.com\/w:768\/h:576\/q:mauto\/f:best\/https:\/\/leitekbaltic.com\/wp-content\/uploads\/2026\/01\/FK-LTP25-EU-foto2.webp 768w, https:\/\/mlkzi6dofpqr.i.optimole.com\/w:16\/h:12\/q:mauto\/f:best\/dpr:2\/https:\/\/leitekbaltic.com\/wp-content\/uploads\/2026\/01\/FK-LTP25-EU-foto2.webp 16w\" \/><\/figure>\n<\/div>\n\n\n\n<div class=\"wp-block-column is-layout-flow wp-block-column-is-layout-flow\">\n<figure class=\"wp-block-image size-full\"><img data-opt-id=1281985683  data-opt-src=\"https:\/\/mlkzi6dofpqr.i.optimole.com\/w:auto\/h:auto\/q:mauto\/f:best\/https:\/\/leitekbaltic.com\/wp-content\/uploads\/2026\/01\/FK-LTP25-EU-foto3.webp\"  decoding=\"async\" width=\"840\" height=\"630\" src=\"data:image/svg+xml,%3Csvg%20viewBox%3D%220%200%20100%%20100%%22%20width%3D%22100%%22%20height%3D%22100%%22%20xmlns%3D%22http%3A%2F%2Fwww.w3.org%2F2000%2Fsvg%22%3E%3Crect%20width%3D%22100%%22%20height%3D%22100%%22%20fill%3D%22transparent%22%2F%3E%3C%2Fsvg%3E\" alt=\"\" class=\"wp-image-732\" old-srcset=\"https:\/\/mlkzi6dofpqr.i.optimole.com\/w:840\/h:630\/q:mauto\/f:best\/https:\/\/leitekbaltic.com\/wp-content\/uploads\/2026\/01\/FK-LTP25-EU-foto3.webp 840w, https:\/\/mlkzi6dofpqr.i.optimole.com\/w:300\/h:225\/q:mauto\/f:best\/https:\/\/leitekbaltic.com\/wp-content\/uploads\/2026\/01\/FK-LTP25-EU-foto3.webp 300w, https:\/\/mlkzi6dofpqr.i.optimole.com\/w:768\/h:576\/q:mauto\/f:best\/https:\/\/leitekbaltic.com\/wp-content\/uploads\/2026\/01\/FK-LTP25-EU-foto3.webp 768w, https:\/\/mlkzi6dofpqr.i.optimole.com\/w:16\/h:12\/q:mauto\/f:best\/dpr:2\/https:\/\/leitekbaltic.com\/wp-content\/uploads\/2026\/01\/FK-LTP25-EU-foto3.webp 16w\" \/><\/figure>\n<\/div>\n<\/div>\n\n\n\n<hr class=\"wp-block-separator has-alpha-channel-opacity\"\/>\n\n\n\n<h4 class=\"wp-block-heading translation-block\">Tehnisk\u0101s \u012bpa\u0161\u012bbas:<\/h4>\n\n\n\n<ul class=\"wp-block-list\">\n<li>Nomin\u0101l\u0101 celtsp\u0113ja 2500 kg<\/li>\n\n\n\n<li>Att\u0101lums starp kravas smaguma centriem ir 500 mm<\/li>\n\n\n\n<li>Br\u012bv\u0101s pacel\u0161anas augstums 150 mm<\/li>\n\n\n\n<li>Kop\u0113jais garums (ar\/bez dak\u0161\u0101m) 3646\/2576 mm<\/li>\n\n\n\n<li>Kop\u0113jais platums 1170 mm<\/li>\n\n\n\n<li>Kop\u0113jais augstums (ar aizsargapvalku) 2070 mm<\/li>\n\n\n\n<li>Rite\u0146u garenb\u0101ze 1600 mm<\/li>\n\n\n\n<li>Minim\u0101lais kl\u012brenss (pie durvju r\u0101mja) 110 mm<\/li>\n\n\n\n<li>Masta sl\u012bpuma le\u0146\u0137is (priek\u0161\u0101\/aizmugur\u0113) 6\u00b0\/12\u00b0<\/li>\n\n\n\n<li>Riepu skaits (l\u012bdz) 7-12-12PR<\/li>\n\n\n\n<li>Riepu numurs (p\u0113c) 6-9-10PR<\/li>\n\n\n\n<li>Minim\u0101lais pagrieziena r\u0101diuss (\u0101r\u0113jais) 2240 mm<\/li>\n\n\n\n<li>Taisnst\u016bra kan\u0101la minim\u0101lais platums ir 3970 mm<\/li>\n\n\n\n<li class=\"translation-block\">Dak\u0161as izm\u0113ri Dzi\u013cums (platums) 1070 100 45 mm<\/li>\n\n\n\n<li>Maksim\u0101lais brauk\u0161anas \u0101trums (ar\/bez kravas) 17\/19 km\/h<\/li>\n\n\n\n<li>Maksim\u0101lais pacel\u0161anas \u0101trums (ar pilnu slodzi\/bez slodzes) 530\/550 mm\/s<\/li>\n\n\n\n<li>Maksim\u0101lais apr\u012bkojuma sl\u012bpums (ar pilnu slodzi\/bez slodzes) 20\/21%<\/li>\n\n\n\n<li>Pilna masa 3680 kg<\/li>\n\n\n\n<li>Dzin\u0113ja z\u012bmols XINCHAI \/ QUANCHAI<\/li>\n\n\n\n<li>Dzin\u0113ja modelis 4D27G31(490)<\/li>\n\n\n\n<li>Jauda 40\/2500 kW\/apgr.\/min<\/li>\n\n\n\n<li>Griezes moments 157\/1800<\/li>\n<\/ul>\n\n\n\n<div class=\"wp-block-columns is-layout-flex wp-container-core-columns-is-layout-9d6595d7 wp-block-columns-is-layout-flex\">\n<div class=\"wp-block-column is-layout-flow wp-block-column-is-layout-flow\">\n<h4 class=\"wp-block-heading\"><strong>Produkta kods: DF-LTP25-EU<\/strong><\/h4>\n<\/div>\n\n\n\n<div class=\"wp-block-column is-layout-flow wp-block-column-is-layout-flow\">\n<div class=\"wp-block-buttons is-layout-flex wp-block-buttons-is-layout-flex\">\n<div class=\"wp-block-button\"><a class=\"wp-block-button__link wp-element-button\" href=\"https:\/\/leitekbaltic.com\/lv\/contact\/\">Piepras\u012bt cenu pied\u0101v\u0101jumu<\/a><\/div>\n<\/div>\n<\/div>\n<\/div>","protected":false},"excerpt":{"rendered":"<p>\u041a\u043e\u0434 \u0442\u043e\u0432\u0430\u0440\u0430: DF-LTP25-EU \u26fd \u0412\u0438\u043b\u043e\u0447\u043d\u044b\u0439 \u043f\u043e\u0433\u0440\u0443\u0437\u0447\u0438\u043a LTP25 Diesel \u0414\u0438\u0437\u0435\u043b\u044c\u043d\u044b\u0439 \u0432\u0438\u043b\u043e\u0447\u043d\u044b\u0439 \u043f\u043e\u0433\u0440\u0443\u0437\u0447\u0438\u043a LTP25 \u2014 \u044d\u0442\u043e \u043d\u0430\u0434\u0451\u0436\u043d\u043e\u0435 \u0440\u0435\u0448\u0435\u043d\u0438\u0435 \u0434\u043b\u044f \u0442\u044f\u0436\u0451\u043b\u044b\u0445 \u0443\u0441\u043b\u043e\u0432\u0438\u0439 \u0438 \u0438\u043d\u0442\u0435\u043d\u0441\u0438\u0432\u043d\u043e\u0439 \u044d\u043a\u0441\u043f\u043b\u0443\u0430\u0442\u0430\u0446\u0438\u0438. \u041e\u043d \u043e\u0442\u043b\u0438\u0447\u0430\u0435\u0442\u0441\u044f \u0432\u044b\u0441\u043e\u043a\u043e\u0439 \u0442\u044f\u0433\u043e\u0439, \u043e\u0442\u043b\u0438\u0447\u043d\u043e\u0439 \u043f\u0440\u043e\u0445\u043e\u0434\u0438\u043c\u043e\u0441\u0442\u044c\u044e \u0438 \u0441\u0442\u0430\u0431\u0438\u043b\u044c\u043d\u043e\u0439 \u0440\u0430\u0431\u043e\u0442\u043e\u0439 \u043f\u043e\u0434 \u043d\u0430\u0433\u0440\u0443\u0437\u043a\u043e\u0439, \u0434\u0430\u0436\u0435 \u043d\u0430 \u043d\u0435\u0440\u043e\u0432\u043d\u044b\u0445 \u043f\u043e\u043a\u0440\u044b\u0442\u0438\u044f\u0445 \u0438 \u043e\u0442\u043a\u0440\u044b\u0442\u044b\u0445 \u043f\u043b\u043e\u0449\u0430\u0434\u043a\u0430\u0445. \u0418\u0434\u0435\u0430\u043b\u0435\u043d \u0434\u043b\u044f \u0441\u0442\u0440\u043e\u0438\u0442\u0435\u043b\u044c\u043d\u044b\u0445 \u043e\u0431\u044a\u0435\u043a\u0442\u043e\u0432, \u0441\u043a\u043b\u0430\u0434\u043e\u0432 \u043f\u043e\u0434 \u043e\u0442\u043a\u0440\u044b\u0442\u044b\u043c \u043d\u0435\u0431\u043e\u043c \u0438 \u0437\u0430\u0434\u0430\u0447, \u0433\u0434\u0435 \u0442\u0440\u0435\u0431\u0443\u0435\u0442\u0441\u044f \u043c\u043e\u0449\u043d\u043e\u0441\u0442\u044c, \u0432\u044b\u043d\u043e\u0441\u043b\u0438\u0432\u043e\u0441\u0442\u044c \u0438 [&hellip;]<\/p>\n","protected":false},"author":1,"featured_media":0,"parent":0,"menu_order":0,"comment_status":"closed","ping_status":"closed","template":"","meta":{"_themeisle_gutenberg_block_has_review":false,"footnotes":""},"class_list":["post-728","page","type-page","status-publish","hentry"],"_links":{"self":[{"href":"https:\/\/leitekbaltic.com\/lv\/wp-json\/wp\/v2\/pages\/728","targetHints":{"allow":["GET"]}}],"collection":[{"href":"https:\/\/leitekbaltic.com\/lv\/wp-json\/wp\/v2\/pages"}],"about":[{"href":"https:\/\/leitekbaltic.com\/lv\/wp-json\/wp\/v2\/types\/page"}],"author":[{"embeddable":true,"href":"https:\/\/leitekbaltic.com\/lv\/wp-json\/wp\/v2\/users\/1"}],"replies":[{"embeddable":true,"href":"https:\/\/leitekbaltic.com\/lv\/wp-json\/wp\/v2\/comments?post=728"}],"version-history":[{"count":1,"href":"https:\/\/leitekbaltic.com\/lv\/wp-json\/wp\/v2\/pages\/728\/revisions"}],"predecessor-version":[{"id":735,"href":"https:\/\/leitekbaltic.com\/lv\/wp-json\/wp\/v2\/pages\/728\/revisions\/735"}],"wp:attachment":[{"href":"https:\/\/leitekbaltic.com\/lv\/wp-json\/wp\/v2\/media?parent=728"}],"curies":[{"name":"wp","href":"https:\/\/api.w.org\/{rel}","templated":true}]}}