{"id":736,"date":"2026-01-22T17:19:41","date_gmt":"2026-01-22T14:19:41","guid":{"rendered":"https:\/\/leitekbaltic.com\/?page_id=736"},"modified":"2026-01-23T19:45:21","modified_gmt":"2026-01-23T16:45:21","slug":"ltp50-diesel-forklift","status":"publish","type":"page","link":"https:\/\/leitekbaltic.com\/lv\/ltp50-diesel-forklift\/","title":{"rendered":"LTP50 Diesel Forklift"},"content":{"rendered":"<hr class=\"wp-block-separator has-alpha-channel-opacity\"\/>\n\n\n\n<div class=\"wp-block-columns is-layout-flex wp-container-core-columns-is-layout-9d6595d7 wp-block-columns-is-layout-flex\">\n<div class=\"wp-block-column is-layout-flow wp-block-column-is-layout-flow\">\n<h4 class=\"wp-block-heading\"><strong>Produkta kods: DF-LTP50-EU<\/strong><\/h4>\n<\/div>\n\n\n\n<div class=\"wp-block-column is-layout-flow wp-block-column-is-layout-flow\">\n<div class=\"wp-block-buttons is-layout-flex wp-block-buttons-is-layout-flex\">\n<div class=\"wp-block-button\"><a class=\"wp-block-button__link wp-element-button\" href=\"https:\/\/leitekbaltic.com\/lv\/contact\/\">Piepras\u012bt cenu pied\u0101v\u0101jumu<\/a><\/div>\n<\/div>\n<\/div>\n<\/div>\n\n\n\n<h3 class=\"wp-block-heading has-text-align-center\">\u26fd Iekr\u0101v\u0113js\u00a0<strong>LTP50 Diesel<\/strong><\/h3>\n\n\n\n<p class=\"has-text-align-center\">\u0414\u0438\u0437\u0435\u043b\u044c\u043d\u044b\u0439 \u0432\u0438\u043b\u043e\u0447\u043d\u044b\u0439 \u043f\u043e\u0433\u0440\u0443\u0437\u0447\u0438\u043a LTP50 \u2014 \u044d\u0442\u043e \u043d\u0430\u0434\u0451\u0436\u043d\u043e\u0435 \u0440\u0435\u0448\u0435\u043d\u0438\u0435 \u0434\u043b\u044f \u0442\u044f\u0436\u0451\u043b\u044b\u0445 \u0443\u0441\u043b\u043e\u0432\u0438\u0439 \u0438 \u0438\u043d\u0442\u0435\u043d\u0441\u0438\u0432\u043d\u043e\u0439 \u044d\u043a\u0441\u043f\u043b\u0443\u0430\u0442\u0430\u0446\u0438\u0438. \u041e\u043d \u043e\u0442\u043b\u0438\u0447\u0430\u0435\u0442\u0441\u044f \u0432\u044b\u0441\u043e\u043a\u043e\u0439 \u0442\u044f\u0433\u043e\u0439, \u043e\u0442\u043b\u0438\u0447\u043d\u043e\u0439 \u043f\u0440\u043e\u0445\u043e\u0434\u0438\u043c\u043e\u0441\u0442\u044c\u044e \u0438 \u0441\u0442\u0430\u0431\u0438\u043b\u044c\u043d\u043e\u0439 \u0440\u0430\u0431\u043e\u0442\u043e\u0439 \u043f\u043e\u0434 \u043d\u0430\u0433\u0440\u0443\u0437\u043a\u043e\u0439, \u0434\u0430\u0436\u0435 \u043d\u0430 \u043d\u0435\u0440\u043e\u0432\u043d\u044b\u0445 \u043f\u043e\u043a\u0440\u044b\u0442\u0438\u044f\u0445 \u0438 \u043e\u0442\u043a\u0440\u044b\u0442\u044b\u0445 \u043f\u043b\u043e\u0449\u0430\u0434\u043a\u0430\u0445.<\/p>\n\n\n\n<p class=\"has-text-align-center\">Ide\u0101li piem\u0113rots b\u016bvlaukumiem, noliktav\u0101m \u0101rpus telp\u0101m un lietojumiem, kur nepiecie\u0161ama jauda, \u200b\u200biztur\u012bba un maksim\u0101la produktivit\u0101te.<\/p>\n\n\n\n<hr class=\"wp-block-separator has-alpha-channel-opacity\"\/>\n\n\n\n<div class=\"wp-block-media-text is-stacked-on-mobile\"><figure class=\"wp-block-media-text__media\"><img data-opt-id=1084719525  fetchpriority=\"high\" decoding=\"async\" width=\"840\" height=\"630\" src=\"https:\/\/mlkzi6dofpqr.i.optimole.com\/w:auto\/h:auto\/q:mauto\/f:best\/https:\/\/leitekbaltic.com\/wp-content\/uploads\/2026\/01\/LTP50-Diesel-Forklift-фото4.webp\" alt=\"\" class=\"wp-image-737 size-full\" srcset=\"https:\/\/mlkzi6dofpqr.i.optimole.com\/w:840\/h:630\/q:mauto\/f:best\/https:\/\/leitekbaltic.com\/wp-content\/uploads\/2026\/01\/LTP50-Diesel-Forklift-\u0444\u043e\u0442\u043e4.webp 840w, https:\/\/mlkzi6dofpqr.i.optimole.com\/w:300\/h:225\/q:mauto\/f:best\/https:\/\/leitekbaltic.com\/wp-content\/uploads\/2026\/01\/LTP50-Diesel-Forklift-\u0444\u043e\u0442\u043e4.webp 300w, https:\/\/mlkzi6dofpqr.i.optimole.com\/w:768\/h:576\/q:mauto\/f:best\/https:\/\/leitekbaltic.com\/wp-content\/uploads\/2026\/01\/LTP50-Diesel-Forklift-\u0444\u043e\u0442\u043e4.webp 768w, https:\/\/mlkzi6dofpqr.i.optimole.com\/w:16\/h:12\/q:mauto\/f:best\/dpr:2\/https:\/\/leitekbaltic.com\/wp-content\/uploads\/2026\/01\/LTP50-Diesel-Forklift-\u0444\u043e\u0442\u043e4.webp 16w\" sizes=\"(max-width: 840px) 100vw, 840px\" \/><\/figure><div class=\"wp-block-media-text__content\">\n<p class=\"translation-block\">Jauda bez kompromisiem<br>D\u012bze\u013ca iekr\u0101v\u0113ji pied\u0101v\u0101 augstu sa\u0137eri, izcilu manevr\u0113tsp\u0113ju un uzticamu darb\u012bbu vissare\u017e\u0123\u012bt\u0101kajos apst\u0101k\u013cos. Tie viegli tiek gal\u0101 ar smag\u0101m krav\u0101m, pied\u0101v\u0101 izcilu dinamiku zem slodzes un nav pras\u012bgi pret ce\u013ca seguma apst\u0101k\u013ciem.<\/p>\n\n\n\n<p>Ide\u0101ls risin\u0101jums intens\u012bvai lieto\u0161anai, ilg\u0101m mai\u0146\u0101m un darbam \u0101rpus telp\u0101m. Optim\u0101li piem\u0113rots \u012bsiem att\u0101lumiem, nelielam \u0101trumam un lieljaudas p\u0101rvad\u0101jumiem.<\/p>\n\n\n\n<p>Uzticams apr\u012bkojums nopietniem uzdevumiem un maksim\u0101lai produktivit\u0101tei.<\/p>\n<\/div><\/div>\n\n\n\n<div class=\"wp-block-columns is-layout-flex wp-container-core-columns-is-layout-9d6595d7 wp-block-columns-is-layout-flex\">\n<div class=\"wp-block-column is-layout-flow wp-block-column-is-layout-flow\">\n<figure class=\"wp-block-image size-full\"><img data-opt-id=1572202858  fetchpriority=\"high\" decoding=\"async\" width=\"840\" height=\"630\" src=\"https:\/\/mlkzi6dofpqr.i.optimole.com\/w:auto\/h:auto\/q:mauto\/f:best\/https:\/\/leitekbaltic.com\/wp-content\/uploads\/2026\/01\/LTP50-Diesel-Forklift-фото1.webp\" alt=\"\" class=\"wp-image-738\" srcset=\"https:\/\/mlkzi6dofpqr.i.optimole.com\/w:840\/h:630\/q:mauto\/f:best\/https:\/\/leitekbaltic.com\/wp-content\/uploads\/2026\/01\/LTP50-Diesel-Forklift-\u0444\u043e\u0442\u043e1.webp 840w, https:\/\/mlkzi6dofpqr.i.optimole.com\/w:300\/h:225\/q:mauto\/f:best\/https:\/\/leitekbaltic.com\/wp-content\/uploads\/2026\/01\/LTP50-Diesel-Forklift-\u0444\u043e\u0442\u043e1.webp 300w, https:\/\/mlkzi6dofpqr.i.optimole.com\/w:768\/h:576\/q:mauto\/f:best\/https:\/\/leitekbaltic.com\/wp-content\/uploads\/2026\/01\/LTP50-Diesel-Forklift-\u0444\u043e\u0442\u043e1.webp 768w, https:\/\/mlkzi6dofpqr.i.optimole.com\/w:16\/h:12\/q:mauto\/f:best\/dpr:2\/https:\/\/leitekbaltic.com\/wp-content\/uploads\/2026\/01\/LTP50-Diesel-Forklift-\u0444\u043e\u0442\u043e1.webp 16w\" sizes=\"(max-width: 840px) 100vw, 840px\" \/><\/figure>\n<\/div>\n\n\n\n<div class=\"wp-block-column is-layout-flow wp-block-column-is-layout-flow\">\n<figure class=\"wp-block-image size-full\"><img data-opt-id=781495249  data-opt-src=\"https:\/\/mlkzi6dofpqr.i.optimole.com\/w:auto\/h:auto\/q:mauto\/f:best\/https:\/\/leitekbaltic.com\/wp-content\/uploads\/2026\/01\/LTP50-Diesel-Forklift-фото3.webp\"  decoding=\"async\" width=\"840\" height=\"630\" src=\"data:image/svg+xml,%3Csvg%20viewBox%3D%220%200%20100%%20100%%22%20width%3D%22100%%22%20height%3D%22100%%22%20xmlns%3D%22http%3A%2F%2Fwww.w3.org%2F2000%2Fsvg%22%3E%3Crect%20width%3D%22100%%22%20height%3D%22100%%22%20fill%3D%22transparent%22%2F%3E%3C%2Fsvg%3E\" alt=\"\" class=\"wp-image-739\" old-srcset=\"https:\/\/mlkzi6dofpqr.i.optimole.com\/w:840\/h:630\/q:mauto\/f:best\/https:\/\/leitekbaltic.com\/wp-content\/uploads\/2026\/01\/LTP50-Diesel-Forklift-\u0444\u043e\u0442\u043e3.webp 840w, https:\/\/mlkzi6dofpqr.i.optimole.com\/w:300\/h:225\/q:mauto\/f:best\/https:\/\/leitekbaltic.com\/wp-content\/uploads\/2026\/01\/LTP50-Diesel-Forklift-\u0444\u043e\u0442\u043e3.webp 300w, https:\/\/mlkzi6dofpqr.i.optimole.com\/w:768\/h:576\/q:mauto\/f:best\/https:\/\/leitekbaltic.com\/wp-content\/uploads\/2026\/01\/LTP50-Diesel-Forklift-\u0444\u043e\u0442\u043e3.webp 768w, https:\/\/mlkzi6dofpqr.i.optimole.com\/w:16\/h:12\/q:mauto\/f:best\/dpr:2\/https:\/\/leitekbaltic.com\/wp-content\/uploads\/2026\/01\/LTP50-Diesel-Forklift-\u0444\u043e\u0442\u043e3.webp 16w\" \/><\/figure>\n<\/div>\n\n\n\n<div class=\"wp-block-column is-layout-flow wp-block-column-is-layout-flow\">\n<figure class=\"wp-block-image size-full\"><img data-opt-id=1608270637  data-opt-src=\"https:\/\/mlkzi6dofpqr.i.optimole.com\/w:auto\/h:auto\/q:mauto\/f:best\/https:\/\/leitekbaltic.com\/wp-content\/uploads\/2026\/01\/LTP50-Diesel-Forklift-фото2.webp\"  decoding=\"async\" width=\"840\" height=\"630\" src=\"data:image/svg+xml,%3Csvg%20viewBox%3D%220%200%20100%%20100%%22%20width%3D%22100%%22%20height%3D%22100%%22%20xmlns%3D%22http%3A%2F%2Fwww.w3.org%2F2000%2Fsvg%22%3E%3Crect%20width%3D%22100%%22%20height%3D%22100%%22%20fill%3D%22transparent%22%2F%3E%3C%2Fsvg%3E\" alt=\"\" class=\"wp-image-740\" old-srcset=\"https:\/\/mlkzi6dofpqr.i.optimole.com\/w:840\/h:630\/q:mauto\/f:best\/https:\/\/leitekbaltic.com\/wp-content\/uploads\/2026\/01\/LTP50-Diesel-Forklift-\u0444\u043e\u0442\u043e2.webp 840w, https:\/\/mlkzi6dofpqr.i.optimole.com\/w:300\/h:225\/q:mauto\/f:best\/https:\/\/leitekbaltic.com\/wp-content\/uploads\/2026\/01\/LTP50-Diesel-Forklift-\u0444\u043e\u0442\u043e2.webp 300w, https:\/\/mlkzi6dofpqr.i.optimole.com\/w:768\/h:576\/q:mauto\/f:best\/https:\/\/leitekbaltic.com\/wp-content\/uploads\/2026\/01\/LTP50-Diesel-Forklift-\u0444\u043e\u0442\u043e2.webp 768w, https:\/\/mlkzi6dofpqr.i.optimole.com\/w:16\/h:12\/q:mauto\/f:best\/dpr:2\/https:\/\/leitekbaltic.com\/wp-content\/uploads\/2026\/01\/LTP50-Diesel-Forklift-\u0444\u043e\u0442\u043e2.webp 16w\" \/><\/figure>\n<\/div>\n<\/div>\n\n\n\n<hr class=\"wp-block-separator has-alpha-channel-opacity\"\/>\n\n\n\n<p class=\"translation-block\">Tehnisk\u0101s \u012bpa\u0161\u012bbas<\/p>\n\n\n\n<ul class=\"wp-block-list\">\n<li>Nomin\u0101l\u0101 slodze 5000 kg<\/li>\n\n\n\n<li>Att\u0101lums starp kravas smaguma centriem ir 500 mm<\/li>\n\n\n\n<li>Br\u012bv\u0101s pacel\u0161anas augstums 160 mm<\/li>\n\n\n\n<li>Kop\u0113jais garums (ar\/bez dak\u0161\u0101m) 4190\/3120 mm<\/li>\n\n\n\n<li>Kop\u0113jais platums 1480 mm<\/li>\n\n\n\n<li>Kop\u0113jais augstums (ar aizsargapvalku) 2240 mm<\/li>\n\n\n\n<li>Rite\u0146u garenb\u0101ze 2000 mm<\/li>\n\n\n\n<li>Minim\u0101lais kl\u012brenss (pie durvju r\u0101mja) 175 mm<\/li>\n\n\n\n<li>Masta sl\u012bpuma le\u0146\u0137is (priek\u0161\u0101\/aizmugur\u0113) 6\u00b0\/12\u00b0<\/li>\n\n\n\n<li>Riepu skaits (l\u012bdz) 250-15-16PR<\/li>\n\n\n\n<li>Riepu numurs (p\u0113c) 7-12-12PR<\/li>\n\n\n\n<li>Minim\u0101lais pagrieziena r\u0101diuss (\u0101r\u0113jais) 2900 mm<\/li>\n\n\n\n<li>Taisnst\u016bra profila minim\u0101lais platums ir 4960 mm<\/li>\n\n\n\n<li class=\"translation-block\">Dak\u0161as izm\u0113ri Dzi\u013cums (platums) 1070\u2013150\u201355 mm<\/li>\n\n\n\n<li>Maksim\u0101lais brauk\u0161anas \u0101trums (ar\/bez kravas) 18\/19 km\/h<\/li>\n\n\n\n<li>Maksim\u0101lais pacel\u0161anas \u0101trums (ar pilnu slodzi\/bez slodzes) 400\/380 mm\/s<\/li>\n\n\n\n<li>Maksim\u0101lais apr\u012bkojuma sl\u012bpums (ar pilnu slodzi\/bez slodzes) 15\/20%<\/li>\n\n\n\n<li>Pilna masa 6700 kg<\/li>\n\n\n\n<li>Dzin\u0113ja z\u012bmols XINCHAI \/ QUANCHAI<\/li>\n\n\n\n<li>Dzin\u0113ja modelis 4C6<\/li>\n\n\n\n<li>Jauda 62,5\/2200 kW\/apgr.\/min<\/li>\n\n\n\n<li>Griezes moments 235\/1800<\/li>\n<\/ul>\n\n\n\n<div class=\"wp-block-columns is-layout-flex wp-container-core-columns-is-layout-9d6595d7 wp-block-columns-is-layout-flex\">\n<div class=\"wp-block-column is-layout-flow wp-block-column-is-layout-flow\">\n<h4 class=\"wp-block-heading\"><strong>Produkta kods: DF-LTP50-EU<\/strong><\/h4>\n<\/div>\n\n\n\n<div class=\"wp-block-column is-layout-flow wp-block-column-is-layout-flow\">\n<div class=\"wp-block-buttons is-layout-flex wp-block-buttons-is-layout-flex\">\n<div class=\"wp-block-button\"><a class=\"wp-block-button__link wp-element-button\" href=\"https:\/\/leitekbaltic.com\/lv\/contact\/\">Piepras\u012bt cenu pied\u0101v\u0101jumu<\/a><\/div>\n<\/div>\n<\/div>\n<\/div>","protected":false},"excerpt":{"rendered":"<p>\u041a\u043e\u0434 \u0442\u043e\u0432\u0430\u0440\u0430: DF-LTP50-EU \u0412\u0438\u043b\u043e\u0447\u043d\u044b\u0439 \u043f\u043e\u0433\u0440\u0443\u0437\u0447\u0438\u043a\u00a0LTP50 Diesel \u0414\u0438\u0437\u0435\u043b\u044c\u043d\u044b\u0439 \u0432\u0438\u043b\u043e\u0447\u043d\u044b\u0439 \u043f\u043e\u0433\u0440\u0443\u0437\u0447\u0438\u043a LTP50 \u2014 \u044d\u0442\u043e \u043d\u0430\u0434\u0451\u0436\u043d\u043e\u0435 \u0440\u0435\u0448\u0435\u043d\u0438\u0435 \u0434\u043b\u044f \u0442\u044f\u0436\u0451\u043b\u044b\u0445 \u0443\u0441\u043b\u043e\u0432\u0438\u0439 \u0438 \u0438\u043d\u0442\u0435\u043d\u0441\u0438\u0432\u043d\u043e\u0439 \u044d\u043a\u0441\u043f\u043b\u0443\u0430\u0442\u0430\u0446\u0438\u0438. \u041e\u043d \u043e\u0442\u043b\u0438\u0447\u0430\u0435\u0442\u0441\u044f \u0432\u044b\u0441\u043e\u043a\u043e\u0439 \u0442\u044f\u0433\u043e\u0439, \u043e\u0442\u043b\u0438\u0447\u043d\u043e\u0439 \u043f\u0440\u043e\u0445\u043e\u0434\u0438\u043c\u043e\u0441\u0442\u044c\u044e \u0438 \u0441\u0442\u0430\u0431\u0438\u043b\u044c\u043d\u043e\u0439 \u0440\u0430\u0431\u043e\u0442\u043e\u0439 \u043f\u043e\u0434 \u043d\u0430\u0433\u0440\u0443\u0437\u043a\u043e\u0439, \u0434\u0430\u0436\u0435 \u043d\u0430 \u043d\u0435\u0440\u043e\u0432\u043d\u044b\u0445 \u043f\u043e\u043a\u0440\u044b\u0442\u0438\u044f\u0445 \u0438 \u043e\u0442\u043a\u0440\u044b\u0442\u044b\u0445 \u043f\u043b\u043e\u0449\u0430\u0434\u043a\u0430\u0445. \u0418\u0434\u0435\u0430\u043b\u0435\u043d \u0434\u043b\u044f \u0441\u0442\u0440\u043e\u0438\u0442\u0435\u043b\u044c\u043d\u044b\u0445 \u043e\u0431\u044a\u0435\u043a\u0442\u043e\u0432, \u0441\u043a\u043b\u0430\u0434\u043e\u0432 \u043f\u043e\u0434 \u043e\u0442\u043a\u0440\u044b\u0442\u044b\u043c \u043d\u0435\u0431\u043e\u043c \u0438 \u0437\u0430\u0434\u0430\u0447, \u0433\u0434\u0435 \u0442\u0440\u0435\u0431\u0443\u0435\u0442\u0441\u044f \u043c\u043e\u0449\u043d\u043e\u0441\u0442\u044c, \u0432\u044b\u043d\u043e\u0441\u043b\u0438\u0432\u043e\u0441\u0442\u044c \u0438 \u043c\u0430\u043a\u0441\u0438\u043c\u0430\u043b\u044c\u043d\u0430\u044f \u043f\u0440\u043e\u0438\u0437\u0432\u043e\u0434\u0438\u0442\u0435\u043b\u044c\u043d\u043e\u0441\u0442\u044c. [&hellip;]<\/p>\n","protected":false},"author":1,"featured_media":0,"parent":0,"menu_order":0,"comment_status":"closed","ping_status":"closed","template":"","meta":{"_themeisle_gutenberg_block_has_review":false,"footnotes":""},"class_list":["post-736","page","type-page","status-publish","hentry"],"_links":{"self":[{"href":"https:\/\/leitekbaltic.com\/lv\/wp-json\/wp\/v2\/pages\/736","targetHints":{"allow":["GET"]}}],"collection":[{"href":"https:\/\/leitekbaltic.com\/lv\/wp-json\/wp\/v2\/pages"}],"about":[{"href":"https:\/\/leitekbaltic.com\/lv\/wp-json\/wp\/v2\/types\/page"}],"author":[{"embeddable":true,"href":"https:\/\/leitekbaltic.com\/lv\/wp-json\/wp\/v2\/users\/1"}],"replies":[{"embeddable":true,"href":"https:\/\/leitekbaltic.com\/lv\/wp-json\/wp\/v2\/comments?post=736"}],"version-history":[{"count":2,"href":"https:\/\/leitekbaltic.com\/lv\/wp-json\/wp\/v2\/pages\/736\/revisions"}],"predecessor-version":[{"id":767,"href":"https:\/\/leitekbaltic.com\/lv\/wp-json\/wp\/v2\/pages\/736\/revisions\/767"}],"wp:attachment":[{"href":"https:\/\/leitekbaltic.com\/lv\/wp-json\/wp\/v2\/media?parent=736"}],"curies":[{"name":"wp","href":"https:\/\/api.w.org\/{rel}","templated":true}]}}