{"id":744,"date":"2026-01-22T17:39:05","date_gmt":"2026-01-22T14:39:05","guid":{"rendered":"https:\/\/leitekbaltic.com\/?page_id=744"},"modified":"2026-01-23T19:48:28","modified_gmt":"2026-01-23T16:48:28","slug":"lty35-rough-terrain-forklift","status":"publish","type":"page","link":"https:\/\/leitekbaltic.com\/lv\/lty35-rough-terrain-forklift\/","title":{"rendered":"LTY35 rough terrain forklift"},"content":{"rendered":"<hr class=\"wp-block-separator has-alpha-channel-opacity\"\/>\n\n\n\n<div class=\"wp-block-columns is-layout-flex wp-container-core-columns-is-layout-9d6595d7 wp-block-columns-is-layout-flex\">\n<div class=\"wp-block-column is-layout-flow wp-block-column-is-layout-flow\">\n<h4 class=\"wp-block-heading\"><strong>Produkta kods: RTF-LTY35-EU<\/strong><\/h4>\n<\/div>\n\n\n\n<div class=\"wp-block-column is-layout-flow wp-block-column-is-layout-flow\">\n<div class=\"wp-block-buttons is-layout-flex wp-block-buttons-is-layout-flex\">\n<div class=\"wp-block-button\"><a class=\"wp-block-button__link wp-element-button\" href=\"https:\/\/leitekbaltic.com\/lv\/contact\/\">Piepras\u012bt cenu pied\u0101v\u0101jumu<\/a><\/div>\n<\/div>\n<\/div>\n<\/div>\n\n\n\n<h3 class=\"wp-block-heading has-text-align-center\">\ud83d\udede Iekr\u0101v\u0113js <strong>LTY35 4\u00d74 (Rough Terrain)<\/strong><\/h3>\n\n\n\n<p class=\"has-text-align-center\">LTY35 4x4 iekr\u0101v\u0113js ir paredz\u0113ts darbam vissare\u017e\u0123\u012bt\u0101kajos apst\u0101k\u013cos. T\u0101 augst\u0101 manevr\u0113tsp\u0113ja, jaud\u012bg\u0101 sa\u0137ere un stabilit\u0101te \u013cauj tam p\u0101rliecino\u0161i p\u0101rvietoties pa b\u016bvlaukumiem, neasfalt\u0113t\u0101m virsm\u0101m un nel\u012bdzenu reljefu.<\/p>\n\n\n\n<p class=\"has-text-align-center\">T\u0101 iztur\u012bg\u0101 konstrukcija, visurg\u0101j\u0113ju riepas un uzticam\u0101 transmisija padara to ide\u0101li piem\u0113rotu sare\u017e\u0123\u012btiem darbiem, ar kuriem parastie iekr\u0101v\u0113ji netiek gal\u0101.<\/p>\n\n\n\n<hr class=\"wp-block-separator has-alpha-channel-opacity\"\/>\n\n\n\n<div class=\"wp-block-media-text is-stacked-on-mobile\"><figure class=\"wp-block-media-text__media\"><img data-opt-id=1194988190  fetchpriority=\"high\" decoding=\"async\" width=\"840\" height=\"630\" src=\"https:\/\/mlkzi6dofpqr.i.optimole.com\/w:auto\/h:auto\/q:mauto\/f:best\/https:\/\/leitekbaltic.com\/wp-content\/uploads\/2026\/01\/LTY35-rough-terrain-forklift-foto3.webp\" alt=\"\" class=\"wp-image-746 size-full\" srcset=\"https:\/\/mlkzi6dofpqr.i.optimole.com\/w:840\/h:630\/q:mauto\/f:best\/https:\/\/leitekbaltic.com\/wp-content\/uploads\/2026\/01\/LTY35-rough-terrain-forklift-foto3.webp 840w, https:\/\/mlkzi6dofpqr.i.optimole.com\/w:300\/h:225\/q:mauto\/f:best\/https:\/\/leitekbaltic.com\/wp-content\/uploads\/2026\/01\/LTY35-rough-terrain-forklift-foto3.webp 300w, https:\/\/mlkzi6dofpqr.i.optimole.com\/w:768\/h:576\/q:mauto\/f:best\/https:\/\/leitekbaltic.com\/wp-content\/uploads\/2026\/01\/LTY35-rough-terrain-forklift-foto3.webp 768w, https:\/\/mlkzi6dofpqr.i.optimole.com\/w:16\/h:12\/q:mauto\/f:best\/dpr:2\/https:\/\/leitekbaltic.com\/wp-content\/uploads\/2026\/01\/LTY35-rough-terrain-forklift-foto3.webp 16w\" sizes=\"(max-width: 840px) 100vw, 840px\" \/><\/figure><div class=\"wp-block-media-text__content\">\n<p>Lieliskas krosa sp\u0113jas un uzticam\u012bba<br>Iekr\u0101v\u0113js ar liel\u0101m, plata profila bezce\u013cu riep\u0101m nodro\u0161ina p\u0101rliecino\u0161u sa\u0137eri un lielisku manevr\u0113tsp\u0113ju pat vissare\u017e\u0123\u012bt\u0101kajos apst\u0101k\u013cos. Tas viegli piel\u0101gojas nel\u012bdzen\u0101m virsm\u0101m, augsnei un sare\u017e\u0123\u012bt\u0101m darba viet\u0101m.<\/p>\n\n\n\n<p>Pastiprin\u0101ts \u0161arn\u012brveida r\u0101mis un iztur\u012bga konstrukcija nodro\u0161ina stabilit\u0101ti un dro\u0161\u012bbu jebkuros apst\u0101k\u013cos. Jaud\u012bgs motors un augsta uzticam\u012bba garant\u0113 stabilu un bezprobl\u0113mu darb\u012bbu katru dienu.<\/p>\n\n\n\n<p>Ide\u0101ls risin\u0101jums b\u016bvlaukumiem, atkl\u0101t\u0101m noliktav\u0101m un sare\u017e\u0123\u012btiem r\u016bpnieciskiem lietojumiem.<\/p>\n<\/div><\/div>\n\n\n\n<div class=\"wp-block-columns is-layout-flex wp-container-core-columns-is-layout-9d6595d7 wp-block-columns-is-layout-flex\">\n<div class=\"wp-block-column is-layout-flow wp-block-column-is-layout-flow\">\n<figure class=\"wp-block-image size-full\"><img data-opt-id=1368292602  fetchpriority=\"high\" decoding=\"async\" width=\"840\" height=\"630\" src=\"https:\/\/mlkzi6dofpqr.i.optimole.com\/w:auto\/h:auto\/q:mauto\/f:best\/https:\/\/leitekbaltic.com\/wp-content\/uploads\/2026\/01\/LTY35-rough-terrain-forklift-foto4.webp\" alt=\"\" class=\"wp-image-768\" srcset=\"https:\/\/mlkzi6dofpqr.i.optimole.com\/w:840\/h:630\/q:mauto\/f:best\/https:\/\/leitekbaltic.com\/wp-content\/uploads\/2026\/01\/LTY35-rough-terrain-forklift-foto4.webp 840w, https:\/\/mlkzi6dofpqr.i.optimole.com\/w:300\/h:225\/q:mauto\/f:best\/https:\/\/leitekbaltic.com\/wp-content\/uploads\/2026\/01\/LTY35-rough-terrain-forklift-foto4.webp 300w, https:\/\/mlkzi6dofpqr.i.optimole.com\/w:768\/h:576\/q:mauto\/f:best\/https:\/\/leitekbaltic.com\/wp-content\/uploads\/2026\/01\/LTY35-rough-terrain-forklift-foto4.webp 768w, https:\/\/mlkzi6dofpqr.i.optimole.com\/w:16\/h:12\/q:mauto\/f:best\/dpr:2\/https:\/\/leitekbaltic.com\/wp-content\/uploads\/2026\/01\/LTY35-rough-terrain-forklift-foto4.webp 16w\" sizes=\"(max-width: 840px) 100vw, 840px\" \/><\/figure>\n<\/div>\n\n\n\n<div class=\"wp-block-column is-layout-flow wp-block-column-is-layout-flow\">\n<figure class=\"wp-block-image size-full\"><img data-opt-id=847108002  data-opt-src=\"https:\/\/mlkzi6dofpqr.i.optimole.com\/w:auto\/h:auto\/q:mauto\/f:best\/https:\/\/leitekbaltic.com\/wp-content\/uploads\/2026\/01\/LTY35-rough-terrain-forklift-foto1.webp\"  decoding=\"async\" width=\"840\" height=\"630\" src=\"data:image/svg+xml,%3Csvg%20viewBox%3D%220%200%20100%%20100%%22%20width%3D%22100%%22%20height%3D%22100%%22%20xmlns%3D%22http%3A%2F%2Fwww.w3.org%2F2000%2Fsvg%22%3E%3Crect%20width%3D%22100%%22%20height%3D%22100%%22%20fill%3D%22transparent%22%2F%3E%3C%2Fsvg%3E\" alt=\"\" class=\"wp-image-769\" old-srcset=\"https:\/\/mlkzi6dofpqr.i.optimole.com\/w:840\/h:630\/q:mauto\/f:best\/https:\/\/leitekbaltic.com\/wp-content\/uploads\/2026\/01\/LTY35-rough-terrain-forklift-foto1.webp 840w, https:\/\/mlkzi6dofpqr.i.optimole.com\/w:300\/h:225\/q:mauto\/f:best\/https:\/\/leitekbaltic.com\/wp-content\/uploads\/2026\/01\/LTY35-rough-terrain-forklift-foto1.webp 300w, https:\/\/mlkzi6dofpqr.i.optimole.com\/w:768\/h:576\/q:mauto\/f:best\/https:\/\/leitekbaltic.com\/wp-content\/uploads\/2026\/01\/LTY35-rough-terrain-forklift-foto1.webp 768w, https:\/\/mlkzi6dofpqr.i.optimole.com\/w:16\/h:12\/q:mauto\/f:best\/dpr:2\/https:\/\/leitekbaltic.com\/wp-content\/uploads\/2026\/01\/LTY35-rough-terrain-forklift-foto1.webp 16w\" \/><\/figure>\n<\/div>\n\n\n\n<div class=\"wp-block-column is-layout-flow wp-block-column-is-layout-flow\">\n<figure class=\"wp-block-image size-full\"><img data-opt-id=268405863  data-opt-src=\"https:\/\/mlkzi6dofpqr.i.optimole.com\/w:auto\/h:auto\/q:mauto\/f:best\/https:\/\/leitekbaltic.com\/wp-content\/uploads\/2026\/01\/LTY35-rough-terrain-forklift-foto2.webp\"  decoding=\"async\" width=\"840\" height=\"630\" src=\"data:image/svg+xml,%3Csvg%20viewBox%3D%220%200%20100%%20100%%22%20width%3D%22100%%22%20height%3D%22100%%22%20xmlns%3D%22http%3A%2F%2Fwww.w3.org%2F2000%2Fsvg%22%3E%3Crect%20width%3D%22100%%22%20height%3D%22100%%22%20fill%3D%22transparent%22%2F%3E%3C%2Fsvg%3E\" alt=\"\" class=\"wp-image-770\" old-srcset=\"https:\/\/mlkzi6dofpqr.i.optimole.com\/w:840\/h:630\/q:mauto\/f:best\/https:\/\/leitekbaltic.com\/wp-content\/uploads\/2026\/01\/LTY35-rough-terrain-forklift-foto2.webp 840w, https:\/\/mlkzi6dofpqr.i.optimole.com\/w:300\/h:225\/q:mauto\/f:best\/https:\/\/leitekbaltic.com\/wp-content\/uploads\/2026\/01\/LTY35-rough-terrain-forklift-foto2.webp 300w, https:\/\/mlkzi6dofpqr.i.optimole.com\/w:768\/h:576\/q:mauto\/f:best\/https:\/\/leitekbaltic.com\/wp-content\/uploads\/2026\/01\/LTY35-rough-terrain-forklift-foto2.webp 768w, https:\/\/mlkzi6dofpqr.i.optimole.com\/w:16\/h:12\/q:mauto\/f:best\/dpr:2\/https:\/\/leitekbaltic.com\/wp-content\/uploads\/2026\/01\/LTY35-rough-terrain-forklift-foto2.webp 16w\" \/><\/figure>\n<\/div>\n<\/div>\n\n\n\n<hr class=\"wp-block-separator has-alpha-channel-opacity\"\/>\n\n\n\n<p class=\"translation-block\">Tehnisk\u0101s \u012bpa\u0161\u012bbas<\/p>\n\n\n\n<ul class=\"wp-block-list\">\n<li>Nomin\u0101l\u0101 celtsp\u0113ja 3500 kg<\/li>\n\n\n\n<li>Nomin\u0101lais pacel\u0161anas augstums 3000\u20137000 mm<\/li>\n\n\n\n<li>Att\u0101lums starp kravas smaguma centriem ir 600 mm<\/li>\n\n\n\n<li>Minim\u0101lais pagrieziena r\u0101diuss 2500 mm<\/li>\n\n\n\n<li>Maksim\u0101lais pac\u0113luma le\u0146\u0137is \u226438\u00b0<\/li>\n\n\n\n<li>Minim\u0101lais kl\u012brenss 320 mm<\/li>\n\n\n\n<li>Masta sl\u012bpuma le\u0146\u0137is uz priek\u0161u\/atpaka\u013c 10\u00b0\/20\u00b0<\/li>\n\n\n\n<li>Maksim\u0101lais \u0101trums ir 35 km\/h<\/li>\n\n\n\n<li>Maksim\u0101l\u0101 \u0101\u0137a vilk\u0161anas sp\u0113ks 30,0 kN<\/li>\n\n\n\n<li>Dzin\u0113ja modelis Quanchai495 (36,8 kW)<\/li>\n\n\n\n<li>Piedzi\u0146as re\u017e\u012bms: Pilnpiedzi\u0146a<\/li>\n\n\n\n<li>280.\u00a0mode\u013ca transmisija ar augsta un zema \u0101truma griezes momenta p\u0101rveidot\u0101ju<\/li>\n\n\n\n<li>Ass materi\u0101li: Lietais t\u0113rauds st\u016bres ass (aizmugur\u0113j\u0101 st\u016bres ass)<\/li>\n\n\n\n<li>Riepu materi\u0101li: Chaoyang 20.5\/70-16 pusciet\u0101s riepas<\/li>\n\n\n\n<li>Rite\u0146u garenb\u0101ze 1697 mm<\/li>\n\n\n\n<li>Masta platums: t\u0113rauds 160 mm (pastiprin\u0101ts)<\/li>\n\n\n\n<li>Dak\u0161as garums 1220 mm (p\u0113c izv\u0113les)<\/li>\n\n\n\n<li>Ma\u0161\u012bnas svars: 5600\u20135900 kg<\/li>\n\n\n\n<li class=\"translation-block\">Ma\u0161\u012bnas izm\u0113ri: 2980<em>1550<\/em>2250 mm<\/li>\n<\/ul>\n\n\n\n<div class=\"wp-block-columns is-layout-flex wp-container-core-columns-is-layout-9d6595d7 wp-block-columns-is-layout-flex\">\n<div class=\"wp-block-column is-layout-flow wp-block-column-is-layout-flow\">\n<h4 class=\"wp-block-heading\"><strong>Produkta kods: RTF-LTY35-EU<\/strong><\/h4>\n<\/div>\n\n\n\n<div class=\"wp-block-column is-layout-flow wp-block-column-is-layout-flow\">\n<div class=\"wp-block-buttons is-layout-flex wp-block-buttons-is-layout-flex\">\n<div class=\"wp-block-button\"><a class=\"wp-block-button__link wp-element-button\" href=\"https:\/\/leitekbaltic.com\/lv\/contact\/\">Piepras\u012bt cenu pied\u0101v\u0101jumu<\/a><\/div>\n<\/div>\n<\/div>\n<\/div>","protected":false},"excerpt":{"rendered":"<p>\u041a\u043e\u0434 \u0442\u043e\u0432\u0430\u0440\u0430: RTF-LTY35-EU \ud83d\udede \u0412\u0438\u043b\u043e\u0447\u043d\u044b\u0439 \u043f\u043e\u0433\u0440\u0443\u0437\u0447\u0438\u043a LTY35 4\u00d74 (Rough Terrain) \u0412\u0438\u043b\u043e\u0447\u043d\u044b\u0439 \u043f\u043e\u0433\u0440\u0443\u0437\u0447\u0438\u043a LTY35 \u0441 \u043f\u043e\u043b\u043d\u044b\u043c \u043f\u0440\u0438\u0432\u043e\u0434\u043e\u043c 4\u00d74 \u0441\u043e\u0437\u0434\u0430\u043d \u0434\u043b\u044f \u0440\u0430\u0431\u043e\u0442\u044b \u0432 \u0441\u0430\u043c\u044b\u0445 \u0441\u043b\u043e\u0436\u043d\u044b\u0445 \u0443\u0441\u043b\u043e\u0432\u0438\u044f\u0445. \u0412\u044b\u0441\u043e\u043a\u0430\u044f \u043f\u0440\u043e\u0445\u043e\u0434\u0438\u043c\u043e\u0441\u0442\u044c, \u043c\u043e\u0449\u043d\u0430\u044f \u0442\u044f\u0433\u0430 \u0438 \u0443\u0441\u0442\u043e\u0439\u0447\u0438\u0432\u043e\u0441\u0442\u044c \u043f\u043e\u0437\u0432\u043e\u043b\u044f\u044e\u0442 \u0443\u0432\u0435\u0440\u0435\u043d\u043d\u043e \u0440\u0430\u0431\u043e\u0442\u0430\u0442\u044c \u043d\u0430 \u0441\u0442\u0440\u043e\u0438\u0442\u0435\u043b\u044c\u043d\u044b\u0445 \u043f\u043b\u043e\u0449\u0430\u0434\u043a\u0430\u0445, \u0433\u0440\u0443\u043d\u0442\u0435 \u0438 \u043d\u0435\u0440\u043e\u0432\u043d\u044b\u0445 \u043f\u043e\u0432\u0435\u0440\u0445\u043d\u043e\u0441\u0442\u044f\u0445. \u0423\u0441\u0438\u043b\u0435\u043d\u043d\u0430\u044f \u043a\u043e\u043d\u0441\u0442\u0440\u0443\u043a\u0446\u0438\u044f, \u0432\u043d\u0435\u0434\u043e\u0440\u043e\u0436\u043d\u044b\u0435 \u0448\u0438\u043d\u044b \u0438 \u043d\u0430\u0434\u0451\u0436\u043d\u0430\u044f \u0442\u0440\u0430\u043d\u0441\u043c\u0438\u0441\u0441\u0438\u044f \u0434\u0435\u043b\u0430\u044e\u0442 \u0435\u0433\u043e \u0438\u0434\u0435\u0430\u043b\u044c\u043d\u044b\u043c \u0440\u0435\u0448\u0435\u043d\u0438\u0435\u043c \u0434\u043b\u044f \u0442\u044f\u0436\u0451\u043b\u044b\u0445 \u0437\u0430\u0434\u0430\u0447, \u0433\u0434\u0435 [&hellip;]<\/p>\n","protected":false},"author":1,"featured_media":0,"parent":0,"menu_order":0,"comment_status":"closed","ping_status":"closed","template":"","meta":{"_themeisle_gutenberg_block_has_review":false,"footnotes":""},"class_list":["post-744","page","type-page","status-publish","hentry"],"_links":{"self":[{"href":"https:\/\/leitekbaltic.com\/lv\/wp-json\/wp\/v2\/pages\/744","targetHints":{"allow":["GET"]}}],"collection":[{"href":"https:\/\/leitekbaltic.com\/lv\/wp-json\/wp\/v2\/pages"}],"about":[{"href":"https:\/\/leitekbaltic.com\/lv\/wp-json\/wp\/v2\/types\/page"}],"author":[{"embeddable":true,"href":"https:\/\/leitekbaltic.com\/lv\/wp-json\/wp\/v2\/users\/1"}],"replies":[{"embeddable":true,"href":"https:\/\/leitekbaltic.com\/lv\/wp-json\/wp\/v2\/comments?post=744"}],"version-history":[{"count":2,"href":"https:\/\/leitekbaltic.com\/lv\/wp-json\/wp\/v2\/pages\/744\/revisions"}],"predecessor-version":[{"id":771,"href":"https:\/\/leitekbaltic.com\/lv\/wp-json\/wp\/v2\/pages\/744\/revisions\/771"}],"wp:attachment":[{"href":"https:\/\/leitekbaltic.com\/lv\/wp-json\/wp\/v2\/media?parent=744"}],"curies":[{"name":"wp","href":"https:\/\/api.w.org\/{rel}","templated":true}]}}