{"id":750,"date":"2026-01-22T18:37:46","date_gmt":"2026-01-22T15:37:46","guid":{"rendered":"https:\/\/leitekbaltic.com\/?page_id=750"},"modified":"2026-01-22T18:37:48","modified_gmt":"2026-01-22T15:37:48","slug":"lty50-rough-terrain-forklift","status":"publish","type":"page","link":"https:\/\/leitekbaltic.com\/lv\/lty50-rough-terrain-forklift\/","title":{"rendered":"LTY50 rough terrain forklift"},"content":{"rendered":"<hr class=\"wp-block-separator has-alpha-channel-opacity\"\/>\n\n\n\n<div class=\"wp-block-columns is-layout-flex wp-container-core-columns-is-layout-9d6595d7 wp-block-columns-is-layout-flex\">\n<div class=\"wp-block-column is-layout-flow wp-block-column-is-layout-flow\">\n<h4 class=\"wp-block-heading\"><strong><strong>Produkta kods<\/strong>: RTF-LTY50-EU<\/strong><\/h4>\n<\/div>\n\n\n\n<div class=\"wp-block-column is-layout-flow wp-block-column-is-layout-flow\">\n<div class=\"wp-block-buttons is-layout-flex wp-block-buttons-is-layout-flex\">\n<div class=\"wp-block-button\"><a class=\"wp-block-button__link wp-element-button\" href=\"https:\/\/leitekbaltic.com\/lv\/contact\/\">Piepras\u012bt cenu pied\u0101v\u0101jumu<\/a><\/div>\n<\/div>\n<\/div>\n<\/div>\n\n\n\n<h3 class=\"wp-block-heading has-text-align-center\">\ud83d\udede Iekr\u0101v\u0113js <strong>LTY50 4\u00d74 (Rough Terrain)<\/strong><\/h3>\n\n\n\n<p class=\"has-text-align-center\">LTY50 4x4 iekr\u0101v\u0113js ir paredz\u0113ts darbam vissare\u017e\u0123\u012bt\u0101kajos apst\u0101k\u013cos. T\u0101 augst\u0101 manevr\u0113tsp\u0113ja, jaud\u012bg\u0101 sa\u0137ere un stabilit\u0101te \u013cauj tam p\u0101rliecino\u0161i p\u0101rvietoties pa b\u016bvlaukumiem, neasfalt\u0113t\u0101m virsm\u0101m un nel\u012bdzenu reljefu.<\/p>\n\n\n\n<p class=\"has-text-align-center\">T\u0101 iztur\u012bg\u0101 konstrukcija, visurg\u0101j\u0113ju riepas un uzticam\u0101 transmisija padara to ide\u0101li piem\u0113rotu sare\u017e\u0123\u012btiem darbiem, ar kuriem parastie iekr\u0101v\u0113ji netiek gal\u0101.<\/p>\n\n\n\n<hr class=\"wp-block-separator has-alpha-channel-opacity\"\/>\n\n\n\n<div class=\"wp-block-media-text is-stacked-on-mobile\"><figure class=\"wp-block-media-text__media\"><img data-opt-id=1024449430  fetchpriority=\"high\" decoding=\"async\" width=\"840\" height=\"630\" src=\"https:\/\/mlkzi6dofpqr.i.optimole.com\/w:auto\/h:auto\/q:mauto\/f:best\/https:\/\/leitekbaltic.com\/wp-content\/uploads\/2026\/01\/LTY50-rough-terrain-forklift-foto4.webp\" alt=\"\" class=\"wp-image-751 size-full\" srcset=\"https:\/\/mlkzi6dofpqr.i.optimole.com\/w:840\/h:630\/q:mauto\/f:best\/https:\/\/leitekbaltic.com\/wp-content\/uploads\/2026\/01\/LTY50-rough-terrain-forklift-foto4.webp 840w, https:\/\/mlkzi6dofpqr.i.optimole.com\/w:300\/h:225\/q:mauto\/f:best\/https:\/\/leitekbaltic.com\/wp-content\/uploads\/2026\/01\/LTY50-rough-terrain-forklift-foto4.webp 300w, https:\/\/mlkzi6dofpqr.i.optimole.com\/w:768\/h:576\/q:mauto\/f:best\/https:\/\/leitekbaltic.com\/wp-content\/uploads\/2026\/01\/LTY50-rough-terrain-forklift-foto4.webp 768w, https:\/\/mlkzi6dofpqr.i.optimole.com\/w:16\/h:12\/q:mauto\/f:best\/dpr:2\/https:\/\/leitekbaltic.com\/wp-content\/uploads\/2026\/01\/LTY50-rough-terrain-forklift-foto4.webp 16w\" sizes=\"(max-width: 840px) 100vw, 840px\" \/><\/figure><div class=\"wp-block-media-text__content\">\n<p class=\"translation-block\">LIELISKA VEIKTSP\u0112JA BEZCE\u013bA BRAUK\u0160AN\u0100<br>Liela diametra riepas ar platu slie\u017eu ce\u013cu nodro\u0161ina lielisku sa\u0137eri un sp\u0113ju braukt bezce\u013cos, piel\u0101gojoties da\u017e\u0101diem skarbiem apst\u0101k\u013ciem. Biezs \u0161arn\u012brveida r\u0101mis un iztur\u012bga konstrukcija nodro\u0161ina transportl\u012bdzek\u013ca stabilit\u0101ti da\u017e\u0101dos apst\u0101k\u013cos. Transportl\u012bdzeklis lepojas ar lielu jaudu, uzticam\u012bbu un stabilu, dro\u0161u jaudas padevi.<\/p>\n<\/div><\/div>\n\n\n\n<div class=\"wp-block-columns is-layout-flex wp-container-core-columns-is-layout-9d6595d7 wp-block-columns-is-layout-flex\">\n<div class=\"wp-block-column is-layout-flow wp-block-column-is-layout-flow\">\n<figure class=\"wp-block-image size-full\"><img data-opt-id=27314880  fetchpriority=\"high\" decoding=\"async\" width=\"840\" height=\"630\" src=\"https:\/\/mlkzi6dofpqr.i.optimole.com\/w:auto\/h:auto\/q:mauto\/f:best\/https:\/\/leitekbaltic.com\/wp-content\/uploads\/2026\/01\/LTY50-rough-terrain-forklift-foto2.webp\" alt=\"\" class=\"wp-image-752\" srcset=\"https:\/\/mlkzi6dofpqr.i.optimole.com\/w:840\/h:630\/q:mauto\/f:best\/https:\/\/leitekbaltic.com\/wp-content\/uploads\/2026\/01\/LTY50-rough-terrain-forklift-foto2.webp 840w, https:\/\/mlkzi6dofpqr.i.optimole.com\/w:300\/h:225\/q:mauto\/f:best\/https:\/\/leitekbaltic.com\/wp-content\/uploads\/2026\/01\/LTY50-rough-terrain-forklift-foto2.webp 300w, https:\/\/mlkzi6dofpqr.i.optimole.com\/w:768\/h:576\/q:mauto\/f:best\/https:\/\/leitekbaltic.com\/wp-content\/uploads\/2026\/01\/LTY50-rough-terrain-forklift-foto2.webp 768w, https:\/\/mlkzi6dofpqr.i.optimole.com\/w:16\/h:12\/q:mauto\/f:best\/dpr:2\/https:\/\/leitekbaltic.com\/wp-content\/uploads\/2026\/01\/LTY50-rough-terrain-forklift-foto2.webp 16w\" sizes=\"(max-width: 840px) 100vw, 840px\" \/><\/figure>\n<\/div>\n\n\n\n<div class=\"wp-block-column is-layout-flow wp-block-column-is-layout-flow\">\n<figure class=\"wp-block-image size-full\"><img data-opt-id=732889145  data-opt-src=\"https:\/\/mlkzi6dofpqr.i.optimole.com\/w:auto\/h:auto\/q:mauto\/f:best\/https:\/\/leitekbaltic.com\/wp-content\/uploads\/2026\/01\/LTY50-rough-terrain-forklift-foto4-1.webp\"  decoding=\"async\" width=\"840\" height=\"630\" src=\"data:image/svg+xml,%3Csvg%20viewBox%3D%220%200%20100%%20100%%22%20width%3D%22100%%22%20height%3D%22100%%22%20xmlns%3D%22http%3A%2F%2Fwww.w3.org%2F2000%2Fsvg%22%3E%3Crect%20width%3D%22100%%22%20height%3D%22100%%22%20fill%3D%22transparent%22%2F%3E%3C%2Fsvg%3E\" alt=\"\" class=\"wp-image-753\" old-srcset=\"https:\/\/mlkzi6dofpqr.i.optimole.com\/w:840\/h:630\/q:mauto\/f:best\/https:\/\/leitekbaltic.com\/wp-content\/uploads\/2026\/01\/LTY50-rough-terrain-forklift-foto4-1.webp 840w, https:\/\/mlkzi6dofpqr.i.optimole.com\/w:300\/h:225\/q:mauto\/f:best\/https:\/\/leitekbaltic.com\/wp-content\/uploads\/2026\/01\/LTY50-rough-terrain-forklift-foto4-1.webp 300w, https:\/\/mlkzi6dofpqr.i.optimole.com\/w:768\/h:576\/q:mauto\/f:best\/https:\/\/leitekbaltic.com\/wp-content\/uploads\/2026\/01\/LTY50-rough-terrain-forklift-foto4-1.webp 768w, https:\/\/mlkzi6dofpqr.i.optimole.com\/w:16\/h:12\/q:mauto\/f:best\/dpr:2\/https:\/\/leitekbaltic.com\/wp-content\/uploads\/2026\/01\/LTY50-rough-terrain-forklift-foto4-1.webp 16w\" \/><\/figure>\n<\/div>\n\n\n\n<div class=\"wp-block-column is-layout-flow wp-block-column-is-layout-flow\">\n<figure class=\"wp-block-image size-full\"><img data-opt-id=1762055185  data-opt-src=\"https:\/\/mlkzi6dofpqr.i.optimole.com\/w:auto\/h:auto\/q:mauto\/f:best\/https:\/\/leitekbaltic.com\/wp-content\/uploads\/2026\/01\/LTY50-rough-terrain-forklift-foto1.webp\"  decoding=\"async\" width=\"840\" height=\"630\" src=\"data:image/svg+xml,%3Csvg%20viewBox%3D%220%200%20100%%20100%%22%20width%3D%22100%%22%20height%3D%22100%%22%20xmlns%3D%22http%3A%2F%2Fwww.w3.org%2F2000%2Fsvg%22%3E%3Crect%20width%3D%22100%%22%20height%3D%22100%%22%20fill%3D%22transparent%22%2F%3E%3C%2Fsvg%3E\" alt=\"\" class=\"wp-image-754\" old-srcset=\"https:\/\/mlkzi6dofpqr.i.optimole.com\/w:840\/h:630\/q:mauto\/f:best\/https:\/\/leitekbaltic.com\/wp-content\/uploads\/2026\/01\/LTY50-rough-terrain-forklift-foto1.webp 840w, https:\/\/mlkzi6dofpqr.i.optimole.com\/w:300\/h:225\/q:mauto\/f:best\/https:\/\/leitekbaltic.com\/wp-content\/uploads\/2026\/01\/LTY50-rough-terrain-forklift-foto1.webp 300w, https:\/\/mlkzi6dofpqr.i.optimole.com\/w:768\/h:576\/q:mauto\/f:best\/https:\/\/leitekbaltic.com\/wp-content\/uploads\/2026\/01\/LTY50-rough-terrain-forklift-foto1.webp 768w, https:\/\/mlkzi6dofpqr.i.optimole.com\/w:16\/h:12\/q:mauto\/f:best\/dpr:2\/https:\/\/leitekbaltic.com\/wp-content\/uploads\/2026\/01\/LTY50-rough-terrain-forklift-foto1.webp 16w\" \/><\/figure>\n<\/div>\n<\/div>\n\n\n\n<hr class=\"wp-block-separator has-alpha-channel-opacity\"\/>\n\n\n\n<h4 class=\"wp-block-heading translation-block\">Tehnisk\u0101s \u012bpa\u0161\u012bbas:<\/h4>\n\n\n\n<ul class=\"wp-block-list\">\n<li>Nomin\u0101l\u0101 celtsp\u0113ja 5000 kg<\/li>\n\n\n\n<li>Nomin\u0101lais pacel\u0161anas augstums 4000\u20137000 mm<\/li>\n\n\n\n<li>Att\u0101lums starp kravas smaguma centriem ir 600 mm<\/li>\n\n\n\n<li>Minim\u0101lais pagrieziena r\u0101diuss 3800 mm<\/li>\n\n\n\n<li>Maksim\u0101lais pac\u0113luma le\u0146\u0137is \u226438\u00b0<\/li>\n\n\n\n<li>Minim\u0101lais kl\u012brenss 380 mm<\/li>\n\n\n\n<li>Masta sl\u012bpuma le\u0146\u0137is uz priek\u0161u\/atpaka\u013c 10\u00b0\/6\u00b0<\/li>\n\n\n\n<li>Maksim\u0101lais \u0101trums ir 45 km\/h<\/li>\n\n\n\n<li>Maksim\u0101l\u0101 \u0101\u0137a vilk\u0161anas sp\u0113ks 35,0 kN<\/li>\n\n\n\n<li>Dzin\u0113ja modelis Xichai\/Yunnei4102 (80\u201383 kW)<\/li>\n\n\n\n<li>Piedzi\u0146as re\u017e\u012bms: Pilnpiedzi\u0146a<\/li>\n\n\n\n<li>Transmisijas modelis 265 Augsta un zema \u0101truma griezes momenta p\u0101rveidot\u0101js ar lielu s\u016bkni<\/li>\n\n\n\n<li>Asis Iztur\u012bga lieta t\u0113rauda ass ar lieliem rite\u0146iem<\/li>\n\n\n\n<li>Riepu modelis 16\/70-24 (uzlabots)<\/li>\n\n\n\n<li>Rite\u0146u garenb\u0101ze 2400 mm<\/li>\n\n\n\n<li>T\u0113rauda masta platums 180 mm<\/li>\n\n\n\n<li>Dak\u0161as garums 1520 mm (p\u0113c izv\u0113les)<\/li>\n\n\n\n<li>Ma\u0161\u012bnas svars ir 5500 kg<\/li>\n\n\n\n<li class=\"translation-block\">Ma\u0161\u012bnas izm\u0113ri: 4500<em>1900<\/em>2850 mm<\/li>\n<\/ul>\n\n\n\n<div class=\"wp-block-columns is-layout-flex wp-container-core-columns-is-layout-9d6595d7 wp-block-columns-is-layout-flex\">\n<div class=\"wp-block-column is-layout-flow wp-block-column-is-layout-flow\">\n<h4 class=\"wp-block-heading\"><strong><strong>Produkta kods<\/strong>: RTF-LTY50-EU<\/strong><\/h4>\n<\/div>\n\n\n\n<div class=\"wp-block-column is-layout-flow wp-block-column-is-layout-flow\">\n<div class=\"wp-block-buttons is-layout-flex wp-block-buttons-is-layout-flex\">\n<div class=\"wp-block-button\"><a class=\"wp-block-button__link wp-element-button\">Piepras\u012bt cenu pied\u0101v\u0101jumu<\/a><\/div>\n<\/div>\n<\/div>\n<\/div>","protected":false},"excerpt":{"rendered":"<p>\u041a\u043e\u0434 \u0442\u043e\u0432\u0430\u0440\u0430: RTF-LTY50-EU \ud83d\udede \u0412\u0438\u043b\u043e\u0447\u043d\u044b\u0439 \u043f\u043e\u0433\u0440\u0443\u0437\u0447\u0438\u043a LTY50 4\u00d74 (Rough Terrain) \u0412\u0438\u043b\u043e\u0447\u043d\u044b\u0439 \u043f\u043e\u0433\u0440\u0443\u0437\u0447\u0438\u043a LTY50 \u0441 \u043f\u043e\u043b\u043d\u044b\u043c \u043f\u0440\u0438\u0432\u043e\u0434\u043e\u043c 4\u00d74 \u0441\u043e\u0437\u0434\u0430\u043d \u0434\u043b\u044f \u0440\u0430\u0431\u043e\u0442\u044b \u0432 \u0441\u0430\u043c\u044b\u0445 \u0441\u043b\u043e\u0436\u043d\u044b\u0445 \u0443\u0441\u043b\u043e\u0432\u0438\u044f\u0445. \u0412\u044b\u0441\u043e\u043a\u0430\u044f \u043f\u0440\u043e\u0445\u043e\u0434\u0438\u043c\u043e\u0441\u0442\u044c, \u043c\u043e\u0449\u043d\u0430\u044f \u0442\u044f\u0433\u0430 \u0438 \u0443\u0441\u0442\u043e\u0439\u0447\u0438\u0432\u043e\u0441\u0442\u044c \u043f\u043e\u0437\u0432\u043e\u043b\u044f\u044e\u0442 \u0443\u0432\u0435\u0440\u0435\u043d\u043d\u043e \u0440\u0430\u0431\u043e\u0442\u0430\u0442\u044c \u043d\u0430 \u0441\u0442\u0440\u043e\u0438\u0442\u0435\u043b\u044c\u043d\u044b\u0445 \u043f\u043b\u043e\u0449\u0430\u0434\u043a\u0430\u0445, \u0433\u0440\u0443\u043d\u0442\u0435 \u0438 \u043d\u0435\u0440\u043e\u0432\u043d\u044b\u0445 \u043f\u043e\u0432\u0435\u0440\u0445\u043d\u043e\u0441\u0442\u044f\u0445. \u0423\u0441\u0438\u043b\u0435\u043d\u043d\u0430\u044f \u043a\u043e\u043d\u0441\u0442\u0440\u0443\u043a\u0446\u0438\u044f, \u0432\u043d\u0435\u0434\u043e\u0440\u043e\u0436\u043d\u044b\u0435 \u0448\u0438\u043d\u044b \u0438 \u043d\u0430\u0434\u0451\u0436\u043d\u0430\u044f \u0442\u0440\u0430\u043d\u0441\u043c\u0438\u0441\u0441\u0438\u044f \u0434\u0435\u043b\u0430\u044e\u0442 \u0435\u0433\u043e \u0438\u0434\u0435\u0430\u043b\u044c\u043d\u044b\u043c \u0440\u0435\u0448\u0435\u043d\u0438\u0435\u043c \u0434\u043b\u044f \u0442\u044f\u0436\u0451\u043b\u044b\u0445 \u0437\u0430\u0434\u0430\u0447, \u0433\u0434\u0435 [&hellip;]<\/p>\n","protected":false},"author":1,"featured_media":0,"parent":0,"menu_order":0,"comment_status":"closed","ping_status":"closed","template":"","meta":{"_themeisle_gutenberg_block_has_review":false,"footnotes":""},"class_list":["post-750","page","type-page","status-publish","hentry"],"_links":{"self":[{"href":"https:\/\/leitekbaltic.com\/lv\/wp-json\/wp\/v2\/pages\/750","targetHints":{"allow":["GET"]}}],"collection":[{"href":"https:\/\/leitekbaltic.com\/lv\/wp-json\/wp\/v2\/pages"}],"about":[{"href":"https:\/\/leitekbaltic.com\/lv\/wp-json\/wp\/v2\/types\/page"}],"author":[{"embeddable":true,"href":"https:\/\/leitekbaltic.com\/lv\/wp-json\/wp\/v2\/users\/1"}],"replies":[{"embeddable":true,"href":"https:\/\/leitekbaltic.com\/lv\/wp-json\/wp\/v2\/comments?post=750"}],"version-history":[{"count":1,"href":"https:\/\/leitekbaltic.com\/lv\/wp-json\/wp\/v2\/pages\/750\/revisions"}],"predecessor-version":[{"id":757,"href":"https:\/\/leitekbaltic.com\/lv\/wp-json\/wp\/v2\/pages\/750\/revisions\/757"}],"wp:attachment":[{"href":"https:\/\/leitekbaltic.com\/lv\/wp-json\/wp\/v2\/media?parent=750"}],"curies":[{"name":"wp","href":"https:\/\/api.w.org\/{rel}","templated":true}]}}